{"id":85,"date":"2021-06-14T11:04:37","date_gmt":"2021-06-14T11:04:37","guid":{"rendered":"https:\/\/blog.yoopies.es\/como-afecta-la-carga-mental-a-nuestra-vida-profesional1\/"},"modified":"2025-06-12T08:44:04","modified_gmt":"2025-06-12T08:44:04","slug":"como-afecta-la-carga-mental-a-nuestra-vida-profesional1","status":"publish","type":"page","link":"https:\/\/yoopies.es\/c\/como-afecta-la-carga-mental-a-nuestra-vida-profesional1\/","title":{"rendered":"\u00bfC\u00f3mo afecta la \u201ccarga mental\u201d a nuestra vida profesional? Un estudio conducido por Yoopies"},"content":{"rendered":"<p class=\"highlighted\">\n<p>El Eurobar&oacute;metro de la Uni&oacute;n Europea pon&iacute;a en relieve en 2018 que el 32% de la poblaci&oacute;n espa&ntilde;ola se mostraba insatisfecha con las medidas y sistemas de conciliaci&oacute;n, poni&eacute;ndose&sup1; en marcha medidas por parte del Gobierno a lo largo de este a&ntilde;o que buscan equiparar la baja por paternidad a la de las madres y estableciendo medidas para una mayor igualdad en las empresas.<\/p>\n<\/p>\n<p><p>Para profundizar en esta situaci&oacute;n,&nbsp;<a href=\"https:\/\/yoopies.es\/\">Yoopies<\/a> ha realizado un estudio de investigaci&oacute;n con m&aacute;s de 1.000 trabajadores a tiempo completo, ofreciendo una nueva visi&oacute;n y explicaci&oacute;n sobre&nbsp;por qu&eacute; la&nbsp; conciliaci&oacute;n sigue siendo dif&iacute;cil en 2019.<\/p>\n<h4><strong>&iquest;Problemas de conciliaci&oacute;n de g&eacute;nero, de los dos padres o ambas?<\/strong><\/h4>\n<p>Muchos padres trabajadores son potenciales usuarios de las medidas de conciliaci&oacute;n existentes en sus trabajos, pero no las solicitan en muchas ocasiones por la falta de sensibilidad de sus empresas al respecto. Seg&uacute;n los datos del informe de 2019 de los&nbsp;investigadores Fern&aacute;ndez Cornejo, Belope-Nguema, Lorenzo Escot y del Pozo-Garc&iacute;a,&nbsp;de la Universidad Complutense de Madrid, &ldquo;&iquest;Por qu&eacute; los hombres no utilizan las medidas de conciliaci&oacute;n de la vida laboral y familiar?&rdquo;, tan&nbsp;s&oacute;lo un 4% de los padres solicita una reducci&oacute;n de jornada o trabajar a tiempo parcial tras la baja de paternidad frente al 37,7% de las madres.&nbsp;Para aquellas madres que&sup2; regresan al trabajo a tiempo completo, su progresi&oacute;n profesional a menudo se estanca, mientras que existe una diferencia m&iacute;nima en el caso de hombres con o sin hijos.<\/p>\n<p>La brecha salarial de g&eacute;nero ha sido un tema constante durante d&eacute;cadas&nbsp;a pesar de la apuesta por medidas, como el Real Decreto-ley 6\/2019, de 1 de marzo de medidas urgentes para garant&iacute;a de la igualdad de trato y de oportunidades entre mujeres y hombres en el empleo y la ocupaci&oacute;n e iniciativas como la campa&ntilde;a&nbsp;#PorlaConciliaci&oacute;nReal del Comit&eacute; Espa&ntilde;ol de UNICEF&sup3;. Todav&iacute;a existen muchos factores sociales que impiden a las mujeres, y particularmente a las que son madres, lograr la verdadera igualdad en el entorno laboral.<\/p>\n<p>Asimismo, el&nbsp;estudio se&ntilde;alado revelaba que casi un 10% de las madres pidi&oacute; m&aacute;s flexibilidad horaria, frente al 3,8% de los padres.&nbsp;El informe desvelaba tambi&eacute;n las causas de la diferencia de uso de estas medidas:&nbsp;el 54,4% de los hombres y el 60,5% de las mujeres cre&iacute;an que en sus lugares de trabajo se considera m&aacute;s natural que sean las madres las que soliciten una excedencia, permiso o reducci&oacute;n de jornada.&nbsp;Esa percepci&oacute;n provoca que ellos se abstengan en muchas ocasiones de pedirlas. No obstante, l os padres que tienen la sensaci&oacute;n de estar trabajando en una empresa que apoya la conciliaci&oacute;n, en general, y la conciliaci&oacute;n de los padres, en particular, experimentan una menor sensaci&oacute;n de conflicto entre el trabajo y la familia.<\/p>\n<h4><strong>La &ldquo;carga mental&rdquo;, un problema real en el entorno laboral<\/strong><\/h4>\n<p>&ldquo;Carga mental&rdquo;&nbsp;es el t&eacute;rmino utilizado para describir una&nbsp;situaci&oacute;n de presi&oacute;n psicol&oacute;gica dada por la sobrecarga de responsabilidades derivadas de la gesti&oacute;n de los compromisos dom&eacute;sticos, familiares y personales.&nbsp;Esta condici&oacute;n mental, a menudo dif&iacute;cil de reconocer, pero extremadamente com&uacute;n, representa no s&oacute;lo una fuente de estr&eacute;s e incomodidad para muchos trabajadores, sino que a menudo es un obst&aacute;culo real para el avance y la evoluci&oacute;n de los caminos profesionales.<\/p>\n<p>P&eacute;rdida de eficiencia, lentitud en el desarrollo de proyectos y tareas, distracci&oacute;n y fatiga:&nbsp;el impacto de la carga mental en nuestras carreras es un fen&oacute;meno que quiz&aacute;s no se habla lo suficiente, pero que debe destacarse dada su influencia en casi todas las &aacute;reas de trabajo.<\/p>\n<p>Los resultados del estudio realizado por&nbsp;Yoopies, en colaboraci&oacute;n con&nbsp;LabRH, que involucr&oacute; a 1.322 trabajadores de ambos sexos y pertenecientes a diferentes sectores profesionales y grupos de edad muestra hasta qu&eacute; punto los problemas cotidianos pesan sobre los empleados y su desempe&ntilde;o profesional.<\/p>\n<p>Encontrar una ni&ntilde;era para el s&aacute;bado por la noche, seleccionar una persona para la limpieza de la casa o para cuidar a nuestros seres queridos, buscar a alguien para dejar al perro durante las vacaciones&hellip;y a la vez pensar en la compra o esa factura que debe pagar&hellip;La carga mental consiste en tener siempre, en un rinc&oacute;n de la cabeza, las obligaciones y responsabilidades dom&eacute;sticas, familiares y personales.&nbsp;Estas preocupaciones, como desafortunadamente todav&iacute;a ocurre, son&nbsp;algo mayores para las mujeres, que tienen que ocuparse de aproximadamente el 71% de las tareas diarias, no sin verse afectadas a nivel laboral.<\/p>\n<p>El estudio de <a href=\"https:\/\/yoopies.es\/\">Yoopies<\/a> tambi&eacute;n revela que&nbsp;casi todos los empleados (94%) gestionan al menos un aspecto de su vida privada en el trabajo y el 86% le dedica una franja de tiempo de entre 30 y 180 minutos por semana.&nbsp;Adem&aacute;s, 1 de cada 10 incluso dedica m&aacute;s de tres horas a la semana a estas tareas.<\/p>\n<p>Los problemas relacionados con los ni&ntilde;os (78%) y las dificultades personales (73%), como el divorcio o el cambio de casa encabezan la lista de problemas privados gestionados en el trabajo.<\/p>\n<p>El 67% de los trabajadores creen que estas situaciones entorpecen su eficiencia laboral,&nbsp;el 87% declara estar estresado considerablemente&nbsp;por ello, mientras que&nbsp;el 44% dice que la carga mental es el detonante de su retraso en las tareas y proyectos de trabajo&nbsp;que debe llevar a cabo.<\/p>\n<p>1 de cada 5 empleados ya ha tenido problemas con sus superiores por la gesti&oacute;n de sus problemas personales y, casi uno de cada tres cree que estas cuestiones han tenido un impacto negativo en el desarrollo de su carrera.<\/p>\n<p>&ldquo;Este estudio nos permite definir y apreciar la carga mental de una manera nueva&rdquo;, dice&nbsp;Elena Tiburcio, account manager de Yoopies Espa&ntilde;a. &ldquo;Muestra c&oacute;mo las responsabilidades diarias no se pueden dejar de lado, ni siquiera cuando estamos en el trabajo. Adem&aacute;s, las mujeres especialmente hacen milagros para manejar las m&uacute;ltiples responsabilidades que se ven obligadas a asumir y que a menudo implican efectos negativos en el trabajo a nivel de bienestar personal y en su productividad&rdquo;.<\/p>\n<p>Por otra parte, demostrando el impacto significativo de la carga mental en el desarrollo profesional, &ldquo;esta encuesta nos hace conscientes de que la lucha por la igualdad de g&eacute;nero en las empresas requiere necesariamente la consideraci&oacute;n de las desigualdades a&uacute;n presentes en el &aacute;mbito privado&rdquo;, subraya Elena Tiburcio.<\/p>\n<p>Seg&uacute;n el mismo estudio, m&aacute;s de dos tercios de los trabajadores no mencionan sus problemas a sus superiores, se&ntilde;alando a su vez que a 2 de cada 3 empleados les gustar&iacute;a recibir m&aacute;s apoyo de su empleador para manejar sus asuntos privados, pero desafortunadamente, hasta la fecha, menos de la mitad de las empresas han implementado iniciativas en esta direcci&oacute;n.<\/p>\n<p>Puedes consultar una infograf&iacute;a con el estudio completo a continuaci&oacute;n:<\/p>\n<p>&nbsp;<\/p>\n<\/p>\n<figure><img decoding=\"async\" src=\"https:\/\/yoopies.es\/c\/wp-content\/uploads\/sites\/7\/2021\/06\/d694a482-076d-46f8-825b-795b2f367098-infografc3adaestudiocargamentales.png\" \/><figcaption>Estudio conducido por Yoopies<\/figcaption><\/figure>\n<p><p><strong>Cualquier referencia o reproducci&oacute;n parcial o total de este art&iacute;culo debe mencionar a Yoopies e incluir el siguiente enlace: <a href=\"http:\/\/www.yoopies.es\">www.yoopies.es<\/a><\/strong><\/p><\/p>\n","protected":false},"excerpt":{"rendered":"<p>El Eurobar&oacute;metro de la Uni&oacute;n Europea pon&iacute;a en relieve en 2018 que el 32% de &hellip; <\/p>\n","protected":false},"author":10,"featured_media":87,"parent":0,"menu_order":0,"comment_status":"closed","ping_status":"closed","template":"","meta":{"_acf_changed":false,"footnotes":""},"class_list":["post-85","page","type-page","status-publish","has-post-thumbnail","hentry"],"acf":[],"yoast_head":"<!-- This site is optimized with the Yoast SEO plugin v26.9 - https:\/\/yoast.com\/product\/yoast-seo-wordpress\/ -->\n<title>\u00bfC\u00f3mo afecta la \u201ccarga mental\u201d a nuestra vida profesional?<\/title>\n<meta name=\"description\" content=\"Te lo contamos en esta investigaci\u00f3n que hemos realizado con m\u00e1s de 1.000 trabajadores a tiempo completo, ofreciendo una nueva visi\u00f3n y explicaci\u00f3n sobre por qu\u00e9 la conciliaci\u00f3n sigue siendo dif\u00edcil en 2019.\" \/>\n<meta name=\"robots\" content=\"index, follow, max-snippet:-1, max-image-preview:large, max-video-preview:-1\" \/>\n<link rel=\"canonical\" href=\"https:\/\/yoopies.es\/c\/como-afecta-la-carga-mental-a-nuestra-vida-profesional1\/\" \/>\n<meta property=\"og:locale\" content=\"es_ES\" \/>\n<meta property=\"og:type\" content=\"article\" \/>\n<meta property=\"og:title\" content=\"\u00bfC\u00f3mo afecta la \u201ccarga mental\u201d a nuestra vida profesional?\" \/>\n<meta property=\"og:description\" content=\"Te lo contamos en esta investigaci\u00f3n que hemos realizado con m\u00e1s de 1.000 trabajadores a tiempo completo, ofreciendo una nueva visi\u00f3n y explicaci\u00f3n sobre por qu\u00e9 la conciliaci\u00f3n sigue siendo dif\u00edcil en 2019.\" \/>\n<meta property=\"og:url\" content=\"https:\/\/yoopies.es\/c\/como-afecta-la-carga-mental-a-nuestra-vida-profesional1\/\" \/>\n<meta property=\"og:site_name\" content=\"Yoopies Espa\u00f1a\" \/>\n<meta property=\"article:modified_time\" content=\"2025-06-12T08:44:04+00:00\" \/>\n<meta property=\"og:image\" content=\"https:\/\/yoopies.es\/c\/wp-content\/uploads\/sites\/7\/2021\/06\/d694a482-076d-46f8-825b-795b2f367098-infografc3adaestudiocargamentales-1.png\" \/>\n\t<meta property=\"og:image:width\" content=\"807\" \/>\n\t<meta property=\"og:image:height\" content=\"8192\" \/>\n\t<meta property=\"og:image:type\" content=\"image\/png\" \/>\n<meta name=\"twitter:card\" content=\"summary_large_image\" \/>\n<meta name=\"twitter:label1\" content=\"Tiempo de lectura\" \/>\n\t<meta name=\"twitter:data1\" content=\"7 minutos\" \/>\n<script type=\"application\/ld+json\" class=\"yoast-schema-graph\">{\"@context\":\"https:\/\/schema.org\",\"@graph\":[{\"@type\":\"WebPage\",\"@id\":\"https:\/\/yoopies.es\/c\/como-afecta-la-carga-mental-a-nuestra-vida-profesional1\/\",\"url\":\"https:\/\/yoopies.es\/c\/como-afecta-la-carga-mental-a-nuestra-vida-profesional1\/\",\"name\":\"\u00bfC\u00f3mo afecta la \u201ccarga mental\u201d a nuestra vida profesional?\",\"isPartOf\":{\"@id\":\"https:\/\/yoopies.es\/c\/#website\"},\"primaryImageOfPage\":{\"@id\":\"https:\/\/yoopies.es\/c\/como-afecta-la-carga-mental-a-nuestra-vida-profesional1\/#primaryimage\"},\"image\":{\"@id\":\"https:\/\/yoopies.es\/c\/como-afecta-la-carga-mental-a-nuestra-vida-profesional1\/#primaryimage\"},\"thumbnailUrl\":\"https:\/\/yoopies.es\/c\/wp-content\/uploads\/sites\/7\/2021\/06\/d694a482-076d-46f8-825b-795b2f367098-infografc3adaestudiocargamentales-1.png\",\"datePublished\":\"2021-06-14T11:04:37+00:00\",\"dateModified\":\"2025-06-12T08:44:04+00:00\",\"description\":\"Te lo contamos en esta investigaci\u00f3n que hemos realizado con m\u00e1s de 1.000 trabajadores a tiempo completo, ofreciendo una nueva visi\u00f3n y explicaci\u00f3n sobre por qu\u00e9 la conciliaci\u00f3n sigue siendo dif\u00edcil en 2019.\",\"breadcrumb\":{\"@id\":\"https:\/\/yoopies.es\/c\/como-afecta-la-carga-mental-a-nuestra-vida-profesional1\/#breadcrumb\"},\"inLanguage\":\"es\",\"potentialAction\":[{\"@type\":\"ReadAction\",\"target\":[\"https:\/\/yoopies.es\/c\/como-afecta-la-carga-mental-a-nuestra-vida-profesional1\/\"]}]},{\"@type\":\"ImageObject\",\"inLanguage\":\"es\",\"@id\":\"https:\/\/yoopies.es\/c\/como-afecta-la-carga-mental-a-nuestra-vida-profesional1\/#primaryimage\",\"url\":\"https:\/\/yoopies.es\/c\/wp-content\/uploads\/sites\/7\/2021\/06\/d694a482-076d-46f8-825b-795b2f367098-infografc3adaestudiocargamentales-1.png\",\"contentUrl\":\"https:\/\/yoopies.es\/c\/wp-content\/uploads\/sites\/7\/2021\/06\/d694a482-076d-46f8-825b-795b2f367098-infografc3adaestudiocargamentales-1.png\",\"width\":807,\"height\":8192},{\"@type\":\"BreadcrumbList\",\"@id\":\"https:\/\/yoopies.es\/c\/como-afecta-la-carga-mental-a-nuestra-vida-profesional1\/#breadcrumb\",\"itemListElement\":[{\"@type\":\"ListItem\",\"position\":1,\"name\":\"Home\",\"item\":\"https:\/\/yoopies.es\/c\/\"},{\"@type\":\"ListItem\",\"position\":2,\"name\":\"\u00bfC\u00f3mo afecta la \u201ccarga mental\u201d a nuestra vida profesional? Un estudio conducido por Yoopies\"}]},{\"@type\":\"WebSite\",\"@id\":\"https:\/\/yoopies.es\/c\/#website\",\"url\":\"https:\/\/yoopies.es\/c\/\",\"name\":\"Yoopies Espa\u00f1a\",\"description\":\"\",\"publisher\":{\"@id\":\"https:\/\/yoopies.es\/c\/#organization\"},\"potentialAction\":[{\"@type\":\"SearchAction\",\"target\":{\"@type\":\"EntryPoint\",\"urlTemplate\":\"https:\/\/yoopies.es\/c\/?s={search_term_string}\"},\"query-input\":{\"@type\":\"PropertyValueSpecification\",\"valueRequired\":true,\"valueName\":\"search_term_string\"}}],\"inLanguage\":\"es\"},{\"@type\":\"Organization\",\"@id\":\"https:\/\/yoopies.es\/c\/#organization\",\"name\":\"Yoopies Espa\u00f1a\",\"url\":\"https:\/\/yoopies.es\/c\/\",\"logo\":{\"@type\":\"ImageObject\",\"inLanguage\":\"es\",\"@id\":\"https:\/\/yoopies.es\/c\/#\/schema\/logo\/image\/\",\"url\":\"https:\/\/yoopies.es\/c\/wp-content\/uploads\/sites\/7\/2025\/05\/cropped-Logo_Yoopies-2.png\",\"contentUrl\":\"https:\/\/yoopies.es\/c\/wp-content\/uploads\/sites\/7\/2025\/05\/cropped-Logo_Yoopies-2.png\",\"width\":512,\"height\":512,\"caption\":\"Yoopies Espa\u00f1a\"},\"image\":{\"@id\":\"https:\/\/yoopies.es\/c\/#\/schema\/logo\/image\/\"}}]}<\/script>\n<!-- \/ Yoast SEO plugin. -->","yoast_head_json":{"title":"\u00bfC\u00f3mo afecta la \u201ccarga mental\u201d a nuestra vida profesional?","description":"Te lo contamos en esta investigaci\u00f3n que hemos realizado con m\u00e1s de 1.000 trabajadores a tiempo completo, ofreciendo una nueva visi\u00f3n y explicaci\u00f3n sobre por qu\u00e9 la conciliaci\u00f3n sigue siendo dif\u00edcil en 2019.","robots":{"index":"index","follow":"follow","max-snippet":"max-snippet:-1","max-image-preview":"max-image-preview:large","max-video-preview":"max-video-preview:-1"},"canonical":"https:\/\/yoopies.es\/c\/como-afecta-la-carga-mental-a-nuestra-vida-profesional1\/","og_locale":"es_ES","og_type":"article","og_title":"\u00bfC\u00f3mo afecta la \u201ccarga mental\u201d a nuestra vida profesional?","og_description":"Te lo contamos en esta investigaci\u00f3n que hemos realizado con m\u00e1s de 1.000 trabajadores a tiempo completo, ofreciendo una nueva visi\u00f3n y explicaci\u00f3n sobre por qu\u00e9 la conciliaci\u00f3n sigue siendo dif\u00edcil en 2019.","og_url":"https:\/\/yoopies.es\/c\/como-afecta-la-carga-mental-a-nuestra-vida-profesional1\/","og_site_name":"Yoopies Espa\u00f1a","article_modified_time":"2025-06-12T08:44:04+00:00","og_image":[{"width":807,"height":8192,"url":"https:\/\/yoopies.es\/c\/wp-content\/uploads\/sites\/7\/2021\/06\/d694a482-076d-46f8-825b-795b2f367098-infografc3adaestudiocargamentales-1.png","type":"image\/png"}],"twitter_card":"summary_large_image","twitter_misc":{"Tiempo de lectura":"7 minutos"},"schema":{"@context":"https:\/\/schema.org","@graph":[{"@type":"WebPage","@id":"https:\/\/yoopies.es\/c\/como-afecta-la-carga-mental-a-nuestra-vida-profesional1\/","url":"https:\/\/yoopies.es\/c\/como-afecta-la-carga-mental-a-nuestra-vida-profesional1\/","name":"\u00bfC\u00f3mo afecta la \u201ccarga mental\u201d a nuestra vida profesional?","isPartOf":{"@id":"https:\/\/yoopies.es\/c\/#website"},"primaryImageOfPage":{"@id":"https:\/\/yoopies.es\/c\/como-afecta-la-carga-mental-a-nuestra-vida-profesional1\/#primaryimage"},"image":{"@id":"https:\/\/yoopies.es\/c\/como-afecta-la-carga-mental-a-nuestra-vida-profesional1\/#primaryimage"},"thumbnailUrl":"https:\/\/yoopies.es\/c\/wp-content\/uploads\/sites\/7\/2021\/06\/d694a482-076d-46f8-825b-795b2f367098-infografc3adaestudiocargamentales-1.png","datePublished":"2021-06-14T11:04:37+00:00","dateModified":"2025-06-12T08:44:04+00:00","description":"Te lo contamos en esta investigaci\u00f3n que hemos realizado con m\u00e1s de 1.000 trabajadores a tiempo completo, ofreciendo una nueva visi\u00f3n y explicaci\u00f3n sobre por qu\u00e9 la conciliaci\u00f3n sigue siendo dif\u00edcil en 2019.","breadcrumb":{"@id":"https:\/\/yoopies.es\/c\/como-afecta-la-carga-mental-a-nuestra-vida-profesional1\/#breadcrumb"},"inLanguage":"es","potentialAction":[{"@type":"ReadAction","target":["https:\/\/yoopies.es\/c\/como-afecta-la-carga-mental-a-nuestra-vida-profesional1\/"]}]},{"@type":"ImageObject","inLanguage":"es","@id":"https:\/\/yoopies.es\/c\/como-afecta-la-carga-mental-a-nuestra-vida-profesional1\/#primaryimage","url":"https:\/\/yoopies.es\/c\/wp-content\/uploads\/sites\/7\/2021\/06\/d694a482-076d-46f8-825b-795b2f367098-infografc3adaestudiocargamentales-1.png","contentUrl":"https:\/\/yoopies.es\/c\/wp-content\/uploads\/sites\/7\/2021\/06\/d694a482-076d-46f8-825b-795b2f367098-infografc3adaestudiocargamentales-1.png","width":807,"height":8192},{"@type":"BreadcrumbList","@id":"https:\/\/yoopies.es\/c\/como-afecta-la-carga-mental-a-nuestra-vida-profesional1\/#breadcrumb","itemListElement":[{"@type":"ListItem","position":1,"name":"Home","item":"https:\/\/yoopies.es\/c\/"},{"@type":"ListItem","position":2,"name":"\u00bfC\u00f3mo afecta la \u201ccarga mental\u201d a nuestra vida profesional? Un estudio conducido por Yoopies"}]},{"@type":"WebSite","@id":"https:\/\/yoopies.es\/c\/#website","url":"https:\/\/yoopies.es\/c\/","name":"Yoopies Espa\u00f1a","description":"","publisher":{"@id":"https:\/\/yoopies.es\/c\/#organization"},"potentialAction":[{"@type":"SearchAction","target":{"@type":"EntryPoint","urlTemplate":"https:\/\/yoopies.es\/c\/?s={search_term_string}"},"query-input":{"@type":"PropertyValueSpecification","valueRequired":true,"valueName":"search_term_string"}}],"inLanguage":"es"},{"@type":"Organization","@id":"https:\/\/yoopies.es\/c\/#organization","name":"Yoopies Espa\u00f1a","url":"https:\/\/yoopies.es\/c\/","logo":{"@type":"ImageObject","inLanguage":"es","@id":"https:\/\/yoopies.es\/c\/#\/schema\/logo\/image\/","url":"https:\/\/yoopies.es\/c\/wp-content\/uploads\/sites\/7\/2025\/05\/cropped-Logo_Yoopies-2.png","contentUrl":"https:\/\/yoopies.es\/c\/wp-content\/uploads\/sites\/7\/2025\/05\/cropped-Logo_Yoopies-2.png","width":512,"height":512,"caption":"Yoopies Espa\u00f1a"},"image":{"@id":"https:\/\/yoopies.es\/c\/#\/schema\/logo\/image\/"}}]}},"_links":{"self":[{"href":"https:\/\/yoopies.es\/c\/wp-json\/wp\/v2\/pages\/85","targetHints":{"allow":["GET"]}}],"collection":[{"href":"https:\/\/yoopies.es\/c\/wp-json\/wp\/v2\/pages"}],"about":[{"href":"https:\/\/yoopies.es\/c\/wp-json\/wp\/v2\/types\/page"}],"author":[{"embeddable":true,"href":"https:\/\/yoopies.es\/c\/wp-json\/wp\/v2\/users\/10"}],"replies":[{"embeddable":true,"href":"https:\/\/yoopies.es\/c\/wp-json\/wp\/v2\/comments?post=85"}],"version-history":[{"count":1,"href":"https:\/\/yoopies.es\/c\/wp-json\/wp\/v2\/pages\/85\/revisions"}],"predecessor-version":[{"id":88,"href":"https:\/\/yoopies.es\/c\/wp-json\/wp\/v2\/pages\/85\/revisions\/88"}],"wp:featuredmedia":[{"embeddable":true,"href":"https:\/\/yoopies.es\/c\/wp-json\/wp\/v2\/media\/87"}],"wp:attachment":[{"href":"https:\/\/yoopies.es\/c\/wp-json\/wp\/v2\/media?parent=85"}],"curies":[{"name":"wp","href":"https:\/\/api.w.org\/{rel}","templated":true}]}}