{"id":70,"date":"2021-06-14T11:36:05","date_gmt":"2021-06-14T11:36:05","guid":{"rendered":"https:\/\/blog.yoopies.es\/descubrir-como-le-ha-ido-en-el-colegio\/"},"modified":"2025-06-12T08:44:04","modified_gmt":"2025-06-12T08:44:04","slug":"descubrir-como-le-ha-ido-en-el-colegio","status":"publish","type":"page","link":"https:\/\/yoopies.es\/c\/descubrir-como-le-ha-ido-en-el-colegio\/","title":{"rendered":"\u00ab\u00bfC\u00f3mo te ha ido en el colegio?\u00bb: c\u00f3mo hacer que te digan la verdad"},"content":{"rendered":"<p><p>Aunque tu hijo tenga 6 o 18 a&ntilde;os, el inter&eacute;s por responder a la pregunta diaria<strong> \u00ab&iquest;C&oacute;mo te ha ido hoy en el colegio?\u00bb<\/strong> todav&iacute;a estar&aacute; sin responder.<\/p>\n<p>Los ni&ntilde;os (obviamente) no se dan cuenta de lo importante que es para nosotros, los padres, descubrir si han tenido notas buenas o malas ese d&iacute;a, han hecho nuevos amigos o no, y si los profesores los est&aacute;n preparando de la manera correcta.<\/p>\n<p>Las preguntas espec&iacute;ficas sobre temas aburridos a ojos de los ni&ntilde;os, como las matem&aacute;ticas, gram&aacute;tica, geograf&iacute;a u otras asignaturas, no har&iacute;an m&aacute;s que cerrar a nuestros hijos del todo y luego ser&iacute;a imposible conseguir informaci&oacute;n.<\/p>\n<p>As&iacute; que veamos <strong>algunos sencillos trucos <\/strong>sobre c&oacute;mo obtener la mayor cantidad de informaci&oacute;n posible sobre el d&iacute;a en la escuela: &iexcl;la cuesti&oacute;n es simplemente <strong>hacer las preguntas correctas!<\/strong><\/p>\n<\/p>\n<figure><img decoding=\"async\" src=\"https:\/\/yoopies.es\/c\/wp-content\/uploads\/sites\/7\/2021\/06\/dde811acc79a5fda4165d0643e29b77ecd4e3592-foto-blog-1.jpg\" \/><\/figure>\n<p><h2><strong>&iquest;A qui&eacute;n prefieres como compa&ntilde;ero de clase?<\/strong><\/h2>\n<p>Puede parecer una pregunta trivial y no muy &uacute;til, pero muchos expertos especializados en psicolog&iacute;a y pedagog&iacute;a infantil recomiendan hacer esta pregunta al menos una vez a sus hijos: a partir de la respuesta es posible descubrir no solo qui&eacute;nes son sus compa&ntilde;eros de clase, sino sobre todo, aquellos con quienes no quieren tener absolutamente nada que ver. Es a partir de aquellos que no quieren como compa&ntilde;eros de clase a partir de los cuales los padres deber&iacute;an investigar si la raz&oacute;n de esta aversi&oacute;n es <strong>simplemente una falta de simpat&iacute;a o, en el peor de los casos, acoso escolar.<\/strong><\/p>\n<\/p>\n<figure><img decoding=\"async\" src=\"https:\/\/yoopies.es\/c\/wp-content\/uploads\/sites\/7\/2021\/06\/5803603087b8000c4f5a30a0ca3e0b00e2c9aa1f-compagno-banco-blog.jpg\" \/><\/figure>\n<p><h2><strong>&iquest;Te recuerda el profesor a alguien que conocemos?, &iquest;a qui&eacute;n?<\/strong><\/h2>\n<p>Esta pregunta es clave para saber qu&eacute; piensan los ni&ntilde;os sobre sus maestros y qu&eacute; tipo de relaci&oacute;n tienen con ellos. Respondiendo a una pregunta planteada de esta manera, <strong>no se sentir&aacute;n demasiado presionados<\/strong> y tambi&eacute;n<strong> es divertido <\/strong>para ellos buscar similitudes entre aquellos que ya conocen y el maestro o profesor al que ven todos los d&iacute;as en el colegio.<\/p>\n<\/p>\n<figure><img decoding=\"async\" src=\"https:\/\/yoopies.es\/c\/wp-content\/uploads\/sites\/7\/2021\/06\/20f454db6355738f20a78dbda1e6b788133ccc8a-insegnante-blog.jpg\" \/><\/figure>\n<p><h2><strong>&iquest;Qu&eacute; normas tienen en la escuela que nosotros no aplicamos?, &iquest;tienen raz&oacute;n?<\/strong><\/h2>\n<p>Una pregunta cl&aacute;sica cuya respuesta nos permitir&aacute; saber si el m&eacute;todo de ense&ntilde;anza que se aplica en el aula es el mismo que se usa en el hogar o si es diferente. A partir de los comentarios dados, debemos reflexionar sobre dos puntos principales. El primero consiste fundamentalmente en <strong>comprender si el m&eacute;todo de ense&ntilde;anza utilizado en el aula es correcto<\/strong> o de acuerdo con nuestros valores y c&oacute;mo queremos criar a nuestros hijos; el segundo es <strong>inspirarse en las ideas y trucos adoptados por los maestros <\/strong>en el aula y que podr&iacute;an copiarse tambi&eacute;n en casa.<\/p>\n<p>En <strong><a href=\"https:\/\/yoopies.es\">Yoopies<\/a><\/strong> estamos de acuerdo con los pedagogos que recomiendan aprovechar todas las se&ntilde;ales, tratando de escuchar todo lo que sea posible, pero sin que parezca que es una urgencia o mostr&aacute;ndonos impacientes en la obtenci&oacute;n de informaci&oacute;n.<\/p>\n<p>Si lo que buscas es un profesor particular o de apoyo cerca de ti que pueda ayudarte con alguna materia o a tus hijos con los deberes y\/o el estudio en casa, puedes usar el servicio online de <strong><a href=\"https:\/\/yoopies.es\">Yoopies<\/a><\/strong>. Todo lo que tienes que hacer es introducir tu c&oacute;digo postal y navegar a trav&eacute;s de cientos de perfiles de profesionales del &aacute;mbito. Tambi&eacute;n puedes personalizar la b&uacute;squeda para adaptarla a tus necesidades y requisitos espec&iacute;ficos con la finalidad de encontrar al profesor adecuado.<\/p>\n<p>Adem&aacute;s, te recomendamos <a href=\"https:\/\/yoopies.es\/c\/juegos-para-hacer-en-el-coche-de-viaje\">el siguiente art&iacute;culo<\/a> si te vas de viaje en coche pr&oacute;ximamente con tus hijos y necesitas entretenerlos.<\/p>\n<\/p>\n<p><a class=\"button\" href=\"https:\/\/yoopies.es\/profesor-particulares\">\u00a1Busca ya un profesor particular en tu zona!<\/a><\/p>\n","protected":false},"excerpt":{"rendered":"<p>Aunque tu hijo tenga 6 o 18 a&ntilde;os, el inter&eacute;s por responder a la pregunta &hellip; <\/p>\n","protected":false},"author":10,"featured_media":74,"parent":0,"menu_order":0,"comment_status":"closed","ping_status":"closed","template":"","meta":{"_acf_changed":false,"footnotes":""},"class_list":["post-70","page","type-page","status-publish","has-post-thumbnail","hentry"],"acf":[],"yoast_head":"<!-- This site is optimized with the Yoast SEO plugin v26.9 - https:\/\/yoast.com\/product\/yoast-seo-wordpress\/ -->\n<title>&quot;\u00bfC\u00f3mo te ha ido en el colegio?&quot; C\u00f3mo pueden decirte la verdad<\/title>\n<meta name=\"description\" content=\"En este art\u00edculo presentamos algunos sencillos trucos para obtener la mayor cantidad de informaci\u00f3n posible sobre el d\u00eda a d\u00eda de tu hijo en el colegio: \u00a1la cuesti\u00f3n es simplemente hacer las preguntas correctas!\" \/>\n<meta name=\"robots\" content=\"index, follow, max-snippet:-1, max-image-preview:large, max-video-preview:-1\" \/>\n<link rel=\"canonical\" href=\"https:\/\/yoopies.es\/c\/descubrir-como-le-ha-ido-en-el-colegio\/\" \/>\n<meta property=\"og:locale\" content=\"es_ES\" \/>\n<meta property=\"og:type\" content=\"article\" \/>\n<meta property=\"og:title\" content=\"&quot;\u00bfC\u00f3mo te ha ido en el colegio?&quot; C\u00f3mo pueden decirte la verdad\" \/>\n<meta property=\"og:description\" content=\"En este art\u00edculo presentamos algunos sencillos trucos para obtener la mayor cantidad de informaci\u00f3n posible sobre el d\u00eda a d\u00eda de tu hijo en el colegio: \u00a1la cuesti\u00f3n es simplemente hacer las preguntas correctas!\" \/>\n<meta property=\"og:url\" content=\"https:\/\/yoopies.es\/c\/descubrir-como-le-ha-ido-en-el-colegio\/\" \/>\n<meta property=\"og:site_name\" content=\"Yoopies Espa\u00f1a\" \/>\n<meta property=\"article:modified_time\" content=\"2025-06-12T08:44:04+00:00\" \/>\n<meta property=\"og:image\" content=\"https:\/\/yoopies.es\/c\/wp-content\/uploads\/sites\/7\/2021\/06\/afb7c45008e4689cdfc61b4e4e515504de30df2c-foto-blog-1.jpg\" \/>\n\t<meta property=\"og:image:width\" content=\"1200\" \/>\n\t<meta property=\"og:image:height\" content=\"803\" \/>\n\t<meta property=\"og:image:type\" content=\"image\/jpeg\" \/>\n<meta name=\"twitter:card\" content=\"summary_large_image\" \/>\n<meta name=\"twitter:label1\" content=\"Tiempo de lectura\" \/>\n\t<meta name=\"twitter:data1\" content=\"4 minutos\" \/>\n<script type=\"application\/ld+json\" class=\"yoast-schema-graph\">{\"@context\":\"https:\/\/schema.org\",\"@graph\":[{\"@type\":\"WebPage\",\"@id\":\"https:\/\/yoopies.es\/c\/descubrir-como-le-ha-ido-en-el-colegio\/\",\"url\":\"https:\/\/yoopies.es\/c\/descubrir-como-le-ha-ido-en-el-colegio\/\",\"name\":\"\\\"\u00bfC\u00f3mo te ha ido en el colegio?\\\" C\u00f3mo pueden decirte la verdad\",\"isPartOf\":{\"@id\":\"https:\/\/yoopies.es\/c\/#website\"},\"primaryImageOfPage\":{\"@id\":\"https:\/\/yoopies.es\/c\/descubrir-como-le-ha-ido-en-el-colegio\/#primaryimage\"},\"image\":{\"@id\":\"https:\/\/yoopies.es\/c\/descubrir-como-le-ha-ido-en-el-colegio\/#primaryimage\"},\"thumbnailUrl\":\"https:\/\/yoopies.es\/c\/wp-content\/uploads\/sites\/7\/2021\/06\/afb7c45008e4689cdfc61b4e4e515504de30df2c-foto-blog-1.jpg\",\"datePublished\":\"2021-06-14T11:36:05+00:00\",\"dateModified\":\"2025-06-12T08:44:04+00:00\",\"description\":\"En este art\u00edculo presentamos algunos sencillos trucos para obtener la mayor cantidad de informaci\u00f3n posible sobre el d\u00eda a d\u00eda de tu hijo en el colegio: \u00a1la cuesti\u00f3n es simplemente hacer las preguntas correctas!\",\"breadcrumb\":{\"@id\":\"https:\/\/yoopies.es\/c\/descubrir-como-le-ha-ido-en-el-colegio\/#breadcrumb\"},\"inLanguage\":\"es\",\"potentialAction\":[{\"@type\":\"ReadAction\",\"target\":[\"https:\/\/yoopies.es\/c\/descubrir-como-le-ha-ido-en-el-colegio\/\"]}]},{\"@type\":\"ImageObject\",\"inLanguage\":\"es\",\"@id\":\"https:\/\/yoopies.es\/c\/descubrir-como-le-ha-ido-en-el-colegio\/#primaryimage\",\"url\":\"https:\/\/yoopies.es\/c\/wp-content\/uploads\/sites\/7\/2021\/06\/afb7c45008e4689cdfc61b4e4e515504de30df2c-foto-blog-1.jpg\",\"contentUrl\":\"https:\/\/yoopies.es\/c\/wp-content\/uploads\/sites\/7\/2021\/06\/afb7c45008e4689cdfc61b4e4e515504de30df2c-foto-blog-1.jpg\",\"width\":1200,\"height\":803},{\"@type\":\"BreadcrumbList\",\"@id\":\"https:\/\/yoopies.es\/c\/descubrir-como-le-ha-ido-en-el-colegio\/#breadcrumb\",\"itemListElement\":[{\"@type\":\"ListItem\",\"position\":1,\"name\":\"Home\",\"item\":\"https:\/\/yoopies.es\/c\/\"},{\"@type\":\"ListItem\",\"position\":2,\"name\":\"\u00ab\u00bfC\u00f3mo te ha ido en el colegio?\u00bb: c\u00f3mo hacer que te digan la verdad\"}]},{\"@type\":\"WebSite\",\"@id\":\"https:\/\/yoopies.es\/c\/#website\",\"url\":\"https:\/\/yoopies.es\/c\/\",\"name\":\"Yoopies Espa\u00f1a\",\"description\":\"\",\"publisher\":{\"@id\":\"https:\/\/yoopies.es\/c\/#organization\"},\"potentialAction\":[{\"@type\":\"SearchAction\",\"target\":{\"@type\":\"EntryPoint\",\"urlTemplate\":\"https:\/\/yoopies.es\/c\/?s={search_term_string}\"},\"query-input\":{\"@type\":\"PropertyValueSpecification\",\"valueRequired\":true,\"valueName\":\"search_term_string\"}}],\"inLanguage\":\"es\"},{\"@type\":\"Organization\",\"@id\":\"https:\/\/yoopies.es\/c\/#organization\",\"name\":\"Yoopies Espa\u00f1a\",\"url\":\"https:\/\/yoopies.es\/c\/\",\"logo\":{\"@type\":\"ImageObject\",\"inLanguage\":\"es\",\"@id\":\"https:\/\/yoopies.es\/c\/#\/schema\/logo\/image\/\",\"url\":\"https:\/\/yoopies.es\/c\/wp-content\/uploads\/sites\/7\/2025\/05\/cropped-Logo_Yoopies-2.png\",\"contentUrl\":\"https:\/\/yoopies.es\/c\/wp-content\/uploads\/sites\/7\/2025\/05\/cropped-Logo_Yoopies-2.png\",\"width\":512,\"height\":512,\"caption\":\"Yoopies Espa\u00f1a\"},\"image\":{\"@id\":\"https:\/\/yoopies.es\/c\/#\/schema\/logo\/image\/\"}}]}<\/script>\n<!-- \/ Yoast SEO plugin. -->","yoast_head_json":{"title":"\"\u00bfC\u00f3mo te ha ido en el colegio?\" C\u00f3mo pueden decirte la verdad","description":"En este art\u00edculo presentamos algunos sencillos trucos para obtener la mayor cantidad de informaci\u00f3n posible sobre el d\u00eda a d\u00eda de tu hijo en el colegio: \u00a1la cuesti\u00f3n es simplemente hacer las preguntas correctas!","robots":{"index":"index","follow":"follow","max-snippet":"max-snippet:-1","max-image-preview":"max-image-preview:large","max-video-preview":"max-video-preview:-1"},"canonical":"https:\/\/yoopies.es\/c\/descubrir-como-le-ha-ido-en-el-colegio\/","og_locale":"es_ES","og_type":"article","og_title":"\"\u00bfC\u00f3mo te ha ido en el colegio?\" C\u00f3mo pueden decirte la verdad","og_description":"En este art\u00edculo presentamos algunos sencillos trucos para obtener la mayor cantidad de informaci\u00f3n posible sobre el d\u00eda a d\u00eda de tu hijo en el colegio: \u00a1la cuesti\u00f3n es simplemente hacer las preguntas correctas!","og_url":"https:\/\/yoopies.es\/c\/descubrir-como-le-ha-ido-en-el-colegio\/","og_site_name":"Yoopies Espa\u00f1a","article_modified_time":"2025-06-12T08:44:04+00:00","og_image":[{"width":1200,"height":803,"url":"https:\/\/yoopies.es\/c\/wp-content\/uploads\/sites\/7\/2021\/06\/afb7c45008e4689cdfc61b4e4e515504de30df2c-foto-blog-1.jpg","type":"image\/jpeg"}],"twitter_card":"summary_large_image","twitter_misc":{"Tiempo de lectura":"4 minutos"},"schema":{"@context":"https:\/\/schema.org","@graph":[{"@type":"WebPage","@id":"https:\/\/yoopies.es\/c\/descubrir-como-le-ha-ido-en-el-colegio\/","url":"https:\/\/yoopies.es\/c\/descubrir-como-le-ha-ido-en-el-colegio\/","name":"\"\u00bfC\u00f3mo te ha ido en el colegio?\" C\u00f3mo pueden decirte la verdad","isPartOf":{"@id":"https:\/\/yoopies.es\/c\/#website"},"primaryImageOfPage":{"@id":"https:\/\/yoopies.es\/c\/descubrir-como-le-ha-ido-en-el-colegio\/#primaryimage"},"image":{"@id":"https:\/\/yoopies.es\/c\/descubrir-como-le-ha-ido-en-el-colegio\/#primaryimage"},"thumbnailUrl":"https:\/\/yoopies.es\/c\/wp-content\/uploads\/sites\/7\/2021\/06\/afb7c45008e4689cdfc61b4e4e515504de30df2c-foto-blog-1.jpg","datePublished":"2021-06-14T11:36:05+00:00","dateModified":"2025-06-12T08:44:04+00:00","description":"En este art\u00edculo presentamos algunos sencillos trucos para obtener la mayor cantidad de informaci\u00f3n posible sobre el d\u00eda a d\u00eda de tu hijo en el colegio: \u00a1la cuesti\u00f3n es simplemente hacer las preguntas correctas!","breadcrumb":{"@id":"https:\/\/yoopies.es\/c\/descubrir-como-le-ha-ido-en-el-colegio\/#breadcrumb"},"inLanguage":"es","potentialAction":[{"@type":"ReadAction","target":["https:\/\/yoopies.es\/c\/descubrir-como-le-ha-ido-en-el-colegio\/"]}]},{"@type":"ImageObject","inLanguage":"es","@id":"https:\/\/yoopies.es\/c\/descubrir-como-le-ha-ido-en-el-colegio\/#primaryimage","url":"https:\/\/yoopies.es\/c\/wp-content\/uploads\/sites\/7\/2021\/06\/afb7c45008e4689cdfc61b4e4e515504de30df2c-foto-blog-1.jpg","contentUrl":"https:\/\/yoopies.es\/c\/wp-content\/uploads\/sites\/7\/2021\/06\/afb7c45008e4689cdfc61b4e4e515504de30df2c-foto-blog-1.jpg","width":1200,"height":803},{"@type":"BreadcrumbList","@id":"https:\/\/yoopies.es\/c\/descubrir-como-le-ha-ido-en-el-colegio\/#breadcrumb","itemListElement":[{"@type":"ListItem","position":1,"name":"Home","item":"https:\/\/yoopies.es\/c\/"},{"@type":"ListItem","position":2,"name":"\u00ab\u00bfC\u00f3mo te ha ido en el colegio?\u00bb: c\u00f3mo hacer que te digan la verdad"}]},{"@type":"WebSite","@id":"https:\/\/yoopies.es\/c\/#website","url":"https:\/\/yoopies.es\/c\/","name":"Yoopies Espa\u00f1a","description":"","publisher":{"@id":"https:\/\/yoopies.es\/c\/#organization"},"potentialAction":[{"@type":"SearchAction","target":{"@type":"EntryPoint","urlTemplate":"https:\/\/yoopies.es\/c\/?s={search_term_string}"},"query-input":{"@type":"PropertyValueSpecification","valueRequired":true,"valueName":"search_term_string"}}],"inLanguage":"es"},{"@type":"Organization","@id":"https:\/\/yoopies.es\/c\/#organization","name":"Yoopies Espa\u00f1a","url":"https:\/\/yoopies.es\/c\/","logo":{"@type":"ImageObject","inLanguage":"es","@id":"https:\/\/yoopies.es\/c\/#\/schema\/logo\/image\/","url":"https:\/\/yoopies.es\/c\/wp-content\/uploads\/sites\/7\/2025\/05\/cropped-Logo_Yoopies-2.png","contentUrl":"https:\/\/yoopies.es\/c\/wp-content\/uploads\/sites\/7\/2025\/05\/cropped-Logo_Yoopies-2.png","width":512,"height":512,"caption":"Yoopies Espa\u00f1a"},"image":{"@id":"https:\/\/yoopies.es\/c\/#\/schema\/logo\/image\/"}}]}},"_links":{"self":[{"href":"https:\/\/yoopies.es\/c\/wp-json\/wp\/v2\/pages\/70","targetHints":{"allow":["GET"]}}],"collection":[{"href":"https:\/\/yoopies.es\/c\/wp-json\/wp\/v2\/pages"}],"about":[{"href":"https:\/\/yoopies.es\/c\/wp-json\/wp\/v2\/types\/page"}],"author":[{"embeddable":true,"href":"https:\/\/yoopies.es\/c\/wp-json\/wp\/v2\/users\/10"}],"replies":[{"embeddable":true,"href":"https:\/\/yoopies.es\/c\/wp-json\/wp\/v2\/comments?post=70"}],"version-history":[{"count":1,"href":"https:\/\/yoopies.es\/c\/wp-json\/wp\/v2\/pages\/70\/revisions"}],"predecessor-version":[{"id":75,"href":"https:\/\/yoopies.es\/c\/wp-json\/wp\/v2\/pages\/70\/revisions\/75"}],"wp:featuredmedia":[{"embeddable":true,"href":"https:\/\/yoopies.es\/c\/wp-json\/wp\/v2\/media\/74"}],"wp:attachment":[{"href":"https:\/\/yoopies.es\/c\/wp-json\/wp\/v2\/media?parent=70"}],"curies":[{"name":"wp","href":"https:\/\/api.w.org\/{rel}","templated":true}]}}