{"id":45,"date":"2024-04-02T12:56:20","date_gmt":"2024-04-02T12:56:20","guid":{"rendered":"https:\/\/blog.yoopies.es\/guia-definitiva-clases-particulares\/"},"modified":"2025-06-12T08:44:07","modified_gmt":"2025-06-12T08:44:07","slug":"guia-definitiva-clases-particulares","status":"publish","type":"page","link":"https:\/\/yoopies.es\/c\/guia-definitiva-clases-particulares\/","title":{"rendered":"La gu\u00eda definitiva para las clases particulares"},"content":{"rendered":"<p><p>El a&ntilde;o pasado fue, como m&iacute;nimo, un a&ntilde;o de trastornos en el mundo de la educaci&oacute;n: el cierre de escuelas se convirti&oacute; en algo habitual y el sal&oacute;n de casa en el aula de los ni&ntilde;os de todo el pa&iacute;s. Aunque los profesores y los padres han conseguido que la educaci&oacute;n en casa sea tan enriquecedora y satisfactoria desde el punto de vista acad&eacute;mico como lo ser&iacute;a una experiencia escolar normal, no es ning&uacute;n secreto que muchas personas han tenido dificultades con este cambio sin precedentes. <\/p>\n<p>El resultado es que <strong>algunos ni&ntilde;os pueden estar qued&aacute;ndose atr&aacute;s <\/strong>con respecto a los niveles habituales de aprendizaje. Por ello, las clases particulares se han vuelto <strong>m&aacute;s importantes que nunca<\/strong> para ayudar a los ni&ntilde;os a mantener el ritmo de su educaci&oacute;n.<\/p>\n<p class=\"block-img\"><img decoding=\"async\" src=\"https:\/\/yoopies.es\/c\/wp-content\/uploads\/sites\/7\/2024\/04\/b5849e2f-0f03-405c-a3b8-52c75f56261b_UKPRISMICARTICLESGRAPHICS28229.jpg\" alt=\"\"><\/p>\n<h2><strong>Contenido:<\/strong><\/h2>\n<ul>\n<li><a href=\"https:\/\/#h2-2\">&iquest;Por qu&eacute; tomar clases particulares?<\/a><\/li>\n<li><a href=\"https:\/\/#h2-3\">Materias disponibles en Yoopies <\/a><\/li>\n<li><a href=\"https:\/\/#h2-4\">Clases particulares online vs Clases particulares presenciales<\/a><\/li>\n<li><a href=\"https:\/\/#h2-5\">Precio medio de las clases particulares<\/a><\/li>\n<li><a href=\"https:\/\/#h2-6\">Encontrar al profesor particular perfecto<\/a><\/li>\n<\/ul>\n<h2><strong>&iquest;Por qu&eacute; tomar clases particulares?<\/strong><\/h2>\n<\/p>\n<p>Las clases particulares pueden ser la soluci&oacute;n perfecta para mejorar la educaci&oacute;n de muchos ni&ntilde;os, ya que son muchas las ventajas de contratar a un profesor particular. Algunos de los incre&iacute;bles beneficios que un tutor puede proporcionar sobre un profesor de aula son que los tutores son capaces de:<\/p>\n<ul>\n<li>Prestar a tu hijo una <strong>atenci&oacute;n individualizada<\/strong> para averiguar qu&eacute; &aacute;reas de su aprendizaje necesitan apoyo. <\/li>\n<li><strong>Dedicar todo el tiempo que sea necesario<\/strong> a determinados conceptos y problemas hasta que tu hijo entienda y comprenda completamente la materia.<\/li>\n<li>Ayudar a tu hijo a tener <strong>m&aacute;s confianza<\/strong> en el aula.<\/li>\n<li>Enriquecer el aprendizaje de tu hijo <strong>ense&ntilde;&aacute;ndole material fuera o m&aacute;s all&aacute; de las limitaciones de un plan de estudios<\/strong>.<\/li>\n<li><strong>Apoyar a tu hijo en periodos acad&eacute;micos estresantes<\/strong>, como los que preceden a los ex&aacute;menes o las evaluaciones.<\/li>\n<li>Permitir que tu hijo tenga la oportunidad de <strong>aprender sobre los temas que le interesan fuera de un entorno escolar formal.<\/strong><\/li>\n<\/ul>\n<p>Est&aacute; claro que son <strong>muchos los beneficios<\/strong> de las clases particulares, pero tambi&eacute;n es importante asegurarse de que tu hijo pueda sacar el m&aacute;ximo provecho de sus clases particulares, as&iacute; que aseg&uacute;rate de <strong>comunicar claramente al profesor lo que esperas obtener de las sesiones.<\/strong><\/p>\n<p class=\"block-img\"><img decoding=\"async\" src=\"https:\/\/yoopies.es\/c\/wp-content\/uploads\/sites\/7\/2024\/04\/ed008938-fa5d-4b4e-b33e-dd3ea303e8b8_UKPRISMICARTICLESGRAPHICS28329.png\" alt=\"\"><\/p>\n<\/p>\n<p><h2><strong>Materias disponibles en Yoopies<\/strong><\/h2>\n<\/p>\n<p>Sabemos que todo el mundo es diferente y todos tenemos diferentes fortalezas y debilidades. Por suerte, en Yoopies tenemos candidatos incre&iacute;bles, de alta calidad y confiables para dar clases particulares y cursos en m&aacute;s de 20 &aacute;reas diferentes. Nuestros tutores cubren clases en:<\/p>\n<ul>\n<li><strong>Idiomas:<\/strong> ingl&eacute;s, espa&ntilde;ol, italiano, &aacute;rabe, franc&eacute;s, alem&aacute;n.<\/li>\n<li><strong>M&uacute;sica:<\/strong> piano, guitarra.<\/li>\n<li><strong>Ciencias:<\/strong> f&iacute;sica, qu&iacute;mica, biolog&iacute;a, matem&aacute;ticas.<\/li>\n<li><strong>Humanidades y Sociales:<\/strong> historia, geograf&iacute;a, econom&iacute;a, lengua y literatura.<\/li>\n<\/ul>\n<p>Si est&aacute;s buscando profesor particular de cualquier asignatura, lee nuestra <a href=\"https:\/\/yoopies.es\/c\/guia-definitiva-clases-particulares\/encontrar-profesor-particular-perfecto\">gu&iacute;a para encontrar al profesor particular perfecto<\/a>.<\/p>\n<\/p>\n<h2><strong>Clases particulares online vs Clases particulares presenciales<\/strong><\/h2>\n<\/p>\n<p>Una vez que hayas decidido la asignatura que necesitas, el siguiente paso es <a href=\"https:\/\/yoopies.es\/c\/guia-definitiva-clases-particulares\/clases-particulares-online-presenciales\">comprobar los tipos de clases disponibles<\/a>, ya sea en persona o en l&iacute;nea. Aunque por el momento, <strong>debido a las restricciones de Covid-19, las clases online pueden ser la &uacute;nica soluci&oacute;n o la m&aacute;s pr&aacute;ctica<\/strong>, en el futuro se espera que se retomen las clases individuales. Ambas opciones tienen muchas ventajas, por lo que merece la pena investigar para decidir <strong>qu&eacute; opci&oacute;n es la m&aacute;s adecuada para ti.<\/strong><\/p>\n<p class=\"block-img\"><img decoding=\"async\" src=\"https:\/\/yoopies.es\/c\/wp-content\/uploads\/sites\/7\/2024\/04\/bf068d5d-4b69-490e-a3ca-e6a6229fc179_UKPRISMICARTICLESGRAPHICS28429.jpg\" alt=\"\"><\/p>\n<h2><strong>Precio medio de las clases particulares<\/strong><\/h2>\n<\/p>\n<p>El <strong>coste de las clases particulares var&iacute;a mucho<\/strong> (el que m&aacute;s var&iacute;a de todos nuestros servicios) por varias razones. En primer lugar, el tipo de clase puede causar cambios en el precio, ya que si es <strong>en l&iacute;nea, normalmente, el precio es m&aacute;s barato<\/strong> que si fuera presencial (el profesor puede ahorrar costes de viaje y tiempo). En segundo lugar,<strong> el nivel de cualificaci&oacute;n y la experiencia<\/strong> del profesor influir&aacute;n en gran medida en el coste de sus servicios, ya que algunos de nuestros profes son profesionales altamente cualificados con t&iacute;tulos y muchos a&ntilde;os de experiencia, lo que significa que pueden cobrar m&aacute;s por hora que nuestros candidatos estudiantes m&aacute;s j&oacute;venes. Por &uacute;ltimo, <strong>la edad y el nivel del ni&ntilde;o que recibe la clase<\/strong> pueden afectar al coste de las clases particulares, ya que los ni&ntilde;os m&aacute;s peque&ntilde;os pueden no necesitar tanta atenci&oacute;n y apoyo como los ni&ntilde;os mayores que se presentan a los ex&aacute;menes, por ejemplo.<\/p>\n<p>Consulta nuestra <a href=\"https:\/\/yoopies.es\/c\/guia-definitiva-clases-particulares\/tarifas-clases-particulares\">gu&iacute;a completa para calcular el coste de las clases particulares<\/a> para saber qu&eacute; precio debes buscar cuando encuentres a tu profesor particular.<\/p>\n<\/p>\n<h2><strong>Encontrar al profesor particular perfecto<\/strong><\/h2>\n<\/p>\n<p><strong>Nuestros profesores son personas altamente profesionales, de confianza y cualificadas que ofrecen un servicio personalizado adaptado a las necesidades de tu hijo<\/strong>. En Yoopies permitimos que nuestros <strong>candidatos fijen sus propias tarifas<\/strong> sin recibir una comisi&oacute;n de ellos, por lo que pueden ofrecer un precio lo m&aacute;s competitivo posible. <\/p>\n<p>Puedes consultar las opiniones de la comunidad de Yoopies sobre nuestros profesores antes de tomar la decisi&oacute;n de contactar con uno y preguntar por sus servicios. Tenemos una gran variedad de candidatos que ofrecen una amplia variedad de materias, niveles y precios, as&iacute; que aseg&uacute;rate de investigar primero qu&eacute; tipo de tutor est&aacute;s buscando para ayudar a reducir tu b&uacute;squeda. Para saber c&oacute;mo encontrar el tutor adecuado para tu hijo, lee nuestra <a href=\"https:\/\/yoopies.es\/c\/guia-definitiva-clases-particulares\/encontrar-profesor-particular-perfecto\">&uacute;til gu&iacute;a<\/a>.<\/p>\n<p class=\"block-img\"><img decoding=\"async\" src=\"https:\/\/yoopies.es\/c\/wp-content\/uploads\/sites\/7\/2024\/04\/bc106bd7-5717-4e97-a10a-cd4f1f5d54f6_UKPRISMICARTICLESGRAPHICS28529.png\" alt=\"\"><\/p>\n<\/p>\n<p><a class=\"button\" href=\"https:\/\/yoopies.co.uk\/tutor\">Encuentra a tu profesor particular<\/a><\/p>\n","protected":false},"excerpt":{"rendered":"<p>El a&ntilde;o pasado fue, como m&iacute;nimo, un a&ntilde;o de trastornos en el mundo de la &hellip; <\/p>\n","protected":false},"author":10,"featured_media":50,"parent":0,"menu_order":0,"comment_status":"closed","ping_status":"closed","template":"","meta":{"_acf_changed":false,"footnotes":""},"class_list":["post-45","page","type-page","status-publish","has-post-thumbnail","hentry"],"acf":[],"yoast_head":"<!-- This site is optimized with the Yoast SEO plugin v26.9 - https:\/\/yoast.com\/product\/yoast-seo-wordpress\/ -->\n<title>La gu\u00eda definitiva para las clases particulares<\/title>\n<meta name=\"description\" content=\"Descubre todo lo que necesitas saber para encontrar el profesor particular adecuado para tu hijo y la mejor manera de preparar sus clases. Investiga c\u00f3mo empezar con las clases particulares, inf\u00f3rmate sobre los diferentes tipos de clases particulares disponibles, as\u00ed como qu\u00e9 asignaturas se imparten y cu\u00e1nto cuestan de media los tutores.\" \/>\n<meta name=\"robots\" content=\"index, follow, max-snippet:-1, max-image-preview:large, max-video-preview:-1\" \/>\n<link rel=\"canonical\" href=\"https:\/\/yoopies.es\/c\/guia-definitiva-clases-particulares\/\" \/>\n<meta property=\"og:locale\" content=\"es_ES\" \/>\n<meta property=\"og:type\" content=\"article\" \/>\n<meta property=\"og:title\" content=\"La gu\u00eda definitiva para las clases particulares\" \/>\n<meta property=\"og:description\" content=\"Descubre todo lo que necesitas saber para encontrar el profesor particular adecuado para tu hijo y la mejor manera de preparar sus clases. Investiga c\u00f3mo empezar con las clases particulares, inf\u00f3rmate sobre los diferentes tipos de clases particulares disponibles, as\u00ed como qu\u00e9 asignaturas se imparten y cu\u00e1nto cuestan de media los tutores.\" \/>\n<meta property=\"og:url\" content=\"https:\/\/yoopies.es\/c\/guia-definitiva-clases-particulares\/\" \/>\n<meta property=\"og:site_name\" content=\"Yoopies Espa\u00f1a\" \/>\n<meta property=\"article:modified_time\" content=\"2025-06-12T08:44:07+00:00\" \/>\n<meta property=\"og:image\" content=\"https:\/\/yoopies.es\/c\/wp-content\/uploads\/sites\/7\/2024\/04\/ed008938-fa5d-4b4e-b33e-dd3ea303e8b8-ukprismicarticlesgraphics28329.jpg\" \/>\n\t<meta property=\"og:image:width\" content=\"1200\" \/>\n\t<meta property=\"og:image:height\" content=\"852\" \/>\n\t<meta property=\"og:image:type\" content=\"image\/jpeg\" \/>\n<meta name=\"twitter:card\" content=\"summary_large_image\" \/>\n<meta name=\"twitter:label1\" content=\"Tiempo de lectura\" \/>\n\t<meta name=\"twitter:data1\" content=\"5 minutos\" \/>\n<script type=\"application\/ld+json\" class=\"yoast-schema-graph\">{\"@context\":\"https:\/\/schema.org\",\"@graph\":[{\"@type\":\"WebPage\",\"@id\":\"https:\/\/yoopies.es\/c\/guia-definitiva-clases-particulares\/\",\"url\":\"https:\/\/yoopies.es\/c\/guia-definitiva-clases-particulares\/\",\"name\":\"La gu\u00eda definitiva para las clases particulares\",\"isPartOf\":{\"@id\":\"https:\/\/yoopies.es\/c\/#website\"},\"primaryImageOfPage\":{\"@id\":\"https:\/\/yoopies.es\/c\/guia-definitiva-clases-particulares\/#primaryimage\"},\"image\":{\"@id\":\"https:\/\/yoopies.es\/c\/guia-definitiva-clases-particulares\/#primaryimage\"},\"thumbnailUrl\":\"https:\/\/yoopies.es\/c\/wp-content\/uploads\/sites\/7\/2024\/04\/ed008938-fa5d-4b4e-b33e-dd3ea303e8b8-ukprismicarticlesgraphics28329.jpg\",\"datePublished\":\"2024-04-02T12:56:20+00:00\",\"dateModified\":\"2025-06-12T08:44:07+00:00\",\"description\":\"Descubre todo lo que necesitas saber para encontrar el profesor particular adecuado para tu hijo y la mejor manera de preparar sus clases. Investiga c\u00f3mo empezar con las clases particulares, inf\u00f3rmate sobre los diferentes tipos de clases particulares disponibles, as\u00ed como qu\u00e9 asignaturas se imparten y cu\u00e1nto cuestan de media los tutores.\",\"breadcrumb\":{\"@id\":\"https:\/\/yoopies.es\/c\/guia-definitiva-clases-particulares\/#breadcrumb\"},\"inLanguage\":\"es\",\"potentialAction\":[{\"@type\":\"ReadAction\",\"target\":[\"https:\/\/yoopies.es\/c\/guia-definitiva-clases-particulares\/\"]}]},{\"@type\":\"ImageObject\",\"inLanguage\":\"es\",\"@id\":\"https:\/\/yoopies.es\/c\/guia-definitiva-clases-particulares\/#primaryimage\",\"url\":\"https:\/\/yoopies.es\/c\/wp-content\/uploads\/sites\/7\/2024\/04\/ed008938-fa5d-4b4e-b33e-dd3ea303e8b8-ukprismicarticlesgraphics28329.jpg\",\"contentUrl\":\"https:\/\/yoopies.es\/c\/wp-content\/uploads\/sites\/7\/2024\/04\/ed008938-fa5d-4b4e-b33e-dd3ea303e8b8-ukprismicarticlesgraphics28329.jpg\",\"width\":1200,\"height\":852},{\"@type\":\"BreadcrumbList\",\"@id\":\"https:\/\/yoopies.es\/c\/guia-definitiva-clases-particulares\/#breadcrumb\",\"itemListElement\":[{\"@type\":\"ListItem\",\"position\":1,\"name\":\"Home\",\"item\":\"https:\/\/yoopies.es\/c\/\"},{\"@type\":\"ListItem\",\"position\":2,\"name\":\"La gu\u00eda definitiva para las clases particulares\"}]},{\"@type\":\"WebSite\",\"@id\":\"https:\/\/yoopies.es\/c\/#website\",\"url\":\"https:\/\/yoopies.es\/c\/\",\"name\":\"Yoopies Espa\u00f1a\",\"description\":\"\",\"publisher\":{\"@id\":\"https:\/\/yoopies.es\/c\/#organization\"},\"potentialAction\":[{\"@type\":\"SearchAction\",\"target\":{\"@type\":\"EntryPoint\",\"urlTemplate\":\"https:\/\/yoopies.es\/c\/?s={search_term_string}\"},\"query-input\":{\"@type\":\"PropertyValueSpecification\",\"valueRequired\":true,\"valueName\":\"search_term_string\"}}],\"inLanguage\":\"es\"},{\"@type\":\"Organization\",\"@id\":\"https:\/\/yoopies.es\/c\/#organization\",\"name\":\"Yoopies Espa\u00f1a\",\"url\":\"https:\/\/yoopies.es\/c\/\",\"logo\":{\"@type\":\"ImageObject\",\"inLanguage\":\"es\",\"@id\":\"https:\/\/yoopies.es\/c\/#\/schema\/logo\/image\/\",\"url\":\"https:\/\/yoopies.es\/c\/wp-content\/uploads\/sites\/7\/2025\/05\/cropped-Logo_Yoopies-2.png\",\"contentUrl\":\"https:\/\/yoopies.es\/c\/wp-content\/uploads\/sites\/7\/2025\/05\/cropped-Logo_Yoopies-2.png\",\"width\":512,\"height\":512,\"caption\":\"Yoopies Espa\u00f1a\"},\"image\":{\"@id\":\"https:\/\/yoopies.es\/c\/#\/schema\/logo\/image\/\"}}]}<\/script>\n<!-- \/ Yoast SEO plugin. -->","yoast_head_json":{"title":"La gu\u00eda definitiva para las clases particulares","description":"Descubre todo lo que necesitas saber para encontrar el profesor particular adecuado para tu hijo y la mejor manera de preparar sus clases. Investiga c\u00f3mo empezar con las clases particulares, inf\u00f3rmate sobre los diferentes tipos de clases particulares disponibles, as\u00ed como qu\u00e9 asignaturas se imparten y cu\u00e1nto cuestan de media los tutores.","robots":{"index":"index","follow":"follow","max-snippet":"max-snippet:-1","max-image-preview":"max-image-preview:large","max-video-preview":"max-video-preview:-1"},"canonical":"https:\/\/yoopies.es\/c\/guia-definitiva-clases-particulares\/","og_locale":"es_ES","og_type":"article","og_title":"La gu\u00eda definitiva para las clases particulares","og_description":"Descubre todo lo que necesitas saber para encontrar el profesor particular adecuado para tu hijo y la mejor manera de preparar sus clases. Investiga c\u00f3mo empezar con las clases particulares, inf\u00f3rmate sobre los diferentes tipos de clases particulares disponibles, as\u00ed como qu\u00e9 asignaturas se imparten y cu\u00e1nto cuestan de media los tutores.","og_url":"https:\/\/yoopies.es\/c\/guia-definitiva-clases-particulares\/","og_site_name":"Yoopies Espa\u00f1a","article_modified_time":"2025-06-12T08:44:07+00:00","og_image":[{"width":1200,"height":852,"url":"https:\/\/yoopies.es\/c\/wp-content\/uploads\/sites\/7\/2024\/04\/ed008938-fa5d-4b4e-b33e-dd3ea303e8b8-ukprismicarticlesgraphics28329.jpg","type":"image\/jpeg"}],"twitter_card":"summary_large_image","twitter_misc":{"Tiempo de lectura":"5 minutos"},"schema":{"@context":"https:\/\/schema.org","@graph":[{"@type":"WebPage","@id":"https:\/\/yoopies.es\/c\/guia-definitiva-clases-particulares\/","url":"https:\/\/yoopies.es\/c\/guia-definitiva-clases-particulares\/","name":"La gu\u00eda definitiva para las clases particulares","isPartOf":{"@id":"https:\/\/yoopies.es\/c\/#website"},"primaryImageOfPage":{"@id":"https:\/\/yoopies.es\/c\/guia-definitiva-clases-particulares\/#primaryimage"},"image":{"@id":"https:\/\/yoopies.es\/c\/guia-definitiva-clases-particulares\/#primaryimage"},"thumbnailUrl":"https:\/\/yoopies.es\/c\/wp-content\/uploads\/sites\/7\/2024\/04\/ed008938-fa5d-4b4e-b33e-dd3ea303e8b8-ukprismicarticlesgraphics28329.jpg","datePublished":"2024-04-02T12:56:20+00:00","dateModified":"2025-06-12T08:44:07+00:00","description":"Descubre todo lo que necesitas saber para encontrar el profesor particular adecuado para tu hijo y la mejor manera de preparar sus clases. Investiga c\u00f3mo empezar con las clases particulares, inf\u00f3rmate sobre los diferentes tipos de clases particulares disponibles, as\u00ed como qu\u00e9 asignaturas se imparten y cu\u00e1nto cuestan de media los tutores.","breadcrumb":{"@id":"https:\/\/yoopies.es\/c\/guia-definitiva-clases-particulares\/#breadcrumb"},"inLanguage":"es","potentialAction":[{"@type":"ReadAction","target":["https:\/\/yoopies.es\/c\/guia-definitiva-clases-particulares\/"]}]},{"@type":"ImageObject","inLanguage":"es","@id":"https:\/\/yoopies.es\/c\/guia-definitiva-clases-particulares\/#primaryimage","url":"https:\/\/yoopies.es\/c\/wp-content\/uploads\/sites\/7\/2024\/04\/ed008938-fa5d-4b4e-b33e-dd3ea303e8b8-ukprismicarticlesgraphics28329.jpg","contentUrl":"https:\/\/yoopies.es\/c\/wp-content\/uploads\/sites\/7\/2024\/04\/ed008938-fa5d-4b4e-b33e-dd3ea303e8b8-ukprismicarticlesgraphics28329.jpg","width":1200,"height":852},{"@type":"BreadcrumbList","@id":"https:\/\/yoopies.es\/c\/guia-definitiva-clases-particulares\/#breadcrumb","itemListElement":[{"@type":"ListItem","position":1,"name":"Home","item":"https:\/\/yoopies.es\/c\/"},{"@type":"ListItem","position":2,"name":"La gu\u00eda definitiva para las clases particulares"}]},{"@type":"WebSite","@id":"https:\/\/yoopies.es\/c\/#website","url":"https:\/\/yoopies.es\/c\/","name":"Yoopies Espa\u00f1a","description":"","publisher":{"@id":"https:\/\/yoopies.es\/c\/#organization"},"potentialAction":[{"@type":"SearchAction","target":{"@type":"EntryPoint","urlTemplate":"https:\/\/yoopies.es\/c\/?s={search_term_string}"},"query-input":{"@type":"PropertyValueSpecification","valueRequired":true,"valueName":"search_term_string"}}],"inLanguage":"es"},{"@type":"Organization","@id":"https:\/\/yoopies.es\/c\/#organization","name":"Yoopies Espa\u00f1a","url":"https:\/\/yoopies.es\/c\/","logo":{"@type":"ImageObject","inLanguage":"es","@id":"https:\/\/yoopies.es\/c\/#\/schema\/logo\/image\/","url":"https:\/\/yoopies.es\/c\/wp-content\/uploads\/sites\/7\/2025\/05\/cropped-Logo_Yoopies-2.png","contentUrl":"https:\/\/yoopies.es\/c\/wp-content\/uploads\/sites\/7\/2025\/05\/cropped-Logo_Yoopies-2.png","width":512,"height":512,"caption":"Yoopies Espa\u00f1a"},"image":{"@id":"https:\/\/yoopies.es\/c\/#\/schema\/logo\/image\/"}}]}},"_links":{"self":[{"href":"https:\/\/yoopies.es\/c\/wp-json\/wp\/v2\/pages\/45","targetHints":{"allow":["GET"]}}],"collection":[{"href":"https:\/\/yoopies.es\/c\/wp-json\/wp\/v2\/pages"}],"about":[{"href":"https:\/\/yoopies.es\/c\/wp-json\/wp\/v2\/types\/page"}],"author":[{"embeddable":true,"href":"https:\/\/yoopies.es\/c\/wp-json\/wp\/v2\/users\/10"}],"replies":[{"embeddable":true,"href":"https:\/\/yoopies.es\/c\/wp-json\/wp\/v2\/comments?post=45"}],"version-history":[{"count":1,"href":"https:\/\/yoopies.es\/c\/wp-json\/wp\/v2\/pages\/45\/revisions"}],"predecessor-version":[{"id":51,"href":"https:\/\/yoopies.es\/c\/wp-json\/wp\/v2\/pages\/45\/revisions\/51"}],"wp:featuredmedia":[{"embeddable":true,"href":"https:\/\/yoopies.es\/c\/wp-json\/wp\/v2\/media\/50"}],"wp:attachment":[{"href":"https:\/\/yoopies.es\/c\/wp-json\/wp\/v2\/media?parent=45"}],"curies":[{"name":"wp","href":"https:\/\/api.w.org\/{rel}","templated":true}]}}