{"id":40,"date":"2024-04-02T12:58:20","date_gmt":"2024-04-02T12:58:20","guid":{"rendered":"https:\/\/blog.yoopies.es\/guia-definitiva-limpieza-hogar\/"},"modified":"2025-06-12T08:44:05","modified_gmt":"2025-06-12T08:44:05","slug":"guia-definitiva-limpieza-hogar","status":"publish","type":"page","link":"https:\/\/yoopies.es\/c\/guia-definitiva-limpieza-hogar\/","title":{"rendered":"La gu\u00eda definitiva de la limpieza del hogar"},"content":{"rendered":"<p><p>Las limpiadoras y limpiadores son una gran ayuda a cualquier hogar para garantizar el buen funcionamiento de una casa familiar.<\/p>\n<p class=\"block-img\"><img decoding=\"async\" src=\"https:\/\/yoopies.es\/c\/wp-content\/uploads\/sites\/7\/2024\/04\/c133820e-b1b4-49e4-9004-fd47af8d151c_UKPRISMICARTICLESGRAPHICS.png\" alt=\"\"><\/p>\n<h2><strong>Contents:<\/strong><\/h2>\n<ul>\n<li><a href=\"https:\/\/#h2-3\">Encontrar a la limpiadora perfecta<\/a><\/li>\n<li><a href=\"https:\/\/#h2-4\">Precio medio de la limpieza del hogar<\/a><\/li>\n<li><a href=\"https:\/\/#h2-5\">Limpieza segura durante el covid<\/a><\/li>\n<\/ul>\n<h2><strong>Encontrar a la limpiadora perfecta<\/strong><\/h2>\n<\/p>\n<p>Para aquellos que nunca han contratado a una empleada del hogar, o cualquier tipo de ayuda dom&eacute;stica, el proceso puede parecer desalentador y abrumador, ya que hay muchos lugares en los que se pueden buscar candidatas de gran calidad y la oferta es muy amplia. <\/p>\n<p>El primer paso en el proceso es decidir lo que buscas en una empleada del hogar y <strong>establecer una lista de requisitos junto con un presupuesto y la cantidad de horas que necesita<\/strong>. Una vez que hayas creado un perfil de tu candidata ideal, podr&aacute;s empezar a buscar la asistenta perfecta. Hay muchas maneras de encontrar una persona adecuada, como el <strong>boca a boca<\/strong>, a trav&eacute;s de una <strong>agencia <\/strong>o en una <strong>plataforma online<\/strong> como Yoopies. <\/p>\n<p>Encontrar una buena empleada del hogar puede llevar tiempo, pero una vez que hayas encontrado a la candidata perfecta puede ser un activo inestimable para cualquier hogar familiar. Para toda la informaci&oacute;n que necesitas sobre c&oacute;mo encontrar a tu empleada ideal y todo el proceso de contrataci&oacute;n, consulta nuestra gu&iacute;a para encontrar una empleada del hogar <a href=\"https:\/\/yoopies.es\/c\/guia-definitiva-limpieza-hogar\/como-encontrar-a-la-empleada-del-hogar-perfecta\">aqu&iacute;<\/a>.<\/p>\n<p class=\"block-img\"><img decoding=\"async\" src=\"https:\/\/yoopies.es\/c\/wp-content\/uploads\/sites\/7\/2024\/04\/18bf4192-8906-476c-b177-e8f28a9242bf_UKPRISMICARTICLESGRAPHICS28129.png\" alt=\"\"><\/p>\n<h2><strong>Precio medio de la limpieza del hogar<\/strong><\/h2>\n<\/p>\n<p>El <strong>coste de las tareas dom&eacute;sticas puede variar en funci&oacute;n de variables<\/strong> como el tipo de servicio que requieras (limpieza a fondo o m&aacute;s superficial, solo interior o exterior&#8230;), el n&uacute;mero de horas y el lugar de tu domicilio (en una ciudad grande, los precios ser&aacute;n m&aacute;s altos que en ciudades peque&ntilde;as o pueblos).<\/p>\n<p>Contratar a una empleada del hogar en Yoopies puede ser una gran opci&oacute;n financiera, ya que permitimos a nuestras candidatas <strong>establecer sus propias tarifas<\/strong> y no les cobramos comisi&oacute;n, lo que les permite ofrecer <strong>precios competitivos<\/strong>. Merece la pena comparar las tarifas de algunas candidatas de la misma zona para asegurarse de que est&aacute;s pagando el salario correcto, pero recuerda que las que tienen <strong>m&aacute;s experiencia pueden ofrecer un servicio de mayor calidad<\/strong> y, por tanto, cobrar m&aacute;s, lo que podr&iacute;a provocar una peque&ntilde;a variaci&oacute;n en los precios. <\/p>\n<p>Consulta nuestra gu&iacute;a completa sobre los costes medios del servicio dom&eacute;stico <a href=\"https:\/\/yoopies.es\/c\/guia-definitiva-limpieza-hogar\/coste-medio-tareas-domesticas\">aqu&iacute;<\/a>.<\/p>\n<\/p>\n<h2><strong>Limpieza segura durante el Covid<\/strong><\/h2>\n<\/p>\n<p>En el &uacute;ltimo a&ntilde;o se ha hecho a&uacute;n m&aacute;s evidente la importancia de mantener un hogar limpio e higi&eacute;nico, especialmente durante la pandemia. Aunque hay ciertos consejos de limpieza que pueden ayudar a mantener un hogar seguro Covid, puede ser abrumador gestionar la vida familiar, &iexcl;y mucho m&aacute;s mantener una casa impecable! <\/p>\n<p>Las limpiadoras pueden ser esa ayuda extra que la mayor&iacute;a de los padres necesitan desesperadamente para mantener el ritmo de la vida familiar, as&iacute; que &iquest;<a href=\"https:\/\/yoopies.es\/c\/guia-definitiva-limpieza-hogar\/como-encontrar-a-la-empleada-del-hogar-perfecta\">por qu&eacute; no buscas a tu ayudante perfecto en Yoopies<\/a>?<\/p>\n<\/p>\n<p><a class=\"button\" href=\"https:\/\/yoopies.es\/servicio-domestico\">Encontrar limpiadora<\/a><\/p>\n","protected":false},"excerpt":{"rendered":"<p>Las limpiadoras y limpiadores son una gran ayuda a cualquier hogar para garantizar el buen &hellip; <\/p>\n","protected":false},"author":10,"featured_media":43,"parent":0,"menu_order":0,"comment_status":"closed","ping_status":"closed","template":"","meta":{"_acf_changed":false,"footnotes":""},"class_list":["post-40","page","type-page","status-publish","has-post-thumbnail","hentry"],"acf":[],"yoast_head":"<!-- This site is optimized with the Yoast SEO plugin v26.9 - https:\/\/yoast.com\/product\/yoast-seo-wordpress\/ -->\n<title>La gu\u00eda definitiva de la limpieza del hogar<\/title>\n<meta name=\"description\" content=\"Para obtener toda la informaci\u00f3n sobre las funciones de limpieza, incluyendo qu\u00e9 hace exactamente una empleada de hogar, el coste medio de las empleadas de hogar, c\u00f3mo contratar a una empleada de hogar y mucho m\u00e1s, lee nuestras gu\u00edas informativas.\" \/>\n<meta name=\"robots\" content=\"index, follow, max-snippet:-1, max-image-preview:large, max-video-preview:-1\" \/>\n<link rel=\"canonical\" href=\"https:\/\/yoopies.es\/c\/guia-definitiva-limpieza-hogar\/\" \/>\n<meta property=\"og:locale\" content=\"es_ES\" \/>\n<meta property=\"og:type\" content=\"article\" \/>\n<meta property=\"og:title\" content=\"La gu\u00eda definitiva de la limpieza del hogar\" \/>\n<meta property=\"og:description\" content=\"Para obtener toda la informaci\u00f3n sobre las funciones de limpieza, incluyendo qu\u00e9 hace exactamente una empleada de hogar, el coste medio de las empleadas de hogar, c\u00f3mo contratar a una empleada de hogar y mucho m\u00e1s, lee nuestras gu\u00edas informativas.\" \/>\n<meta property=\"og:url\" content=\"https:\/\/yoopies.es\/c\/guia-definitiva-limpieza-hogar\/\" \/>\n<meta property=\"og:site_name\" content=\"Yoopies Espa\u00f1a\" \/>\n<meta property=\"article:modified_time\" content=\"2025-06-12T08:44:05+00:00\" \/>\n<meta property=\"og:image\" content=\"https:\/\/yoopies.es\/c\/wp-content\/uploads\/sites\/7\/2024\/04\/c133820e-b1b4-49e4-9004-fd47af8d151c-ukprismicarticlesgraphics.jpg\" \/>\n\t<meta property=\"og:image:width\" content=\"1200\" \/>\n\t<meta property=\"og:image:height\" content=\"852\" \/>\n\t<meta property=\"og:image:type\" content=\"image\/jpeg\" \/>\n<meta name=\"twitter:card\" content=\"summary_large_image\" \/>\n<meta name=\"twitter:label1\" content=\"Tiempo de lectura\" \/>\n\t<meta name=\"twitter:data1\" content=\"3 minutos\" \/>\n<script type=\"application\/ld+json\" class=\"yoast-schema-graph\">{\"@context\":\"https:\/\/schema.org\",\"@graph\":[{\"@type\":\"WebPage\",\"@id\":\"https:\/\/yoopies.es\/c\/guia-definitiva-limpieza-hogar\/\",\"url\":\"https:\/\/yoopies.es\/c\/guia-definitiva-limpieza-hogar\/\",\"name\":\"La gu\u00eda definitiva de la limpieza del hogar\",\"isPartOf\":{\"@id\":\"https:\/\/yoopies.es\/c\/#website\"},\"primaryImageOfPage\":{\"@id\":\"https:\/\/yoopies.es\/c\/guia-definitiva-limpieza-hogar\/#primaryimage\"},\"image\":{\"@id\":\"https:\/\/yoopies.es\/c\/guia-definitiva-limpieza-hogar\/#primaryimage\"},\"thumbnailUrl\":\"https:\/\/yoopies.es\/c\/wp-content\/uploads\/sites\/7\/2024\/04\/c133820e-b1b4-49e4-9004-fd47af8d151c-ukprismicarticlesgraphics.jpg\",\"datePublished\":\"2024-04-02T12:58:20+00:00\",\"dateModified\":\"2025-06-12T08:44:05+00:00\",\"description\":\"Para obtener toda la informaci\u00f3n sobre las funciones de limpieza, incluyendo qu\u00e9 hace exactamente una empleada de hogar, el coste medio de las empleadas de hogar, c\u00f3mo contratar a una empleada de hogar y mucho m\u00e1s, lee nuestras gu\u00edas informativas.\",\"breadcrumb\":{\"@id\":\"https:\/\/yoopies.es\/c\/guia-definitiva-limpieza-hogar\/#breadcrumb\"},\"inLanguage\":\"es\",\"potentialAction\":[{\"@type\":\"ReadAction\",\"target\":[\"https:\/\/yoopies.es\/c\/guia-definitiva-limpieza-hogar\/\"]}]},{\"@type\":\"ImageObject\",\"inLanguage\":\"es\",\"@id\":\"https:\/\/yoopies.es\/c\/guia-definitiva-limpieza-hogar\/#primaryimage\",\"url\":\"https:\/\/yoopies.es\/c\/wp-content\/uploads\/sites\/7\/2024\/04\/c133820e-b1b4-49e4-9004-fd47af8d151c-ukprismicarticlesgraphics.jpg\",\"contentUrl\":\"https:\/\/yoopies.es\/c\/wp-content\/uploads\/sites\/7\/2024\/04\/c133820e-b1b4-49e4-9004-fd47af8d151c-ukprismicarticlesgraphics.jpg\",\"width\":1200,\"height\":852},{\"@type\":\"BreadcrumbList\",\"@id\":\"https:\/\/yoopies.es\/c\/guia-definitiva-limpieza-hogar\/#breadcrumb\",\"itemListElement\":[{\"@type\":\"ListItem\",\"position\":1,\"name\":\"Home\",\"item\":\"https:\/\/yoopies.es\/c\/\"},{\"@type\":\"ListItem\",\"position\":2,\"name\":\"La gu\u00eda definitiva de la limpieza del hogar\"}]},{\"@type\":\"WebSite\",\"@id\":\"https:\/\/yoopies.es\/c\/#website\",\"url\":\"https:\/\/yoopies.es\/c\/\",\"name\":\"Yoopies Espa\u00f1a\",\"description\":\"\",\"publisher\":{\"@id\":\"https:\/\/yoopies.es\/c\/#organization\"},\"potentialAction\":[{\"@type\":\"SearchAction\",\"target\":{\"@type\":\"EntryPoint\",\"urlTemplate\":\"https:\/\/yoopies.es\/c\/?s={search_term_string}\"},\"query-input\":{\"@type\":\"PropertyValueSpecification\",\"valueRequired\":true,\"valueName\":\"search_term_string\"}}],\"inLanguage\":\"es\"},{\"@type\":\"Organization\",\"@id\":\"https:\/\/yoopies.es\/c\/#organization\",\"name\":\"Yoopies Espa\u00f1a\",\"url\":\"https:\/\/yoopies.es\/c\/\",\"logo\":{\"@type\":\"ImageObject\",\"inLanguage\":\"es\",\"@id\":\"https:\/\/yoopies.es\/c\/#\/schema\/logo\/image\/\",\"url\":\"https:\/\/yoopies.es\/c\/wp-content\/uploads\/sites\/7\/2025\/05\/cropped-Logo_Yoopies-2.png\",\"contentUrl\":\"https:\/\/yoopies.es\/c\/wp-content\/uploads\/sites\/7\/2025\/05\/cropped-Logo_Yoopies-2.png\",\"width\":512,\"height\":512,\"caption\":\"Yoopies Espa\u00f1a\"},\"image\":{\"@id\":\"https:\/\/yoopies.es\/c\/#\/schema\/logo\/image\/\"}}]}<\/script>\n<!-- \/ Yoast SEO plugin. -->","yoast_head_json":{"title":"La gu\u00eda definitiva de la limpieza del hogar","description":"Para obtener toda la informaci\u00f3n sobre las funciones de limpieza, incluyendo qu\u00e9 hace exactamente una empleada de hogar, el coste medio de las empleadas de hogar, c\u00f3mo contratar a una empleada de hogar y mucho m\u00e1s, lee nuestras gu\u00edas informativas.","robots":{"index":"index","follow":"follow","max-snippet":"max-snippet:-1","max-image-preview":"max-image-preview:large","max-video-preview":"max-video-preview:-1"},"canonical":"https:\/\/yoopies.es\/c\/guia-definitiva-limpieza-hogar\/","og_locale":"es_ES","og_type":"article","og_title":"La gu\u00eda definitiva de la limpieza del hogar","og_description":"Para obtener toda la informaci\u00f3n sobre las funciones de limpieza, incluyendo qu\u00e9 hace exactamente una empleada de hogar, el coste medio de las empleadas de hogar, c\u00f3mo contratar a una empleada de hogar y mucho m\u00e1s, lee nuestras gu\u00edas informativas.","og_url":"https:\/\/yoopies.es\/c\/guia-definitiva-limpieza-hogar\/","og_site_name":"Yoopies Espa\u00f1a","article_modified_time":"2025-06-12T08:44:05+00:00","og_image":[{"width":1200,"height":852,"url":"https:\/\/yoopies.es\/c\/wp-content\/uploads\/sites\/7\/2024\/04\/c133820e-b1b4-49e4-9004-fd47af8d151c-ukprismicarticlesgraphics.jpg","type":"image\/jpeg"}],"twitter_card":"summary_large_image","twitter_misc":{"Tiempo de lectura":"3 minutos"},"schema":{"@context":"https:\/\/schema.org","@graph":[{"@type":"WebPage","@id":"https:\/\/yoopies.es\/c\/guia-definitiva-limpieza-hogar\/","url":"https:\/\/yoopies.es\/c\/guia-definitiva-limpieza-hogar\/","name":"La gu\u00eda definitiva de la limpieza del hogar","isPartOf":{"@id":"https:\/\/yoopies.es\/c\/#website"},"primaryImageOfPage":{"@id":"https:\/\/yoopies.es\/c\/guia-definitiva-limpieza-hogar\/#primaryimage"},"image":{"@id":"https:\/\/yoopies.es\/c\/guia-definitiva-limpieza-hogar\/#primaryimage"},"thumbnailUrl":"https:\/\/yoopies.es\/c\/wp-content\/uploads\/sites\/7\/2024\/04\/c133820e-b1b4-49e4-9004-fd47af8d151c-ukprismicarticlesgraphics.jpg","datePublished":"2024-04-02T12:58:20+00:00","dateModified":"2025-06-12T08:44:05+00:00","description":"Para obtener toda la informaci\u00f3n sobre las funciones de limpieza, incluyendo qu\u00e9 hace exactamente una empleada de hogar, el coste medio de las empleadas de hogar, c\u00f3mo contratar a una empleada de hogar y mucho m\u00e1s, lee nuestras gu\u00edas informativas.","breadcrumb":{"@id":"https:\/\/yoopies.es\/c\/guia-definitiva-limpieza-hogar\/#breadcrumb"},"inLanguage":"es","potentialAction":[{"@type":"ReadAction","target":["https:\/\/yoopies.es\/c\/guia-definitiva-limpieza-hogar\/"]}]},{"@type":"ImageObject","inLanguage":"es","@id":"https:\/\/yoopies.es\/c\/guia-definitiva-limpieza-hogar\/#primaryimage","url":"https:\/\/yoopies.es\/c\/wp-content\/uploads\/sites\/7\/2024\/04\/c133820e-b1b4-49e4-9004-fd47af8d151c-ukprismicarticlesgraphics.jpg","contentUrl":"https:\/\/yoopies.es\/c\/wp-content\/uploads\/sites\/7\/2024\/04\/c133820e-b1b4-49e4-9004-fd47af8d151c-ukprismicarticlesgraphics.jpg","width":1200,"height":852},{"@type":"BreadcrumbList","@id":"https:\/\/yoopies.es\/c\/guia-definitiva-limpieza-hogar\/#breadcrumb","itemListElement":[{"@type":"ListItem","position":1,"name":"Home","item":"https:\/\/yoopies.es\/c\/"},{"@type":"ListItem","position":2,"name":"La gu\u00eda definitiva de la limpieza del hogar"}]},{"@type":"WebSite","@id":"https:\/\/yoopies.es\/c\/#website","url":"https:\/\/yoopies.es\/c\/","name":"Yoopies Espa\u00f1a","description":"","publisher":{"@id":"https:\/\/yoopies.es\/c\/#organization"},"potentialAction":[{"@type":"SearchAction","target":{"@type":"EntryPoint","urlTemplate":"https:\/\/yoopies.es\/c\/?s={search_term_string}"},"query-input":{"@type":"PropertyValueSpecification","valueRequired":true,"valueName":"search_term_string"}}],"inLanguage":"es"},{"@type":"Organization","@id":"https:\/\/yoopies.es\/c\/#organization","name":"Yoopies Espa\u00f1a","url":"https:\/\/yoopies.es\/c\/","logo":{"@type":"ImageObject","inLanguage":"es","@id":"https:\/\/yoopies.es\/c\/#\/schema\/logo\/image\/","url":"https:\/\/yoopies.es\/c\/wp-content\/uploads\/sites\/7\/2025\/05\/cropped-Logo_Yoopies-2.png","contentUrl":"https:\/\/yoopies.es\/c\/wp-content\/uploads\/sites\/7\/2025\/05\/cropped-Logo_Yoopies-2.png","width":512,"height":512,"caption":"Yoopies Espa\u00f1a"},"image":{"@id":"https:\/\/yoopies.es\/c\/#\/schema\/logo\/image\/"}}]}},"_links":{"self":[{"href":"https:\/\/yoopies.es\/c\/wp-json\/wp\/v2\/pages\/40","targetHints":{"allow":["GET"]}}],"collection":[{"href":"https:\/\/yoopies.es\/c\/wp-json\/wp\/v2\/pages"}],"about":[{"href":"https:\/\/yoopies.es\/c\/wp-json\/wp\/v2\/types\/page"}],"author":[{"embeddable":true,"href":"https:\/\/yoopies.es\/c\/wp-json\/wp\/v2\/users\/10"}],"replies":[{"embeddable":true,"href":"https:\/\/yoopies.es\/c\/wp-json\/wp\/v2\/comments?post=40"}],"version-history":[{"count":1,"href":"https:\/\/yoopies.es\/c\/wp-json\/wp\/v2\/pages\/40\/revisions"}],"predecessor-version":[{"id":44,"href":"https:\/\/yoopies.es\/c\/wp-json\/wp\/v2\/pages\/40\/revisions\/44"}],"wp:featuredmedia":[{"embeddable":true,"href":"https:\/\/yoopies.es\/c\/wp-json\/wp\/v2\/media\/43"}],"wp:attachment":[{"href":"https:\/\/yoopies.es\/c\/wp-json\/wp\/v2\/media?parent=40"}],"curies":[{"name":"wp","href":"https:\/\/api.w.org\/{rel}","templated":true}]}}