{"id":372,"date":"2021-01-12T11:57:59","date_gmt":"2021-01-12T11:57:59","guid":{"rendered":"https:\/\/blog.yoopies.es\/actualidad-de-yoopies\/playa-y-covid-19-que-se-recomienda-este-verano-en-espana\/"},"modified":"2025-06-12T08:44:05","modified_gmt":"2025-06-12T08:44:05","slug":"playa-y-covid-19-que-se-recomienda-este-verano-en-espana","status":"publish","type":"page","link":"https:\/\/yoopies.es\/c\/actualidad-de-yoopies\/playa-y-covid-19-que-se-recomienda-este-verano-en-espana\/","title":{"rendered":"Playa y Covid-19: \u00bfqu\u00e9 se recomienda este verano en Espa\u00f1a?"},"content":{"rendered":"<p><p>Despu&eacute;s de semanas de aislamiento social, la llegada del calor nos hace querer correr a las playas, pero no podemos enga&ntilde;arnos porque este ser&aacute; un verano completamente diferente. Despu&eacute;s de todo lo ocurrido, &iquest;c&oacute;mo ser&aacute; la temporada de ba&ntilde;o en tiempos de pandemia?<\/p>\n<\/p>\n<p><p>Aunque este no es un a&ntilde;o para pasar todo el verano en la playa, Yoopies ofrece este art&iacute;culo para aclarar las precauciones a tomar y las medidas que deben seguirse para adoptar un comportamiento seguro, siguiendo las reglas espec&iacute;ficas para prevenir la propagaci&oacute;n del Coronavirus.<\/p>\n<\/p>\n<p><p>A continuaci&oacute;n, se presentan algunas preguntas y respuestas para disfrutar de la temporada de ba&ntilde;o de la manera m&aacute;s segura, de acuerdo con las recomendaciones del Ministerio de Sanidad de Espa&ntilde;a.<\/p>\n<p class=\"block-img\"><img decoding=\"async\" src=\"https:\/\/yoopies.es\/c\/wp-content\/uploads\/sites\/7\/2021\/01\/17b1e479-91be-4ea6-a32c-1be8ba1b16af_shutterstock_279518810_LD.jpg\" alt=\"\"><\/p>\n<\/p>\n<p><h3><strong>1. &iquest;Qu&eacute; reglas existen en la zona de ba&ntilde;o?<\/strong><\/h3>\n<\/p>\n<ul>\n<li> El acceso de los usuarios a las zonas de ba&ntilde;o se realizar&aacute; teniendo en cuenta las especificaciones en cuanto a las medidas de distanciamiento social.<\/li>\n<li> El viento fuerte end&eacute;mico de algunas playas pudiera ser transmisor de coronavirus por lo que se aconseja incluso distancias mayores a los 2 metros. <\/li>\n<li> Los usuarios que realicen paseos en las orillas respetar&aacute;n los espacios de distanciamiento social. \n<\/li>\n<\/ul>\n<p><h3><strong>2. &iquest;Podemos jugar en la arena?<\/strong><\/h3>\n<\/p>\n<ul>\n<li>No se recomienda la realizaci&oacute;n de deportes colectivos y la utilizaci&oacute;n de todo tipo de infraestructuras de playa (parques de juego e instalaciones deportivas). \n<\/li>\n<\/ul>\n<p><h3><strong>3. &iquest;Cu&aacute;l debe ser la distancia entre sombrillas?<\/strong><\/h3>\n<\/p>\n<ul>\n<li>Los ejes de las sombrillas no se instalar&aacute;n a distancias inferiores de 4 metros.  El gestor de la playa podr&aacute; sectorizar la misma para asegurar el distanciamiento social, garantizando la adecuada separaci&oacute;n entre usuarios de tumbonas, toallas, sombrillas u otros elementos.\n<\/li>\n<\/ul>\n<p><h3><strong>4. &iquest;Se puede ir a chiringuitos o zonas deportivas\/de juego? <\/strong><\/h3>\n<\/p>\n<ul>\n<li>Los establecimientos de hosteler&iacute;a que se encuentren ubicados en la playa, deber&aacute;n seguir los protocolos correspondientes establecidos a este sector. En las instalaciones deportivas y parque de juego, se garantizar&aacute; la limpieza y desinfecci&oacute;n previa a la apertura de la playa; no pudiendo hacer uso de estas instalaciones hasta que se abra la zona de ba&ntilde;o.<\/li>\n<\/ul>\n<p><p class=\"block-img\"><img decoding=\"async\" src=\"https:\/\/yoopies.es\/c\/wp-content\/uploads\/sites\/7\/2021\/01\/9bff9bae-f8eb-4fce-934b-29f1db6df79c_shutterstock_777423571_LD.jpg\" alt=\"\"><\/p>\n<\/p>\n<p><h3><strong>5. &iquest;Podemos quedar con amigos en la playa?<\/strong><\/h3>\n<\/p>\n<ul>\n<li>No se recomiendan las reuniones de m&aacute;s de 15 personas o de miembros de la misma familia o que no convivan en el mismo domicilio. <\/li>\n<\/ul>\n<p><p>Para m&aacute;s informaci&oacute;n sobre las reglas de ocupaci&oacute;n de espacios relacionados con la playa y la Covid-19, <a href=\"https:\/\/https:\/\/www.mscbs.gob.es\/profesionales\/saludPublica\/ccayes\/alertasActual\/nCov-China\/documentos\/Recomendaciones_apertura_playas.pdf\">consulta este documento del Ministerio de Sanidad.<\/a> Del mismo modo, es fundamental estar al d&iacute;a de las normas impuestas en este &aacute;mbito por la Comunidad Aut&oacute;noma en la que se acceder&aacute; a la playa.<\/p><\/p>\n","protected":false},"excerpt":{"rendered":"<p>Despu&eacute;s de semanas de aislamiento social, la llegada del calor nos hace querer correr a &hellip; <\/p>\n","protected":false},"author":10,"featured_media":375,"parent":111,"menu_order":0,"comment_status":"closed","ping_status":"closed","template":"","meta":{"_acf_changed":false,"footnotes":""},"class_list":["post-372","page","type-page","status-publish","has-post-thumbnail","hentry"],"acf":[],"yoast_head":"<!-- This site is optimized with the Yoast SEO plugin v26.9 - https:\/\/yoast.com\/product\/yoast-seo-wordpress\/ -->\n<title>Playa y Covid-19: \u00bfqu\u00e9 se recomienda este verano en Espa\u00f1a?<\/title>\n<meta name=\"description\" content=\"Os presentamos algunas preguntas y respuestas para disfrutar de la temporada de ba\u00f1o de la manera m\u00e1s segura, de acuerdo con las recomendaciones del Ministerio de Sanidad.\" \/>\n<meta name=\"robots\" content=\"index, follow, max-snippet:-1, max-image-preview:large, max-video-preview:-1\" \/>\n<link rel=\"canonical\" href=\"https:\/\/yoopies.es\/c\/actualidad-de-yoopies\/playa-y-covid-19-que-se-recomienda-este-verano-en-espana\/\" \/>\n<meta property=\"og:locale\" content=\"es_ES\" \/>\n<meta property=\"og:type\" content=\"article\" \/>\n<meta property=\"og:title\" content=\"Playa y Covid-19: \u00bfqu\u00e9 se recomienda este verano en Espa\u00f1a?\" \/>\n<meta property=\"og:description\" content=\"Os presentamos algunas preguntas y respuestas para disfrutar de la temporada de ba\u00f1o de la manera m\u00e1s segura, de acuerdo con las recomendaciones del Ministerio de Sanidad.\" \/>\n<meta property=\"og:url\" content=\"https:\/\/yoopies.es\/c\/actualidad-de-yoopies\/playa-y-covid-19-que-se-recomienda-este-verano-en-espana\/\" \/>\n<meta property=\"og:site_name\" content=\"Yoopies Espa\u00f1a\" \/>\n<meta property=\"article:modified_time\" content=\"2025-06-12T08:44:05+00:00\" \/>\n<meta property=\"og:image\" content=\"https:\/\/yoopies.es\/c\/wp-content\/uploads\/sites\/7\/2021\/01\/17b1e479-91be-4ea6-a32c-1be8ba1b16af-shutterstock-279518810-ld.jpg\" \/>\n\t<meta property=\"og:image:width\" content=\"1200\" \/>\n\t<meta property=\"og:image:height\" content=\"800\" \/>\n\t<meta property=\"og:image:type\" content=\"image\/jpeg\" \/>\n<meta name=\"twitter:card\" content=\"summary_large_image\" \/>\n<meta name=\"twitter:label1\" content=\"Tiempo de lectura\" \/>\n\t<meta name=\"twitter:data1\" content=\"2 minutos\" \/>\n<script type=\"application\/ld+json\" class=\"yoast-schema-graph\">{\"@context\":\"https:\/\/schema.org\",\"@graph\":[{\"@type\":\"WebPage\",\"@id\":\"https:\/\/yoopies.es\/c\/actualidad-de-yoopies\/playa-y-covid-19-que-se-recomienda-este-verano-en-espana\/\",\"url\":\"https:\/\/yoopies.es\/c\/actualidad-de-yoopies\/playa-y-covid-19-que-se-recomienda-este-verano-en-espana\/\",\"name\":\"Playa y Covid-19: \u00bfqu\u00e9 se recomienda este verano en Espa\u00f1a?\",\"isPartOf\":{\"@id\":\"https:\/\/yoopies.es\/c\/#website\"},\"primaryImageOfPage\":{\"@id\":\"https:\/\/yoopies.es\/c\/actualidad-de-yoopies\/playa-y-covid-19-que-se-recomienda-este-verano-en-espana\/#primaryimage\"},\"image\":{\"@id\":\"https:\/\/yoopies.es\/c\/actualidad-de-yoopies\/playa-y-covid-19-que-se-recomienda-este-verano-en-espana\/#primaryimage\"},\"thumbnailUrl\":\"https:\/\/yoopies.es\/c\/wp-content\/uploads\/sites\/7\/2021\/01\/17b1e479-91be-4ea6-a32c-1be8ba1b16af-shutterstock-279518810-ld.jpg\",\"datePublished\":\"2021-01-12T11:57:59+00:00\",\"dateModified\":\"2025-06-12T08:44:05+00:00\",\"description\":\"Os presentamos algunas preguntas y respuestas para disfrutar de la temporada de ba\u00f1o de la manera m\u00e1s segura, de acuerdo con las recomendaciones del Ministerio de Sanidad.\",\"breadcrumb\":{\"@id\":\"https:\/\/yoopies.es\/c\/actualidad-de-yoopies\/playa-y-covid-19-que-se-recomienda-este-verano-en-espana\/#breadcrumb\"},\"inLanguage\":\"es\",\"potentialAction\":[{\"@type\":\"ReadAction\",\"target\":[\"https:\/\/yoopies.es\/c\/actualidad-de-yoopies\/playa-y-covid-19-que-se-recomienda-este-verano-en-espana\/\"]}]},{\"@type\":\"ImageObject\",\"inLanguage\":\"es\",\"@id\":\"https:\/\/yoopies.es\/c\/actualidad-de-yoopies\/playa-y-covid-19-que-se-recomienda-este-verano-en-espana\/#primaryimage\",\"url\":\"https:\/\/yoopies.es\/c\/wp-content\/uploads\/sites\/7\/2021\/01\/17b1e479-91be-4ea6-a32c-1be8ba1b16af-shutterstock-279518810-ld.jpg\",\"contentUrl\":\"https:\/\/yoopies.es\/c\/wp-content\/uploads\/sites\/7\/2021\/01\/17b1e479-91be-4ea6-a32c-1be8ba1b16af-shutterstock-279518810-ld.jpg\",\"width\":1200,\"height\":800},{\"@type\":\"BreadcrumbList\",\"@id\":\"https:\/\/yoopies.es\/c\/actualidad-de-yoopies\/playa-y-covid-19-que-se-recomienda-este-verano-en-espana\/#breadcrumb\",\"itemListElement\":[{\"@type\":\"ListItem\",\"position\":1,\"name\":\"Home\",\"item\":\"https:\/\/yoopies.es\/c\/\"},{\"@type\":\"ListItem\",\"position\":2,\"name\":\"Actualidad de Yoopies\",\"item\":\"https:\/\/yoopies.es\/c\/actualidad-de-yoopies\/\"},{\"@type\":\"ListItem\",\"position\":3,\"name\":\"Playa y Covid-19: \u00bfqu\u00e9 se recomienda este verano en Espa\u00f1a?\"}]},{\"@type\":\"WebSite\",\"@id\":\"https:\/\/yoopies.es\/c\/#website\",\"url\":\"https:\/\/yoopies.es\/c\/\",\"name\":\"Yoopies Espa\u00f1a\",\"description\":\"\",\"publisher\":{\"@id\":\"https:\/\/yoopies.es\/c\/#organization\"},\"potentialAction\":[{\"@type\":\"SearchAction\",\"target\":{\"@type\":\"EntryPoint\",\"urlTemplate\":\"https:\/\/yoopies.es\/c\/?s={search_term_string}\"},\"query-input\":{\"@type\":\"PropertyValueSpecification\",\"valueRequired\":true,\"valueName\":\"search_term_string\"}}],\"inLanguage\":\"es\"},{\"@type\":\"Organization\",\"@id\":\"https:\/\/yoopies.es\/c\/#organization\",\"name\":\"Yoopies Espa\u00f1a\",\"url\":\"https:\/\/yoopies.es\/c\/\",\"logo\":{\"@type\":\"ImageObject\",\"inLanguage\":\"es\",\"@id\":\"https:\/\/yoopies.es\/c\/#\/schema\/logo\/image\/\",\"url\":\"https:\/\/yoopies.es\/c\/wp-content\/uploads\/sites\/7\/2025\/05\/cropped-Logo_Yoopies-2.png\",\"contentUrl\":\"https:\/\/yoopies.es\/c\/wp-content\/uploads\/sites\/7\/2025\/05\/cropped-Logo_Yoopies-2.png\",\"width\":512,\"height\":512,\"caption\":\"Yoopies Espa\u00f1a\"},\"image\":{\"@id\":\"https:\/\/yoopies.es\/c\/#\/schema\/logo\/image\/\"}}]}<\/script>\n<!-- \/ Yoast SEO plugin. -->","yoast_head_json":{"title":"Playa y Covid-19: \u00bfqu\u00e9 se recomienda este verano en Espa\u00f1a?","description":"Os presentamos algunas preguntas y respuestas para disfrutar de la temporada de ba\u00f1o de la manera m\u00e1s segura, de acuerdo con las recomendaciones del Ministerio de Sanidad.","robots":{"index":"index","follow":"follow","max-snippet":"max-snippet:-1","max-image-preview":"max-image-preview:large","max-video-preview":"max-video-preview:-1"},"canonical":"https:\/\/yoopies.es\/c\/actualidad-de-yoopies\/playa-y-covid-19-que-se-recomienda-este-verano-en-espana\/","og_locale":"es_ES","og_type":"article","og_title":"Playa y Covid-19: \u00bfqu\u00e9 se recomienda este verano en Espa\u00f1a?","og_description":"Os presentamos algunas preguntas y respuestas para disfrutar de la temporada de ba\u00f1o de la manera m\u00e1s segura, de acuerdo con las recomendaciones del Ministerio de Sanidad.","og_url":"https:\/\/yoopies.es\/c\/actualidad-de-yoopies\/playa-y-covid-19-que-se-recomienda-este-verano-en-espana\/","og_site_name":"Yoopies Espa\u00f1a","article_modified_time":"2025-06-12T08:44:05+00:00","og_image":[{"width":1200,"height":800,"url":"https:\/\/yoopies.es\/c\/wp-content\/uploads\/sites\/7\/2021\/01\/17b1e479-91be-4ea6-a32c-1be8ba1b16af-shutterstock-279518810-ld.jpg","type":"image\/jpeg"}],"twitter_card":"summary_large_image","twitter_misc":{"Tiempo de lectura":"2 minutos"},"schema":{"@context":"https:\/\/schema.org","@graph":[{"@type":"WebPage","@id":"https:\/\/yoopies.es\/c\/actualidad-de-yoopies\/playa-y-covid-19-que-se-recomienda-este-verano-en-espana\/","url":"https:\/\/yoopies.es\/c\/actualidad-de-yoopies\/playa-y-covid-19-que-se-recomienda-este-verano-en-espana\/","name":"Playa y Covid-19: \u00bfqu\u00e9 se recomienda este verano en Espa\u00f1a?","isPartOf":{"@id":"https:\/\/yoopies.es\/c\/#website"},"primaryImageOfPage":{"@id":"https:\/\/yoopies.es\/c\/actualidad-de-yoopies\/playa-y-covid-19-que-se-recomienda-este-verano-en-espana\/#primaryimage"},"image":{"@id":"https:\/\/yoopies.es\/c\/actualidad-de-yoopies\/playa-y-covid-19-que-se-recomienda-este-verano-en-espana\/#primaryimage"},"thumbnailUrl":"https:\/\/yoopies.es\/c\/wp-content\/uploads\/sites\/7\/2021\/01\/17b1e479-91be-4ea6-a32c-1be8ba1b16af-shutterstock-279518810-ld.jpg","datePublished":"2021-01-12T11:57:59+00:00","dateModified":"2025-06-12T08:44:05+00:00","description":"Os presentamos algunas preguntas y respuestas para disfrutar de la temporada de ba\u00f1o de la manera m\u00e1s segura, de acuerdo con las recomendaciones del Ministerio de Sanidad.","breadcrumb":{"@id":"https:\/\/yoopies.es\/c\/actualidad-de-yoopies\/playa-y-covid-19-que-se-recomienda-este-verano-en-espana\/#breadcrumb"},"inLanguage":"es","potentialAction":[{"@type":"ReadAction","target":["https:\/\/yoopies.es\/c\/actualidad-de-yoopies\/playa-y-covid-19-que-se-recomienda-este-verano-en-espana\/"]}]},{"@type":"ImageObject","inLanguage":"es","@id":"https:\/\/yoopies.es\/c\/actualidad-de-yoopies\/playa-y-covid-19-que-se-recomienda-este-verano-en-espana\/#primaryimage","url":"https:\/\/yoopies.es\/c\/wp-content\/uploads\/sites\/7\/2021\/01\/17b1e479-91be-4ea6-a32c-1be8ba1b16af-shutterstock-279518810-ld.jpg","contentUrl":"https:\/\/yoopies.es\/c\/wp-content\/uploads\/sites\/7\/2021\/01\/17b1e479-91be-4ea6-a32c-1be8ba1b16af-shutterstock-279518810-ld.jpg","width":1200,"height":800},{"@type":"BreadcrumbList","@id":"https:\/\/yoopies.es\/c\/actualidad-de-yoopies\/playa-y-covid-19-que-se-recomienda-este-verano-en-espana\/#breadcrumb","itemListElement":[{"@type":"ListItem","position":1,"name":"Home","item":"https:\/\/yoopies.es\/c\/"},{"@type":"ListItem","position":2,"name":"Actualidad de Yoopies","item":"https:\/\/yoopies.es\/c\/actualidad-de-yoopies\/"},{"@type":"ListItem","position":3,"name":"Playa y Covid-19: \u00bfqu\u00e9 se recomienda este verano en Espa\u00f1a?"}]},{"@type":"WebSite","@id":"https:\/\/yoopies.es\/c\/#website","url":"https:\/\/yoopies.es\/c\/","name":"Yoopies Espa\u00f1a","description":"","publisher":{"@id":"https:\/\/yoopies.es\/c\/#organization"},"potentialAction":[{"@type":"SearchAction","target":{"@type":"EntryPoint","urlTemplate":"https:\/\/yoopies.es\/c\/?s={search_term_string}"},"query-input":{"@type":"PropertyValueSpecification","valueRequired":true,"valueName":"search_term_string"}}],"inLanguage":"es"},{"@type":"Organization","@id":"https:\/\/yoopies.es\/c\/#organization","name":"Yoopies Espa\u00f1a","url":"https:\/\/yoopies.es\/c\/","logo":{"@type":"ImageObject","inLanguage":"es","@id":"https:\/\/yoopies.es\/c\/#\/schema\/logo\/image\/","url":"https:\/\/yoopies.es\/c\/wp-content\/uploads\/sites\/7\/2025\/05\/cropped-Logo_Yoopies-2.png","contentUrl":"https:\/\/yoopies.es\/c\/wp-content\/uploads\/sites\/7\/2025\/05\/cropped-Logo_Yoopies-2.png","width":512,"height":512,"caption":"Yoopies Espa\u00f1a"},"image":{"@id":"https:\/\/yoopies.es\/c\/#\/schema\/logo\/image\/"}}]}},"_links":{"self":[{"href":"https:\/\/yoopies.es\/c\/wp-json\/wp\/v2\/pages\/372","targetHints":{"allow":["GET"]}}],"collection":[{"href":"https:\/\/yoopies.es\/c\/wp-json\/wp\/v2\/pages"}],"about":[{"href":"https:\/\/yoopies.es\/c\/wp-json\/wp\/v2\/types\/page"}],"author":[{"embeddable":true,"href":"https:\/\/yoopies.es\/c\/wp-json\/wp\/v2\/users\/10"}],"replies":[{"embeddable":true,"href":"https:\/\/yoopies.es\/c\/wp-json\/wp\/v2\/comments?post=372"}],"version-history":[{"count":1,"href":"https:\/\/yoopies.es\/c\/wp-json\/wp\/v2\/pages\/372\/revisions"}],"predecessor-version":[{"id":376,"href":"https:\/\/yoopies.es\/c\/wp-json\/wp\/v2\/pages\/372\/revisions\/376"}],"up":[{"embeddable":true,"href":"https:\/\/yoopies.es\/c\/wp-json\/wp\/v2\/pages\/111"}],"wp:featuredmedia":[{"embeddable":true,"href":"https:\/\/yoopies.es\/c\/wp-json\/wp\/v2\/media\/375"}],"wp:attachment":[{"href":"https:\/\/yoopies.es\/c\/wp-json\/wp\/v2\/media?parent=372"}],"curies":[{"name":"wp","href":"https:\/\/api.w.org\/{rel}","templated":true}]}}