{"id":34,"date":"2024-04-02T12:57:35","date_gmt":"2024-04-02T12:57:35","guid":{"rendered":"https:\/\/blog.yoopies.es\/guia-definitiva-cuidado-mayores-dependientes\/"},"modified":"2025-06-12T08:44:06","modified_gmt":"2025-06-12T08:44:06","slug":"guia-definitiva-cuidado-mayores-dependientes","status":"publish","type":"page","link":"https:\/\/yoopies.es\/c\/guia-definitiva-cuidado-mayores-dependientes\/","title":{"rendered":"La gu\u00eda definitiva del cuidado de personas mayores y dependientes"},"content":{"rendered":"<p><p class=\"block-img\"><img decoding=\"async\" src=\"https:\/\/yoopies.es\/c\/wp-content\/uploads\/sites\/7\/2024\/04\/9ce3ec4b-8428-4cf1-85e3-32af2952e0b5_UKPRISMICARTICLESGRAPHICS28929.jpg\" alt=\"\"><\/p>\n<p>Para aquellos que se hacen mayores y tienen menos movilidad o confianza en sus propios hogares, los <strong>cuidadores de ancianos y los asistentes de atenci&oacute;n domiciliaria pueden proporcionar un gran nivel de apoyo a quienes lo necesitan<\/strong>. Lee nuestras <a href=\"https:\/\/yoopies.es\/c\/guia-definitiva-cuidado-mayores-dependientes\/la-atencion-domiciliaria-para-ancianos-crece-este-fin\">gu&iacute;as<\/a> detalladas y repletas de informaci&oacute;n para averiguar todo lo que necesitas saber sobre el mundo de los cuidados a personas mayores y la <a href=\"https:\/\/yoopies.es\/c\/guia-definitiva-cuidado-mayores-dependientes\/ayuda-a-domicilio-o-en-casa-de-los-ancianos\">contrataci&oacute;n de tu propio asistente de cuidados a domicilio<\/a> en el futuro. <\/p>\n<h2><strong>Contenido:<\/strong><\/h2>\n<ul>\n<li><a href=\"https:\/\/#h2-2\">&iquest;Qu&eacute; es un cuidador de ancianos o personas mayores?<\/a><\/li>\n<li><a href=\"https:\/\/#h2-3\">Contratar a un cuidador<\/a><\/li>\n<li><a href=\"https:\/\/#h2-4\">Precio medio del cuidado de personas mayores y dependientes<\/a>\n<\/li>\n<\/ul>\n<h2><strong>&iquest;Qu&eacute; es un cuidador de ancianos o personas mayores?<\/strong><\/h2>\n<\/p>\n<p>Un cuidador de ancianos o un asistente de atenci&oacute;n domiciliaria pueden <strong>prestar apoyo<\/strong> a quienes ya no son capaces de vivir de forma independiente sin cuidados adicionales. Aunque la idea de<strong> contratar a alguien para que le ayude<\/strong> a cuidar de su propia casa puede parecer desalentadora y extra&ntilde;a para quienes nunca han contratado ayuda a domicilio, los cuidados que se prestan pueden suponer una verdadera diferencia a la hora de <strong>mejorar la calidad de vida<\/strong> de muchas personas mayores o menos capacitadas. <\/p>\n<p>Los cuidadores de ancianos pueden ofrecer muchos<strong> niveles diferentes de apoyo<\/strong> y el papel que desempe&ntilde;an se adapta a las necesidades espec&iacute;ficas de cada cliente con el que trabajan. Desde ofrecer apoyo m&eacute;dico y ayudar a las personas con problemas de movilidad hasta simplemente proporcionar compa&ntilde;&iacute;a a aquellos que pueden tener un contacto limitado con la gente en su vida diaria, un cuidador de ancianos puede apoyar a cualquier persona que ya no pueda mantener un alto nivel de vida dentro de su propia casa. <\/p>\n<p>Nuestra gu&iacute;a sobre cuidadores de personas mayores y asistentes de atenci&oacute;n domiciliaria puede ayudarte a descubrir el tipo de atenci&oacute;n que prestan estos cuidadores, los costes de la atenci&oacute;n, c&oacute;mo contratar a un cuidador y mucho m&aacute;s. Consulta nuestra gu&iacute;a informativa sobre cuidadores de personas mayores y asistentes de atenci&oacute;n domiciliaria <a href=\"https:\/\/yoopies.es\/c\/guia-definitiva-cuidado-mayores-dependientes\">aqu&iacute;<\/a>.<\/p>\n<p class=\"block-img\"><img decoding=\"async\" src=\"https:\/\/yoopies.es\/c\/wp-content\/uploads\/sites\/7\/2024\/04\/36b28831-2eba-40c3-b223-1dd8fb00e15b_UKPRISMICARTICLESGRAPHICS281029.png\" alt=\"\"><\/p>\n<h2><strong>Contratar a un cuidador<\/strong><\/h2>\n<\/p>\n<p>Una vez que hayas decidido contratar a un cuidador de ancianos y saber cu&aacute;les son sus necesidades exactas de atenci&oacute;n, el siguiente paso en el proceso es encontrar un asistente de atenci&oacute;n domiciliaria o un cuidador de ancianos adecuado para ayudarle.<\/p>\n<p>Averiguar <strong>c&oacute;mo encontrar el cuidador adecuado<\/strong> puede parecer dif&iacute;cil, ya que hay diferentes v&iacute;as que explorar y una variedad de m&eacute;todos que se pueden utilizar para encontrar al cuidador perfecto. Utilizar un servicio de atenci&oacute;n online o una plataforma de atenci&oacute;n domiciliaria como Yoopies puede ser una gran soluci&oacute;n para obtener acceso instant&aacute;neo a una amplia variedad de solicitantes que estar&aacute;n dispuestos a trabajar para ti en cualquier momento.<\/p>\n<p>Una vez que hayas encontrado una selecci&oacute;n de candidatos adecuados, hay ciertos procedimientos que debes seguir para asegurarte de que est&aacute;s contratando a un candidato fiable y apto. Por ejemplo, hacer las <strong>preguntas correctas<\/strong> durante la fase de <strong>entrevista<\/strong>, realizar comprobaciones exhaustivas de los <strong>antecedentes <\/strong>y las <strong>referencias<\/strong>, y saber cu&aacute;l es el <strong>salario razonable<\/strong> son pasos importantes que hay que seguir durante el proceso de contrataci&oacute;n. <\/p>\n<p>Para toda la informaci&oacute;n que puedas necesitar sobre la contrataci&oacute;n de un cuidador de ancianos o un asistente de atenci&oacute;n domiciliaria, consulta nuestra gu&iacute;a de contrataci&oacute;n <a href=\"https:\/\/yoopies.es\/c\/guia-definitiva-cuidado-mayores-dependientes\/contratar-cuidador-personas-mayores-dependientes\">aqu&iacute;<\/a>.<\/p>\n<p class=\"block-img\"><img decoding=\"async\" src=\"https:\/\/yoopies.es\/c\/wp-content\/uploads\/sites\/7\/2024\/04\/b809040e-e700-40b1-8777-ed9a4979ac12_UKPRISMICARTICLESGRAPHICS281129.jpg\" alt=\"\"><\/p>\n<h2><strong>Precio medio del cuidado de personas mayores y dependientes<\/strong><\/h2>\n<\/p>\n<p>El coste del cuidado de ancianos puede parecer abrumador y caro, pero existen<strong> diferentes opciones de precios<\/strong> que se adaptan a las distintas necesidades,<strong> dependiendo de la persona y el presupuesto<\/strong>. El coste de contratar a un cuidador de ancianos para que ayude en tu casa puede variar en funci&oacute;n de distintos factores, como por ejemplo:<\/p>\n<ul>\n<li><strong>Ubicaci&oacute;n<\/strong><\/li>\n<li><strong>Tipo de cuidado<\/strong><\/li>\n<li><strong>Nivel de apoyo m&eacute;dico<\/strong><\/li>\n<li><strong>Experiencia del cuidador<\/strong><\/li>\n<li><strong>Horas de atenci&oacute;n requeridas (de d&iacute;a o de noche)<\/strong><\/li>\n<\/ul>\n<p>Aunque contratar a cuidadores de personas mayores para que trabajen en tu casa puede parecer caro, a menudo es una soluci&oacute;n mucho m&aacute;s econ&oacute;mica que acudir a una residencia. Para saber m&aacute;s sobre la diferencia entre contratar cuidadores individuales y residencias de ancianos, &eacute;chale un vistazo a <a href=\"https:\/\/yoopies.es\/c\/guia-definitiva-cuidado-mayores-dependientes\/ayuda-a-domicilio-o-en-casa-de-los-ancianos\">nuestra gu&iacute;a informativa<\/a>.<\/p>\n<p>El <strong>precio <\/strong>de los cuidados para la tercera edad es quiz&aacute;s el factor m&aacute;s importante para muchos a la hora de decidir qu&eacute; camino tomar a la hora de elegir el tipo de cuidados que necesita. Como casi todos los tipos de asistencia a personas mayores tienen un coste considerable, el precio de la misma es la <strong>cuesti&oacute;n m&aacute;s pr&aacute;ctica a tener en cuenta<\/strong> para el individuo, ya que esta soluci&oacute;n asistencial debe ser sostenible a largo plazo. Para saber todo lo que necesitas sobre los costes medios de los cuidados a personas mayores, lee nuestra gu&iacute;a <a href=\"https:\/\/yoopies.es\/c\/guia-definitiva-cuidado-mayores-dependientes\/contratar-cuidador-personas-mayores-dependientes\">aqu&iacute;<\/a>.<\/p>\n<\/p>\n<p><a class=\"button\" href=\"https:\/\/yoopies.co.uk\/homecare\">Find me a great elderly carer!<\/a><\/p>\n","protected":false},"excerpt":{"rendered":"<p>Para aquellos que se hacen mayores y tienen menos movilidad o confianza en sus propios &hellip; <\/p>\n","protected":false},"author":10,"featured_media":38,"parent":0,"menu_order":0,"comment_status":"closed","ping_status":"closed","template":"","meta":{"_acf_changed":false,"footnotes":""},"class_list":["post-34","page","type-page","status-publish","has-post-thumbnail","hentry"],"acf":[],"yoast_head":"<!-- This site is optimized with the Yoast SEO plugin v26.9 - https:\/\/yoast.com\/product\/yoast-seo-wordpress\/ -->\n<title>La gu\u00eda definitiva del cuidado de personas mayores y dependientes<\/title>\n<meta name=\"description\" content=\"Toda la informaci\u00f3n que necesitas saber sobre el cuidado de ancianos y personas dependientes, desde gu\u00edas de asistentes de cuidado en el hogar hasta precios medios, lo tenemos todo cubierto. Averigua qu\u00e9 tipo de cuidado de ancianos te conviene m\u00e1s con nuestras \u00fatiles gu\u00edas informativas.\" \/>\n<meta name=\"robots\" content=\"index, follow, max-snippet:-1, max-image-preview:large, max-video-preview:-1\" \/>\n<link rel=\"canonical\" href=\"https:\/\/yoopies.es\/c\/guia-definitiva-cuidado-mayores-dependientes\/\" \/>\n<meta property=\"og:locale\" content=\"es_ES\" \/>\n<meta property=\"og:type\" content=\"article\" \/>\n<meta property=\"og:title\" content=\"La gu\u00eda definitiva del cuidado de personas mayores y dependientes\" \/>\n<meta property=\"og:description\" content=\"Toda la informaci\u00f3n que necesitas saber sobre el cuidado de ancianos y personas dependientes, desde gu\u00edas de asistentes de cuidado en el hogar hasta precios medios, lo tenemos todo cubierto. Averigua qu\u00e9 tipo de cuidado de ancianos te conviene m\u00e1s con nuestras \u00fatiles gu\u00edas informativas.\" \/>\n<meta property=\"og:url\" content=\"https:\/\/yoopies.es\/c\/guia-definitiva-cuidado-mayores-dependientes\/\" \/>\n<meta property=\"og:site_name\" content=\"Yoopies Espa\u00f1a\" \/>\n<meta property=\"article:modified_time\" content=\"2025-06-12T08:44:06+00:00\" \/>\n<meta property=\"og:image\" content=\"https:\/\/yoopies.es\/c\/wp-content\/uploads\/sites\/7\/2024\/04\/9ce3ec4b-8428-4cf1-85e3-32af2952e0b5-ukprismicarticlesgraphics28929.jpg\" \/>\n\t<meta property=\"og:image:width\" content=\"1200\" \/>\n\t<meta property=\"og:image:height\" content=\"852\" \/>\n\t<meta property=\"og:image:type\" content=\"image\/jpeg\" \/>\n<meta name=\"twitter:card\" content=\"summary_large_image\" \/>\n<meta name=\"twitter:label1\" content=\"Tiempo de lectura\" \/>\n\t<meta name=\"twitter:data1\" content=\"4 minutos\" \/>\n<script type=\"application\/ld+json\" class=\"yoast-schema-graph\">{\"@context\":\"https:\/\/schema.org\",\"@graph\":[{\"@type\":\"WebPage\",\"@id\":\"https:\/\/yoopies.es\/c\/guia-definitiva-cuidado-mayores-dependientes\/\",\"url\":\"https:\/\/yoopies.es\/c\/guia-definitiva-cuidado-mayores-dependientes\/\",\"name\":\"La gu\u00eda definitiva del cuidado de personas mayores y dependientes\",\"isPartOf\":{\"@id\":\"https:\/\/yoopies.es\/c\/#website\"},\"primaryImageOfPage\":{\"@id\":\"https:\/\/yoopies.es\/c\/guia-definitiva-cuidado-mayores-dependientes\/#primaryimage\"},\"image\":{\"@id\":\"https:\/\/yoopies.es\/c\/guia-definitiva-cuidado-mayores-dependientes\/#primaryimage\"},\"thumbnailUrl\":\"https:\/\/yoopies.es\/c\/wp-content\/uploads\/sites\/7\/2024\/04\/9ce3ec4b-8428-4cf1-85e3-32af2952e0b5-ukprismicarticlesgraphics28929.jpg\",\"datePublished\":\"2024-04-02T12:57:35+00:00\",\"dateModified\":\"2025-06-12T08:44:06+00:00\",\"description\":\"Toda la informaci\u00f3n que necesitas saber sobre el cuidado de ancianos y personas dependientes, desde gu\u00edas de asistentes de cuidado en el hogar hasta precios medios, lo tenemos todo cubierto. Averigua qu\u00e9 tipo de cuidado de ancianos te conviene m\u00e1s con nuestras \u00fatiles gu\u00edas informativas.\",\"breadcrumb\":{\"@id\":\"https:\/\/yoopies.es\/c\/guia-definitiva-cuidado-mayores-dependientes\/#breadcrumb\"},\"inLanguage\":\"es\",\"potentialAction\":[{\"@type\":\"ReadAction\",\"target\":[\"https:\/\/yoopies.es\/c\/guia-definitiva-cuidado-mayores-dependientes\/\"]}]},{\"@type\":\"ImageObject\",\"inLanguage\":\"es\",\"@id\":\"https:\/\/yoopies.es\/c\/guia-definitiva-cuidado-mayores-dependientes\/#primaryimage\",\"url\":\"https:\/\/yoopies.es\/c\/wp-content\/uploads\/sites\/7\/2024\/04\/9ce3ec4b-8428-4cf1-85e3-32af2952e0b5-ukprismicarticlesgraphics28929.jpg\",\"contentUrl\":\"https:\/\/yoopies.es\/c\/wp-content\/uploads\/sites\/7\/2024\/04\/9ce3ec4b-8428-4cf1-85e3-32af2952e0b5-ukprismicarticlesgraphics28929.jpg\",\"width\":1200,\"height\":852},{\"@type\":\"BreadcrumbList\",\"@id\":\"https:\/\/yoopies.es\/c\/guia-definitiva-cuidado-mayores-dependientes\/#breadcrumb\",\"itemListElement\":[{\"@type\":\"ListItem\",\"position\":1,\"name\":\"Home\",\"item\":\"https:\/\/yoopies.es\/c\/\"},{\"@type\":\"ListItem\",\"position\":2,\"name\":\"La gu\u00eda definitiva del cuidado de personas mayores y dependientes\"}]},{\"@type\":\"WebSite\",\"@id\":\"https:\/\/yoopies.es\/c\/#website\",\"url\":\"https:\/\/yoopies.es\/c\/\",\"name\":\"Yoopies Espa\u00f1a\",\"description\":\"\",\"publisher\":{\"@id\":\"https:\/\/yoopies.es\/c\/#organization\"},\"potentialAction\":[{\"@type\":\"SearchAction\",\"target\":{\"@type\":\"EntryPoint\",\"urlTemplate\":\"https:\/\/yoopies.es\/c\/?s={search_term_string}\"},\"query-input\":{\"@type\":\"PropertyValueSpecification\",\"valueRequired\":true,\"valueName\":\"search_term_string\"}}],\"inLanguage\":\"es\"},{\"@type\":\"Organization\",\"@id\":\"https:\/\/yoopies.es\/c\/#organization\",\"name\":\"Yoopies Espa\u00f1a\",\"url\":\"https:\/\/yoopies.es\/c\/\",\"logo\":{\"@type\":\"ImageObject\",\"inLanguage\":\"es\",\"@id\":\"https:\/\/yoopies.es\/c\/#\/schema\/logo\/image\/\",\"url\":\"https:\/\/yoopies.es\/c\/wp-content\/uploads\/sites\/7\/2025\/05\/cropped-Logo_Yoopies-2.png\",\"contentUrl\":\"https:\/\/yoopies.es\/c\/wp-content\/uploads\/sites\/7\/2025\/05\/cropped-Logo_Yoopies-2.png\",\"width\":512,\"height\":512,\"caption\":\"Yoopies Espa\u00f1a\"},\"image\":{\"@id\":\"https:\/\/yoopies.es\/c\/#\/schema\/logo\/image\/\"}}]}<\/script>\n<!-- \/ Yoast SEO plugin. -->","yoast_head_json":{"title":"La gu\u00eda definitiva del cuidado de personas mayores y dependientes","description":"Toda la informaci\u00f3n que necesitas saber sobre el cuidado de ancianos y personas dependientes, desde gu\u00edas de asistentes de cuidado en el hogar hasta precios medios, lo tenemos todo cubierto. Averigua qu\u00e9 tipo de cuidado de ancianos te conviene m\u00e1s con nuestras \u00fatiles gu\u00edas informativas.","robots":{"index":"index","follow":"follow","max-snippet":"max-snippet:-1","max-image-preview":"max-image-preview:large","max-video-preview":"max-video-preview:-1"},"canonical":"https:\/\/yoopies.es\/c\/guia-definitiva-cuidado-mayores-dependientes\/","og_locale":"es_ES","og_type":"article","og_title":"La gu\u00eda definitiva del cuidado de personas mayores y dependientes","og_description":"Toda la informaci\u00f3n que necesitas saber sobre el cuidado de ancianos y personas dependientes, desde gu\u00edas de asistentes de cuidado en el hogar hasta precios medios, lo tenemos todo cubierto. Averigua qu\u00e9 tipo de cuidado de ancianos te conviene m\u00e1s con nuestras \u00fatiles gu\u00edas informativas.","og_url":"https:\/\/yoopies.es\/c\/guia-definitiva-cuidado-mayores-dependientes\/","og_site_name":"Yoopies Espa\u00f1a","article_modified_time":"2025-06-12T08:44:06+00:00","og_image":[{"width":1200,"height":852,"url":"https:\/\/yoopies.es\/c\/wp-content\/uploads\/sites\/7\/2024\/04\/9ce3ec4b-8428-4cf1-85e3-32af2952e0b5-ukprismicarticlesgraphics28929.jpg","type":"image\/jpeg"}],"twitter_card":"summary_large_image","twitter_misc":{"Tiempo de lectura":"4 minutos"},"schema":{"@context":"https:\/\/schema.org","@graph":[{"@type":"WebPage","@id":"https:\/\/yoopies.es\/c\/guia-definitiva-cuidado-mayores-dependientes\/","url":"https:\/\/yoopies.es\/c\/guia-definitiva-cuidado-mayores-dependientes\/","name":"La gu\u00eda definitiva del cuidado de personas mayores y dependientes","isPartOf":{"@id":"https:\/\/yoopies.es\/c\/#website"},"primaryImageOfPage":{"@id":"https:\/\/yoopies.es\/c\/guia-definitiva-cuidado-mayores-dependientes\/#primaryimage"},"image":{"@id":"https:\/\/yoopies.es\/c\/guia-definitiva-cuidado-mayores-dependientes\/#primaryimage"},"thumbnailUrl":"https:\/\/yoopies.es\/c\/wp-content\/uploads\/sites\/7\/2024\/04\/9ce3ec4b-8428-4cf1-85e3-32af2952e0b5-ukprismicarticlesgraphics28929.jpg","datePublished":"2024-04-02T12:57:35+00:00","dateModified":"2025-06-12T08:44:06+00:00","description":"Toda la informaci\u00f3n que necesitas saber sobre el cuidado de ancianos y personas dependientes, desde gu\u00edas de asistentes de cuidado en el hogar hasta precios medios, lo tenemos todo cubierto. Averigua qu\u00e9 tipo de cuidado de ancianos te conviene m\u00e1s con nuestras \u00fatiles gu\u00edas informativas.","breadcrumb":{"@id":"https:\/\/yoopies.es\/c\/guia-definitiva-cuidado-mayores-dependientes\/#breadcrumb"},"inLanguage":"es","potentialAction":[{"@type":"ReadAction","target":["https:\/\/yoopies.es\/c\/guia-definitiva-cuidado-mayores-dependientes\/"]}]},{"@type":"ImageObject","inLanguage":"es","@id":"https:\/\/yoopies.es\/c\/guia-definitiva-cuidado-mayores-dependientes\/#primaryimage","url":"https:\/\/yoopies.es\/c\/wp-content\/uploads\/sites\/7\/2024\/04\/9ce3ec4b-8428-4cf1-85e3-32af2952e0b5-ukprismicarticlesgraphics28929.jpg","contentUrl":"https:\/\/yoopies.es\/c\/wp-content\/uploads\/sites\/7\/2024\/04\/9ce3ec4b-8428-4cf1-85e3-32af2952e0b5-ukprismicarticlesgraphics28929.jpg","width":1200,"height":852},{"@type":"BreadcrumbList","@id":"https:\/\/yoopies.es\/c\/guia-definitiva-cuidado-mayores-dependientes\/#breadcrumb","itemListElement":[{"@type":"ListItem","position":1,"name":"Home","item":"https:\/\/yoopies.es\/c\/"},{"@type":"ListItem","position":2,"name":"La gu\u00eda definitiva del cuidado de personas mayores y dependientes"}]},{"@type":"WebSite","@id":"https:\/\/yoopies.es\/c\/#website","url":"https:\/\/yoopies.es\/c\/","name":"Yoopies Espa\u00f1a","description":"","publisher":{"@id":"https:\/\/yoopies.es\/c\/#organization"},"potentialAction":[{"@type":"SearchAction","target":{"@type":"EntryPoint","urlTemplate":"https:\/\/yoopies.es\/c\/?s={search_term_string}"},"query-input":{"@type":"PropertyValueSpecification","valueRequired":true,"valueName":"search_term_string"}}],"inLanguage":"es"},{"@type":"Organization","@id":"https:\/\/yoopies.es\/c\/#organization","name":"Yoopies Espa\u00f1a","url":"https:\/\/yoopies.es\/c\/","logo":{"@type":"ImageObject","inLanguage":"es","@id":"https:\/\/yoopies.es\/c\/#\/schema\/logo\/image\/","url":"https:\/\/yoopies.es\/c\/wp-content\/uploads\/sites\/7\/2025\/05\/cropped-Logo_Yoopies-2.png","contentUrl":"https:\/\/yoopies.es\/c\/wp-content\/uploads\/sites\/7\/2025\/05\/cropped-Logo_Yoopies-2.png","width":512,"height":512,"caption":"Yoopies Espa\u00f1a"},"image":{"@id":"https:\/\/yoopies.es\/c\/#\/schema\/logo\/image\/"}}]}},"_links":{"self":[{"href":"https:\/\/yoopies.es\/c\/wp-json\/wp\/v2\/pages\/34","targetHints":{"allow":["GET"]}}],"collection":[{"href":"https:\/\/yoopies.es\/c\/wp-json\/wp\/v2\/pages"}],"about":[{"href":"https:\/\/yoopies.es\/c\/wp-json\/wp\/v2\/types\/page"}],"author":[{"embeddable":true,"href":"https:\/\/yoopies.es\/c\/wp-json\/wp\/v2\/users\/10"}],"replies":[{"embeddable":true,"href":"https:\/\/yoopies.es\/c\/wp-json\/wp\/v2\/comments?post=34"}],"version-history":[{"count":1,"href":"https:\/\/yoopies.es\/c\/wp-json\/wp\/v2\/pages\/34\/revisions"}],"predecessor-version":[{"id":39,"href":"https:\/\/yoopies.es\/c\/wp-json\/wp\/v2\/pages\/34\/revisions\/39"}],"wp:featuredmedia":[{"embeddable":true,"href":"https:\/\/yoopies.es\/c\/wp-json\/wp\/v2\/media\/38"}],"wp:attachment":[{"href":"https:\/\/yoopies.es\/c\/wp-json\/wp\/v2\/media?parent=34"}],"curies":[{"name":"wp","href":"https:\/\/api.w.org\/{rel}","templated":true}]}}