{"id":311,"date":"2024-04-02T12:57:08","date_gmt":"2024-04-02T12:57:08","guid":{"rendered":"https:\/\/blog.yoopies.es\/guia-definitiva-clases-particulares\/encontrar-profesor-particular-perfecto\/"},"modified":"2025-06-12T08:44:07","modified_gmt":"2025-06-12T08:44:07","slug":"encontrar-profesor-particular-perfecto","status":"publish","type":"page","link":"https:\/\/yoopies.es\/c\/guia-definitiva-clases-particulares\/encontrar-profesor-particular-perfecto\/","title":{"rendered":"C\u00f3mo encontrar al profesor particular perfecto"},"content":{"rendered":"<p><p>No importa en qu&eacute; materia necesites ayuda, en <strong><a href=\"https:\/\/yoopies.es\">Yoopies<\/a><\/strong> queremos asegurarnos de que puedas encontrar al mejor profesor para ti: alguien que tenga los conocimientos y la cualificaci&oacute;n necesaria para ayudarte de la mejor manera, pero tambi&eacute;n con la personalidad y el estilo de ense&ntilde;anza adecuado para ti.<\/p>\n<p>Si eres un padre o madre que quiere encontrar un profesor particular o de apoyo para tu hijo, necesitar&aacute;s a alguien que te inspire confianza y, sobre todo, que pueda transmitir inter&eacute;s al estudiante por la materia. Puede ser dif&iacute;cil encontrar un tutor que satisfaga exactamente tus necesidades espec&iacute;ficas, por lo que para ayudarte a encontrar al perfecto para ti, hemos recopilado una lista de consejos que debes tener en cuenta al comenzar tu b&uacute;squeda.<\/p>\n<\/p>\n<figure><img decoding=\"async\" src=\"https:\/\/static.yoopies.com\/upload\/cms\/image\/5d23d7495b525c80c5936879dac5850ab137faba-prismic-foto-1.jpg\" \/><\/figure>\n<p><h2><strong>Define los objetivos<\/strong><\/h2>\n<p>Es importante identificar tus metas. Para comenzar, hazte las siguientes preguntas y, si necesitas ayuda, tambi&eacute;n puedes pedirle consejo al profesor de tu hijo.<br \/>\n&iquest;Qu&eacute; apoyo necesitas?, &iquest;para qu&eacute; necesitas ayuda?, &iquest;son actividades\/trabajos concretos o una asignatura espec&iacute;fica?<\/p>\n<p>&iquest;Con qu&eacute; fin est&aacute;s buscando un profesor particular?, &iquest;calificaciones m&aacute;s altas en ciertas materias como matem&aacute;ticas o ingl&eacute;s, habilidades generales, ayuda en la correcci&oacute;n, motivaci&oacute;n&hellip;?<\/p>\n<p>&iquest;Con qu&eacute; m&eacute;todo aprende mejor tu hijo?, &iquest;tiene un estilo de aprendizaje espec&iacute;fico? &iquest;Aprendes mejor leyendo o escuchando?, &iquest;te sientes m&aacute;s c&oacute;modo con los profesores o con las profesoras?<\/p>\n<p>&iquest;Cu&aacute;l es tu presupuesto?, &iquest;cu&aacute;nto tiempo tienes disponible?<\/p>\n<p>Es muy importante ser honesto contigo mismo y tener expectativas realistas.<\/p>\n<\/p>\n<h2><strong>Compara diferentes opciones<\/strong><\/h2>\n<p>Planifica un momento para conocer al profesor de tu hijo y compartir tus inquietudes y opiniones sobre su progreso y logros. El profesor en cuesti&oacute;n debe tener informaci&oacute;n &uacute;til sobre el progreso del ni&ntilde;o durante el curso escolar, las calificaciones y las dificultades de aprendizaje de tu hijo.<\/p>\n<p>Busca en nuestra lista de profesores registrados en <strong><a href=\"https:\/\/yoopies.es\">Yoopies<\/a><\/strong> y revisa las recomendaciones y referencias.<\/p>\n<p>Pide recomendaciones a tus amigos y vecinos. Tambi&eacute;n puedes descubrir a profesores jubilados que podr&iacute;an estar dispuesto a ayudarlo, solo aseg&uacute;rate de elegir un maestro con experiencia en el tema en cuesti&oacute;n.<\/p>\n<\/p>\n<h2><strong>El coste<\/strong><\/h2>\n<p>A menudo, el coste de un profesor particular es uno de los factores que m&aacute;s influyen cuando se busca al maestro correcto: desde <strong><a href=\"https:\/\/yoopies.es\">Yoopies<\/a><\/strong>, te sugerimos que mires m&aacute;s el valor y potencial del maestro. Un profesor con una tarifa m&aacute;s alta puede significar que es mejor y m&aacute;s &uacute;til para tu hijo y, en &uacute;ltima instancia, ser&aacute; mucho m&aacute;s eficaz para ayudarlo a alcanzar los objetivos establecidos.<\/p>\n<p>M&aacute;s all&aacute; del coste en s&iacute;, debes considerar entre otros estos factores:<\/p>\n<p>&iquest;Cu&aacute;les son las pol&iacute;ticas de pago?<\/p>\n<p>Al elegir al profesor, es importante comprender c&oacute;mo y cu&aacute;ndo se debe pagar. Algunos solo aceptan efectivo despu&eacute;s de cada clase, mientras que otros pueden solicitar el pago con un mes de antelaci&oacute;n o al final de cada mes.<\/p>\n<p>&iquest;Cu&aacute;les son las pol&iacute;ticas de cancelaci&oacute;n?<\/p>\n<p>En general, los profesores son flexibles y la cancelaci&oacute;n de la clase con un d&iacute;a de antelaci&oacute;n deber&iacute;a ser suficiente.<\/p>\n<\/p>\n<figure><img decoding=\"async\" src=\"https:\/\/static.yoopies.com\/upload\/cms\/image\/52a5f96640f3642a537d6209c02ec756707a4e3e-prismic-articolo-2.jpg\" \/><\/figure>\n<p><h2><strong>Observa al profesor<\/strong><\/h2>\n<p>Siempre te recomendamos que compruebes y te asegures de haber elegido un profesor cuyas habilidades y experiencia coincidan con las necesidades de tu hijo:<\/p>\n<p>&#8211; &iquest;Cu&aacute;les son tus cualificaciones?<br \/>\n&#8211; &iquest;Qu&eacute; experiencia docente tienes?<\/p>\n<p>Organiza una reuni&oacute;n con el profesor que m&aacute;s te llame la atenci&oacute;n. Para asegurarte de haber encontrado al profesor adecuado, debes hacerle algunas preguntas. Por ejemplo:<\/p>\n<p>&#8211; &iquest;C&oacute;mo valoras las necesidades del alumno?<\/p>\n<p>&#8211; &iquest;Cu&aacute;nto tiempo tardas en preparar las clases?<br \/>\n&#8211; &iquest;Cu&aacute;l es tu enfoque en la ense&ntilde;anza?<br \/>\n&#8211; &iquest;C&oacute;mo motivas a tus alumnos?<br \/>\n&#8211; &iquest;Cu&aacute;l es tu disponibilidad?<br \/>\n&#8211; &iquest;D&oacute;nde tendr&aacute;n lugar las clases?<br \/>\n&#8211; &iquest;Cu&aacute;nto dura cada clase?<br \/>\n&#8211; &iquest;Cu&aacute;nto cuesta?<br \/>\n&#8211; &iquest;Tienes alguna referencia?<\/p>\n<p>Si terminas eligiendo reservar a trav&eacute;s de una plataforma online como <strong><a href=\"https:\/\/yoopies.es\">Yoopies<\/a><\/strong>, &iexcl;puedes encontrar la mayor parte de esta informaci&oacute;n en la p&aacute;gina de perfil del profesor!<\/p>\n<\/p>\n<h2><strong>Controla las clases<\/strong><\/h2>\n<p>Es importante controlar el progreso de tu hijo. Preg&uacute;ntale a tu hijo c&oacute;mo est&aacute; y comprueba si sus notas o conocimientos sobre la materia mejoran. Si sientes que no est&aacute; avanzando, debes comenzar a buscar otro profesor.<\/p>\n<p>En <strong><a href=\"https:\/\/yoopies.es\">Yoopies<\/a><\/strong> entendemos lo importante que es encontrar al profesor adecuado que se adapte perfectamente a las necesidades y el estilo de aprendizaje de tu hijo. Por este motivo, te ofrecemos la posibilidad de filtrar la b&uacute;squeda para ayudarte a reducir las opciones disponibles. Simplemente, visita nuestra p&aacute;gina de b&uacute;squeda de profesores particulares y escribe tu c&oacute;digo postal o tu ciudad. Pero si adem&aacute;s est&aacute;s buscando alguien que cuide de tus hijos,<a href=\"https:\/\/yoopies.es\/c\/guia-definitiva-cuidado-ninos\/consejos-preguntas-entrevista-canguro\"> &iexcl;consulta estos consejos!<\/a><\/p>\n<\/p>\n<p><a class=\"button\" href=\"https:\/\/yoopies.es\/profesor-particulares\">\u00a1Encuentra el profesor adecuado para ti ahora mismo en tu zona!<\/a><\/p>\n","protected":false},"excerpt":{"rendered":"<p>No importa en qu&eacute; materia necesites ayuda, en Yoopies queremos asegurarnos de que puedas encontrar &hellip; <\/p>\n","protected":false},"author":10,"featured_media":312,"parent":45,"menu_order":0,"comment_status":"closed","ping_status":"closed","template":"","meta":{"_acf_changed":false,"footnotes":""},"class_list":["post-311","page","type-page","status-publish","has-post-thumbnail","hentry"],"acf":[],"yoast_head":"<!-- This site is optimized with the Yoast SEO plugin v26.9 - https:\/\/yoast.com\/product\/yoast-seo-wordpress\/ -->\n<title>C\u00f3mo encontrar al profesor particular perfecto<\/title>\n<meta name=\"description\" content=\"Encontrar el profesor particular o de apoyo perfecto que se adapte a tus necesidades es a menudo complicado. \u00a1Aqu\u00ed est\u00e1 la gu\u00eda sobre c\u00f3mo encontrarlo sin cometer errores!\" \/>\n<meta name=\"robots\" content=\"index, follow, max-snippet:-1, max-image-preview:large, max-video-preview:-1\" \/>\n<link rel=\"canonical\" href=\"https:\/\/yoopies.es\/c\/guia-definitiva-clases-particulares\/encontrar-profesor-particular-perfecto\/\" \/>\n<meta property=\"og:locale\" content=\"es_ES\" \/>\n<meta property=\"og:type\" content=\"article\" \/>\n<meta property=\"og:title\" content=\"C\u00f3mo encontrar al profesor particular perfecto\" \/>\n<meta property=\"og:description\" content=\"Encontrar el profesor particular o de apoyo perfecto que se adapte a tus necesidades es a menudo complicado. \u00a1Aqu\u00ed est\u00e1 la gu\u00eda sobre c\u00f3mo encontrarlo sin cometer errores!\" \/>\n<meta property=\"og:url\" content=\"https:\/\/yoopies.es\/c\/guia-definitiva-clases-particulares\/encontrar-profesor-particular-perfecto\/\" \/>\n<meta property=\"og:site_name\" content=\"Yoopies Espa\u00f1a\" \/>\n<meta property=\"article:modified_time\" content=\"2025-06-12T08:44:07+00:00\" \/>\n<meta property=\"og:image\" content=\"https:\/\/yoopies.es\/c\/wp-content\/uploads\/sites\/7\/2024\/04\/15eef0b0da02158dc631786bd5b5bbb6276b5fde-prismic-article-3.jpg\" \/>\n\t<meta property=\"og:image:width\" content=\"1700\" \/>\n\t<meta property=\"og:image:height\" content=\"1439\" \/>\n\t<meta property=\"og:image:type\" content=\"image\/jpeg\" \/>\n<meta name=\"twitter:card\" content=\"summary_large_image\" \/>\n<meta name=\"twitter:label1\" content=\"Tiempo de lectura\" \/>\n\t<meta name=\"twitter:data1\" content=\"5 minutos\" \/>\n<script type=\"application\/ld+json\" class=\"yoast-schema-graph\">{\"@context\":\"https:\/\/schema.org\",\"@graph\":[{\"@type\":\"WebPage\",\"@id\":\"https:\/\/yoopies.es\/c\/guia-definitiva-clases-particulares\/encontrar-profesor-particular-perfecto\/\",\"url\":\"https:\/\/yoopies.es\/c\/guia-definitiva-clases-particulares\/encontrar-profesor-particular-perfecto\/\",\"name\":\"C\u00f3mo encontrar al profesor particular perfecto\",\"isPartOf\":{\"@id\":\"https:\/\/yoopies.es\/c\/#website\"},\"primaryImageOfPage\":{\"@id\":\"https:\/\/yoopies.es\/c\/guia-definitiva-clases-particulares\/encontrar-profesor-particular-perfecto\/#primaryimage\"},\"image\":{\"@id\":\"https:\/\/yoopies.es\/c\/guia-definitiva-clases-particulares\/encontrar-profesor-particular-perfecto\/#primaryimage\"},\"thumbnailUrl\":\"https:\/\/yoopies.es\/c\/wp-content\/uploads\/sites\/7\/2024\/04\/15eef0b0da02158dc631786bd5b5bbb6276b5fde-prismic-article-3.jpg\",\"datePublished\":\"2024-04-02T12:57:08+00:00\",\"dateModified\":\"2025-06-12T08:44:07+00:00\",\"description\":\"Encontrar el profesor particular o de apoyo perfecto que se adapte a tus necesidades es a menudo complicado. \u00a1Aqu\u00ed est\u00e1 la gu\u00eda sobre c\u00f3mo encontrarlo sin cometer errores!\",\"breadcrumb\":{\"@id\":\"https:\/\/yoopies.es\/c\/guia-definitiva-clases-particulares\/encontrar-profesor-particular-perfecto\/#breadcrumb\"},\"inLanguage\":\"es\",\"potentialAction\":[{\"@type\":\"ReadAction\",\"target\":[\"https:\/\/yoopies.es\/c\/guia-definitiva-clases-particulares\/encontrar-profesor-particular-perfecto\/\"]}]},{\"@type\":\"ImageObject\",\"inLanguage\":\"es\",\"@id\":\"https:\/\/yoopies.es\/c\/guia-definitiva-clases-particulares\/encontrar-profesor-particular-perfecto\/#primaryimage\",\"url\":\"https:\/\/yoopies.es\/c\/wp-content\/uploads\/sites\/7\/2024\/04\/15eef0b0da02158dc631786bd5b5bbb6276b5fde-prismic-article-3.jpg\",\"contentUrl\":\"https:\/\/yoopies.es\/c\/wp-content\/uploads\/sites\/7\/2024\/04\/15eef0b0da02158dc631786bd5b5bbb6276b5fde-prismic-article-3.jpg\",\"width\":1700,\"height\":1439},{\"@type\":\"BreadcrumbList\",\"@id\":\"https:\/\/yoopies.es\/c\/guia-definitiva-clases-particulares\/encontrar-profesor-particular-perfecto\/#breadcrumb\",\"itemListElement\":[{\"@type\":\"ListItem\",\"position\":1,\"name\":\"Home\",\"item\":\"https:\/\/yoopies.es\/c\/\"},{\"@type\":\"ListItem\",\"position\":2,\"name\":\"La gu\u00eda definitiva para las clases particulares\",\"item\":\"https:\/\/yoopies.es\/c\/guia-definitiva-clases-particulares\/\"},{\"@type\":\"ListItem\",\"position\":3,\"name\":\"C\u00f3mo encontrar al profesor particular perfecto\"}]},{\"@type\":\"WebSite\",\"@id\":\"https:\/\/yoopies.es\/c\/#website\",\"url\":\"https:\/\/yoopies.es\/c\/\",\"name\":\"Yoopies Espa\u00f1a\",\"description\":\"\",\"publisher\":{\"@id\":\"https:\/\/yoopies.es\/c\/#organization\"},\"potentialAction\":[{\"@type\":\"SearchAction\",\"target\":{\"@type\":\"EntryPoint\",\"urlTemplate\":\"https:\/\/yoopies.es\/c\/?s={search_term_string}\"},\"query-input\":{\"@type\":\"PropertyValueSpecification\",\"valueRequired\":true,\"valueName\":\"search_term_string\"}}],\"inLanguage\":\"es\"},{\"@type\":\"Organization\",\"@id\":\"https:\/\/yoopies.es\/c\/#organization\",\"name\":\"Yoopies Espa\u00f1a\",\"url\":\"https:\/\/yoopies.es\/c\/\",\"logo\":{\"@type\":\"ImageObject\",\"inLanguage\":\"es\",\"@id\":\"https:\/\/yoopies.es\/c\/#\/schema\/logo\/image\/\",\"url\":\"https:\/\/yoopies.es\/c\/wp-content\/uploads\/sites\/7\/2025\/05\/cropped-Logo_Yoopies-2.png\",\"contentUrl\":\"https:\/\/yoopies.es\/c\/wp-content\/uploads\/sites\/7\/2025\/05\/cropped-Logo_Yoopies-2.png\",\"width\":512,\"height\":512,\"caption\":\"Yoopies Espa\u00f1a\"},\"image\":{\"@id\":\"https:\/\/yoopies.es\/c\/#\/schema\/logo\/image\/\"}}]}<\/script>\n<!-- \/ Yoast SEO plugin. -->","yoast_head_json":{"title":"C\u00f3mo encontrar al profesor particular perfecto","description":"Encontrar el profesor particular o de apoyo perfecto que se adapte a tus necesidades es a menudo complicado. \u00a1Aqu\u00ed est\u00e1 la gu\u00eda sobre c\u00f3mo encontrarlo sin cometer errores!","robots":{"index":"index","follow":"follow","max-snippet":"max-snippet:-1","max-image-preview":"max-image-preview:large","max-video-preview":"max-video-preview:-1"},"canonical":"https:\/\/yoopies.es\/c\/guia-definitiva-clases-particulares\/encontrar-profesor-particular-perfecto\/","og_locale":"es_ES","og_type":"article","og_title":"C\u00f3mo encontrar al profesor particular perfecto","og_description":"Encontrar el profesor particular o de apoyo perfecto que se adapte a tus necesidades es a menudo complicado. \u00a1Aqu\u00ed est\u00e1 la gu\u00eda sobre c\u00f3mo encontrarlo sin cometer errores!","og_url":"https:\/\/yoopies.es\/c\/guia-definitiva-clases-particulares\/encontrar-profesor-particular-perfecto\/","og_site_name":"Yoopies Espa\u00f1a","article_modified_time":"2025-06-12T08:44:07+00:00","og_image":[{"width":1700,"height":1439,"url":"https:\/\/yoopies.es\/c\/wp-content\/uploads\/sites\/7\/2024\/04\/15eef0b0da02158dc631786bd5b5bbb6276b5fde-prismic-article-3.jpg","type":"image\/jpeg"}],"twitter_card":"summary_large_image","twitter_misc":{"Tiempo de lectura":"5 minutos"},"schema":{"@context":"https:\/\/schema.org","@graph":[{"@type":"WebPage","@id":"https:\/\/yoopies.es\/c\/guia-definitiva-clases-particulares\/encontrar-profesor-particular-perfecto\/","url":"https:\/\/yoopies.es\/c\/guia-definitiva-clases-particulares\/encontrar-profesor-particular-perfecto\/","name":"C\u00f3mo encontrar al profesor particular perfecto","isPartOf":{"@id":"https:\/\/yoopies.es\/c\/#website"},"primaryImageOfPage":{"@id":"https:\/\/yoopies.es\/c\/guia-definitiva-clases-particulares\/encontrar-profesor-particular-perfecto\/#primaryimage"},"image":{"@id":"https:\/\/yoopies.es\/c\/guia-definitiva-clases-particulares\/encontrar-profesor-particular-perfecto\/#primaryimage"},"thumbnailUrl":"https:\/\/yoopies.es\/c\/wp-content\/uploads\/sites\/7\/2024\/04\/15eef0b0da02158dc631786bd5b5bbb6276b5fde-prismic-article-3.jpg","datePublished":"2024-04-02T12:57:08+00:00","dateModified":"2025-06-12T08:44:07+00:00","description":"Encontrar el profesor particular o de apoyo perfecto que se adapte a tus necesidades es a menudo complicado. \u00a1Aqu\u00ed est\u00e1 la gu\u00eda sobre c\u00f3mo encontrarlo sin cometer errores!","breadcrumb":{"@id":"https:\/\/yoopies.es\/c\/guia-definitiva-clases-particulares\/encontrar-profesor-particular-perfecto\/#breadcrumb"},"inLanguage":"es","potentialAction":[{"@type":"ReadAction","target":["https:\/\/yoopies.es\/c\/guia-definitiva-clases-particulares\/encontrar-profesor-particular-perfecto\/"]}]},{"@type":"ImageObject","inLanguage":"es","@id":"https:\/\/yoopies.es\/c\/guia-definitiva-clases-particulares\/encontrar-profesor-particular-perfecto\/#primaryimage","url":"https:\/\/yoopies.es\/c\/wp-content\/uploads\/sites\/7\/2024\/04\/15eef0b0da02158dc631786bd5b5bbb6276b5fde-prismic-article-3.jpg","contentUrl":"https:\/\/yoopies.es\/c\/wp-content\/uploads\/sites\/7\/2024\/04\/15eef0b0da02158dc631786bd5b5bbb6276b5fde-prismic-article-3.jpg","width":1700,"height":1439},{"@type":"BreadcrumbList","@id":"https:\/\/yoopies.es\/c\/guia-definitiva-clases-particulares\/encontrar-profesor-particular-perfecto\/#breadcrumb","itemListElement":[{"@type":"ListItem","position":1,"name":"Home","item":"https:\/\/yoopies.es\/c\/"},{"@type":"ListItem","position":2,"name":"La gu\u00eda definitiva para las clases particulares","item":"https:\/\/yoopies.es\/c\/guia-definitiva-clases-particulares\/"},{"@type":"ListItem","position":3,"name":"C\u00f3mo encontrar al profesor particular perfecto"}]},{"@type":"WebSite","@id":"https:\/\/yoopies.es\/c\/#website","url":"https:\/\/yoopies.es\/c\/","name":"Yoopies Espa\u00f1a","description":"","publisher":{"@id":"https:\/\/yoopies.es\/c\/#organization"},"potentialAction":[{"@type":"SearchAction","target":{"@type":"EntryPoint","urlTemplate":"https:\/\/yoopies.es\/c\/?s={search_term_string}"},"query-input":{"@type":"PropertyValueSpecification","valueRequired":true,"valueName":"search_term_string"}}],"inLanguage":"es"},{"@type":"Organization","@id":"https:\/\/yoopies.es\/c\/#organization","name":"Yoopies Espa\u00f1a","url":"https:\/\/yoopies.es\/c\/","logo":{"@type":"ImageObject","inLanguage":"es","@id":"https:\/\/yoopies.es\/c\/#\/schema\/logo\/image\/","url":"https:\/\/yoopies.es\/c\/wp-content\/uploads\/sites\/7\/2025\/05\/cropped-Logo_Yoopies-2.png","contentUrl":"https:\/\/yoopies.es\/c\/wp-content\/uploads\/sites\/7\/2025\/05\/cropped-Logo_Yoopies-2.png","width":512,"height":512,"caption":"Yoopies Espa\u00f1a"},"image":{"@id":"https:\/\/yoopies.es\/c\/#\/schema\/logo\/image\/"}}]}},"_links":{"self":[{"href":"https:\/\/yoopies.es\/c\/wp-json\/wp\/v2\/pages\/311","targetHints":{"allow":["GET"]}}],"collection":[{"href":"https:\/\/yoopies.es\/c\/wp-json\/wp\/v2\/pages"}],"about":[{"href":"https:\/\/yoopies.es\/c\/wp-json\/wp\/v2\/types\/page"}],"author":[{"embeddable":true,"href":"https:\/\/yoopies.es\/c\/wp-json\/wp\/v2\/users\/10"}],"replies":[{"embeddable":true,"href":"https:\/\/yoopies.es\/c\/wp-json\/wp\/v2\/comments?post=311"}],"version-history":[{"count":1,"href":"https:\/\/yoopies.es\/c\/wp-json\/wp\/v2\/pages\/311\/revisions"}],"predecessor-version":[{"id":313,"href":"https:\/\/yoopies.es\/c\/wp-json\/wp\/v2\/pages\/311\/revisions\/313"}],"up":[{"embeddable":true,"href":"https:\/\/yoopies.es\/c\/wp-json\/wp\/v2\/pages\/45"}],"wp:featuredmedia":[{"embeddable":true,"href":"https:\/\/yoopies.es\/c\/wp-json\/wp\/v2\/media\/312"}],"wp:attachment":[{"href":"https:\/\/yoopies.es\/c\/wp-json\/wp\/v2\/media?parent=311"}],"curies":[{"name":"wp","href":"https:\/\/api.w.org\/{rel}","templated":true}]}}