{"id":298,"date":"2021-06-14T12:12:24","date_gmt":"2021-06-14T12:12:24","guid":{"rendered":"https:\/\/blog.yoopies.es\/guia-definitiva-limpieza-hogar\/objetos-realmente-sucios-de-tu-casa-que-nunca-hubieras-imaginado\/"},"modified":"2025-06-12T08:44:05","modified_gmt":"2025-06-12T08:44:05","slug":"objetos-realmente-sucios-de-tu-casa-que-nunca-hubieras-imaginado","status":"publish","type":"page","link":"https:\/\/yoopies.es\/c\/guia-definitiva-limpieza-hogar\/objetos-realmente-sucios-de-tu-casa-que-nunca-hubieras-imaginado\/","title":{"rendered":"Objetos realmente sucios de tu casa que nunca hubieras imaginado"},"content":{"rendered":"<p><p>Probablemente te consideres una persona ordenada que limpia con mucha frecuencia. Friegas la ba&ntilde;era y el inodoro, y tambi&eacute;n lavas los platos como un aut&eacute;ntico experto. Pero, &iquest;sabes que tu ba&ntilde;o no es lo m&aacute;s sucio de tu casa? <strong>Los objetos realmente sucios de tu casa son cosas que nunca hubieras imaginado.<\/strong> Desde tablas de cortar hasta ordenadores y ropa \u00absupuestamente\u00bb limpia,<strong> las cosas que usas todos los d&iacute;as son en realidad aut&eacute;nticos nidos de bacterias. <\/strong><\/p>\n<p>Con una &eacute;pica temporada de gripe acechando, asegurarse de que las cosas est&eacute;n limpias es m&aacute;s importante que nunca para prevenir la propagaci&oacute;n de g&eacute;rmenes. Y, algunas de las cosas de tu casa que probablemente olvidas limpiar regularmente pueden propagar la gripe, as&iacute; como otros virus y bacterias da&ntilde;inas. En este momento es posible que est&eacute;s considerando encerrarte en una burbuja de pl&aacute;stico porque parece que no hay forma de escapar a los g&eacute;rmenes. Pero, antes de hacer algo dr&aacute;stico, una vez que sepas qu&eacute; art&iacute;culos del hogar descuidados limpiar podr&aacute;s reducir significativamente el nivel de suciedad de tu casa. Porque, en este caso, &iexcl;el conocimiento es poder! Entonces, &iquest;qu&eacute; objetos son m&aacute;s sucios que tu inodoro? Te lo descubrimos a continuaci&oacute;n:<\/p>\n<\/p>\n<figure><img decoding=\"async\" src=\"https:\/\/yoopies.es\/c\/wp-content\/uploads\/sites\/7\/2021\/06\/5f60c0cd-58d5-4882-a4c9-d1960a587174-vaskehuset.jpg\" \/><\/figure>\n<p><h4><strong>1. Tu tel&eacute;fono es un nido de bacterias<\/strong><\/h4>\n<p>Si bien la idea de usar un tel&eacute;fono p&uacute;blico antiguo, que ya sabes que est&aacute; lleno de bacterias, probablemente te provoque n&aacute;useas, &iexcl;tu propio tel&eacute;fono es el elemento m&aacute;s sucio que tienes! Numerosos estudios indican que tu tel&eacute;fono est&aacute; m&aacute;s sucio que el asiento de un inodoro.  Adem&aacute;s, dado que la pantalla suele estar caliente, las bacterias crecen y se transfieren no solo a nuestros dedos, sino tambi&eacute;n a la cara, incluidos los ojos, la nariz, las orejas y los labios. Antes de tirar tu tel&eacute;fono a la basura, puedes limpiarlo con una toallita con alcohol diariamente. Y, por favor, deja de llevar tu tel&eacute;fono al ba&ntilde;o&#8230;<\/p>\n<\/p>\n<h4><strong>2. El teclado de tu ordenador est&aacute; lleno de g&eacute;rmenes<\/strong><\/h4>\n<p>Adem&aacute;s de tu tel&eacute;fono, tu ordenador es probablemente algo que usas todos los d&iacute;as y muchas personas nunca limpian sus teclados. Diversos estudios revelan que el teclado de tu ordenador es 20.000 veces m&aacute;s sucio que tu inodoro. Al igual que tu tel&eacute;fono, aseg&uacute;rate de limpiar tu teclado y rat&oacute;n con regularidad.<\/p>\n<\/p>\n<h4><strong>3. Los pomos de las puertas propagan r&aacute;pidamente los g&eacute;rmenes<\/strong><\/h4>\n<p>Ya sea en casa o en el trabajo, es casi imposible evitar tocar el pomo de la puerta si quieres ir de una habitaci&oacute;n a otra. Y, los pomos de las puertas son uno de los elementos m&aacute;s ignorados cuando se trata de limpiar y los elementos m&aacute;s cargados de g&eacute;rmenes en los edificios p&uacute;blicos. Si no te lavas las manos antes de llegar a casa y tocar los pomos de tus puertas, est&aacute;s invitando a toneladas de virus potencialmente contagiosos a tu hogar. Cuando est&eacute;s limpiando, no olvides los pomos de las puertas, incluido el que est&aacute; en la puerta de entrada de tu casa, tu frigor&iacute;fico y microondas. <\/p>\n<\/p>\n<h4><strong>4. Las almohadas son perfectas para propagar la suciedad<\/strong><\/h4>\n<p>Si te gusta ponerte la almohada sobre la cara por la noche, tambi&eacute;n podr&iacute;as meter la cabeza en el inodoro. Numerosos trabajos describen las almohadas llenas de g&eacute;rmenes como un peligro biol&oacute;gico, y se&ntilde;alan que tu almohada est&aacute; llena de piel muerta, insectos y &aacute;caros del polvo. &iexcl;&iexcl;&iexcl;Ugh!!! Sin embargo, la buena noticia es que la mayor&iacute;a de las almohadas se pueden meter en la lavadora. Entonces, la pr&oacute;xima vez que cambies la cama, no olvides lavar tus almohadas tambi&eacute;n. A menos que, por supuesto, dormir con insectos, &aacute;caros y tu propia piel muerta sea de tu inter&eacute;s.<\/p>\n<\/p>\n<h4><strong>5. Estropajo y bayeta de la cocina&nbsp;<\/strong><\/h4>\n<p>Los resultados de una investigaci&oacute;n publicada en <a target=\"_blank\" rel=\"noopener\" href=\"https:\/\/www.nature.com\/articles\/s41598-017-06055-9\">Scientific Reports<\/a> analiz&oacute; la composici&oacute;n microbiana de 14 estropajos usados y encontr&oacute; 50.000 millones de bacterias por cent&iacute;metro c&uacute;bico en estos utensilios de cocina, 362 tipos de g&eacute;rmenes diferentes. Pero la sorpresa fue a&uacute;n mayor cuando, tras someter a los estropajos a una desinfecci&oacute;n con agua hirviendo y microondas, los investigadores descubrieron que las bacterias m&aacute;s peligrosas para el ser humano, como<em> <\/em>aquellas<em> <\/em>responsables de la meningitis o la neumon&iacute;a, se ve&iacute;an reforzadas.  Por ello, no trates de reciclar tu bayeta o estropajo, pues la &uacute;nica forma de que no se acumulen bacterias es reponerlos con frecuencia, y lo m&aacute;s recomendable es que sea cada semana.<\/p>\n<\/p>\n<h4><strong>6. Tu portacepillos de dientes contiene muchas bacterias<\/strong><\/h4>\n<p>Si no recuerdas la &uacute;ltima vez que lavaste la taza o vaso que contiene el cepillo de dientes, entonces no est&aacute;s lavando este accesorio lo suficiente. Es posible que desees lavarlo ahora mismo porque diversos estudios se&ntilde;alan que estos complementos de ba&ntilde;o contienen bacterias da&ntilde;inas, como salmonela y moho.<\/p>\n<p>Seguro que tras la lectura de estos consejos ya tienes mucho m&aacute;s claro aquellos elementos de tu hogar que debes limpiar de manera obligatoria. Si adem&aacute;s quieres tener un hogar limpio y organizado a diario, consulta estos <a href=\"https:\/\/yoopies.es\/c\/consejos-para-una-mejor-limpieza\">6 consejos para una mejor limpieza<\/a>. <\/p>\n<\/p>\n<p><a class=\"button\" href=\"https:\/\/yoopies.es\/servicio-dom%C3%A9stico\">\u00a1Consigue el mejor personal de limpieza cerca de ti!<\/a><\/p>\n","protected":false},"excerpt":{"rendered":"<p>Probablemente te consideres una persona ordenada que limpia con mucha frecuencia. Friegas la ba&ntilde;era y &hellip; <\/p>\n","protected":false},"author":10,"featured_media":300,"parent":40,"menu_order":0,"comment_status":"closed","ping_status":"closed","template":"","meta":{"_acf_changed":false,"footnotes":""},"class_list":["post-298","page","type-page","status-publish","has-post-thumbnail","hentry"],"acf":[],"yoast_head":"<!-- This site is optimized with the Yoast SEO plugin v26.9 - https:\/\/yoast.com\/product\/yoast-seo-wordpress\/ -->\n<title>Objetos realmente sucios de tu casa que nunca hubieras imaginado<\/title>\n<meta name=\"description\" content=\"\u00bfSab\u00edas que las cosas realmente sucias de tu casa son aquellas que nunca hubieras imaginado? Una vez que sepas qu\u00e9 art\u00edculos de tu hogar descuidados limpiar podr\u00e1s reducir significativamente el nivel de suciedad de tu casa. \u00a1El conocimiento es poder! Te lo descubrimos en este art\u00edculo.\" \/>\n<meta name=\"robots\" content=\"index, follow, max-snippet:-1, max-image-preview:large, max-video-preview:-1\" \/>\n<link rel=\"canonical\" href=\"https:\/\/yoopies.es\/c\/guia-definitiva-limpieza-hogar\/objetos-realmente-sucios-de-tu-casa-que-nunca-hubieras-imaginado\/\" \/>\n<meta property=\"og:locale\" content=\"es_ES\" \/>\n<meta property=\"og:type\" content=\"article\" \/>\n<meta property=\"og:title\" content=\"Objetos realmente sucios de tu casa que nunca hubieras imaginado\" \/>\n<meta property=\"og:description\" content=\"\u00bfSab\u00edas que las cosas realmente sucias de tu casa son aquellas que nunca hubieras imaginado? Una vez que sepas qu\u00e9 art\u00edculos de tu hogar descuidados limpiar podr\u00e1s reducir significativamente el nivel de suciedad de tu casa. \u00a1El conocimiento es poder! Te lo descubrimos en este art\u00edculo.\" \/>\n<meta property=\"og:url\" content=\"https:\/\/yoopies.es\/c\/guia-definitiva-limpieza-hogar\/objetos-realmente-sucios-de-tu-casa-que-nunca-hubieras-imaginado\/\" \/>\n<meta property=\"og:site_name\" content=\"Yoopies Espa\u00f1a\" \/>\n<meta property=\"article:modified_time\" content=\"2025-06-12T08:44:05+00:00\" \/>\n<meta property=\"og:image\" content=\"https:\/\/yoopies.es\/c\/wp-content\/uploads\/sites\/7\/2021\/06\/5f60c0cd-58d5-4882-a4c9-d1960a587174-vaskehuset-1.jpg\" \/>\n\t<meta property=\"og:image:width\" content=\"1200\" \/>\n\t<meta property=\"og:image:height\" content=\"675\" \/>\n\t<meta property=\"og:image:type\" content=\"image\/jpeg\" \/>\n<meta name=\"twitter:card\" content=\"summary_large_image\" \/>\n<meta name=\"twitter:label1\" content=\"Tiempo de lectura\" \/>\n\t<meta name=\"twitter:data1\" content=\"5 minutos\" \/>\n<script type=\"application\/ld+json\" class=\"yoast-schema-graph\">{\"@context\":\"https:\/\/schema.org\",\"@graph\":[{\"@type\":\"WebPage\",\"@id\":\"https:\/\/yoopies.es\/c\/guia-definitiva-limpieza-hogar\/objetos-realmente-sucios-de-tu-casa-que-nunca-hubieras-imaginado\/\",\"url\":\"https:\/\/yoopies.es\/c\/guia-definitiva-limpieza-hogar\/objetos-realmente-sucios-de-tu-casa-que-nunca-hubieras-imaginado\/\",\"name\":\"Objetos realmente sucios de tu casa que nunca hubieras imaginado\",\"isPartOf\":{\"@id\":\"https:\/\/yoopies.es\/c\/#website\"},\"primaryImageOfPage\":{\"@id\":\"https:\/\/yoopies.es\/c\/guia-definitiva-limpieza-hogar\/objetos-realmente-sucios-de-tu-casa-que-nunca-hubieras-imaginado\/#primaryimage\"},\"image\":{\"@id\":\"https:\/\/yoopies.es\/c\/guia-definitiva-limpieza-hogar\/objetos-realmente-sucios-de-tu-casa-que-nunca-hubieras-imaginado\/#primaryimage\"},\"thumbnailUrl\":\"https:\/\/yoopies.es\/c\/wp-content\/uploads\/sites\/7\/2021\/06\/5f60c0cd-58d5-4882-a4c9-d1960a587174-vaskehuset-1.jpg\",\"datePublished\":\"2021-06-14T12:12:24+00:00\",\"dateModified\":\"2025-06-12T08:44:05+00:00\",\"description\":\"\u00bfSab\u00edas que las cosas realmente sucias de tu casa son aquellas que nunca hubieras imaginado? Una vez que sepas qu\u00e9 art\u00edculos de tu hogar descuidados limpiar podr\u00e1s reducir significativamente el nivel de suciedad de tu casa. \u00a1El conocimiento es poder! Te lo descubrimos en este art\u00edculo.\",\"breadcrumb\":{\"@id\":\"https:\/\/yoopies.es\/c\/guia-definitiva-limpieza-hogar\/objetos-realmente-sucios-de-tu-casa-que-nunca-hubieras-imaginado\/#breadcrumb\"},\"inLanguage\":\"es\",\"potentialAction\":[{\"@type\":\"ReadAction\",\"target\":[\"https:\/\/yoopies.es\/c\/guia-definitiva-limpieza-hogar\/objetos-realmente-sucios-de-tu-casa-que-nunca-hubieras-imaginado\/\"]}]},{\"@type\":\"ImageObject\",\"inLanguage\":\"es\",\"@id\":\"https:\/\/yoopies.es\/c\/guia-definitiva-limpieza-hogar\/objetos-realmente-sucios-de-tu-casa-que-nunca-hubieras-imaginado\/#primaryimage\",\"url\":\"https:\/\/yoopies.es\/c\/wp-content\/uploads\/sites\/7\/2021\/06\/5f60c0cd-58d5-4882-a4c9-d1960a587174-vaskehuset-1.jpg\",\"contentUrl\":\"https:\/\/yoopies.es\/c\/wp-content\/uploads\/sites\/7\/2021\/06\/5f60c0cd-58d5-4882-a4c9-d1960a587174-vaskehuset-1.jpg\",\"width\":1200,\"height\":675},{\"@type\":\"BreadcrumbList\",\"@id\":\"https:\/\/yoopies.es\/c\/guia-definitiva-limpieza-hogar\/objetos-realmente-sucios-de-tu-casa-que-nunca-hubieras-imaginado\/#breadcrumb\",\"itemListElement\":[{\"@type\":\"ListItem\",\"position\":1,\"name\":\"Home\",\"item\":\"https:\/\/yoopies.es\/c\/\"},{\"@type\":\"ListItem\",\"position\":2,\"name\":\"La gu\u00eda definitiva de la limpieza del hogar\",\"item\":\"https:\/\/yoopies.es\/c\/guia-definitiva-limpieza-hogar\/\"},{\"@type\":\"ListItem\",\"position\":3,\"name\":\"Objetos realmente sucios de tu casa que nunca hubieras imaginado\"}]},{\"@type\":\"WebSite\",\"@id\":\"https:\/\/yoopies.es\/c\/#website\",\"url\":\"https:\/\/yoopies.es\/c\/\",\"name\":\"Yoopies Espa\u00f1a\",\"description\":\"\",\"publisher\":{\"@id\":\"https:\/\/yoopies.es\/c\/#organization\"},\"potentialAction\":[{\"@type\":\"SearchAction\",\"target\":{\"@type\":\"EntryPoint\",\"urlTemplate\":\"https:\/\/yoopies.es\/c\/?s={search_term_string}\"},\"query-input\":{\"@type\":\"PropertyValueSpecification\",\"valueRequired\":true,\"valueName\":\"search_term_string\"}}],\"inLanguage\":\"es\"},{\"@type\":\"Organization\",\"@id\":\"https:\/\/yoopies.es\/c\/#organization\",\"name\":\"Yoopies Espa\u00f1a\",\"url\":\"https:\/\/yoopies.es\/c\/\",\"logo\":{\"@type\":\"ImageObject\",\"inLanguage\":\"es\",\"@id\":\"https:\/\/yoopies.es\/c\/#\/schema\/logo\/image\/\",\"url\":\"https:\/\/yoopies.es\/c\/wp-content\/uploads\/sites\/7\/2025\/05\/cropped-Logo_Yoopies-2.png\",\"contentUrl\":\"https:\/\/yoopies.es\/c\/wp-content\/uploads\/sites\/7\/2025\/05\/cropped-Logo_Yoopies-2.png\",\"width\":512,\"height\":512,\"caption\":\"Yoopies Espa\u00f1a\"},\"image\":{\"@id\":\"https:\/\/yoopies.es\/c\/#\/schema\/logo\/image\/\"}}]}<\/script>\n<!-- \/ Yoast SEO plugin. -->","yoast_head_json":{"title":"Objetos realmente sucios de tu casa que nunca hubieras imaginado","description":"\u00bfSab\u00edas que las cosas realmente sucias de tu casa son aquellas que nunca hubieras imaginado? Una vez que sepas qu\u00e9 art\u00edculos de tu hogar descuidados limpiar podr\u00e1s reducir significativamente el nivel de suciedad de tu casa. \u00a1El conocimiento es poder! Te lo descubrimos en este art\u00edculo.","robots":{"index":"index","follow":"follow","max-snippet":"max-snippet:-1","max-image-preview":"max-image-preview:large","max-video-preview":"max-video-preview:-1"},"canonical":"https:\/\/yoopies.es\/c\/guia-definitiva-limpieza-hogar\/objetos-realmente-sucios-de-tu-casa-que-nunca-hubieras-imaginado\/","og_locale":"es_ES","og_type":"article","og_title":"Objetos realmente sucios de tu casa que nunca hubieras imaginado","og_description":"\u00bfSab\u00edas que las cosas realmente sucias de tu casa son aquellas que nunca hubieras imaginado? Una vez que sepas qu\u00e9 art\u00edculos de tu hogar descuidados limpiar podr\u00e1s reducir significativamente el nivel de suciedad de tu casa. \u00a1El conocimiento es poder! Te lo descubrimos en este art\u00edculo.","og_url":"https:\/\/yoopies.es\/c\/guia-definitiva-limpieza-hogar\/objetos-realmente-sucios-de-tu-casa-que-nunca-hubieras-imaginado\/","og_site_name":"Yoopies Espa\u00f1a","article_modified_time":"2025-06-12T08:44:05+00:00","og_image":[{"width":1200,"height":675,"url":"https:\/\/yoopies.es\/c\/wp-content\/uploads\/sites\/7\/2021\/06\/5f60c0cd-58d5-4882-a4c9-d1960a587174-vaskehuset-1.jpg","type":"image\/jpeg"}],"twitter_card":"summary_large_image","twitter_misc":{"Tiempo de lectura":"5 minutos"},"schema":{"@context":"https:\/\/schema.org","@graph":[{"@type":"WebPage","@id":"https:\/\/yoopies.es\/c\/guia-definitiva-limpieza-hogar\/objetos-realmente-sucios-de-tu-casa-que-nunca-hubieras-imaginado\/","url":"https:\/\/yoopies.es\/c\/guia-definitiva-limpieza-hogar\/objetos-realmente-sucios-de-tu-casa-que-nunca-hubieras-imaginado\/","name":"Objetos realmente sucios de tu casa que nunca hubieras imaginado","isPartOf":{"@id":"https:\/\/yoopies.es\/c\/#website"},"primaryImageOfPage":{"@id":"https:\/\/yoopies.es\/c\/guia-definitiva-limpieza-hogar\/objetos-realmente-sucios-de-tu-casa-que-nunca-hubieras-imaginado\/#primaryimage"},"image":{"@id":"https:\/\/yoopies.es\/c\/guia-definitiva-limpieza-hogar\/objetos-realmente-sucios-de-tu-casa-que-nunca-hubieras-imaginado\/#primaryimage"},"thumbnailUrl":"https:\/\/yoopies.es\/c\/wp-content\/uploads\/sites\/7\/2021\/06\/5f60c0cd-58d5-4882-a4c9-d1960a587174-vaskehuset-1.jpg","datePublished":"2021-06-14T12:12:24+00:00","dateModified":"2025-06-12T08:44:05+00:00","description":"\u00bfSab\u00edas que las cosas realmente sucias de tu casa son aquellas que nunca hubieras imaginado? Una vez que sepas qu\u00e9 art\u00edculos de tu hogar descuidados limpiar podr\u00e1s reducir significativamente el nivel de suciedad de tu casa. \u00a1El conocimiento es poder! Te lo descubrimos en este art\u00edculo.","breadcrumb":{"@id":"https:\/\/yoopies.es\/c\/guia-definitiva-limpieza-hogar\/objetos-realmente-sucios-de-tu-casa-que-nunca-hubieras-imaginado\/#breadcrumb"},"inLanguage":"es","potentialAction":[{"@type":"ReadAction","target":["https:\/\/yoopies.es\/c\/guia-definitiva-limpieza-hogar\/objetos-realmente-sucios-de-tu-casa-que-nunca-hubieras-imaginado\/"]}]},{"@type":"ImageObject","inLanguage":"es","@id":"https:\/\/yoopies.es\/c\/guia-definitiva-limpieza-hogar\/objetos-realmente-sucios-de-tu-casa-que-nunca-hubieras-imaginado\/#primaryimage","url":"https:\/\/yoopies.es\/c\/wp-content\/uploads\/sites\/7\/2021\/06\/5f60c0cd-58d5-4882-a4c9-d1960a587174-vaskehuset-1.jpg","contentUrl":"https:\/\/yoopies.es\/c\/wp-content\/uploads\/sites\/7\/2021\/06\/5f60c0cd-58d5-4882-a4c9-d1960a587174-vaskehuset-1.jpg","width":1200,"height":675},{"@type":"BreadcrumbList","@id":"https:\/\/yoopies.es\/c\/guia-definitiva-limpieza-hogar\/objetos-realmente-sucios-de-tu-casa-que-nunca-hubieras-imaginado\/#breadcrumb","itemListElement":[{"@type":"ListItem","position":1,"name":"Home","item":"https:\/\/yoopies.es\/c\/"},{"@type":"ListItem","position":2,"name":"La gu\u00eda definitiva de la limpieza del hogar","item":"https:\/\/yoopies.es\/c\/guia-definitiva-limpieza-hogar\/"},{"@type":"ListItem","position":3,"name":"Objetos realmente sucios de tu casa que nunca hubieras imaginado"}]},{"@type":"WebSite","@id":"https:\/\/yoopies.es\/c\/#website","url":"https:\/\/yoopies.es\/c\/","name":"Yoopies Espa\u00f1a","description":"","publisher":{"@id":"https:\/\/yoopies.es\/c\/#organization"},"potentialAction":[{"@type":"SearchAction","target":{"@type":"EntryPoint","urlTemplate":"https:\/\/yoopies.es\/c\/?s={search_term_string}"},"query-input":{"@type":"PropertyValueSpecification","valueRequired":true,"valueName":"search_term_string"}}],"inLanguage":"es"},{"@type":"Organization","@id":"https:\/\/yoopies.es\/c\/#organization","name":"Yoopies Espa\u00f1a","url":"https:\/\/yoopies.es\/c\/","logo":{"@type":"ImageObject","inLanguage":"es","@id":"https:\/\/yoopies.es\/c\/#\/schema\/logo\/image\/","url":"https:\/\/yoopies.es\/c\/wp-content\/uploads\/sites\/7\/2025\/05\/cropped-Logo_Yoopies-2.png","contentUrl":"https:\/\/yoopies.es\/c\/wp-content\/uploads\/sites\/7\/2025\/05\/cropped-Logo_Yoopies-2.png","width":512,"height":512,"caption":"Yoopies Espa\u00f1a"},"image":{"@id":"https:\/\/yoopies.es\/c\/#\/schema\/logo\/image\/"}}]}},"_links":{"self":[{"href":"https:\/\/yoopies.es\/c\/wp-json\/wp\/v2\/pages\/298","targetHints":{"allow":["GET"]}}],"collection":[{"href":"https:\/\/yoopies.es\/c\/wp-json\/wp\/v2\/pages"}],"about":[{"href":"https:\/\/yoopies.es\/c\/wp-json\/wp\/v2\/types\/page"}],"author":[{"embeddable":true,"href":"https:\/\/yoopies.es\/c\/wp-json\/wp\/v2\/users\/10"}],"replies":[{"embeddable":true,"href":"https:\/\/yoopies.es\/c\/wp-json\/wp\/v2\/comments?post=298"}],"version-history":[{"count":1,"href":"https:\/\/yoopies.es\/c\/wp-json\/wp\/v2\/pages\/298\/revisions"}],"predecessor-version":[{"id":301,"href":"https:\/\/yoopies.es\/c\/wp-json\/wp\/v2\/pages\/298\/revisions\/301"}],"up":[{"embeddable":true,"href":"https:\/\/yoopies.es\/c\/wp-json\/wp\/v2\/pages\/40"}],"wp:featuredmedia":[{"embeddable":true,"href":"https:\/\/yoopies.es\/c\/wp-json\/wp\/v2\/media\/300"}],"wp:attachment":[{"href":"https:\/\/yoopies.es\/c\/wp-json\/wp\/v2\/media?parent=298"}],"curies":[{"name":"wp","href":"https:\/\/api.w.org\/{rel}","templated":true}]}}