{"id":290,"date":"2024-04-02T13:13:32","date_gmt":"2024-04-02T13:13:32","guid":{"rendered":"https:\/\/blog.yoopies.es\/guia-definitiva-limpieza-hogar\/como-dar-de-alta-a-tu-empleado-de-hogar\/"},"modified":"2025-06-12T08:44:05","modified_gmt":"2025-06-12T08:44:05","slug":"como-dar-de-alta-a-tu-empleado-de-hogar","status":"publish","type":"page","link":"https:\/\/yoopies.es\/c\/guia-definitiva-limpieza-hogar\/como-dar-de-alta-a-tu-empleado-de-hogar\/","title":{"rendered":"C\u00f3mo dar de alta a tu empleado\/a de hogar"},"content":{"rendered":"<p><p>Tras la elecci&oacute;n y contrataci&oacute;n de la persona que necesitas, para dar de alta a tu empleado debes actuar como si fueras un empresario que ha seleccionado a un trabajador para su empresa y va a darle de alta en el R&eacute;gimen General de la Seguridad Social. Para ello, tienes que personarte en la Tesorer&iacute;a General de la Seguridad Social y cumplimentar los diferentes modelos que te plantear&aacute;n seg&uacute;n cu&aacute;l sea tu caso:<\/p>\n<\/p>\n<p>1.  En primer lugar debes<strong> solicitar un C&oacute;digo de Cuenta de Cotizaci&oacute;n o C.C.C.<\/strong> usando un modelo en el que aparecer&aacute;s denominado como empresario solicitante. Si realizas este tipo de alta por primera vez tendr&aacute;s que pedir el C.C.C. mediante el modelo oficial&nbsp;<a target=\"_blank\" rel=\"noopener\" href=\"http:\/\/www.seg-social.es\/wps\/portal\/wss\/internet\/Empresarios\/Inscripcion\/10929\/31193\/2304\">TA.6-0138_Hogar<\/a>&nbsp;(Solicitud de C.C.C. para empleadores en el Sistema Especial de Hogar y baja y variaci&oacute;n de datos). <\/p>\n<\/p>\n<p>2. Si se trata de un <strong>contrato nuevo<\/strong> tendr&aacute;s que dar de alta al empleado cumplimentando el modelo&nbsp;<a target=\"_blank\" rel=\"noopener\" href=\"http:\/\/www.seg-social.es\/wps\/portal\/wss\/internet\/Trabajadores\/Afiliacion\/10817\/31190\/2194\">TA.2\/S-0138<\/a> (Solicitud de alta, baja o variaci&oacute;n de datos del trabajador\/a por cuenta ajena en el R&eacute;gimen General &#8211; Sistema Especial para empleados de hogar). Este modelo incluye los datos b&aacute;sicos del contrato de trabajo (identificaci&oacute;n de las partes, horas de trabajo semanales&hellip;) y sobre todo el salario mensual que le pagar&aacute;s al empleado, as&iacute; como la retribuci&oacute;n por hora en caso de este sea vuestro acuerdo. <\/p>\n<\/p>\n<p>3. Si el empleado trabaja <strong>menos de 60 horas mensuales por empleador <\/strong>puede pactar encargarse &eacute;l o ella mismo\/a de la&nbsp;afiliaci&oacute;n, altas, bajas y cambios de datos. En este caso, el modelo que debe usar es el T.A.2\/T-0138., dejando abierta&nbsp;la posibilidad&nbsp;al empleador de&nbsp;solicitar la&nbsp;baja en caso de que finalice la relaci&oacute;n laboral. <\/p>\n<p>Por otra parte, si se acuerda que sea el empleado el que se d&eacute; de alta, el empleador no podr&aacute; beneficiarse de la bonificaci&oacute;n del 20% en la cuota.&nbsp;<\/p>\n<\/p>\n<figure><img decoding=\"async\" src=\"https:\/\/yoopies.es\/c\/wp-content\/uploads\/sites\/7\/2024\/04\/59c17416-923e-4368-8ffc-76fb011fa16b-referenceletter.jpg\" \/><\/figure>\n<p><p>Esperamos que este art&iacute;culo haya resuelto todas tus dudas sobre los aspectos que debes tener en cuenta para realizar el alta de tu empleado\/a de hogar.<\/p>\n<\/p>\n<p><a class=\"button\" href=\"https:\/\/yoopies.es\">\u00a1Busca ya el personal de limpieza o cuidado de ni\u00f1os que necesitas!<\/a><\/p>\n","protected":false},"excerpt":{"rendered":"<p>Tras la elecci&oacute;n y contrataci&oacute;n de la persona que necesitas, para dar de alta a &hellip; <\/p>\n","protected":false},"author":10,"featured_media":292,"parent":40,"menu_order":0,"comment_status":"closed","ping_status":"closed","template":"","meta":{"_acf_changed":false,"footnotes":""},"class_list":["post-290","page","type-page","status-publish","has-post-thumbnail","hentry"],"acf":[],"yoast_head":"<!-- This site is optimized with the Yoast SEO plugin v26.9 - https:\/\/yoast.com\/product\/yoast-seo-wordpress\/ -->\n<title>C\u00f3mo dar de alta a tu empleado\/a de hogar<\/title>\n<meta name=\"description\" content=\"Para dar de alta a tu empleado debes realizar una serie de procedimientos para darle de alta en el R\u00e9gimen General de la Seguridad Social seg\u00fan sea tu caso. En este art\u00edculo te explicamos qu\u00e9 pasos debes seguir.\" \/>\n<meta name=\"robots\" content=\"index, follow, max-snippet:-1, max-image-preview:large, max-video-preview:-1\" \/>\n<link rel=\"canonical\" href=\"https:\/\/yoopies.es\/c\/guia-definitiva-limpieza-hogar\/como-dar-de-alta-a-tu-empleado-de-hogar\/\" \/>\n<meta property=\"og:locale\" content=\"es_ES\" \/>\n<meta property=\"og:type\" content=\"article\" \/>\n<meta property=\"og:title\" content=\"C\u00f3mo dar de alta a tu empleado\/a de hogar\" \/>\n<meta property=\"og:description\" content=\"Para dar de alta a tu empleado debes realizar una serie de procedimientos para darle de alta en el R\u00e9gimen General de la Seguridad Social seg\u00fan sea tu caso. En este art\u00edculo te explicamos qu\u00e9 pasos debes seguir.\" \/>\n<meta property=\"og:url\" content=\"https:\/\/yoopies.es\/c\/guia-definitiva-limpieza-hogar\/como-dar-de-alta-a-tu-empleado-de-hogar\/\" \/>\n<meta property=\"og:site_name\" content=\"Yoopies Espa\u00f1a\" \/>\n<meta property=\"article:modified_time\" content=\"2025-06-12T08:44:05+00:00\" \/>\n<meta property=\"og:image\" content=\"https:\/\/yoopies.es\/c\/wp-content\/uploads\/sites\/7\/2024\/04\/59c17416-923e-4368-8ffc-76fb011fa16b-referenceletter-1.jpg\" \/>\n\t<meta property=\"og:image:width\" content=\"1200\" \/>\n\t<meta property=\"og:image:height\" content=\"801\" \/>\n\t<meta property=\"og:image:type\" content=\"image\/jpeg\" \/>\n<meta name=\"twitter:card\" content=\"summary_large_image\" \/>\n<meta name=\"twitter:label1\" content=\"Tiempo de lectura\" \/>\n\t<meta name=\"twitter:data1\" content=\"2 minutos\" \/>\n<script type=\"application\/ld+json\" class=\"yoast-schema-graph\">{\"@context\":\"https:\/\/schema.org\",\"@graph\":[{\"@type\":\"WebPage\",\"@id\":\"https:\/\/yoopies.es\/c\/guia-definitiva-limpieza-hogar\/como-dar-de-alta-a-tu-empleado-de-hogar\/\",\"url\":\"https:\/\/yoopies.es\/c\/guia-definitiva-limpieza-hogar\/como-dar-de-alta-a-tu-empleado-de-hogar\/\",\"name\":\"C\u00f3mo dar de alta a tu empleado\/a de hogar\",\"isPartOf\":{\"@id\":\"https:\/\/yoopies.es\/c\/#website\"},\"primaryImageOfPage\":{\"@id\":\"https:\/\/yoopies.es\/c\/guia-definitiva-limpieza-hogar\/como-dar-de-alta-a-tu-empleado-de-hogar\/#primaryimage\"},\"image\":{\"@id\":\"https:\/\/yoopies.es\/c\/guia-definitiva-limpieza-hogar\/como-dar-de-alta-a-tu-empleado-de-hogar\/#primaryimage\"},\"thumbnailUrl\":\"https:\/\/yoopies.es\/c\/wp-content\/uploads\/sites\/7\/2024\/04\/59c17416-923e-4368-8ffc-76fb011fa16b-referenceletter-1.jpg\",\"datePublished\":\"2024-04-02T13:13:32+00:00\",\"dateModified\":\"2025-06-12T08:44:05+00:00\",\"description\":\"Para dar de alta a tu empleado debes realizar una serie de procedimientos para darle de alta en el R\u00e9gimen General de la Seguridad Social seg\u00fan sea tu caso. En este art\u00edculo te explicamos qu\u00e9 pasos debes seguir.\",\"breadcrumb\":{\"@id\":\"https:\/\/yoopies.es\/c\/guia-definitiva-limpieza-hogar\/como-dar-de-alta-a-tu-empleado-de-hogar\/#breadcrumb\"},\"inLanguage\":\"es\",\"potentialAction\":[{\"@type\":\"ReadAction\",\"target\":[\"https:\/\/yoopies.es\/c\/guia-definitiva-limpieza-hogar\/como-dar-de-alta-a-tu-empleado-de-hogar\/\"]}]},{\"@type\":\"ImageObject\",\"inLanguage\":\"es\",\"@id\":\"https:\/\/yoopies.es\/c\/guia-definitiva-limpieza-hogar\/como-dar-de-alta-a-tu-empleado-de-hogar\/#primaryimage\",\"url\":\"https:\/\/yoopies.es\/c\/wp-content\/uploads\/sites\/7\/2024\/04\/59c17416-923e-4368-8ffc-76fb011fa16b-referenceletter-1.jpg\",\"contentUrl\":\"https:\/\/yoopies.es\/c\/wp-content\/uploads\/sites\/7\/2024\/04\/59c17416-923e-4368-8ffc-76fb011fa16b-referenceletter-1.jpg\",\"width\":1200,\"height\":801},{\"@type\":\"BreadcrumbList\",\"@id\":\"https:\/\/yoopies.es\/c\/guia-definitiva-limpieza-hogar\/como-dar-de-alta-a-tu-empleado-de-hogar\/#breadcrumb\",\"itemListElement\":[{\"@type\":\"ListItem\",\"position\":1,\"name\":\"Home\",\"item\":\"https:\/\/yoopies.es\/c\/\"},{\"@type\":\"ListItem\",\"position\":2,\"name\":\"La gu\u00eda definitiva de la limpieza del hogar\",\"item\":\"https:\/\/yoopies.es\/c\/guia-definitiva-limpieza-hogar\/\"},{\"@type\":\"ListItem\",\"position\":3,\"name\":\"C\u00f3mo dar de alta a tu empleado\/a de hogar\"}]},{\"@type\":\"WebSite\",\"@id\":\"https:\/\/yoopies.es\/c\/#website\",\"url\":\"https:\/\/yoopies.es\/c\/\",\"name\":\"Yoopies Espa\u00f1a\",\"description\":\"\",\"publisher\":{\"@id\":\"https:\/\/yoopies.es\/c\/#organization\"},\"potentialAction\":[{\"@type\":\"SearchAction\",\"target\":{\"@type\":\"EntryPoint\",\"urlTemplate\":\"https:\/\/yoopies.es\/c\/?s={search_term_string}\"},\"query-input\":{\"@type\":\"PropertyValueSpecification\",\"valueRequired\":true,\"valueName\":\"search_term_string\"}}],\"inLanguage\":\"es\"},{\"@type\":\"Organization\",\"@id\":\"https:\/\/yoopies.es\/c\/#organization\",\"name\":\"Yoopies Espa\u00f1a\",\"url\":\"https:\/\/yoopies.es\/c\/\",\"logo\":{\"@type\":\"ImageObject\",\"inLanguage\":\"es\",\"@id\":\"https:\/\/yoopies.es\/c\/#\/schema\/logo\/image\/\",\"url\":\"https:\/\/yoopies.es\/c\/wp-content\/uploads\/sites\/7\/2025\/05\/cropped-Logo_Yoopies-2.png\",\"contentUrl\":\"https:\/\/yoopies.es\/c\/wp-content\/uploads\/sites\/7\/2025\/05\/cropped-Logo_Yoopies-2.png\",\"width\":512,\"height\":512,\"caption\":\"Yoopies Espa\u00f1a\"},\"image\":{\"@id\":\"https:\/\/yoopies.es\/c\/#\/schema\/logo\/image\/\"}}]}<\/script>\n<!-- \/ Yoast SEO plugin. -->","yoast_head_json":{"title":"C\u00f3mo dar de alta a tu empleado\/a de hogar","description":"Para dar de alta a tu empleado debes realizar una serie de procedimientos para darle de alta en el R\u00e9gimen General de la Seguridad Social seg\u00fan sea tu caso. En este art\u00edculo te explicamos qu\u00e9 pasos debes seguir.","robots":{"index":"index","follow":"follow","max-snippet":"max-snippet:-1","max-image-preview":"max-image-preview:large","max-video-preview":"max-video-preview:-1"},"canonical":"https:\/\/yoopies.es\/c\/guia-definitiva-limpieza-hogar\/como-dar-de-alta-a-tu-empleado-de-hogar\/","og_locale":"es_ES","og_type":"article","og_title":"C\u00f3mo dar de alta a tu empleado\/a de hogar","og_description":"Para dar de alta a tu empleado debes realizar una serie de procedimientos para darle de alta en el R\u00e9gimen General de la Seguridad Social seg\u00fan sea tu caso. En este art\u00edculo te explicamos qu\u00e9 pasos debes seguir.","og_url":"https:\/\/yoopies.es\/c\/guia-definitiva-limpieza-hogar\/como-dar-de-alta-a-tu-empleado-de-hogar\/","og_site_name":"Yoopies Espa\u00f1a","article_modified_time":"2025-06-12T08:44:05+00:00","og_image":[{"width":1200,"height":801,"url":"https:\/\/yoopies.es\/c\/wp-content\/uploads\/sites\/7\/2024\/04\/59c17416-923e-4368-8ffc-76fb011fa16b-referenceletter-1.jpg","type":"image\/jpeg"}],"twitter_card":"summary_large_image","twitter_misc":{"Tiempo de lectura":"2 minutos"},"schema":{"@context":"https:\/\/schema.org","@graph":[{"@type":"WebPage","@id":"https:\/\/yoopies.es\/c\/guia-definitiva-limpieza-hogar\/como-dar-de-alta-a-tu-empleado-de-hogar\/","url":"https:\/\/yoopies.es\/c\/guia-definitiva-limpieza-hogar\/como-dar-de-alta-a-tu-empleado-de-hogar\/","name":"C\u00f3mo dar de alta a tu empleado\/a de hogar","isPartOf":{"@id":"https:\/\/yoopies.es\/c\/#website"},"primaryImageOfPage":{"@id":"https:\/\/yoopies.es\/c\/guia-definitiva-limpieza-hogar\/como-dar-de-alta-a-tu-empleado-de-hogar\/#primaryimage"},"image":{"@id":"https:\/\/yoopies.es\/c\/guia-definitiva-limpieza-hogar\/como-dar-de-alta-a-tu-empleado-de-hogar\/#primaryimage"},"thumbnailUrl":"https:\/\/yoopies.es\/c\/wp-content\/uploads\/sites\/7\/2024\/04\/59c17416-923e-4368-8ffc-76fb011fa16b-referenceletter-1.jpg","datePublished":"2024-04-02T13:13:32+00:00","dateModified":"2025-06-12T08:44:05+00:00","description":"Para dar de alta a tu empleado debes realizar una serie de procedimientos para darle de alta en el R\u00e9gimen General de la Seguridad Social seg\u00fan sea tu caso. En este art\u00edculo te explicamos qu\u00e9 pasos debes seguir.","breadcrumb":{"@id":"https:\/\/yoopies.es\/c\/guia-definitiva-limpieza-hogar\/como-dar-de-alta-a-tu-empleado-de-hogar\/#breadcrumb"},"inLanguage":"es","potentialAction":[{"@type":"ReadAction","target":["https:\/\/yoopies.es\/c\/guia-definitiva-limpieza-hogar\/como-dar-de-alta-a-tu-empleado-de-hogar\/"]}]},{"@type":"ImageObject","inLanguage":"es","@id":"https:\/\/yoopies.es\/c\/guia-definitiva-limpieza-hogar\/como-dar-de-alta-a-tu-empleado-de-hogar\/#primaryimage","url":"https:\/\/yoopies.es\/c\/wp-content\/uploads\/sites\/7\/2024\/04\/59c17416-923e-4368-8ffc-76fb011fa16b-referenceletter-1.jpg","contentUrl":"https:\/\/yoopies.es\/c\/wp-content\/uploads\/sites\/7\/2024\/04\/59c17416-923e-4368-8ffc-76fb011fa16b-referenceletter-1.jpg","width":1200,"height":801},{"@type":"BreadcrumbList","@id":"https:\/\/yoopies.es\/c\/guia-definitiva-limpieza-hogar\/como-dar-de-alta-a-tu-empleado-de-hogar\/#breadcrumb","itemListElement":[{"@type":"ListItem","position":1,"name":"Home","item":"https:\/\/yoopies.es\/c\/"},{"@type":"ListItem","position":2,"name":"La gu\u00eda definitiva de la limpieza del hogar","item":"https:\/\/yoopies.es\/c\/guia-definitiva-limpieza-hogar\/"},{"@type":"ListItem","position":3,"name":"C\u00f3mo dar de alta a tu empleado\/a de hogar"}]},{"@type":"WebSite","@id":"https:\/\/yoopies.es\/c\/#website","url":"https:\/\/yoopies.es\/c\/","name":"Yoopies Espa\u00f1a","description":"","publisher":{"@id":"https:\/\/yoopies.es\/c\/#organization"},"potentialAction":[{"@type":"SearchAction","target":{"@type":"EntryPoint","urlTemplate":"https:\/\/yoopies.es\/c\/?s={search_term_string}"},"query-input":{"@type":"PropertyValueSpecification","valueRequired":true,"valueName":"search_term_string"}}],"inLanguage":"es"},{"@type":"Organization","@id":"https:\/\/yoopies.es\/c\/#organization","name":"Yoopies Espa\u00f1a","url":"https:\/\/yoopies.es\/c\/","logo":{"@type":"ImageObject","inLanguage":"es","@id":"https:\/\/yoopies.es\/c\/#\/schema\/logo\/image\/","url":"https:\/\/yoopies.es\/c\/wp-content\/uploads\/sites\/7\/2025\/05\/cropped-Logo_Yoopies-2.png","contentUrl":"https:\/\/yoopies.es\/c\/wp-content\/uploads\/sites\/7\/2025\/05\/cropped-Logo_Yoopies-2.png","width":512,"height":512,"caption":"Yoopies Espa\u00f1a"},"image":{"@id":"https:\/\/yoopies.es\/c\/#\/schema\/logo\/image\/"}}]}},"_links":{"self":[{"href":"https:\/\/yoopies.es\/c\/wp-json\/wp\/v2\/pages\/290","targetHints":{"allow":["GET"]}}],"collection":[{"href":"https:\/\/yoopies.es\/c\/wp-json\/wp\/v2\/pages"}],"about":[{"href":"https:\/\/yoopies.es\/c\/wp-json\/wp\/v2\/types\/page"}],"author":[{"embeddable":true,"href":"https:\/\/yoopies.es\/c\/wp-json\/wp\/v2\/users\/10"}],"replies":[{"embeddable":true,"href":"https:\/\/yoopies.es\/c\/wp-json\/wp\/v2\/comments?post=290"}],"version-history":[{"count":1,"href":"https:\/\/yoopies.es\/c\/wp-json\/wp\/v2\/pages\/290\/revisions"}],"predecessor-version":[{"id":293,"href":"https:\/\/yoopies.es\/c\/wp-json\/wp\/v2\/pages\/290\/revisions\/293"}],"up":[{"embeddable":true,"href":"https:\/\/yoopies.es\/c\/wp-json\/wp\/v2\/pages\/40"}],"wp:featuredmedia":[{"embeddable":true,"href":"https:\/\/yoopies.es\/c\/wp-json\/wp\/v2\/media\/292"}],"wp:attachment":[{"href":"https:\/\/yoopies.es\/c\/wp-json\/wp\/v2\/media?parent=290"}],"curies":[{"name":"wp","href":"https:\/\/api.w.org\/{rel}","templated":true}]}}