{"id":283,"date":"2024-04-02T13:09:49","date_gmt":"2024-04-02T13:09:49","guid":{"rendered":"https:\/\/blog.yoopies.es\/guia-definitiva-limpieza-hogar\/coste-medio-tareas-domesticas\/"},"modified":"2025-06-12T08:44:05","modified_gmt":"2025-06-12T08:44:05","slug":"coste-medio-tareas-domesticas","status":"publish","type":"page","link":"https:\/\/yoopies.es\/c\/guia-definitiva-limpieza-hogar\/coste-medio-tareas-domesticas\/","title":{"rendered":"\u00bfCu\u00e1l es el coste medio de las tareas dom\u00e9sticas?"},"content":{"rendered":"<p><p>Muchas familias que a&uacute;n no emplean ayuda dom&eacute;stica pueden pensar que un ama de llaves o una limpiadora est&aacute;n fuera de su presupuesto, sin embargo el coste de la ayuda dom&eacute;stica puede variar mucho y hay muchas opciones asequibles dependiendo del tipo de servicio que se busque. La <strong>contrataci&oacute;n de un asistente dom&eacute;stico<\/strong>, como un ama de llaves o una limpiadora, puede proporcionar un valioso par de manos extra para mantener la vida familiar y garantizar el buen funcionamiento de su hogar.<\/p>\n<p class=\"block-img\"><img decoding=\"async\" src=\"https:\/\/yoopies.es\/c\/wp-content\/uploads\/sites\/7\/2024\/04\/e2d1dcdf-1e60-42e9-84db-95b3bc85f624_41.jpg\" alt=\"\"><\/p>\n<h2><strong>&iquest;Qu&eacute; determina el coste medio de la limpieza?<\/strong><\/h2>\n<\/p>\n<p>Al igual que con cualquier proveedor de servicios dom&eacute;sticos, <strong>existen variaciones en el precio de los distintos tipos de servicios de limpieza.<\/strong> Las diferencias de precio dependen de <strong>varios factores<\/strong>, como su ubicaci&oacute;n, la experiencia del solicitante, el n&uacute;mero de horas que debe trabajar, el tipo de servicio prestado y otros. <\/p>\n<p>Los servicios de limpieza en Madrid suelen tener un precio m&aacute;s elevado que en otras ciudades, que a su vez suelen ser algo m&aacute;s caras que en las zonas rurales. El lugar en el que contrate a su empleada dom&eacute;stica tambi&eacute;n puede afectar al precio, por ejemplo, si utiliza una agencia para encontrar a su proveedor de servicios, el precio ser&aacute; m&aacute;s alto que si contrata a alguien a trav&eacute;s del boca a boca o de una plataforma online. Esto se debe a que las agencias cobran una cuota para asegurarse de que el solicitante proporcionado es de alta calidad y ofrece un servicio fiable, sin embargo, por supuesto, <strong>es posible encontrar grandes candidatos<\/strong> por s&iacute; mismo, siempre y cuando se lleve a cabo una <strong>investigaci&oacute;n exhaustiva durante el proceso de contrataci&oacute;n<\/strong>.<\/p>\n<\/p>\n<h2><strong>Costes de los distintos proveedores de servicios dom&eacute;sticos:<\/strong><\/h2>\n<\/p>\n<p>El coste medio de las empleadas del hogar var&iacute;a en funci&oacute;n del servicio que presten; por ejemplo, las empleadas que ofrecen exclusivamente servicios de limpieza cobrar&aacute;n menos que las que ofrecen servicios adicionales, como planchar, hacer recados, lavar la ropa o cocinar, entre otros, adem&aacute;s de los servicios de limpieza.<\/p>\n<p><strong>Limpiadoras en Madrid<\/strong>: 12&euro; &#8211; 25&euro; por hora o una tarifa diaria\/semanal dependiendo de la cantidad de horas y tareas que se requieran del ama de llaves.<\/p>\n<p><strong>Limpiadoras fuera de Madrid<\/strong>: entre 10&euro; y 20&euro; por hora o una tarifa diaria\/semanal en funci&oacute;n del n&uacute;mero de horas y de las funciones que se requieran del ama de llaves.<\/p>\n<p>Algunas limpiadoras pueden ofrecer servicios combinados con el cuidado de mascotas y ni&ntilde;os, por lo que puede resultar rentable contratar a un proveedor de servicios m&uacute;ltiples en lugar de varios empleados dom&eacute;sticos diferentes. Consulte los precios del <a href=\"https:\/\/yoopies.es\/c\/guia-definitiva-cuidado-ninos\/tarifas-de-cuidado-de-ninos-2019\">cuidado de ni&ntilde;os<\/a> y <a href=\"https:\/\/yoopies.es\/c\/guia-definitiva-cuidado-mascotas\/cuidado-de-mascotas-el-boom-continua\">mascotas<\/a>.<\/p>\n<\/p>\n<h2><strong>Encontrar el servicio dom&eacute;stico m&aacute;s econ&oacute;mico<\/strong><\/h2>\n<\/p>\n<p>Hay muchas <strong>formas diferentes de encontrar una empleada del hogar adecuada<\/strong> para tu familia, como el boca a boca, el uso de una agencia espec&iacute;fica de empleadas del hogar o el <strong>uso de una plataforma online como Yoopies<\/strong>. Cada m&eacute;todo tiene sus ventajas y desventajas, y tu presupuesto puede determinar qu&eacute; opci&oacute;n es la mejor para ti.<\/p>\n<p><strong>El boca a boca<\/strong>: Preguntar en su localidad entre amigos y colegas puede ser una gran opci&oacute;n para encontrar un <strong>empleado de limpieza fiable y de confianza<\/strong>, ya que no hay que pagar comisiones de agencia y se puede negociar el precio de los servicios de limpieza directamente con el solicitante. Sin embargo, la desventaja puede ser que no haya muchas opciones entre los solicitantes o que no tengas una red suficiente para encontrar un candidato adecuado a tus necesidades. <\/p>\n<p><strong>Agencias<\/strong>: Si est&aacute; buscando una gran variedad de candidatos de <strong>alta calidad<\/strong>, fiables y de confianza, entonces una agencia es una gran elecci&oacute;n, ya que habr&aacute;n aprobado previamente a los candidatos para que usted no tenga que hacerlo. Otra ventaja es que, por lo general, est&aacute;s cubierto si tu empleada dom&eacute;stica se retira o se pone enferma en el &uacute;ltimo momento, ya que la agencia podr&aacute; enviar un sustituto. La desventaja obvia es que el <strong>coste de las agencias es mucho m&aacute;s caro<\/strong> que el de encontrar tu propia empleada de hogar, ya que a menudo tienes que pagar las tasas de inscripci&oacute;n, los honorarios de la agencia y tambi&eacute;n un precio m&aacute;s alto por el servicio de la candidata.<\/p>\n<p><strong>Plataformas online<\/strong>: Una plataforma online puede ser un gran compromiso para asegurar una gran gama de solicitantes de alta calidad y confianza pero a un <strong>precio asequible<\/strong>. En Yoopies hay una <strong>gran variedad de solicitantes<\/strong> en diferentes lugares y puedes asegurarte de la <strong>alta calidad<\/strong> de su rendimiento leyendo las opiniones de otros usuarios antes de decidirte a contratar a una empleada del hogar. Nuestras candidatas pueden fijar sus propios precios y <strong>nunca cobramos una comisi&oacute;n<\/strong> para garantizar que sus <strong>tarifas sean lo m&aacute;s competitivas posible<\/strong>. La desventaja comparada con las agencias es que tendr&aacute;s que pasar por el proceso de contrataci&oacute;n t&uacute; mismo, lo que puede llevar m&aacute;s tiempo para asegurarte de que encuentras a la asistenta <strong>perfecta para ti<\/strong>.<\/p>\n<\/p>\n<p><a class=\"button\" href=\"https:\/\/yoopies.co.uk\/cleaning-services\">Find a great housekeeper!<\/a><\/p>\n","protected":false},"excerpt":{"rendered":"<p>Muchas familias que a&uacute;n no emplean ayuda dom&eacute;stica pueden pensar que un ama de llaves &hellip; <\/p>\n","protected":false},"author":10,"featured_media":0,"parent":40,"menu_order":0,"comment_status":"closed","ping_status":"closed","template":"","meta":{"_acf_changed":false,"footnotes":""},"class_list":["post-283","page","type-page","status-publish","hentry"],"acf":[],"yoast_head":"<!-- This site is optimized with the Yoast SEO plugin v26.9 - https:\/\/yoast.com\/product\/yoast-seo-wordpress\/ -->\n<title>\u00bfCu\u00e1l es el coste medio de las tareas dom\u00e9sticas?<\/title>\n<meta name=\"description\" content=\"Los costes de las tareas dom\u00e9sticas pueden variar en funci\u00f3n del tipo de servicio, la ubicaci\u00f3n, la forma de encontrar a la empleada y otros factores.\" \/>\n<meta name=\"robots\" content=\"index, follow, max-snippet:-1, max-image-preview:large, max-video-preview:-1\" \/>\n<link rel=\"canonical\" href=\"https:\/\/yoopies.es\/c\/guia-definitiva-limpieza-hogar\/coste-medio-tareas-domesticas\/\" \/>\n<meta property=\"og:locale\" content=\"es_ES\" \/>\n<meta property=\"og:type\" content=\"article\" \/>\n<meta property=\"og:title\" content=\"\u00bfCu\u00e1l es el coste medio de las tareas dom\u00e9sticas?\" \/>\n<meta property=\"og:description\" content=\"Los costes de las tareas dom\u00e9sticas pueden variar en funci\u00f3n del tipo de servicio, la ubicaci\u00f3n, la forma de encontrar a la empleada y otros factores.\" \/>\n<meta property=\"og:url\" content=\"https:\/\/yoopies.es\/c\/guia-definitiva-limpieza-hogar\/coste-medio-tareas-domesticas\/\" \/>\n<meta property=\"og:site_name\" content=\"Yoopies Espa\u00f1a\" \/>\n<meta property=\"article:modified_time\" content=\"2025-06-12T08:44:05+00:00\" \/>\n<meta property=\"og:image\" content=\"https:\/\/yoopies.es\/c\/wp-content\/uploads\/sites\/7\/2024\/04\/e2d1dcdf-1e60-42e9-84db-95b3bc85f624_41.jpg\" \/>\n<meta name=\"twitter:card\" content=\"summary_large_image\" \/>\n<meta name=\"twitter:label1\" content=\"Tiempo de lectura\" \/>\n\t<meta name=\"twitter:data1\" content=\"5 minutos\" \/>\n<script type=\"application\/ld+json\" class=\"yoast-schema-graph\">{\"@context\":\"https:\/\/schema.org\",\"@graph\":[{\"@type\":\"WebPage\",\"@id\":\"https:\/\/yoopies.es\/c\/guia-definitiva-limpieza-hogar\/coste-medio-tareas-domesticas\/\",\"url\":\"https:\/\/yoopies.es\/c\/guia-definitiva-limpieza-hogar\/coste-medio-tareas-domesticas\/\",\"name\":\"\u00bfCu\u00e1l es el coste medio de las tareas dom\u00e9sticas?\",\"isPartOf\":{\"@id\":\"https:\/\/yoopies.es\/c\/#website\"},\"primaryImageOfPage\":{\"@id\":\"https:\/\/yoopies.es\/c\/guia-definitiva-limpieza-hogar\/coste-medio-tareas-domesticas\/#primaryimage\"},\"image\":{\"@id\":\"https:\/\/yoopies.es\/c\/guia-definitiva-limpieza-hogar\/coste-medio-tareas-domesticas\/#primaryimage\"},\"thumbnailUrl\":\"https:\/\/yoopies.es\/c\/wp-content\/uploads\/sites\/7\/2024\/04\/e2d1dcdf-1e60-42e9-84db-95b3bc85f624_41.jpg\",\"datePublished\":\"2024-04-02T13:09:49+00:00\",\"dateModified\":\"2025-06-12T08:44:05+00:00\",\"description\":\"Los costes de las tareas dom\u00e9sticas pueden variar en funci\u00f3n del tipo de servicio, la ubicaci\u00f3n, la forma de encontrar a la empleada y otros factores.\",\"breadcrumb\":{\"@id\":\"https:\/\/yoopies.es\/c\/guia-definitiva-limpieza-hogar\/coste-medio-tareas-domesticas\/#breadcrumb\"},\"inLanguage\":\"es\",\"potentialAction\":[{\"@type\":\"ReadAction\",\"target\":[\"https:\/\/yoopies.es\/c\/guia-definitiva-limpieza-hogar\/coste-medio-tareas-domesticas\/\"]}]},{\"@type\":\"ImageObject\",\"inLanguage\":\"es\",\"@id\":\"https:\/\/yoopies.es\/c\/guia-definitiva-limpieza-hogar\/coste-medio-tareas-domesticas\/#primaryimage\",\"url\":\"https:\/\/yoopies.es\/c\/wp-content\/uploads\/sites\/7\/2024\/04\/e2d1dcdf-1e60-42e9-84db-95b3bc85f624_41.jpg\",\"contentUrl\":\"https:\/\/yoopies.es\/c\/wp-content\/uploads\/sites\/7\/2024\/04\/e2d1dcdf-1e60-42e9-84db-95b3bc85f624_41.jpg\",\"width\":1747,\"height\":1240},{\"@type\":\"BreadcrumbList\",\"@id\":\"https:\/\/yoopies.es\/c\/guia-definitiva-limpieza-hogar\/coste-medio-tareas-domesticas\/#breadcrumb\",\"itemListElement\":[{\"@type\":\"ListItem\",\"position\":1,\"name\":\"Home\",\"item\":\"https:\/\/yoopies.es\/c\/\"},{\"@type\":\"ListItem\",\"position\":2,\"name\":\"La gu\u00eda definitiva de la limpieza del hogar\",\"item\":\"https:\/\/yoopies.es\/c\/guia-definitiva-limpieza-hogar\/\"},{\"@type\":\"ListItem\",\"position\":3,\"name\":\"\u00bfCu\u00e1l es el coste medio de las tareas dom\u00e9sticas?\"}]},{\"@type\":\"WebSite\",\"@id\":\"https:\/\/yoopies.es\/c\/#website\",\"url\":\"https:\/\/yoopies.es\/c\/\",\"name\":\"Yoopies Espa\u00f1a\",\"description\":\"\",\"publisher\":{\"@id\":\"https:\/\/yoopies.es\/c\/#organization\"},\"potentialAction\":[{\"@type\":\"SearchAction\",\"target\":{\"@type\":\"EntryPoint\",\"urlTemplate\":\"https:\/\/yoopies.es\/c\/?s={search_term_string}\"},\"query-input\":{\"@type\":\"PropertyValueSpecification\",\"valueRequired\":true,\"valueName\":\"search_term_string\"}}],\"inLanguage\":\"es\"},{\"@type\":\"Organization\",\"@id\":\"https:\/\/yoopies.es\/c\/#organization\",\"name\":\"Yoopies Espa\u00f1a\",\"url\":\"https:\/\/yoopies.es\/c\/\",\"logo\":{\"@type\":\"ImageObject\",\"inLanguage\":\"es\",\"@id\":\"https:\/\/yoopies.es\/c\/#\/schema\/logo\/image\/\",\"url\":\"https:\/\/yoopies.es\/c\/wp-content\/uploads\/sites\/7\/2025\/05\/cropped-Logo_Yoopies-2.png\",\"contentUrl\":\"https:\/\/yoopies.es\/c\/wp-content\/uploads\/sites\/7\/2025\/05\/cropped-Logo_Yoopies-2.png\",\"width\":512,\"height\":512,\"caption\":\"Yoopies Espa\u00f1a\"},\"image\":{\"@id\":\"https:\/\/yoopies.es\/c\/#\/schema\/logo\/image\/\"}}]}<\/script>\n<!-- \/ Yoast SEO plugin. -->","yoast_head_json":{"title":"\u00bfCu\u00e1l es el coste medio de las tareas dom\u00e9sticas?","description":"Los costes de las tareas dom\u00e9sticas pueden variar en funci\u00f3n del tipo de servicio, la ubicaci\u00f3n, la forma de encontrar a la empleada y otros factores.","robots":{"index":"index","follow":"follow","max-snippet":"max-snippet:-1","max-image-preview":"max-image-preview:large","max-video-preview":"max-video-preview:-1"},"canonical":"https:\/\/yoopies.es\/c\/guia-definitiva-limpieza-hogar\/coste-medio-tareas-domesticas\/","og_locale":"es_ES","og_type":"article","og_title":"\u00bfCu\u00e1l es el coste medio de las tareas dom\u00e9sticas?","og_description":"Los costes de las tareas dom\u00e9sticas pueden variar en funci\u00f3n del tipo de servicio, la ubicaci\u00f3n, la forma de encontrar a la empleada y otros factores.","og_url":"https:\/\/yoopies.es\/c\/guia-definitiva-limpieza-hogar\/coste-medio-tareas-domesticas\/","og_site_name":"Yoopies Espa\u00f1a","article_modified_time":"2025-06-12T08:44:05+00:00","og_image":[{"url":"https:\/\/yoopies.es\/c\/wp-content\/uploads\/sites\/7\/2024\/04\/e2d1dcdf-1e60-42e9-84db-95b3bc85f624_41.jpg","type":"","width":"","height":""}],"twitter_card":"summary_large_image","twitter_misc":{"Tiempo de lectura":"5 minutos"},"schema":{"@context":"https:\/\/schema.org","@graph":[{"@type":"WebPage","@id":"https:\/\/yoopies.es\/c\/guia-definitiva-limpieza-hogar\/coste-medio-tareas-domesticas\/","url":"https:\/\/yoopies.es\/c\/guia-definitiva-limpieza-hogar\/coste-medio-tareas-domesticas\/","name":"\u00bfCu\u00e1l es el coste medio de las tareas dom\u00e9sticas?","isPartOf":{"@id":"https:\/\/yoopies.es\/c\/#website"},"primaryImageOfPage":{"@id":"https:\/\/yoopies.es\/c\/guia-definitiva-limpieza-hogar\/coste-medio-tareas-domesticas\/#primaryimage"},"image":{"@id":"https:\/\/yoopies.es\/c\/guia-definitiva-limpieza-hogar\/coste-medio-tareas-domesticas\/#primaryimage"},"thumbnailUrl":"https:\/\/yoopies.es\/c\/wp-content\/uploads\/sites\/7\/2024\/04\/e2d1dcdf-1e60-42e9-84db-95b3bc85f624_41.jpg","datePublished":"2024-04-02T13:09:49+00:00","dateModified":"2025-06-12T08:44:05+00:00","description":"Los costes de las tareas dom\u00e9sticas pueden variar en funci\u00f3n del tipo de servicio, la ubicaci\u00f3n, la forma de encontrar a la empleada y otros factores.","breadcrumb":{"@id":"https:\/\/yoopies.es\/c\/guia-definitiva-limpieza-hogar\/coste-medio-tareas-domesticas\/#breadcrumb"},"inLanguage":"es","potentialAction":[{"@type":"ReadAction","target":["https:\/\/yoopies.es\/c\/guia-definitiva-limpieza-hogar\/coste-medio-tareas-domesticas\/"]}]},{"@type":"ImageObject","inLanguage":"es","@id":"https:\/\/yoopies.es\/c\/guia-definitiva-limpieza-hogar\/coste-medio-tareas-domesticas\/#primaryimage","url":"https:\/\/yoopies.es\/c\/wp-content\/uploads\/sites\/7\/2024\/04\/e2d1dcdf-1e60-42e9-84db-95b3bc85f624_41.jpg","contentUrl":"https:\/\/yoopies.es\/c\/wp-content\/uploads\/sites\/7\/2024\/04\/e2d1dcdf-1e60-42e9-84db-95b3bc85f624_41.jpg","width":1747,"height":1240},{"@type":"BreadcrumbList","@id":"https:\/\/yoopies.es\/c\/guia-definitiva-limpieza-hogar\/coste-medio-tareas-domesticas\/#breadcrumb","itemListElement":[{"@type":"ListItem","position":1,"name":"Home","item":"https:\/\/yoopies.es\/c\/"},{"@type":"ListItem","position":2,"name":"La gu\u00eda definitiva de la limpieza del hogar","item":"https:\/\/yoopies.es\/c\/guia-definitiva-limpieza-hogar\/"},{"@type":"ListItem","position":3,"name":"\u00bfCu\u00e1l es el coste medio de las tareas dom\u00e9sticas?"}]},{"@type":"WebSite","@id":"https:\/\/yoopies.es\/c\/#website","url":"https:\/\/yoopies.es\/c\/","name":"Yoopies Espa\u00f1a","description":"","publisher":{"@id":"https:\/\/yoopies.es\/c\/#organization"},"potentialAction":[{"@type":"SearchAction","target":{"@type":"EntryPoint","urlTemplate":"https:\/\/yoopies.es\/c\/?s={search_term_string}"},"query-input":{"@type":"PropertyValueSpecification","valueRequired":true,"valueName":"search_term_string"}}],"inLanguage":"es"},{"@type":"Organization","@id":"https:\/\/yoopies.es\/c\/#organization","name":"Yoopies Espa\u00f1a","url":"https:\/\/yoopies.es\/c\/","logo":{"@type":"ImageObject","inLanguage":"es","@id":"https:\/\/yoopies.es\/c\/#\/schema\/logo\/image\/","url":"https:\/\/yoopies.es\/c\/wp-content\/uploads\/sites\/7\/2025\/05\/cropped-Logo_Yoopies-2.png","contentUrl":"https:\/\/yoopies.es\/c\/wp-content\/uploads\/sites\/7\/2025\/05\/cropped-Logo_Yoopies-2.png","width":512,"height":512,"caption":"Yoopies Espa\u00f1a"},"image":{"@id":"https:\/\/yoopies.es\/c\/#\/schema\/logo\/image\/"}}]}},"_links":{"self":[{"href":"https:\/\/yoopies.es\/c\/wp-json\/wp\/v2\/pages\/283","targetHints":{"allow":["GET"]}}],"collection":[{"href":"https:\/\/yoopies.es\/c\/wp-json\/wp\/v2\/pages"}],"about":[{"href":"https:\/\/yoopies.es\/c\/wp-json\/wp\/v2\/types\/page"}],"author":[{"embeddable":true,"href":"https:\/\/yoopies.es\/c\/wp-json\/wp\/v2\/users\/10"}],"replies":[{"embeddable":true,"href":"https:\/\/yoopies.es\/c\/wp-json\/wp\/v2\/comments?post=283"}],"version-history":[{"count":1,"href":"https:\/\/yoopies.es\/c\/wp-json\/wp\/v2\/pages\/283\/revisions"}],"predecessor-version":[{"id":285,"href":"https:\/\/yoopies.es\/c\/wp-json\/wp\/v2\/pages\/283\/revisions\/285"}],"up":[{"embeddable":true,"href":"https:\/\/yoopies.es\/c\/wp-json\/wp\/v2\/pages\/40"}],"wp:attachment":[{"href":"https:\/\/yoopies.es\/c\/wp-json\/wp\/v2\/media?parent=283"}],"curies":[{"name":"wp","href":"https:\/\/api.w.org\/{rel}","templated":true}]}}