{"id":28,"date":"2024-04-02T13:11:01","date_gmt":"2024-04-02T13:11:01","guid":{"rendered":"https:\/\/blog.yoopies.es\/guia-definitiva-cuidado-ninos\/"},"modified":"2025-06-12T08:44:06","modified_gmt":"2025-06-12T08:44:06","slug":"guia-definitiva-cuidado-ninos","status":"publish","type":"page","link":"https:\/\/yoopies.es\/c\/guia-definitiva-cuidado-ninos\/","title":{"rendered":"La gu\u00eda definitiva del cuidado de ni\u00f1os"},"content":{"rendered":"<p><p>Empezar una familia conlleva una serie de beneficios incre&iacute;bles, pero no es ning&uacute;n secreto que a veces puede resultar abrumador. Muchos padres primerizos se preocupan por si lo est&aacute;n haciendo bien y una dificultad com&uacute;n a la que la mayor&iacute;a se enfrentan en alg&uacute;n momento es la de encontrar una canguro adecuada para sus hijos. Desde encontrar una buena ni&ntilde;era para las salidas nocturnas ocasionales hasta conseguir a la ideal a tiempo completo, estamos aqu&iacute; para guiarte en el proceso.<\/p>\n<p class=\"block-img\"><img decoding=\"async\" src=\"https:\/\/yoopies.es\/c\/wp-content\/uploads\/sites\/7\/2024\/04\/ab2bbad5-3504-4716-8c03-a7e3eb3dc2c2_1.jpg\" alt=\"\"><\/p>\n<h2><strong>Contenido<\/strong><\/h2>\n<ul>\n<li><a href=\"https:\/\/#h2-2\">Comenzar tu b&uacute;squeda de ni&ntilde;era<\/a><\/li>\n<li><a href=\"https:\/\/#h2-3\">Contratar a la ni&ntilde;era perfecta<\/a><\/li>\n<li><a href=\"https:\/\/#h2-3\">Vida en familia: nuestra comunidad para padres<\/a><\/li>\n<\/ul>\n<h2><strong>Comenzar tu b&uacute;squeda de ni&ntilde;era<\/strong><\/h2>\n<\/p>\n<p>Sabemos que confiar tus hijos al cuidado de otra persona es una gran responsabilidad y <strong>encontrar a la persona o soluci&oacute;n adecuada para ti y tu hijo puede ser una tarea dif&iacute;cil<\/strong>, ya que hay muchos factores a tener en cuenta. Puede parecer abrumador saber por d&oacute;nde empezar y sabemos mejor que nadie que los padres son personas ocupadas, por lo que hemos dividido el proceso de b&uacute;squeda en etapas para que pueda encontrar su soluci&oacute;n de cuidado de ni&ntilde;os ideal de la manera m&aacute;s eficiente posible.<\/p>\n<p>En primer lugar, hay que ver todos los <strong>tipos de cuidado de ni&ntilde;os <\/strong>disponibles para poder limitar la b&uacute;squeda a un tipo de proveedor. Por suerte, nosotros ya hemos hecho toda la investigaci&oacute;n, as&iacute; que s&oacute;lo tienes que consultar nuestras gu&iacute;as m&aacute;s abajo.<\/p>\n<\/p>\n<h2><strong>Contratar a la ni&ntilde;era perfecta<\/strong><\/h2>\n<\/p>\n<p>Ya sea para un cuidado ocasional o peri&oacute;dico, en Yoopies encontrar&aacute;s el perfil que est&aacute;s buscando. Contamos con m&aacute;s de 200.000 usuarios que ofrecen sus servicios para hacerse cargo de tus hijos y una b&uacute;squeda multicriterio para decidirte entre los que posean las cualidades que necesitas.<\/p>\n<p>Para que te sea m&aacute;s f&aacute;cil, lee esta <a href=\"https:\/\/yoopies.es\/c\/guia-definitiva-cuidado-ninos\/encontrar-canguro-perfecto\">gu&iacute;a para encontrar a la ni&ntilde;era perfecta.<\/a> <\/p>\n<p>Una vez tengas la lista final de candidatos\/as para el puesto, tendr&aacute;s que realizar entrevistas para escoger a uno\/a. Si te est&aacute;s enfrentando por primera vez a ellas, quiz&aacute; te gustar&iacute;a que te echaran una mano a la hora de elegir las preguntas que vas a realizar para sacar toda la informaci&oacute;n que necesitas de los\/as candidatos\/as. <a href=\"https:\/\/yoopies.es\/c\/guia-definitiva-cuidado-ninos\/consejos-preguntas-entrevista-canguro\">Aqu&iacute; la tienes.<\/a><\/p>\n<p>Otro aspecto importante en la contrataci&oacute;n de una ni&ntilde;era es <a href=\"https:\/\/yoopies.es\/c\/guia-definitiva-cuidado-ninos\/contrato-canguro\">el contrato<\/a>. No te preocupes por ello, &iexcl;no hay que ser graduado en derecho para redactarlo! Tan solo aseg&uacute;rate de poner los aspectos m&aacute;s importantes que quieras que queden claros, y listo.<\/p>\n<p>Por otro lado, &iquest;cu&aacute;nto debo pagar? El dinero es un tema peliagudo y a veces no sabes si la tarifa justa es la que est&aacute;s pensando t&uacute; o la que ponen los candidatos en su perfil. Por ello, hemos hecho para ti un <a href=\"https:\/\/yoopies.es\/c\/informe-anual-precios-de-nineras-en-2020\">informe con los precios de las ni&ntilde;eras.<\/a> Y, en relaci&oacute;n con este tema, te recomendamos nuestro art&iacute;culo sobre <a href=\"https:\/\/yoopies.es\/c\/guia-definitiva-cuidado-ninos\/ayudas-para-cuidado-de-ninos-en-europa\">los pa&iacute;ses que ayudan m&aacute;s a los padres para el cuidado de ni&ntilde;os.<\/a><\/p>\n<p class=\"block-img\"><img decoding=\"async\" src=\"https:\/\/yoopies.es\/c\/wp-content\/uploads\/sites\/7\/2024\/04\/f7bec68a-0b0f-41c1-8205-8cf1419175da_2.jpg\" alt=\"\"><\/p>\n<h2><strong>Vida en familia: nuestra comunidad para padres<\/strong><\/h2>\n<\/p>\n<p>Da igual el perfil que est&eacute;s buscando para el cuidado de tus hijos: en <a href=\"https:\/\/yoopies.es\">Yoopies <\/a>lo tenemos. Como profesionales dedicados, os apoyamos en la medida de lo posible a la hora de encontrar a la ni&ntilde;era perfecta&#8230; &iexcl;y a que pases grandes ratos con tu familia!<\/p>\n<p>As&iacute;, no solo creamos contenido para que el proceso de contrataci&oacute;n de ni&ntilde;era sea f&aacute;cil, sino que puedes encontrar art&iacute;culos sobre juegos en verano, actividades para los fines de semana, consejos, iniciativas solidarias&#8230; &iquest;Por qu&eacute; no les echas un vistazo?<\/p>\n<ul>\n<li><a href=\"https:\/\/yoopies.es\/c\/juegos-en-casa\">Febrero en casa: juegos y actividades para hacer<\/a><\/li>\n<li><a href=\"https:\/\/yoopies.es\/c\/consejos-de-yoopies-para-la-vuelta-al-cole\">Vuelta al cole<\/a><\/li>\n<li>&iquest;<a href=\"https:\/\/yoopies.es\/c\/guia-definitiva-cuidado-ninos\/covid-19-como-afecta-a-las-familias-con-ninos\">C&oacute;mo afecta el Covid-19 a la vida con ni&ntilde;os?<\/a><\/li>\n<li><a href=\"https:\/\/yoopies.es\/c\/guia-definitiva-cuidado-mayores-dependientes\/navidad-solidaria-voluntarios-ayudan-a-su-comunidad\">#NavidadSolidaria<\/a><\/li>\n<li><a href=\"https:\/\/yoopies.es\/c\/guia-definitiva-cuidado-ninos\/confinamiento-ninos-guia-para-padres\">Confinamiento con ni&ntilde;os<\/a><\/li>\n<li><a href=\"https:\/\/yoopies.es\/c\/juegos-para-hacer-en-el-coche-de-viaje\">Entretenimiento de viaje<\/a><\/li>\n<li><a href=\"https:\/\/yoopies.es\/c\/guia-definitiva-limpieza-hogar\/como-pueden-ayudar-los-ninos-en-casa\">&iquest;C&oacute;mo pueden ayudar los ni&ntilde;os en casa?<\/a><\/li>\n<li><a href=\"https:\/\/yoopies.es\/c\/guia-definitiva-limpieza-hogar\/ensenar-a-tus-hijos-la-importancia-del-reciclaje\">Ense&ntilde;ar a tus hijos sobre el reciclaje<\/a><\/li>\n<li><a href=\"https:\/\/yoopies.es\/c\/20-juegos-para-que-los-ninos-se-entretengan-en-casa\">20 juegos para que los ni&ntilde;os se entretengan en casa<\/a><\/li>\n<li><a href=\"https:\/\/yoopies.es\/c\/guia-definitiva-cuidado-ninos\/verano-2020-30-consejos-sobre-cosas-que-hacer-con-los-ninos\">Consejos para un verano con ni&ntilde;os<\/a><\/li>\n<\/ul>\n<p>&iquest;Quieres no perderte todo este genial contenido? &iexcl;Suscr&iacute;bete ya a nuestra neswletter mensual!<\/p>\n<\/p>\n<h2><strong>&iexcl;Te estamos esperando!<\/strong><\/h2>\n<\/p>\n<p>Si est&aacute;s buscando un sitio de confianza, con experiencia y con unos precios justos, &iexcl;entonces Yoopies es tu lugar! No solo por la facilidad que ofrece nuestra b&uacute;squeda multicriterio y la cantidad de diferentes perfiles que tenemos, sino por todo el contenido de gran ayuda que puedes encontrar en nuestro blog.<\/p>\n<\/p>\n<p class=\"highlighted\">\n<p>Simplemente, reg&iacute;strate de manera gratuita y publica tu anuncio con tus necesidades para encontrar al candidato perfecto.<\/p>\n<\/p>\n<p><p class=\"block-img\"><img decoding=\"async\" src=\"https:\/\/yoopies.es\/c\/wp-content\/uploads\/sites\/7\/2024\/04\/91189d15-f251-4159-b009-1b5061ed4d48_3.jpg\" alt=\"\"><\/p>\n<\/p>\n<p><a class=\"button\" href=\"https:\/\/yoopies.es\/Babysitter\">\u00a1Encuentra a tu ni\u00f1era perfecta!<\/a><\/p>\n","protected":false},"excerpt":{"rendered":"<p>Empezar una familia conlleva una serie de beneficios incre&iacute;bles, pero no es ning&uacute;n secreto que &hellip; <\/p>\n","protected":false},"author":10,"featured_media":32,"parent":0,"menu_order":0,"comment_status":"closed","ping_status":"closed","template":"","meta":{"_acf_changed":false,"footnotes":""},"class_list":["post-28","page","type-page","status-publish","has-post-thumbnail","hentry"],"acf":[],"yoast_head":"<!-- This site is optimized with the Yoast SEO plugin v26.9 - https:\/\/yoast.com\/product\/yoast-seo-wordpress\/ -->\n<title>La gu\u00eda definitiva del cuidado de ni\u00f1os<\/title>\n<meta name=\"description\" content=\"Descubre todo lo que necesitas saber para encontrar a la ni\u00f1era perfecta para tu hijo. Tenemos todo tipo de perfiles en Yoopies ofreciendo sus servicios para asegurarnos que cubrimos cualquier necesidad que tenga una familia.\" \/>\n<meta name=\"robots\" content=\"index, follow, max-snippet:-1, max-image-preview:large, max-video-preview:-1\" \/>\n<link rel=\"canonical\" href=\"https:\/\/yoopies.es\/c\/guia-definitiva-cuidado-ninos\/\" \/>\n<meta property=\"og:locale\" content=\"es_ES\" \/>\n<meta property=\"og:type\" content=\"article\" \/>\n<meta property=\"og:title\" content=\"La gu\u00eda definitiva del cuidado de ni\u00f1os\" \/>\n<meta property=\"og:description\" content=\"Descubre todo lo que necesitas saber para encontrar a la ni\u00f1era perfecta para tu hijo. Tenemos todo tipo de perfiles en Yoopies ofreciendo sus servicios para asegurarnos que cubrimos cualquier necesidad que tenga una familia.\" \/>\n<meta property=\"og:url\" content=\"https:\/\/yoopies.es\/c\/guia-definitiva-cuidado-ninos\/\" \/>\n<meta property=\"og:site_name\" content=\"Yoopies Espa\u00f1a\" \/>\n<meta property=\"article:modified_time\" content=\"2025-06-12T08:44:06+00:00\" \/>\n<meta property=\"og:image\" content=\"https:\/\/yoopies.es\/c\/wp-content\/uploads\/sites\/7\/2024\/04\/ab2bbad5-3504-4716-8c03-a7e3eb3dc2c2-1.jpg\" \/>\n\t<meta property=\"og:image:width\" content=\"1200\" \/>\n\t<meta property=\"og:image:height\" content=\"900\" \/>\n\t<meta property=\"og:image:type\" content=\"image\/jpeg\" \/>\n<meta name=\"twitter:card\" content=\"summary_large_image\" \/>\n<meta name=\"twitter:label1\" content=\"Tiempo de lectura\" \/>\n\t<meta name=\"twitter:data1\" content=\"4 minutos\" \/>\n<script type=\"application\/ld+json\" class=\"yoast-schema-graph\">{\"@context\":\"https:\/\/schema.org\",\"@graph\":[{\"@type\":\"WebPage\",\"@id\":\"https:\/\/yoopies.es\/c\/guia-definitiva-cuidado-ninos\/\",\"url\":\"https:\/\/yoopies.es\/c\/guia-definitiva-cuidado-ninos\/\",\"name\":\"La gu\u00eda definitiva del cuidado de ni\u00f1os\",\"isPartOf\":{\"@id\":\"https:\/\/yoopies.es\/c\/#website\"},\"primaryImageOfPage\":{\"@id\":\"https:\/\/yoopies.es\/c\/guia-definitiva-cuidado-ninos\/#primaryimage\"},\"image\":{\"@id\":\"https:\/\/yoopies.es\/c\/guia-definitiva-cuidado-ninos\/#primaryimage\"},\"thumbnailUrl\":\"https:\/\/yoopies.es\/c\/wp-content\/uploads\/sites\/7\/2024\/04\/ab2bbad5-3504-4716-8c03-a7e3eb3dc2c2-1.jpg\",\"datePublished\":\"2024-04-02T13:11:01+00:00\",\"dateModified\":\"2025-06-12T08:44:06+00:00\",\"description\":\"Descubre todo lo que necesitas saber para encontrar a la ni\u00f1era perfecta para tu hijo. Tenemos todo tipo de perfiles en Yoopies ofreciendo sus servicios para asegurarnos que cubrimos cualquier necesidad que tenga una familia.\",\"breadcrumb\":{\"@id\":\"https:\/\/yoopies.es\/c\/guia-definitiva-cuidado-ninos\/#breadcrumb\"},\"inLanguage\":\"es\",\"potentialAction\":[{\"@type\":\"ReadAction\",\"target\":[\"https:\/\/yoopies.es\/c\/guia-definitiva-cuidado-ninos\/\"]}]},{\"@type\":\"ImageObject\",\"inLanguage\":\"es\",\"@id\":\"https:\/\/yoopies.es\/c\/guia-definitiva-cuidado-ninos\/#primaryimage\",\"url\":\"https:\/\/yoopies.es\/c\/wp-content\/uploads\/sites\/7\/2024\/04\/ab2bbad5-3504-4716-8c03-a7e3eb3dc2c2-1.jpg\",\"contentUrl\":\"https:\/\/yoopies.es\/c\/wp-content\/uploads\/sites\/7\/2024\/04\/ab2bbad5-3504-4716-8c03-a7e3eb3dc2c2-1.jpg\",\"width\":1200,\"height\":900},{\"@type\":\"BreadcrumbList\",\"@id\":\"https:\/\/yoopies.es\/c\/guia-definitiva-cuidado-ninos\/#breadcrumb\",\"itemListElement\":[{\"@type\":\"ListItem\",\"position\":1,\"name\":\"Home\",\"item\":\"https:\/\/yoopies.es\/c\/\"},{\"@type\":\"ListItem\",\"position\":2,\"name\":\"La gu\u00eda definitiva del cuidado de ni\u00f1os\"}]},{\"@type\":\"WebSite\",\"@id\":\"https:\/\/yoopies.es\/c\/#website\",\"url\":\"https:\/\/yoopies.es\/c\/\",\"name\":\"Yoopies Espa\u00f1a\",\"description\":\"\",\"publisher\":{\"@id\":\"https:\/\/yoopies.es\/c\/#organization\"},\"potentialAction\":[{\"@type\":\"SearchAction\",\"target\":{\"@type\":\"EntryPoint\",\"urlTemplate\":\"https:\/\/yoopies.es\/c\/?s={search_term_string}\"},\"query-input\":{\"@type\":\"PropertyValueSpecification\",\"valueRequired\":true,\"valueName\":\"search_term_string\"}}],\"inLanguage\":\"es\"},{\"@type\":\"Organization\",\"@id\":\"https:\/\/yoopies.es\/c\/#organization\",\"name\":\"Yoopies Espa\u00f1a\",\"url\":\"https:\/\/yoopies.es\/c\/\",\"logo\":{\"@type\":\"ImageObject\",\"inLanguage\":\"es\",\"@id\":\"https:\/\/yoopies.es\/c\/#\/schema\/logo\/image\/\",\"url\":\"https:\/\/yoopies.es\/c\/wp-content\/uploads\/sites\/7\/2025\/05\/cropped-Logo_Yoopies-2.png\",\"contentUrl\":\"https:\/\/yoopies.es\/c\/wp-content\/uploads\/sites\/7\/2025\/05\/cropped-Logo_Yoopies-2.png\",\"width\":512,\"height\":512,\"caption\":\"Yoopies Espa\u00f1a\"},\"image\":{\"@id\":\"https:\/\/yoopies.es\/c\/#\/schema\/logo\/image\/\"}}]}<\/script>\n<!-- \/ Yoast SEO plugin. -->","yoast_head_json":{"title":"La gu\u00eda definitiva del cuidado de ni\u00f1os","description":"Descubre todo lo que necesitas saber para encontrar a la ni\u00f1era perfecta para tu hijo. Tenemos todo tipo de perfiles en Yoopies ofreciendo sus servicios para asegurarnos que cubrimos cualquier necesidad que tenga una familia.","robots":{"index":"index","follow":"follow","max-snippet":"max-snippet:-1","max-image-preview":"max-image-preview:large","max-video-preview":"max-video-preview:-1"},"canonical":"https:\/\/yoopies.es\/c\/guia-definitiva-cuidado-ninos\/","og_locale":"es_ES","og_type":"article","og_title":"La gu\u00eda definitiva del cuidado de ni\u00f1os","og_description":"Descubre todo lo que necesitas saber para encontrar a la ni\u00f1era perfecta para tu hijo. Tenemos todo tipo de perfiles en Yoopies ofreciendo sus servicios para asegurarnos que cubrimos cualquier necesidad que tenga una familia.","og_url":"https:\/\/yoopies.es\/c\/guia-definitiva-cuidado-ninos\/","og_site_name":"Yoopies Espa\u00f1a","article_modified_time":"2025-06-12T08:44:06+00:00","og_image":[{"width":1200,"height":900,"url":"https:\/\/yoopies.es\/c\/wp-content\/uploads\/sites\/7\/2024\/04\/ab2bbad5-3504-4716-8c03-a7e3eb3dc2c2-1.jpg","type":"image\/jpeg"}],"twitter_card":"summary_large_image","twitter_misc":{"Tiempo de lectura":"4 minutos"},"schema":{"@context":"https:\/\/schema.org","@graph":[{"@type":"WebPage","@id":"https:\/\/yoopies.es\/c\/guia-definitiva-cuidado-ninos\/","url":"https:\/\/yoopies.es\/c\/guia-definitiva-cuidado-ninos\/","name":"La gu\u00eda definitiva del cuidado de ni\u00f1os","isPartOf":{"@id":"https:\/\/yoopies.es\/c\/#website"},"primaryImageOfPage":{"@id":"https:\/\/yoopies.es\/c\/guia-definitiva-cuidado-ninos\/#primaryimage"},"image":{"@id":"https:\/\/yoopies.es\/c\/guia-definitiva-cuidado-ninos\/#primaryimage"},"thumbnailUrl":"https:\/\/yoopies.es\/c\/wp-content\/uploads\/sites\/7\/2024\/04\/ab2bbad5-3504-4716-8c03-a7e3eb3dc2c2-1.jpg","datePublished":"2024-04-02T13:11:01+00:00","dateModified":"2025-06-12T08:44:06+00:00","description":"Descubre todo lo que necesitas saber para encontrar a la ni\u00f1era perfecta para tu hijo. Tenemos todo tipo de perfiles en Yoopies ofreciendo sus servicios para asegurarnos que cubrimos cualquier necesidad que tenga una familia.","breadcrumb":{"@id":"https:\/\/yoopies.es\/c\/guia-definitiva-cuidado-ninos\/#breadcrumb"},"inLanguage":"es","potentialAction":[{"@type":"ReadAction","target":["https:\/\/yoopies.es\/c\/guia-definitiva-cuidado-ninos\/"]}]},{"@type":"ImageObject","inLanguage":"es","@id":"https:\/\/yoopies.es\/c\/guia-definitiva-cuidado-ninos\/#primaryimage","url":"https:\/\/yoopies.es\/c\/wp-content\/uploads\/sites\/7\/2024\/04\/ab2bbad5-3504-4716-8c03-a7e3eb3dc2c2-1.jpg","contentUrl":"https:\/\/yoopies.es\/c\/wp-content\/uploads\/sites\/7\/2024\/04\/ab2bbad5-3504-4716-8c03-a7e3eb3dc2c2-1.jpg","width":1200,"height":900},{"@type":"BreadcrumbList","@id":"https:\/\/yoopies.es\/c\/guia-definitiva-cuidado-ninos\/#breadcrumb","itemListElement":[{"@type":"ListItem","position":1,"name":"Home","item":"https:\/\/yoopies.es\/c\/"},{"@type":"ListItem","position":2,"name":"La gu\u00eda definitiva del cuidado de ni\u00f1os"}]},{"@type":"WebSite","@id":"https:\/\/yoopies.es\/c\/#website","url":"https:\/\/yoopies.es\/c\/","name":"Yoopies Espa\u00f1a","description":"","publisher":{"@id":"https:\/\/yoopies.es\/c\/#organization"},"potentialAction":[{"@type":"SearchAction","target":{"@type":"EntryPoint","urlTemplate":"https:\/\/yoopies.es\/c\/?s={search_term_string}"},"query-input":{"@type":"PropertyValueSpecification","valueRequired":true,"valueName":"search_term_string"}}],"inLanguage":"es"},{"@type":"Organization","@id":"https:\/\/yoopies.es\/c\/#organization","name":"Yoopies Espa\u00f1a","url":"https:\/\/yoopies.es\/c\/","logo":{"@type":"ImageObject","inLanguage":"es","@id":"https:\/\/yoopies.es\/c\/#\/schema\/logo\/image\/","url":"https:\/\/yoopies.es\/c\/wp-content\/uploads\/sites\/7\/2025\/05\/cropped-Logo_Yoopies-2.png","contentUrl":"https:\/\/yoopies.es\/c\/wp-content\/uploads\/sites\/7\/2025\/05\/cropped-Logo_Yoopies-2.png","width":512,"height":512,"caption":"Yoopies Espa\u00f1a"},"image":{"@id":"https:\/\/yoopies.es\/c\/#\/schema\/logo\/image\/"}}]}},"_links":{"self":[{"href":"https:\/\/yoopies.es\/c\/wp-json\/wp\/v2\/pages\/28","targetHints":{"allow":["GET"]}}],"collection":[{"href":"https:\/\/yoopies.es\/c\/wp-json\/wp\/v2\/pages"}],"about":[{"href":"https:\/\/yoopies.es\/c\/wp-json\/wp\/v2\/types\/page"}],"author":[{"embeddable":true,"href":"https:\/\/yoopies.es\/c\/wp-json\/wp\/v2\/users\/10"}],"replies":[{"embeddable":true,"href":"https:\/\/yoopies.es\/c\/wp-json\/wp\/v2\/comments?post=28"}],"version-history":[{"count":1,"href":"https:\/\/yoopies.es\/c\/wp-json\/wp\/v2\/pages\/28\/revisions"}],"predecessor-version":[{"id":33,"href":"https:\/\/yoopies.es\/c\/wp-json\/wp\/v2\/pages\/28\/revisions\/33"}],"wp:featuredmedia":[{"embeddable":true,"href":"https:\/\/yoopies.es\/c\/wp-json\/wp\/v2\/media\/32"}],"wp:attachment":[{"href":"https:\/\/yoopies.es\/c\/wp-json\/wp\/v2\/media?parent=28"}],"curies":[{"name":"wp","href":"https:\/\/api.w.org\/{rel}","templated":true}]}}