{"id":274,"date":"2024-04-02T13:34:00","date_gmt":"2024-04-02T13:34:00","guid":{"rendered":"https:\/\/blog.yoopies.es\/guia-definitiva-limpieza-hogar\/como-encontrar-a-la-empleada-del-hogar-perfecta\/"},"modified":"2025-06-12T08:44:05","modified_gmt":"2025-06-12T08:44:05","slug":"como-encontrar-a-la-empleada-del-hogar-perfecta","status":"publish","type":"page","link":"https:\/\/yoopies.es\/c\/guia-definitiva-limpieza-hogar\/como-encontrar-a-la-empleada-del-hogar-perfecta\/","title":{"rendered":"C\u00f3mo encontrar a la empleada del hogar perfecta"},"content":{"rendered":"<p><p>Si nunca antes has contratado a una limpiadora, puede ser dif&iacute;cil saber por d&oacute;nde empezar, e incluso si tienes experiencia en contratar a empleadas dom&eacute;sticas, &iexcl;sabr&aacute;s que puede ser un proceso confuso!<\/p>\n<p>Hay tantos factores diferentes a considerar al buscar una empleada del hogar, desde el tipo de ayuda que necesitas hasta cu&aacute;nto puedes pagar por ello. &iexcl;Hemos creado algunos de los mejores consejos para que tu b&uacute;squeda sea lo m&aacute;s fluida posible y puedas encontrar una empleada de hogar asequible, de confianza y de alta calidad! <\/p>\n<\/p>\n<figure><img decoding=\"async\" src=\"https:\/\/static.yoopies.com\/upload\/cms\/image\/5b2e903c-c720-49f9-87c3-6ef848eaa8e2-encontrarempleadadehogar.jpg\" \/><\/figure>\n<p><h2><strong>&iquest;Qu&eacute; tipo de ayuda necesito?<\/strong><\/h2>\n<\/p>\n<p>En <a target=\"_blank\" rel=\"noopener\" href=\"https:\/\/yoopies.es\/\">Yoopies<\/a> tenemos una amplia variedad de <a target=\"_blank\" rel=\"noopener\" href=\"https:\/\/yoopies.es\/servicio-dom%C3%A9stico\">empleadas de hogar<\/a>, desde encargadas de la limpieza en general hasta candidatas especializadas en limpieza en locales u oficinas, por lo que seguramente encontrar&aacute;s a la persona perfecta, pero primero debes decidir qu&eacute; tipo de ayuda necesitas.<\/p>\n<p>Los limpiadores realizar&aacute;n una gran cantidad de tareas dom&eacute;sticas relacionadas con mantener tu casa limpia e higi&eacute;nica. Pueden trabajar de forma regular u ocasional y se les puede pedir que realicen tareas de limpieza habituales o profundas. Las tareas de limpieza habituales incluyen aspirar, limpiar superficies, ba&ntilde;os, limpiar espejos o electrodom&eacute;sticos de cocina y m&aacute;s, seg&uacute;n cu&aacute;les sean tus necesidades particulares. Una limpieza profunda ser&aacute; aquella limpieza mucho m&aacute;s profunda de ciertas zonas y puede ser necesaria cada pocos meses para completar la limpieza regular.<\/p>\n<p>Las empleadas de hogar internas realizar&aacute;n las mismas tareas que las limpiadoras externas, pero tambi&eacute;n realizar&aacute;n tareas dom&eacute;sticas adicionales si es necesario, como planchar, cambiar de cama, lavar la ropa y m&aacute;s. Lee nuestra gu&iacute;a para empleadas de hogar para descubrir la gama completa de lo que pueden hacer y por qu&eacute; es posible que deba contratar una.<\/p>\n<p>Haz una lista de todas las tareas con las que te gustar&iacute;a recibir ayuda y decidas si est&aacute;n simplemente relacionadas con la limpieza o si necesitas una ayuda m&aacute;s completa. &iexcl;Aseg&uacute;rate de discutir todas las tareas requeridas con los posibles limpiadores para asegurarte de que sean capaces y est&eacute;n dispuestos a cumplir con tus requisitos para evitar confusiones o decepciones en una fecha posterior!<\/p>\n<\/p>\n<h2><strong>&iquest;C&oacute;mo encuentro a alguien de confianza?<\/strong><\/h2>\n<\/p>\n<p>Contratar a una empleada de hogar puede parecer abrumador, ya que debes confiar en que la persona estar&aacute; posiblemente sola en tu casa y, seg&uacute;n tu horario y situaci&oacute;n, quiz&aacute; necesite un juego de llaves o acceso a tu casa. Por lo tanto, entendemos que necesitas encontrar a alguien que sea de confianza, as&iacute; como una persona que brinde un servicio de limpieza de alta calidad.<\/p>\n<p>&iquest;C&oacute;mo encuentras a alguien que cumpla con estos criterios? Puede llevar tiempo construir una relaci&oacute;n de confianza con una persona, pero hay algunas cosas que puedes hacer para comenzar bien:<\/p>\n<p><strong>Pide recomendaciones a tus amigos:<\/strong> si conoces a otras personas que contratan habitualmente limpiadores y empleados dom&eacute;sticos preg&uacute;ntales sobre sus experiencias. Consulta su opini&oacute;n preguntando si la empleada de hogar es de confianza, llega a tiempo, funciona de manera eficiente y con un alto nivel, completa todas las tareas requeridas y cualquier otra cosa que te pueda preocupar. Si no conoces a nadie que emplee el tipo de ayuda que buscas o necesitas opiniones m&aacute;s variadas, plataformas como <a target=\"_blank\" rel=\"noopener\" href=\"https:\/\/yoopies.es\/\">Yoopies<\/a> permiten ver valoraciones de todos los candidatos para que cualquiera que los haya empleado puedan dejar una revisi&oacute;n honesta de su desempe&ntilde;o y tranquilizar a los futuros empleadores sobre la calidad de la limpieza proporcionada.<\/p>\n<p><strong>Comprueba sus referencias:<\/strong> una vez que hayas encontrado una candidata adecuada, aseg&uacute;rate de pedir referencias de empleadores anteriores para verificar su nivel de trabajo y si su profesionalidad est&aacute; a la altura. Un buen candidato que haya incluido experiencia en su curr&iacute;culum no deber&iacute;a tener ning&uacute;n problema en proporcionar referencias, por lo que si no quiere ofrecerlas, &iexcl;esto puede ser una se&ntilde;al de que algo anda mal! Insiste en direcciones de correo electr&oacute;nico y n&uacute;meros de tel&eacute;fono de al menos dos referencias para que puedas comunicarse con ellos y preguntar sobre el trabajo anterior de sus empleados en lugar de aceptar una carta a trav&eacute;s del propio empleado del empleador anterior.<\/p>\n<p><strong>Dale un periodo de prueba: <\/strong>comprueba el est&aacute;ndar de rendimiento de tu nueva empleada de hogar ofreci&eacute;ndole un turno de prueba antes de comprometerte con un empleo regular. Para este turno es &uacute;til si est&aacute;s en la casa para que puedas conocer a esa persona y explicarle lo que se espera de ella, as&iacute; como revisar cu&aacute;nto tarda en completar las tareas y el nivel del trabajo una vez terminado.<\/p>\n<\/p>\n<h2><strong>&iquest;Es seguro tener una limpiadora durante el estado de alarma?<\/strong><\/h2>\n<\/p>\n<p>Actualmente los trabajadores pueden acudir a sus puestos de trabajo cuando es necesaria la presencialidad durante el Estado de Alarma y mientras contin&uacute;en las restricciones, lo cual es una gran noticia para ti y tu empleado. Sin embargo, existen ciertas precauciones y pautas que tanto tu como tu limpiadora deben tomar para ayudar a minimizar los posibles riesgos para la salud y garantizar un entorno de trabajo seguro para todos.<\/p>\n<p>Algunos consejos sobre c&oacute;mo tomar precauciones mientras tu limpiadora trabaja en tu casa:<\/p>\n<ol>\n<li><strong>Salga de casa mientras la limpiadora est&aacute; trabajando:<\/strong> sabemos que con el teletrabajo y las clases online esto no siempre ser&aacute; siempre posible, pero la mejor manera de reducir las posibilidades de contaminaci&oacute;n e infecci&oacute;n es no tener contacto con la otra persona. Si hay un momento en el que sabes que estar&aacute;s fuera de la casa haciendo recados durante unas horas, &iquest;por qu&eacute; no reprogramar la limpieza para esta hora o intentar hacer tu ejercicio diario durante las horas que la limpiadora est&aacute; trabajando?<\/li>\n<li><strong>Qu&eacute;date en una habitaci&oacute;n diferente a la de la limpiadora: <\/strong>si te encuentras en casa, elije una habitaci&oacute;n para quedarte mientras el limpiador est&aacute; trabajando. De esta manera evitar&aacute;s el contacto constante. Es importante que no est&eacute;s pase&aacute;ndote por la casa.<\/li>\n<li><strong>Usa una mascarilla y FFP2: <\/strong>P&iacute;dele a tu limpiadora que por favor use una mascarilla y si es posible guantes mientras trabaja en tu casa. Fomenta el uso de desinfectante de manos antes y despu&eacute;s de que complete sus tareas y mantente a 2 metros de ella en todo momento.<\/li>\n<li><strong>Pago sin contacto:<\/strong> si normalmente pagas a tu empleada de hogar en efectivo, &iquest;por qu&eacute; no aprovechar la oportunidad de cambiar a transferencias bancarias online para eliminar la necesidad de cualquier contacto al realizar el pago? Si esta no es una opci&oacute;n por cualquier motivo, deja el dinero en efectivo en un sobre o en un sitio en concreto para que la limpiadora lo recoja en lugar de entreg&aacute;rselo para reducir as&iacute; el contacto.<\/li>\n<\/ol>\n<h2><\/h2>\n<\/p>\n<figure><img decoding=\"async\" src=\"https:\/\/yoopies.es\/c\/wp-content\/uploads\/sites\/7\/2024\/04\/c4ce062e-27af-425a-8020-f1b99d4a34cf-cleaningmirror.jpg\" \/><\/figure>\n<p><h2><strong>&iquest;Qu&eacute; buscar en una buena candidata?<\/strong><\/h2>\n<\/p>\n<p>Una buena candidata puede presentarse en muchas formas diferentes y lo que podr&iacute;a ser la soluci&oacute;n perfecta para algunos empleadores puede no ser aceptable para otros. Sin embargo, hay ciertas cualidades que debes buscar en un gran solicitante de limpieza a domicilio:<\/p>\n<p><strong>Entusiasta:<\/strong> una buena candidata estar&aacute; ansiosa por trabajar tantas horas como sea posible y siempre preguntar&aacute; qu&eacute; puede hacer para ayudar. Encontrar una trabajadora capaz y apasionada puede significar que puede cobrar m&aacute;s por hora, &iexcl;pero el gran nivel de su trabajo podr&iacute;a ahorrarte dinero a la larga!<\/p>\n<p><strong>Flexible: <\/strong>sabemos que la vida familiar y profesional puede ser agitada y cambiante y, a veces, es posible que debas hacer ajustes en tu horario. &iexcl;Encontrar una empleada de hogar que se sepa adaptar a trabajar seg&uacute;n tu horario podr&iacute;a ser un beneficio si llevas una vida ocupada!<\/p>\n<p><strong>Diligente:<\/strong> si est&aacute;s pagando por un servicio y deseas asegurarte de que se realiza con un alto nivel, aseg&uacute;rate de que el candidato que contrates complete todas las tareas que le asignaste.<\/p>\n<p><strong>Experimentada: <\/strong>una limpiadora con mucha experiencia en este &aacute;mbito sabr&aacute; c&oacute;mo hacer el trabajo de manera r&aacute;pida y eficiente y tendr&aacute; muchos trucos y consejos para mejorar la calidad de su servicio.<\/p>\n<p><strong>Profesional: <\/strong>puede ser dif&iacute;cil acostumbrarse a que alguien trabaje en tu casa, por lo que contratar a una candidata que sepa comportarse de manera profesional y trabajar con discreci&oacute;n puede ser una verdadera ventaja para acostumbrarte a tener una limpiadora en tu hogar.<\/p>\n<\/p>\n<p><a class=\"button\" href=\"https:\/\/yoopies.es\/servicio-dom%C3%A9stico\">\u00a1Encuentra a tu pr\u00f3xima empleada del hogar!<\/a><\/p>\n","protected":false},"excerpt":{"rendered":"<p>Si nunca antes has contratado a una limpiadora, puede ser dif&iacute;cil saber por d&oacute;nde empezar, &hellip; <\/p>\n","protected":false},"author":10,"featured_media":276,"parent":40,"menu_order":0,"comment_status":"closed","ping_status":"closed","template":"","meta":{"_acf_changed":false,"footnotes":""},"class_list":["post-274","page","type-page","status-publish","has-post-thumbnail","hentry"],"acf":[],"yoast_head":"<!-- This site is optimized with the Yoast SEO plugin v26.9 - https:\/\/yoast.com\/product\/yoast-seo-wordpress\/ -->\n<title>C\u00f3mo encontrar a la empleada del hogar perfecta<\/title>\n<meta name=\"description\" content=\"\u00bfBuscas una persona de limpieza a domicilio de confianza para ayudarte con las tareas de casa? Puede ser dif\u00edcil saber por d\u00f3nde empezar y en qui\u00e9n confiar en t\u00e9rminos de calidad y precio. \u00a1Te ayudamos con ello!\" \/>\n<meta name=\"robots\" content=\"index, follow, max-snippet:-1, max-image-preview:large, max-video-preview:-1\" \/>\n<link rel=\"canonical\" href=\"https:\/\/yoopies.es\/c\/guia-definitiva-limpieza-hogar\/como-encontrar-a-la-empleada-del-hogar-perfecta\/\" \/>\n<meta property=\"og:locale\" content=\"es_ES\" \/>\n<meta property=\"og:type\" content=\"article\" \/>\n<meta property=\"og:title\" content=\"C\u00f3mo encontrar a la empleada del hogar perfecta\" \/>\n<meta property=\"og:description\" content=\"\u00bfBuscas una persona de limpieza a domicilio de confianza para ayudarte con las tareas de casa? Puede ser dif\u00edcil saber por d\u00f3nde empezar y en qui\u00e9n confiar en t\u00e9rminos de calidad y precio. \u00a1Te ayudamos con ello!\" \/>\n<meta property=\"og:url\" content=\"https:\/\/yoopies.es\/c\/guia-definitiva-limpieza-hogar\/como-encontrar-a-la-empleada-del-hogar-perfecta\/\" \/>\n<meta property=\"og:site_name\" content=\"Yoopies Espa\u00f1a\" \/>\n<meta property=\"article:modified_time\" content=\"2025-06-12T08:44:05+00:00\" \/>\n<meta property=\"og:image\" content=\"https:\/\/yoopies.es\/c\/wp-content\/uploads\/sites\/7\/2024\/04\/5b2e903c-c720-49f9-87c3-6ef848eaa8e2-encontrarempleadadehogar.jpg\" \/>\n\t<meta property=\"og:image:width\" content=\"1200\" \/>\n\t<meta property=\"og:image:height\" content=\"400\" \/>\n\t<meta property=\"og:image:type\" content=\"image\/jpeg\" \/>\n<meta name=\"twitter:card\" content=\"summary_large_image\" \/>\n<meta name=\"twitter:label1\" content=\"Tiempo de lectura\" \/>\n\t<meta name=\"twitter:data1\" content=\"8 minutos\" \/>\n<script type=\"application\/ld+json\" class=\"yoast-schema-graph\">{\"@context\":\"https:\/\/schema.org\",\"@graph\":[{\"@type\":\"WebPage\",\"@id\":\"https:\/\/yoopies.es\/c\/guia-definitiva-limpieza-hogar\/como-encontrar-a-la-empleada-del-hogar-perfecta\/\",\"url\":\"https:\/\/yoopies.es\/c\/guia-definitiva-limpieza-hogar\/como-encontrar-a-la-empleada-del-hogar-perfecta\/\",\"name\":\"C\u00f3mo encontrar a la empleada del hogar perfecta\",\"isPartOf\":{\"@id\":\"https:\/\/yoopies.es\/c\/#website\"},\"primaryImageOfPage\":{\"@id\":\"https:\/\/yoopies.es\/c\/guia-definitiva-limpieza-hogar\/como-encontrar-a-la-empleada-del-hogar-perfecta\/#primaryimage\"},\"image\":{\"@id\":\"https:\/\/yoopies.es\/c\/guia-definitiva-limpieza-hogar\/como-encontrar-a-la-empleada-del-hogar-perfecta\/#primaryimage\"},\"thumbnailUrl\":\"https:\/\/yoopies.es\/c\/wp-content\/uploads\/sites\/7\/2024\/04\/5b2e903c-c720-49f9-87c3-6ef848eaa8e2-encontrarempleadadehogar.jpg\",\"datePublished\":\"2024-04-02T13:34:00+00:00\",\"dateModified\":\"2025-06-12T08:44:05+00:00\",\"description\":\"\u00bfBuscas una persona de limpieza a domicilio de confianza para ayudarte con las tareas de casa? Puede ser dif\u00edcil saber por d\u00f3nde empezar y en qui\u00e9n confiar en t\u00e9rminos de calidad y precio. \u00a1Te ayudamos con ello!\",\"breadcrumb\":{\"@id\":\"https:\/\/yoopies.es\/c\/guia-definitiva-limpieza-hogar\/como-encontrar-a-la-empleada-del-hogar-perfecta\/#breadcrumb\"},\"inLanguage\":\"es\",\"potentialAction\":[{\"@type\":\"ReadAction\",\"target\":[\"https:\/\/yoopies.es\/c\/guia-definitiva-limpieza-hogar\/como-encontrar-a-la-empleada-del-hogar-perfecta\/\"]}]},{\"@type\":\"ImageObject\",\"inLanguage\":\"es\",\"@id\":\"https:\/\/yoopies.es\/c\/guia-definitiva-limpieza-hogar\/como-encontrar-a-la-empleada-del-hogar-perfecta\/#primaryimage\",\"url\":\"https:\/\/yoopies.es\/c\/wp-content\/uploads\/sites\/7\/2024\/04\/5b2e903c-c720-49f9-87c3-6ef848eaa8e2-encontrarempleadadehogar.jpg\",\"contentUrl\":\"https:\/\/yoopies.es\/c\/wp-content\/uploads\/sites\/7\/2024\/04\/5b2e903c-c720-49f9-87c3-6ef848eaa8e2-encontrarempleadadehogar.jpg\",\"width\":1200,\"height\":400},{\"@type\":\"BreadcrumbList\",\"@id\":\"https:\/\/yoopies.es\/c\/guia-definitiva-limpieza-hogar\/como-encontrar-a-la-empleada-del-hogar-perfecta\/#breadcrumb\",\"itemListElement\":[{\"@type\":\"ListItem\",\"position\":1,\"name\":\"Home\",\"item\":\"https:\/\/yoopies.es\/c\/\"},{\"@type\":\"ListItem\",\"position\":2,\"name\":\"La gu\u00eda definitiva de la limpieza del hogar\",\"item\":\"https:\/\/yoopies.es\/c\/guia-definitiva-limpieza-hogar\/\"},{\"@type\":\"ListItem\",\"position\":3,\"name\":\"C\u00f3mo encontrar a la empleada del hogar perfecta\"}]},{\"@type\":\"WebSite\",\"@id\":\"https:\/\/yoopies.es\/c\/#website\",\"url\":\"https:\/\/yoopies.es\/c\/\",\"name\":\"Yoopies Espa\u00f1a\",\"description\":\"\",\"publisher\":{\"@id\":\"https:\/\/yoopies.es\/c\/#organization\"},\"potentialAction\":[{\"@type\":\"SearchAction\",\"target\":{\"@type\":\"EntryPoint\",\"urlTemplate\":\"https:\/\/yoopies.es\/c\/?s={search_term_string}\"},\"query-input\":{\"@type\":\"PropertyValueSpecification\",\"valueRequired\":true,\"valueName\":\"search_term_string\"}}],\"inLanguage\":\"es\"},{\"@type\":\"Organization\",\"@id\":\"https:\/\/yoopies.es\/c\/#organization\",\"name\":\"Yoopies Espa\u00f1a\",\"url\":\"https:\/\/yoopies.es\/c\/\",\"logo\":{\"@type\":\"ImageObject\",\"inLanguage\":\"es\",\"@id\":\"https:\/\/yoopies.es\/c\/#\/schema\/logo\/image\/\",\"url\":\"https:\/\/yoopies.es\/c\/wp-content\/uploads\/sites\/7\/2025\/05\/cropped-Logo_Yoopies-2.png\",\"contentUrl\":\"https:\/\/yoopies.es\/c\/wp-content\/uploads\/sites\/7\/2025\/05\/cropped-Logo_Yoopies-2.png\",\"width\":512,\"height\":512,\"caption\":\"Yoopies Espa\u00f1a\"},\"image\":{\"@id\":\"https:\/\/yoopies.es\/c\/#\/schema\/logo\/image\/\"}}]}<\/script>\n<!-- \/ Yoast SEO plugin. -->","yoast_head_json":{"title":"C\u00f3mo encontrar a la empleada del hogar perfecta","description":"\u00bfBuscas una persona de limpieza a domicilio de confianza para ayudarte con las tareas de casa? Puede ser dif\u00edcil saber por d\u00f3nde empezar y en qui\u00e9n confiar en t\u00e9rminos de calidad y precio. \u00a1Te ayudamos con ello!","robots":{"index":"index","follow":"follow","max-snippet":"max-snippet:-1","max-image-preview":"max-image-preview:large","max-video-preview":"max-video-preview:-1"},"canonical":"https:\/\/yoopies.es\/c\/guia-definitiva-limpieza-hogar\/como-encontrar-a-la-empleada-del-hogar-perfecta\/","og_locale":"es_ES","og_type":"article","og_title":"C\u00f3mo encontrar a la empleada del hogar perfecta","og_description":"\u00bfBuscas una persona de limpieza a domicilio de confianza para ayudarte con las tareas de casa? Puede ser dif\u00edcil saber por d\u00f3nde empezar y en qui\u00e9n confiar en t\u00e9rminos de calidad y precio. \u00a1Te ayudamos con ello!","og_url":"https:\/\/yoopies.es\/c\/guia-definitiva-limpieza-hogar\/como-encontrar-a-la-empleada-del-hogar-perfecta\/","og_site_name":"Yoopies Espa\u00f1a","article_modified_time":"2025-06-12T08:44:05+00:00","og_image":[{"width":1200,"height":400,"url":"https:\/\/yoopies.es\/c\/wp-content\/uploads\/sites\/7\/2024\/04\/5b2e903c-c720-49f9-87c3-6ef848eaa8e2-encontrarempleadadehogar.jpg","type":"image\/jpeg"}],"twitter_card":"summary_large_image","twitter_misc":{"Tiempo de lectura":"8 minutos"},"schema":{"@context":"https:\/\/schema.org","@graph":[{"@type":"WebPage","@id":"https:\/\/yoopies.es\/c\/guia-definitiva-limpieza-hogar\/como-encontrar-a-la-empleada-del-hogar-perfecta\/","url":"https:\/\/yoopies.es\/c\/guia-definitiva-limpieza-hogar\/como-encontrar-a-la-empleada-del-hogar-perfecta\/","name":"C\u00f3mo encontrar a la empleada del hogar perfecta","isPartOf":{"@id":"https:\/\/yoopies.es\/c\/#website"},"primaryImageOfPage":{"@id":"https:\/\/yoopies.es\/c\/guia-definitiva-limpieza-hogar\/como-encontrar-a-la-empleada-del-hogar-perfecta\/#primaryimage"},"image":{"@id":"https:\/\/yoopies.es\/c\/guia-definitiva-limpieza-hogar\/como-encontrar-a-la-empleada-del-hogar-perfecta\/#primaryimage"},"thumbnailUrl":"https:\/\/yoopies.es\/c\/wp-content\/uploads\/sites\/7\/2024\/04\/5b2e903c-c720-49f9-87c3-6ef848eaa8e2-encontrarempleadadehogar.jpg","datePublished":"2024-04-02T13:34:00+00:00","dateModified":"2025-06-12T08:44:05+00:00","description":"\u00bfBuscas una persona de limpieza a domicilio de confianza para ayudarte con las tareas de casa? Puede ser dif\u00edcil saber por d\u00f3nde empezar y en qui\u00e9n confiar en t\u00e9rminos de calidad y precio. \u00a1Te ayudamos con ello!","breadcrumb":{"@id":"https:\/\/yoopies.es\/c\/guia-definitiva-limpieza-hogar\/como-encontrar-a-la-empleada-del-hogar-perfecta\/#breadcrumb"},"inLanguage":"es","potentialAction":[{"@type":"ReadAction","target":["https:\/\/yoopies.es\/c\/guia-definitiva-limpieza-hogar\/como-encontrar-a-la-empleada-del-hogar-perfecta\/"]}]},{"@type":"ImageObject","inLanguage":"es","@id":"https:\/\/yoopies.es\/c\/guia-definitiva-limpieza-hogar\/como-encontrar-a-la-empleada-del-hogar-perfecta\/#primaryimage","url":"https:\/\/yoopies.es\/c\/wp-content\/uploads\/sites\/7\/2024\/04\/5b2e903c-c720-49f9-87c3-6ef848eaa8e2-encontrarempleadadehogar.jpg","contentUrl":"https:\/\/yoopies.es\/c\/wp-content\/uploads\/sites\/7\/2024\/04\/5b2e903c-c720-49f9-87c3-6ef848eaa8e2-encontrarempleadadehogar.jpg","width":1200,"height":400},{"@type":"BreadcrumbList","@id":"https:\/\/yoopies.es\/c\/guia-definitiva-limpieza-hogar\/como-encontrar-a-la-empleada-del-hogar-perfecta\/#breadcrumb","itemListElement":[{"@type":"ListItem","position":1,"name":"Home","item":"https:\/\/yoopies.es\/c\/"},{"@type":"ListItem","position":2,"name":"La gu\u00eda definitiva de la limpieza del hogar","item":"https:\/\/yoopies.es\/c\/guia-definitiva-limpieza-hogar\/"},{"@type":"ListItem","position":3,"name":"C\u00f3mo encontrar a la empleada del hogar perfecta"}]},{"@type":"WebSite","@id":"https:\/\/yoopies.es\/c\/#website","url":"https:\/\/yoopies.es\/c\/","name":"Yoopies Espa\u00f1a","description":"","publisher":{"@id":"https:\/\/yoopies.es\/c\/#organization"},"potentialAction":[{"@type":"SearchAction","target":{"@type":"EntryPoint","urlTemplate":"https:\/\/yoopies.es\/c\/?s={search_term_string}"},"query-input":{"@type":"PropertyValueSpecification","valueRequired":true,"valueName":"search_term_string"}}],"inLanguage":"es"},{"@type":"Organization","@id":"https:\/\/yoopies.es\/c\/#organization","name":"Yoopies Espa\u00f1a","url":"https:\/\/yoopies.es\/c\/","logo":{"@type":"ImageObject","inLanguage":"es","@id":"https:\/\/yoopies.es\/c\/#\/schema\/logo\/image\/","url":"https:\/\/yoopies.es\/c\/wp-content\/uploads\/sites\/7\/2025\/05\/cropped-Logo_Yoopies-2.png","contentUrl":"https:\/\/yoopies.es\/c\/wp-content\/uploads\/sites\/7\/2025\/05\/cropped-Logo_Yoopies-2.png","width":512,"height":512,"caption":"Yoopies Espa\u00f1a"},"image":{"@id":"https:\/\/yoopies.es\/c\/#\/schema\/logo\/image\/"}}]}},"_links":{"self":[{"href":"https:\/\/yoopies.es\/c\/wp-json\/wp\/v2\/pages\/274","targetHints":{"allow":["GET"]}}],"collection":[{"href":"https:\/\/yoopies.es\/c\/wp-json\/wp\/v2\/pages"}],"about":[{"href":"https:\/\/yoopies.es\/c\/wp-json\/wp\/v2\/types\/page"}],"author":[{"embeddable":true,"href":"https:\/\/yoopies.es\/c\/wp-json\/wp\/v2\/users\/10"}],"replies":[{"embeddable":true,"href":"https:\/\/yoopies.es\/c\/wp-json\/wp\/v2\/comments?post=274"}],"version-history":[{"count":1,"href":"https:\/\/yoopies.es\/c\/wp-json\/wp\/v2\/pages\/274\/revisions"}],"predecessor-version":[{"id":277,"href":"https:\/\/yoopies.es\/c\/wp-json\/wp\/v2\/pages\/274\/revisions\/277"}],"up":[{"embeddable":true,"href":"https:\/\/yoopies.es\/c\/wp-json\/wp\/v2\/pages\/40"}],"wp:featuredmedia":[{"embeddable":true,"href":"https:\/\/yoopies.es\/c\/wp-json\/wp\/v2\/media\/276"}],"wp:attachment":[{"href":"https:\/\/yoopies.es\/c\/wp-json\/wp\/v2\/media?parent=274"}],"curies":[{"name":"wp","href":"https:\/\/api.w.org\/{rel}","templated":true}]}}