{"id":259,"date":"2024-04-02T13:24:33","date_gmt":"2024-04-02T13:24:33","guid":{"rendered":"https:\/\/blog.yoopies.es\/guia-definitiva-limpieza-hogar\/como-pueden-ayudar-los-ninos-en-casa\/"},"modified":"2025-06-12T08:44:05","modified_gmt":"2025-06-12T08:44:05","slug":"como-pueden-ayudar-los-ninos-en-casa","status":"publish","type":"page","link":"https:\/\/yoopies.es\/c\/guia-definitiva-limpieza-hogar\/como-pueden-ayudar-los-ninos-en-casa\/","title":{"rendered":"\u00bfC\u00f3mo pueden ayudar los ni\u00f1os en casa?"},"content":{"rendered":"<figure><img decoding=\"async\" src=\"https:\/\/yoopies.es\/c\/wp-content\/uploads\/sites\/7\/2024\/04\/55d766890ef62c41546c172c8777430ba2e09001-shutterstock-1362712820-ld.jpg\" \/><\/figure>\n<p><p><strong>En un momento en el que las familias tratan cada vez m&aacute;s de conciliar vida laboral y familiar<\/strong>, repartiendo las tareas del hogar de manera igualitaria,<strong> es fundamental transmitir a nuestros hijos la importancia de colaborar en casa. <\/strong> El objetivo debe ser fomentar este tipo de responsabilidades desde la infancia para que las tareas dom&eacute;sticas se conviertan en algo natural en su d&iacute;a a d&iacute;a, sin asumir roles o repartos de estas labores en funci&oacute;n de su sexo.<\/p>\n<p>Atr&aacute;s quedan ya esos d&iacute;as en los que, siendo muy peque&ntilde;os, nuestros hijos estaban totalmente dispuestos a ayudarnos <strong>gracias al poder de imitaci&oacute;n<\/strong> que tienen en las primeras etapas de su crecimiento. &iexcl;Pero no todo est&aacute; perdido!, aunque con los a&ntilde;os se vuelvan m&aacute;s perezosos, podemos motivarles para que ayuden con estos sencillos consejos que te proponemos:<\/p>\n<\/p>\n<p><h2><strong>&iquest;C&oacute;mo motivo a mi hijo para que realice tareas del hogar?<\/strong><\/h2>\n<p>Te recomendamos que empiece por alguna actividad que le guste y le resulte f&aacute;cil. <strong>Ay&uacute;dale siempre las primeras veces que lo haga para que se habit&uacute;e al tipo de tarea<\/strong>. Adem&aacute;s, las primeras veces puedes motivarlo con alguna recompensa por su labor, como una salida al parque con sus mejores amigos o un rato de juegos en familia. De esta manera ver&aacute; que si todos os implic&aacute;is en casa, dispondr&eacute;is de m&aacute;s tiempo libre.<\/p>\n<p>Tambi&eacute;n es esencial que le propongas <strong>tareas muy claras y concretas,<\/strong> explic&aacute;ndole de manera sencilla lo que debe hacer. Por ejemplo, en lugar de decirle &ldquo;Pon la mesa&rdquo;, comienza con algo m&aacute;s espec&iacute;fico, como &ldquo;Coge los vasos y ponlos en la mesa&rdquo;. Por supuesto, <strong>te aconsejamos que valores su esfuerzo con palabras que supongan un refuerzo positivo.<\/strong> De esta manera se sentir&aacute; orgulloso y motivado para volver a hacerlo.<\/p>\n<p>&iexcl;Nunca le hagas cr&iacute;ticas que no sean constructivas! Ay&uacute;dale y ens&eacute;&ntilde;ale para que mejore poco a poco.<\/p>\n<p>Por otra parte, recuerda que las tareas dom&eacute;sticas no deben usarse nunca como un castigo cuando se porta mal, sino como una misi&oacute;n que comparten todos los miembros de la familia para una buena convivencia. &iexcl;Emplea otro tipo de castigos que no le aporten esa visi&oacute;n negativa!<\/p>\n<\/p>\n<figure><img decoding=\"async\" src=\"https:\/\/yoopies.es\/c\/wp-content\/uploads\/sites\/7\/2024\/04\/14b85553c6ccee2c6b98295699e6939a67485c26-shutterstock-683354542-ld.jpg\" \/><\/figure>\n<p><h2><strong>&iquest;Qu&eacute; pueden hacer los ni&ntilde;os seg&uacute;n su edad?<\/strong><\/h2>\n<p>Cuando pedimos a nuestro hijo que realice una determinada tarea, debemos tener en cuenta   que   esta   se   le   debe   asignar  en   funci&oacute;n   de   su   edad,   caracter&iacute;sticas y habilidades.<\/p>\n<p>A continuaci&oacute;n, te presentamos algunas ideas para que empiece a colaborar seg&uacute;n su edad:<\/p>\n<ul>\n<li>Un ni&ntilde;o de dos o tres a&ntilde;os puede recoger sus juguetes, llevar su ropa a la habitaci&oacute;n y tirar cosas a la basura, por ejemplo.<\/li>\n<li>Cuando el ni&ntilde;o tiene <strong>de 4 a 5 a&ntilde;os<\/strong> ya es capaz de vestirse sin nuestra ayuda, asearse y darle de comer a su mascota. Tambi&eacute;n puede poner la mesa si le facilitamos nosotros los platos, vasos, servilletas, etc. (&iexcl;mejor dejar para m&aacute;s adelante los cubiertos!).<\/li>\n<li><strong>Entre los 6 y 7 a&ntilde;os,<\/strong> ya est&aacute; preparado para organizar su mochila para el colegio, recoger su escritorio, hacer la cama y quitar el polvo de las estanter&iacute;as de casa.<\/li>\n<li><strong>Cuando tenga 8-9 a&ntilde;os<\/strong> podr&aacute; ducharse solo o cuidar de su mascota. Adem&aacute;s, si es un seguidor de los programas de cocina, tan en auge hoy d&iacute;a, seguro que quiere preparar su desayuno, merienda u otro plato m&aacute;s elaborado (en este &uacute;ltimo caso con tu ayuda).<\/li>\n<li><strong>Ya con 10 u 11 a&ntilde;os<\/strong> ser&aacute; capaz de limpiar su habitaci&oacute;n, regar las plantas, tender la ropa y ayudarte con el cuidado de su hermano menor.<\/li>\n<li><strong>A partir de los 12 a&ntilde;os<\/strong> ya puede sacar la basura, hacer la compra u otro recado y limpiar la cristaler&iacute;a o pasar la aspiradora.<\/li>\n<\/ul>\n<p>Por supuesto, las actividades que se&ntilde;alamos deber&aacute;n adaptarse a las caracter&iacute;sticas y el nivel de desarrollo del ni&ntilde;o, valorando aquellas que se consideren m&aacute;s acordes al mismo y sus habilidades. Estas ideas tambi&eacute;n debes compartirlas con la persona que cuide de tu hijo. Si en este momento est&aacute;s buscando ni&ntilde;era o canguro,<a href=\"https:\/\/yoopies.es\/c\/Entrevista%20con%20la%20ni%C3%B1era:%20preguntas%20y%20consejos\"> &iexcl;no te pierdas este art&iacute;culo con algunos consejos para encontrar a la persona que se adapte a tus necesidades!<\/a><\/p>\n<\/p>\n<p><a class=\"button\" href=\"https:\/\/yoopies.es\/servicio-dom%C3%A9stico\">\u00bfNecesitas ayuda en casa?, \u00a1en Yoopies encontrar\u00e1s muchas opciones de servicio dom\u00e9stico!<\/a><\/p>\n","protected":false},"excerpt":{"rendered":"<p>En un momento en el que las familias tratan cada vez m&aacute;s de conciliar vida &hellip; <\/p>\n","protected":false},"author":10,"featured_media":262,"parent":40,"menu_order":0,"comment_status":"closed","ping_status":"closed","template":"","meta":{"_acf_changed":false,"footnotes":""},"class_list":["post-259","page","type-page","status-publish","has-post-thumbnail","hentry"],"acf":[],"yoast_head":"<!-- This site is optimized with the Yoast SEO plugin v26.9 - https:\/\/yoast.com\/product\/yoast-seo-wordpress\/ -->\n<title>\u00bfC\u00f3mo pueden ayudar los ni\u00f1os en casa?<\/title>\n<meta name=\"description\" content=\"El objetivo debe ser fomentar este tipo de responsabilidades desde la infancia para que las tareas dom\u00e9sticas se conviertan en algo natural en su d\u00eda a d\u00eda!\" \/>\n<meta name=\"robots\" content=\"index, follow, max-snippet:-1, max-image-preview:large, max-video-preview:-1\" \/>\n<link rel=\"canonical\" href=\"https:\/\/yoopies.es\/c\/guia-definitiva-limpieza-hogar\/como-pueden-ayudar-los-ninos-en-casa\/\" \/>\n<meta property=\"og:locale\" content=\"es_ES\" \/>\n<meta property=\"og:type\" content=\"article\" \/>\n<meta property=\"og:title\" content=\"\u00bfC\u00f3mo pueden ayudar los ni\u00f1os en casa?\" \/>\n<meta property=\"og:description\" content=\"El objetivo debe ser fomentar este tipo de responsabilidades desde la infancia para que las tareas dom\u00e9sticas se conviertan en algo natural en su d\u00eda a d\u00eda!\" \/>\n<meta property=\"og:url\" content=\"https:\/\/yoopies.es\/c\/guia-definitiva-limpieza-hogar\/como-pueden-ayudar-los-ninos-en-casa\/\" \/>\n<meta property=\"og:site_name\" content=\"Yoopies Espa\u00f1a\" \/>\n<meta property=\"article:modified_time\" content=\"2025-06-12T08:44:05+00:00\" \/>\n<meta property=\"og:image\" content=\"https:\/\/yoopies.es\/c\/wp-content\/uploads\/sites\/7\/2024\/04\/6ce85fecb4e09171605ef0542efd4910c72aa93b-shutterstock-683354542-ld.jpg\" \/>\n\t<meta property=\"og:image:width\" content=\"1200\" \/>\n\t<meta property=\"og:image:height\" content=\"790\" \/>\n\t<meta property=\"og:image:type\" content=\"image\/jpeg\" \/>\n<meta name=\"twitter:card\" content=\"summary_large_image\" \/>\n<meta name=\"twitter:label1\" content=\"Tiempo de lectura\" \/>\n\t<meta name=\"twitter:data1\" content=\"4 minutos\" \/>\n<script type=\"application\/ld+json\" class=\"yoast-schema-graph\">{\"@context\":\"https:\/\/schema.org\",\"@graph\":[{\"@type\":\"WebPage\",\"@id\":\"https:\/\/yoopies.es\/c\/guia-definitiva-limpieza-hogar\/como-pueden-ayudar-los-ninos-en-casa\/\",\"url\":\"https:\/\/yoopies.es\/c\/guia-definitiva-limpieza-hogar\/como-pueden-ayudar-los-ninos-en-casa\/\",\"name\":\"\u00bfC\u00f3mo pueden ayudar los ni\u00f1os en casa?\",\"isPartOf\":{\"@id\":\"https:\/\/yoopies.es\/c\/#website\"},\"primaryImageOfPage\":{\"@id\":\"https:\/\/yoopies.es\/c\/guia-definitiva-limpieza-hogar\/como-pueden-ayudar-los-ninos-en-casa\/#primaryimage\"},\"image\":{\"@id\":\"https:\/\/yoopies.es\/c\/guia-definitiva-limpieza-hogar\/como-pueden-ayudar-los-ninos-en-casa\/#primaryimage\"},\"thumbnailUrl\":\"https:\/\/yoopies.es\/c\/wp-content\/uploads\/sites\/7\/2024\/04\/6ce85fecb4e09171605ef0542efd4910c72aa93b-shutterstock-683354542-ld.jpg\",\"datePublished\":\"2024-04-02T13:24:33+00:00\",\"dateModified\":\"2025-06-12T08:44:05+00:00\",\"description\":\"El objetivo debe ser fomentar este tipo de responsabilidades desde la infancia para que las tareas dom\u00e9sticas se conviertan en algo natural en su d\u00eda a d\u00eda!\",\"breadcrumb\":{\"@id\":\"https:\/\/yoopies.es\/c\/guia-definitiva-limpieza-hogar\/como-pueden-ayudar-los-ninos-en-casa\/#breadcrumb\"},\"inLanguage\":\"es\",\"potentialAction\":[{\"@type\":\"ReadAction\",\"target\":[\"https:\/\/yoopies.es\/c\/guia-definitiva-limpieza-hogar\/como-pueden-ayudar-los-ninos-en-casa\/\"]}]},{\"@type\":\"ImageObject\",\"inLanguage\":\"es\",\"@id\":\"https:\/\/yoopies.es\/c\/guia-definitiva-limpieza-hogar\/como-pueden-ayudar-los-ninos-en-casa\/#primaryimage\",\"url\":\"https:\/\/yoopies.es\/c\/wp-content\/uploads\/sites\/7\/2024\/04\/6ce85fecb4e09171605ef0542efd4910c72aa93b-shutterstock-683354542-ld.jpg\",\"contentUrl\":\"https:\/\/yoopies.es\/c\/wp-content\/uploads\/sites\/7\/2024\/04\/6ce85fecb4e09171605ef0542efd4910c72aa93b-shutterstock-683354542-ld.jpg\",\"width\":1200,\"height\":790},{\"@type\":\"BreadcrumbList\",\"@id\":\"https:\/\/yoopies.es\/c\/guia-definitiva-limpieza-hogar\/como-pueden-ayudar-los-ninos-en-casa\/#breadcrumb\",\"itemListElement\":[{\"@type\":\"ListItem\",\"position\":1,\"name\":\"Home\",\"item\":\"https:\/\/yoopies.es\/c\/\"},{\"@type\":\"ListItem\",\"position\":2,\"name\":\"La gu\u00eda definitiva de la limpieza del hogar\",\"item\":\"https:\/\/yoopies.es\/c\/guia-definitiva-limpieza-hogar\/\"},{\"@type\":\"ListItem\",\"position\":3,\"name\":\"\u00bfC\u00f3mo pueden ayudar los ni\u00f1os en casa?\"}]},{\"@type\":\"WebSite\",\"@id\":\"https:\/\/yoopies.es\/c\/#website\",\"url\":\"https:\/\/yoopies.es\/c\/\",\"name\":\"Yoopies Espa\u00f1a\",\"description\":\"\",\"publisher\":{\"@id\":\"https:\/\/yoopies.es\/c\/#organization\"},\"potentialAction\":[{\"@type\":\"SearchAction\",\"target\":{\"@type\":\"EntryPoint\",\"urlTemplate\":\"https:\/\/yoopies.es\/c\/?s={search_term_string}\"},\"query-input\":{\"@type\":\"PropertyValueSpecification\",\"valueRequired\":true,\"valueName\":\"search_term_string\"}}],\"inLanguage\":\"es\"},{\"@type\":\"Organization\",\"@id\":\"https:\/\/yoopies.es\/c\/#organization\",\"name\":\"Yoopies Espa\u00f1a\",\"url\":\"https:\/\/yoopies.es\/c\/\",\"logo\":{\"@type\":\"ImageObject\",\"inLanguage\":\"es\",\"@id\":\"https:\/\/yoopies.es\/c\/#\/schema\/logo\/image\/\",\"url\":\"https:\/\/yoopies.es\/c\/wp-content\/uploads\/sites\/7\/2025\/05\/cropped-Logo_Yoopies-2.png\",\"contentUrl\":\"https:\/\/yoopies.es\/c\/wp-content\/uploads\/sites\/7\/2025\/05\/cropped-Logo_Yoopies-2.png\",\"width\":512,\"height\":512,\"caption\":\"Yoopies Espa\u00f1a\"},\"image\":{\"@id\":\"https:\/\/yoopies.es\/c\/#\/schema\/logo\/image\/\"}}]}<\/script>\n<!-- \/ Yoast SEO plugin. -->","yoast_head_json":{"title":"\u00bfC\u00f3mo pueden ayudar los ni\u00f1os en casa?","description":"El objetivo debe ser fomentar este tipo de responsabilidades desde la infancia para que las tareas dom\u00e9sticas se conviertan en algo natural en su d\u00eda a d\u00eda!","robots":{"index":"index","follow":"follow","max-snippet":"max-snippet:-1","max-image-preview":"max-image-preview:large","max-video-preview":"max-video-preview:-1"},"canonical":"https:\/\/yoopies.es\/c\/guia-definitiva-limpieza-hogar\/como-pueden-ayudar-los-ninos-en-casa\/","og_locale":"es_ES","og_type":"article","og_title":"\u00bfC\u00f3mo pueden ayudar los ni\u00f1os en casa?","og_description":"El objetivo debe ser fomentar este tipo de responsabilidades desde la infancia para que las tareas dom\u00e9sticas se conviertan en algo natural en su d\u00eda a d\u00eda!","og_url":"https:\/\/yoopies.es\/c\/guia-definitiva-limpieza-hogar\/como-pueden-ayudar-los-ninos-en-casa\/","og_site_name":"Yoopies Espa\u00f1a","article_modified_time":"2025-06-12T08:44:05+00:00","og_image":[{"width":1200,"height":790,"url":"https:\/\/yoopies.es\/c\/wp-content\/uploads\/sites\/7\/2024\/04\/6ce85fecb4e09171605ef0542efd4910c72aa93b-shutterstock-683354542-ld.jpg","type":"image\/jpeg"}],"twitter_card":"summary_large_image","twitter_misc":{"Tiempo de lectura":"4 minutos"},"schema":{"@context":"https:\/\/schema.org","@graph":[{"@type":"WebPage","@id":"https:\/\/yoopies.es\/c\/guia-definitiva-limpieza-hogar\/como-pueden-ayudar-los-ninos-en-casa\/","url":"https:\/\/yoopies.es\/c\/guia-definitiva-limpieza-hogar\/como-pueden-ayudar-los-ninos-en-casa\/","name":"\u00bfC\u00f3mo pueden ayudar los ni\u00f1os en casa?","isPartOf":{"@id":"https:\/\/yoopies.es\/c\/#website"},"primaryImageOfPage":{"@id":"https:\/\/yoopies.es\/c\/guia-definitiva-limpieza-hogar\/como-pueden-ayudar-los-ninos-en-casa\/#primaryimage"},"image":{"@id":"https:\/\/yoopies.es\/c\/guia-definitiva-limpieza-hogar\/como-pueden-ayudar-los-ninos-en-casa\/#primaryimage"},"thumbnailUrl":"https:\/\/yoopies.es\/c\/wp-content\/uploads\/sites\/7\/2024\/04\/6ce85fecb4e09171605ef0542efd4910c72aa93b-shutterstock-683354542-ld.jpg","datePublished":"2024-04-02T13:24:33+00:00","dateModified":"2025-06-12T08:44:05+00:00","description":"El objetivo debe ser fomentar este tipo de responsabilidades desde la infancia para que las tareas dom\u00e9sticas se conviertan en algo natural en su d\u00eda a d\u00eda!","breadcrumb":{"@id":"https:\/\/yoopies.es\/c\/guia-definitiva-limpieza-hogar\/como-pueden-ayudar-los-ninos-en-casa\/#breadcrumb"},"inLanguage":"es","potentialAction":[{"@type":"ReadAction","target":["https:\/\/yoopies.es\/c\/guia-definitiva-limpieza-hogar\/como-pueden-ayudar-los-ninos-en-casa\/"]}]},{"@type":"ImageObject","inLanguage":"es","@id":"https:\/\/yoopies.es\/c\/guia-definitiva-limpieza-hogar\/como-pueden-ayudar-los-ninos-en-casa\/#primaryimage","url":"https:\/\/yoopies.es\/c\/wp-content\/uploads\/sites\/7\/2024\/04\/6ce85fecb4e09171605ef0542efd4910c72aa93b-shutterstock-683354542-ld.jpg","contentUrl":"https:\/\/yoopies.es\/c\/wp-content\/uploads\/sites\/7\/2024\/04\/6ce85fecb4e09171605ef0542efd4910c72aa93b-shutterstock-683354542-ld.jpg","width":1200,"height":790},{"@type":"BreadcrumbList","@id":"https:\/\/yoopies.es\/c\/guia-definitiva-limpieza-hogar\/como-pueden-ayudar-los-ninos-en-casa\/#breadcrumb","itemListElement":[{"@type":"ListItem","position":1,"name":"Home","item":"https:\/\/yoopies.es\/c\/"},{"@type":"ListItem","position":2,"name":"La gu\u00eda definitiva de la limpieza del hogar","item":"https:\/\/yoopies.es\/c\/guia-definitiva-limpieza-hogar\/"},{"@type":"ListItem","position":3,"name":"\u00bfC\u00f3mo pueden ayudar los ni\u00f1os en casa?"}]},{"@type":"WebSite","@id":"https:\/\/yoopies.es\/c\/#website","url":"https:\/\/yoopies.es\/c\/","name":"Yoopies Espa\u00f1a","description":"","publisher":{"@id":"https:\/\/yoopies.es\/c\/#organization"},"potentialAction":[{"@type":"SearchAction","target":{"@type":"EntryPoint","urlTemplate":"https:\/\/yoopies.es\/c\/?s={search_term_string}"},"query-input":{"@type":"PropertyValueSpecification","valueRequired":true,"valueName":"search_term_string"}}],"inLanguage":"es"},{"@type":"Organization","@id":"https:\/\/yoopies.es\/c\/#organization","name":"Yoopies Espa\u00f1a","url":"https:\/\/yoopies.es\/c\/","logo":{"@type":"ImageObject","inLanguage":"es","@id":"https:\/\/yoopies.es\/c\/#\/schema\/logo\/image\/","url":"https:\/\/yoopies.es\/c\/wp-content\/uploads\/sites\/7\/2025\/05\/cropped-Logo_Yoopies-2.png","contentUrl":"https:\/\/yoopies.es\/c\/wp-content\/uploads\/sites\/7\/2025\/05\/cropped-Logo_Yoopies-2.png","width":512,"height":512,"caption":"Yoopies Espa\u00f1a"},"image":{"@id":"https:\/\/yoopies.es\/c\/#\/schema\/logo\/image\/"}}]}},"_links":{"self":[{"href":"https:\/\/yoopies.es\/c\/wp-json\/wp\/v2\/pages\/259","targetHints":{"allow":["GET"]}}],"collection":[{"href":"https:\/\/yoopies.es\/c\/wp-json\/wp\/v2\/pages"}],"about":[{"href":"https:\/\/yoopies.es\/c\/wp-json\/wp\/v2\/types\/page"}],"author":[{"embeddable":true,"href":"https:\/\/yoopies.es\/c\/wp-json\/wp\/v2\/users\/10"}],"replies":[{"embeddable":true,"href":"https:\/\/yoopies.es\/c\/wp-json\/wp\/v2\/comments?post=259"}],"version-history":[{"count":1,"href":"https:\/\/yoopies.es\/c\/wp-json\/wp\/v2\/pages\/259\/revisions"}],"predecessor-version":[{"id":263,"href":"https:\/\/yoopies.es\/c\/wp-json\/wp\/v2\/pages\/259\/revisions\/263"}],"up":[{"embeddable":true,"href":"https:\/\/yoopies.es\/c\/wp-json\/wp\/v2\/pages\/40"}],"wp:featuredmedia":[{"embeddable":true,"href":"https:\/\/yoopies.es\/c\/wp-json\/wp\/v2\/media\/262"}],"wp:attachment":[{"href":"https:\/\/yoopies.es\/c\/wp-json\/wp\/v2\/media?parent=259"}],"curies":[{"name":"wp","href":"https:\/\/api.w.org\/{rel}","templated":true}]}}