{"id":247,"date":"2021-06-14T11:14:36","date_gmt":"2021-06-14T11:14:36","guid":{"rendered":"https:\/\/blog.yoopies.es\/guia-definitiva-cuidado-mayores-dependientes\/navidad-solidaria-voluntarios-ayudan-a-su-comunidad\/"},"modified":"2025-06-12T08:44:06","modified_gmt":"2025-06-12T08:44:06","slug":"navidad-solidaria-voluntarios-ayudan-a-su-comunidad","status":"publish","type":"page","link":"https:\/\/yoopies.es\/c\/guia-definitiva-cuidado-mayores-dependientes\/navidad-solidaria-voluntarios-ayudan-a-su-comunidad\/","title":{"rendered":"#NavidadSolidaria: voluntarios ayudan a su comunidad en estas dif\u00edciles fiestas navide\u00f1as"},"content":{"rendered":"<figure><img decoding=\"async\" src=\"https:\/\/yoopies.es\/c\/wp-content\/uploads\/sites\/7\/2021\/06\/54043686-d5c8-4616-b7d4-f6d8a84a4cd0-eschristmaspr.jpg\" \/><\/figure>\n<p><p>El servicio de asistencia domiciliaria surge como una soluci&oacute;n para las personas mayores y de grupos de riesgo que necesitan cuidados especiales y que tendr&aacute;n unas navidades m&aacute;s solitarias por la pandemia de la Covid-19. En Yoopies, plataforma de atenci&oacute;n domiciliaria, los proveedores de servicios est&aacute;n mostrando su inter&eacute;s por ayudar a sus vecinos m&aacute;s vulnerables se&ntilde;alando su disponibilidad para ser voluntarios en Navidad y Fin de A&ntilde;o.<em><strong> Ni&ntilde;eras, cuidadores de mascotas, estudiantes y profesores y ofrecen servicios de cuidado de ni&ntilde;os y mascotas a personas de su zona,<\/strong><\/em> <em><strong>as&iacute; como ase unen al movimiento #NavidadSolidaria poyo escolar online<\/strong><\/em> a aquellos que lo necesiten. Descubra m&aacute;s aqu&iacute;: <strong><a href=\"https:\/\/yoopies.es\/info\/navidadsolidaria\/\">https:\/\/yoopies.es\/info\/navidadsolidaria\/<\/a><\/strong><\/p>\n<\/p>\n<p><strong>M&aacute;s de 2 millones de personas mayores viven solas en Espa&ntilde;a<br \/>\n<\/strong>Cuando pensamos en la Navidad, nos vienen a la cabeza palabras como unidad, familia, alegr&iacute;a y amistad. Pero las fiestas navide&ntilde;as pueden ser una &eacute;poca del a&ntilde;o muy solitaria, especialmente para los ancianos y, sobre todo en este a&ntilde;o 2020 en el que es imprescindible el distanciamiento social para proteger la salud. Lamentablemente, cada vez son m&aacute;s las personas mayores que sufren las consecuencias del aislamiento en Espa&ntilde;a y la situaci&oacute;n se mantiene respecto al a&ntilde;o anterior. Seg&uacute;n los datos publicados por el Instituto Nacional de Estad&iacute;stica (INE) en su &ldquo;Encuesta continua de hogares&rdquo; del a&ntilde;o 2019, 2.009.100 millones de personas mayores de 65 a&ntilde;os (un 41,9%) viven solas, y de ellas, 1.452.300 (un 72,3%) son mujeres.&nbsp;<\/p>\n<p><strong>#NavidadSolidaria: una comunidad de voluntarios dispuestos a ayudar estas fiestas navide&ntilde;as<br \/>\n<\/strong>Con el fin de ayudar a los m&aacute;s necesitados de asistencia y apoyo, Yoopies ofrece la funcionalidad de voluntariado y promueve la iniciativa #NavidadSolidaria. Respetando siempre las recomendaciones de distancia social y normas de higiene, los voluntarios ofrecen algunas horas de su d&iacute;a para tener <strong>peque&ntilde;os gestos de solidaridad<\/strong>, como ir a <strong>hacer la compra o a la farmacia<\/strong> a buscar medicinas; recibir y <strong>entregar correo <\/strong>en la oficina de correos; ayudar en<strong> las tareas del hogar <\/strong>o simplemente hacer compa&ntilde;&iacute;a a personas mayores y\/o dependientes.<\/p>\n<p><strong>Apoyo para todas las familias que lo necesitan en el barrio<\/strong><\/p>\n<p>La acci&oacute;n tambi&eacute;n se extiende al <strong>cuidado de ni&ntilde;os o de mascotas y al apoyo escolar online.<\/strong> Los voluntarios pueden ayudar a las familias que tienen dificultades para conciliar el teletrabajo con las rutinas de los ni&ntilde;os o <strong>los profesionales de la salud y de los sectores esenciales<\/strong> que necesitan ayuda con las tareas del hogar, ya sea para cuidar a los ni&ntilde;os durante unas horas al d&iacute;a como para entretenerlos, darles clases online o ayudar con el cuidado de mascotas, por ejemplo sacando al perro a pasear. Los voluntarios ya est&aacute;n respondiendo a la campa&ntilde;a en todo el pa&iacute;s, por lo que las familias pueden buscar ayuda registr&aacute;ndose en Yoopies y buscando perfiles a trav&eacute;s del filtro de b&uacute;squeda \u00abNavidad Solidaria: candidatos voluntarios\u00bb o en los perfiles &ldquo;Voluntario\/a frente al Covid-19&rdquo;.<\/p>\n<p><strong>En este enlace, tanto voluntarios como aquellos que necesitan de su ayuda pueden registrarse: <a href=\"https:\/\/yoopies.es\/info\/navidadsolidaria\/\">https:\/\/yoopies.es\/info\/navidadsolidaria\/<\/a><\/strong><\/p><\/p>\n","protected":false},"excerpt":{"rendered":"<p>El servicio de asistencia domiciliaria surge como una soluci&oacute;n para las personas mayores y de &hellip; <\/p>\n","protected":false},"author":10,"featured_media":249,"parent":34,"menu_order":0,"comment_status":"closed","ping_status":"closed","template":"","meta":{"_acf_changed":false,"footnotes":""},"class_list":["post-247","page","type-page","status-publish","has-post-thumbnail","hentry"],"acf":[],"yoast_head":"<!-- This site is optimized with the Yoast SEO plugin v26.9 - https:\/\/yoast.com\/product\/yoast-seo-wordpress\/ -->\n<title>#NavidadSolidaria: voluntarios ayudan a su comunidad en estas dif\u00edciles fiestas navide\u00f1as<\/title>\n<meta name=\"description\" content=\"En Yoopies, plataforma de atenci\u00f3n domiciliaria, los proveedores de servicios est\u00e1n mostrando su inter\u00e9s por ayudar a sus vecinos m\u00e1s vulnerables se\u00f1alando su disponibilidad para ser voluntarios en Navidad y Fin de A\u00f1o.\" \/>\n<meta name=\"robots\" content=\"index, follow, max-snippet:-1, max-image-preview:large, max-video-preview:-1\" \/>\n<link rel=\"canonical\" href=\"https:\/\/yoopies.es\/c\/guia-definitiva-cuidado-mayores-dependientes\/navidad-solidaria-voluntarios-ayudan-a-su-comunidad\/\" \/>\n<meta property=\"og:locale\" content=\"es_ES\" \/>\n<meta property=\"og:type\" content=\"article\" \/>\n<meta property=\"og:title\" content=\"#NavidadSolidaria: voluntarios ayudan a su comunidad en estas dif\u00edciles fiestas navide\u00f1as\" \/>\n<meta property=\"og:description\" content=\"En Yoopies, plataforma de atenci\u00f3n domiciliaria, los proveedores de servicios est\u00e1n mostrando su inter\u00e9s por ayudar a sus vecinos m\u00e1s vulnerables se\u00f1alando su disponibilidad para ser voluntarios en Navidad y Fin de A\u00f1o.\" \/>\n<meta property=\"og:url\" content=\"https:\/\/yoopies.es\/c\/guia-definitiva-cuidado-mayores-dependientes\/navidad-solidaria-voluntarios-ayudan-a-su-comunidad\/\" \/>\n<meta property=\"og:site_name\" content=\"Yoopies Espa\u00f1a\" \/>\n<meta property=\"article:modified_time\" content=\"2025-06-12T08:44:06+00:00\" \/>\n<meta property=\"og:image\" content=\"https:\/\/yoopies.es\/c\/wp-content\/uploads\/sites\/7\/2021\/06\/54043686-d5c8-4616-b7d4-f6d8a84a4cd0-eschristmaspr-1.jpg\" \/>\n\t<meta property=\"og:image:width\" content=\"1200\" \/>\n\t<meta property=\"og:image:height\" content=\"628\" \/>\n\t<meta property=\"og:image:type\" content=\"image\/jpeg\" \/>\n<meta name=\"twitter:card\" content=\"summary_large_image\" \/>\n<meta name=\"twitter:label1\" content=\"Tiempo de lectura\" \/>\n\t<meta name=\"twitter:data1\" content=\"3 minutos\" \/>\n<script type=\"application\/ld+json\" class=\"yoast-schema-graph\">{\"@context\":\"https:\/\/schema.org\",\"@graph\":[{\"@type\":\"WebPage\",\"@id\":\"https:\/\/yoopies.es\/c\/guia-definitiva-cuidado-mayores-dependientes\/navidad-solidaria-voluntarios-ayudan-a-su-comunidad\/\",\"url\":\"https:\/\/yoopies.es\/c\/guia-definitiva-cuidado-mayores-dependientes\/navidad-solidaria-voluntarios-ayudan-a-su-comunidad\/\",\"name\":\"#NavidadSolidaria: voluntarios ayudan a su comunidad en estas dif\u00edciles fiestas navide\u00f1as\",\"isPartOf\":{\"@id\":\"https:\/\/yoopies.es\/c\/#website\"},\"primaryImageOfPage\":{\"@id\":\"https:\/\/yoopies.es\/c\/guia-definitiva-cuidado-mayores-dependientes\/navidad-solidaria-voluntarios-ayudan-a-su-comunidad\/#primaryimage\"},\"image\":{\"@id\":\"https:\/\/yoopies.es\/c\/guia-definitiva-cuidado-mayores-dependientes\/navidad-solidaria-voluntarios-ayudan-a-su-comunidad\/#primaryimage\"},\"thumbnailUrl\":\"https:\/\/yoopies.es\/c\/wp-content\/uploads\/sites\/7\/2021\/06\/54043686-d5c8-4616-b7d4-f6d8a84a4cd0-eschristmaspr-1.jpg\",\"datePublished\":\"2021-06-14T11:14:36+00:00\",\"dateModified\":\"2025-06-12T08:44:06+00:00\",\"description\":\"En Yoopies, plataforma de atenci\u00f3n domiciliaria, los proveedores de servicios est\u00e1n mostrando su inter\u00e9s por ayudar a sus vecinos m\u00e1s vulnerables se\u00f1alando su disponibilidad para ser voluntarios en Navidad y Fin de A\u00f1o.\",\"breadcrumb\":{\"@id\":\"https:\/\/yoopies.es\/c\/guia-definitiva-cuidado-mayores-dependientes\/navidad-solidaria-voluntarios-ayudan-a-su-comunidad\/#breadcrumb\"},\"inLanguage\":\"es\",\"potentialAction\":[{\"@type\":\"ReadAction\",\"target\":[\"https:\/\/yoopies.es\/c\/guia-definitiva-cuidado-mayores-dependientes\/navidad-solidaria-voluntarios-ayudan-a-su-comunidad\/\"]}]},{\"@type\":\"ImageObject\",\"inLanguage\":\"es\",\"@id\":\"https:\/\/yoopies.es\/c\/guia-definitiva-cuidado-mayores-dependientes\/navidad-solidaria-voluntarios-ayudan-a-su-comunidad\/#primaryimage\",\"url\":\"https:\/\/yoopies.es\/c\/wp-content\/uploads\/sites\/7\/2021\/06\/54043686-d5c8-4616-b7d4-f6d8a84a4cd0-eschristmaspr-1.jpg\",\"contentUrl\":\"https:\/\/yoopies.es\/c\/wp-content\/uploads\/sites\/7\/2021\/06\/54043686-d5c8-4616-b7d4-f6d8a84a4cd0-eschristmaspr-1.jpg\",\"width\":1200,\"height\":628},{\"@type\":\"BreadcrumbList\",\"@id\":\"https:\/\/yoopies.es\/c\/guia-definitiva-cuidado-mayores-dependientes\/navidad-solidaria-voluntarios-ayudan-a-su-comunidad\/#breadcrumb\",\"itemListElement\":[{\"@type\":\"ListItem\",\"position\":1,\"name\":\"Home\",\"item\":\"https:\/\/yoopies.es\/c\/\"},{\"@type\":\"ListItem\",\"position\":2,\"name\":\"La gu\u00eda definitiva del cuidado de personas mayores y dependientes\",\"item\":\"https:\/\/yoopies.es\/c\/guia-definitiva-cuidado-mayores-dependientes\/\"},{\"@type\":\"ListItem\",\"position\":3,\"name\":\"#NavidadSolidaria: voluntarios ayudan a su comunidad en estas dif\u00edciles fiestas navide\u00f1as\"}]},{\"@type\":\"WebSite\",\"@id\":\"https:\/\/yoopies.es\/c\/#website\",\"url\":\"https:\/\/yoopies.es\/c\/\",\"name\":\"Yoopies Espa\u00f1a\",\"description\":\"\",\"publisher\":{\"@id\":\"https:\/\/yoopies.es\/c\/#organization\"},\"potentialAction\":[{\"@type\":\"SearchAction\",\"target\":{\"@type\":\"EntryPoint\",\"urlTemplate\":\"https:\/\/yoopies.es\/c\/?s={search_term_string}\"},\"query-input\":{\"@type\":\"PropertyValueSpecification\",\"valueRequired\":true,\"valueName\":\"search_term_string\"}}],\"inLanguage\":\"es\"},{\"@type\":\"Organization\",\"@id\":\"https:\/\/yoopies.es\/c\/#organization\",\"name\":\"Yoopies Espa\u00f1a\",\"url\":\"https:\/\/yoopies.es\/c\/\",\"logo\":{\"@type\":\"ImageObject\",\"inLanguage\":\"es\",\"@id\":\"https:\/\/yoopies.es\/c\/#\/schema\/logo\/image\/\",\"url\":\"https:\/\/yoopies.es\/c\/wp-content\/uploads\/sites\/7\/2025\/05\/cropped-Logo_Yoopies-2.png\",\"contentUrl\":\"https:\/\/yoopies.es\/c\/wp-content\/uploads\/sites\/7\/2025\/05\/cropped-Logo_Yoopies-2.png\",\"width\":512,\"height\":512,\"caption\":\"Yoopies Espa\u00f1a\"},\"image\":{\"@id\":\"https:\/\/yoopies.es\/c\/#\/schema\/logo\/image\/\"}}]}<\/script>\n<!-- \/ Yoast SEO plugin. -->","yoast_head_json":{"title":"#NavidadSolidaria: voluntarios ayudan a su comunidad en estas dif\u00edciles fiestas navide\u00f1as","description":"En Yoopies, plataforma de atenci\u00f3n domiciliaria, los proveedores de servicios est\u00e1n mostrando su inter\u00e9s por ayudar a sus vecinos m\u00e1s vulnerables se\u00f1alando su disponibilidad para ser voluntarios en Navidad y Fin de A\u00f1o.","robots":{"index":"index","follow":"follow","max-snippet":"max-snippet:-1","max-image-preview":"max-image-preview:large","max-video-preview":"max-video-preview:-1"},"canonical":"https:\/\/yoopies.es\/c\/guia-definitiva-cuidado-mayores-dependientes\/navidad-solidaria-voluntarios-ayudan-a-su-comunidad\/","og_locale":"es_ES","og_type":"article","og_title":"#NavidadSolidaria: voluntarios ayudan a su comunidad en estas dif\u00edciles fiestas navide\u00f1as","og_description":"En Yoopies, plataforma de atenci\u00f3n domiciliaria, los proveedores de servicios est\u00e1n mostrando su inter\u00e9s por ayudar a sus vecinos m\u00e1s vulnerables se\u00f1alando su disponibilidad para ser voluntarios en Navidad y Fin de A\u00f1o.","og_url":"https:\/\/yoopies.es\/c\/guia-definitiva-cuidado-mayores-dependientes\/navidad-solidaria-voluntarios-ayudan-a-su-comunidad\/","og_site_name":"Yoopies Espa\u00f1a","article_modified_time":"2025-06-12T08:44:06+00:00","og_image":[{"width":1200,"height":628,"url":"https:\/\/yoopies.es\/c\/wp-content\/uploads\/sites\/7\/2021\/06\/54043686-d5c8-4616-b7d4-f6d8a84a4cd0-eschristmaspr-1.jpg","type":"image\/jpeg"}],"twitter_card":"summary_large_image","twitter_misc":{"Tiempo de lectura":"3 minutos"},"schema":{"@context":"https:\/\/schema.org","@graph":[{"@type":"WebPage","@id":"https:\/\/yoopies.es\/c\/guia-definitiva-cuidado-mayores-dependientes\/navidad-solidaria-voluntarios-ayudan-a-su-comunidad\/","url":"https:\/\/yoopies.es\/c\/guia-definitiva-cuidado-mayores-dependientes\/navidad-solidaria-voluntarios-ayudan-a-su-comunidad\/","name":"#NavidadSolidaria: voluntarios ayudan a su comunidad en estas dif\u00edciles fiestas navide\u00f1as","isPartOf":{"@id":"https:\/\/yoopies.es\/c\/#website"},"primaryImageOfPage":{"@id":"https:\/\/yoopies.es\/c\/guia-definitiva-cuidado-mayores-dependientes\/navidad-solidaria-voluntarios-ayudan-a-su-comunidad\/#primaryimage"},"image":{"@id":"https:\/\/yoopies.es\/c\/guia-definitiva-cuidado-mayores-dependientes\/navidad-solidaria-voluntarios-ayudan-a-su-comunidad\/#primaryimage"},"thumbnailUrl":"https:\/\/yoopies.es\/c\/wp-content\/uploads\/sites\/7\/2021\/06\/54043686-d5c8-4616-b7d4-f6d8a84a4cd0-eschristmaspr-1.jpg","datePublished":"2021-06-14T11:14:36+00:00","dateModified":"2025-06-12T08:44:06+00:00","description":"En Yoopies, plataforma de atenci\u00f3n domiciliaria, los proveedores de servicios est\u00e1n mostrando su inter\u00e9s por ayudar a sus vecinos m\u00e1s vulnerables se\u00f1alando su disponibilidad para ser voluntarios en Navidad y Fin de A\u00f1o.","breadcrumb":{"@id":"https:\/\/yoopies.es\/c\/guia-definitiva-cuidado-mayores-dependientes\/navidad-solidaria-voluntarios-ayudan-a-su-comunidad\/#breadcrumb"},"inLanguage":"es","potentialAction":[{"@type":"ReadAction","target":["https:\/\/yoopies.es\/c\/guia-definitiva-cuidado-mayores-dependientes\/navidad-solidaria-voluntarios-ayudan-a-su-comunidad\/"]}]},{"@type":"ImageObject","inLanguage":"es","@id":"https:\/\/yoopies.es\/c\/guia-definitiva-cuidado-mayores-dependientes\/navidad-solidaria-voluntarios-ayudan-a-su-comunidad\/#primaryimage","url":"https:\/\/yoopies.es\/c\/wp-content\/uploads\/sites\/7\/2021\/06\/54043686-d5c8-4616-b7d4-f6d8a84a4cd0-eschristmaspr-1.jpg","contentUrl":"https:\/\/yoopies.es\/c\/wp-content\/uploads\/sites\/7\/2021\/06\/54043686-d5c8-4616-b7d4-f6d8a84a4cd0-eschristmaspr-1.jpg","width":1200,"height":628},{"@type":"BreadcrumbList","@id":"https:\/\/yoopies.es\/c\/guia-definitiva-cuidado-mayores-dependientes\/navidad-solidaria-voluntarios-ayudan-a-su-comunidad\/#breadcrumb","itemListElement":[{"@type":"ListItem","position":1,"name":"Home","item":"https:\/\/yoopies.es\/c\/"},{"@type":"ListItem","position":2,"name":"La gu\u00eda definitiva del cuidado de personas mayores y dependientes","item":"https:\/\/yoopies.es\/c\/guia-definitiva-cuidado-mayores-dependientes\/"},{"@type":"ListItem","position":3,"name":"#NavidadSolidaria: voluntarios ayudan a su comunidad en estas dif\u00edciles fiestas navide\u00f1as"}]},{"@type":"WebSite","@id":"https:\/\/yoopies.es\/c\/#website","url":"https:\/\/yoopies.es\/c\/","name":"Yoopies Espa\u00f1a","description":"","publisher":{"@id":"https:\/\/yoopies.es\/c\/#organization"},"potentialAction":[{"@type":"SearchAction","target":{"@type":"EntryPoint","urlTemplate":"https:\/\/yoopies.es\/c\/?s={search_term_string}"},"query-input":{"@type":"PropertyValueSpecification","valueRequired":true,"valueName":"search_term_string"}}],"inLanguage":"es"},{"@type":"Organization","@id":"https:\/\/yoopies.es\/c\/#organization","name":"Yoopies Espa\u00f1a","url":"https:\/\/yoopies.es\/c\/","logo":{"@type":"ImageObject","inLanguage":"es","@id":"https:\/\/yoopies.es\/c\/#\/schema\/logo\/image\/","url":"https:\/\/yoopies.es\/c\/wp-content\/uploads\/sites\/7\/2025\/05\/cropped-Logo_Yoopies-2.png","contentUrl":"https:\/\/yoopies.es\/c\/wp-content\/uploads\/sites\/7\/2025\/05\/cropped-Logo_Yoopies-2.png","width":512,"height":512,"caption":"Yoopies Espa\u00f1a"},"image":{"@id":"https:\/\/yoopies.es\/c\/#\/schema\/logo\/image\/"}}]}},"_links":{"self":[{"href":"https:\/\/yoopies.es\/c\/wp-json\/wp\/v2\/pages\/247","targetHints":{"allow":["GET"]}}],"collection":[{"href":"https:\/\/yoopies.es\/c\/wp-json\/wp\/v2\/pages"}],"about":[{"href":"https:\/\/yoopies.es\/c\/wp-json\/wp\/v2\/types\/page"}],"author":[{"embeddable":true,"href":"https:\/\/yoopies.es\/c\/wp-json\/wp\/v2\/users\/10"}],"replies":[{"embeddable":true,"href":"https:\/\/yoopies.es\/c\/wp-json\/wp\/v2\/comments?post=247"}],"version-history":[{"count":1,"href":"https:\/\/yoopies.es\/c\/wp-json\/wp\/v2\/pages\/247\/revisions"}],"predecessor-version":[{"id":250,"href":"https:\/\/yoopies.es\/c\/wp-json\/wp\/v2\/pages\/247\/revisions\/250"}],"up":[{"embeddable":true,"href":"https:\/\/yoopies.es\/c\/wp-json\/wp\/v2\/pages\/34"}],"wp:featuredmedia":[{"embeddable":true,"href":"https:\/\/yoopies.es\/c\/wp-json\/wp\/v2\/media\/249"}],"wp:attachment":[{"href":"https:\/\/yoopies.es\/c\/wp-json\/wp\/v2\/media?parent=247"}],"curies":[{"name":"wp","href":"https:\/\/api.w.org\/{rel}","templated":true}]}}