{"id":243,"date":"2021-06-14T12:02:58","date_gmt":"2021-06-14T12:02:58","guid":{"rendered":"https:\/\/blog.yoopies.es\/guia-definitiva-cuidado-mayores-dependientes\/la-atencion-domiciliaria-para-ancianos-crece-este-fin\/"},"modified":"2025-06-12T08:44:07","modified_gmt":"2025-06-12T08:44:07","slug":"la-atencion-domiciliaria-para-ancianos-crece-este-fin","status":"publish","type":"page","link":"https:\/\/yoopies.es\/c\/guia-definitiva-cuidado-mayores-dependientes\/la-atencion-domiciliaria-para-ancianos-crece-este-fin\/","title":{"rendered":"La atenci\u00f3n domiciliaria para ancianos crece este fin de a\u00f1o"},"content":{"rendered":"<p class=\"highlighted\">\n<p>La atenci&oacute;n domiciliaria se convierte en una soluci&oacute;n cada vez m&aacute;s extendida para las personas mayores dependientes que no quieren vivir en una residencia de ancianos. En Yoopies, la plataforma de cuidados dom&eacute;sticos l&iacute;der en Europa, los cuidadores y acompa&ntilde;antes tienen la opci&oacute;n de indicar que est&aacute;n disponibles para trabajar la noche de Fin de A&ntilde;o, ayudando a paliar la dif&iacute;cil situaci&oacute;n en la que se encuentran m&aacute;s de 2 millones de personas mayores en estas fechas tan se&ntilde;aladas.<\/p>\n<\/p>\n<figure><img decoding=\"async\" src=\"https:\/\/yoopies.es\/c\/wp-content\/uploads\/sites\/7\/2021\/06\/yoopies-cms2f61fdd3af-06ec-4e04-aa0a-6da792414552-shutterstock-283915376.jpg\" \/><figcaption>Cuidadora atendiendo a una se\u00f1ora mayor<\/figcaption><\/figure>\n<p><h4><strong>La Navidad para las personas mayores<\/strong><\/h4>\n<p>La &eacute;poca de Navidad y A&ntilde;o Nuevo es sin&oacute;nimo de unidad, celebraci&oacute;n y momentos para compartir con amigos y familiares. Pero, desafortunadamente, este no es el caso de las m&aacute;s de 2 millones de personas mayores que viven solas o aisladas en todo el pa&iacute;s seg&uacute;n los datos publicados por el Instituto Nacional de Estad&iacute;stica (INE).&nbsp;<\/p>\n<p>El 19,40% de la poblaci&oacute;n espa&ntilde;ola es mayor de 65 a&ntilde;os y se estima que el n&uacute;mero se duplicar&aacute; en los pr&oacute;ximos a&ntilde;os. El INE tambi&eacute;n muestra en su Encuesta Continua de Hogares que hab&iacute;a 4.732.400 personas viviendo solas en el a&ntilde;o 2018 en Espa&ntilde;a. De esta cifra, 2.037.700 (un 43,1%) ten&iacute;an 65 o m&aacute;s a&ntilde;os. De ellas, un 71,9% eran mujeres. Por grupo de edad, los hogares unipersonales de personas de 65 y m&aacute;s a&ntilde;os aumentaron un 3,9%. Comparando estos datos con los valores medios de 2017, el n&uacute;mero de personas que viven solas se increment&oacute; un 1% en 2018 (45.000 m&aacute;s).&nbsp;<\/p>\n<p>Por edad, el 42,7% de las mujeres mayores de 85 a&ntilde;os viv&iacute;an solas, frente al 23,6% de los hombres. El porcentaje de personas que viven solas difiere por sexo y edad. As&iacute;, en las edades hasta 64 a&ntilde;os fue m&aacute;s elevado en los hombres. Y en las edades mayores de 65 a&ntilde;os fue mayor en las mujeres.<\/p>\n<p>Este hecho demuestra la gran cantidad de personas que se encuentran en una dif&iacute;cil situaci&oacute;n, un problema que afecta tanto a hombres como mujeres, especialmente a aquellos con un nivel formativo bajo y una avanzada edad.&nbsp;<\/p>\n<p>Las cifras son alarmantes, ya que la soledad y el aislamiento social de las personas mayores les provoca problemas de sufrimiento, desinter&eacute;s por la vida e incluso casos graves problemas de salud, como los relacionados con la depresi&oacute;n. La situaci&oacute;n se agrava a&uacute;n m&aacute;s en determinados momentos del a&ntilde;o, pues lamentablemente el abandono de los ancianos se desencadena en muchas ocasiones de manera temporal en fechas como las vacaciones de verano o la Navidad.&nbsp;<\/p>\n<\/p>\n<h4><strong>Falta de protecci&oacute;n a mayores: la atenci&oacute;n domiciliaria surge como alternativa<\/strong><\/h4>\n<p>El &uacute;ltimo informe de la Organizaci&oacute;n Internacional del Trabajo (OIT) destaca un aumento constante de la demanda de servicios de cuidados de personas mayores, poniendo de relieve el progresivo envejecimiento de la poblaci&oacute;n espa&ntilde;ola. En concreto, se&ntilde;ala que en 2015 hab&iacute;a 10 millones de personas dependientes en Espa&ntilde;a (3 millones de ancianos) y para el a&ntilde;o 2030 se espera que el n&uacute;mero de ancianos dependientes aumente a 3,2 millones.<\/p>\n<p>El estudio tambi&eacute;n prev&eacute; que, en el a&ntilde;o 2030, Espa&ntilde;a se situar&aacute; en el puesto 22 del ranking mundial de pa&iacute;ses con mayores ratios de dependencia de cuidados de personas mayores y en el puesto 19 de los pa&iacute;ses de Europa y Asia Central con un 9,1%.&nbsp; As&iacute;, por cada 100 potenciales cuidadores no remunerados habr&aacute; 9 personas con una edad igual o superior a su esperanza de vida saludable (60 a&ntilde;os) para ser atendidos.<\/p>\n<p>Frente a esto, el ingreso en residencias de ancianos es un recurso cada vez m&aacute;s utilizado por las familias espa&ntilde;olas: m&aacute;s de 270.000 personas viven en centros para personas mayores, siendo un 68,6% de ellas mujeres. Sin embargo, esta no es la &uacute;nica soluci&oacute;n posible para que los ancianos mantengan su calidad de vida. Como indic&aacute;bamos anteriormente, el apoyo en el hogar es una alternativa cada vez m&aacute;s solicitada para quienes se oponen a residencias de ancianos o agencias de cuidado a domicilio. Esta informaci&oacute;n est&aacute; en l&iacute;nea con los datos registrados por <a href=\"https:\/\/yoopies.es\/\">Yoopies<\/a>, plataforma l&iacute;der en prestaci&oacute;n de servicios dom&eacute;sticos, con 2.500 cuidadores de mayores registrados.<\/p>\n<p>En el &uacute;ltimo mes, Yoopies ha tenido un crecimiento del 10% en el n&uacute;mero de usuarios que buscan atenci&oacute;n domiciliaria para las vacaciones de Navidad o A&ntilde;o Nuevo. La demanda ha sido totalmente clara y necesaria, ya que las familias est&aacute;n dispuestas a pagar un poco m&aacute;s por aquellos profesionales disponibles durante las vacaciones. El precio medio cobrado por un cuidado es de 10 &euro;\/hora y se estima que la cantidad pueda aumentar en un 15%.&nbsp;<\/p>\n<\/p>\n<h4><strong>Yoopies ofrece m&aacute;s de 25 criterios para encontrar al cuidador ideal<\/strong><\/h4>\n<p>Con el fin de satisfacer las necesidades cada vez m&aacute;s diversas de las familias y las personas que necesitan atenci&oacute;n especial, <a href=\"https:\/\/yoopies.es\/\">Yoopies<\/a> utiliza varios criterios que permiten concretar m&aacute;s la b&uacute;squeda de cuidadores y acompa&ntilde;antes, agilizar las posibles entrevistas con los candidatos y, en consecuencia, la elecci&oacute;n del profesional ideal.&nbsp;<\/p>\n<p>La ayuda proporcionada por Yoopies satisface las necesidades diarias, como el acompa&ntilde;amiento en actividades externas (paseos, visitas al m&eacute;dico, compras&hellip;) y las tareas dom&eacute;sticas a trav&eacute;s de profesionales cada vez m&aacute;s cualificados que pueden ofrecer no solo atenci&oacute;n diaria sino tambi&eacute;n asistencia administrativa a personas con una edad avanzada y\/o que padecen enfermedades relacionadas con la demencia.<\/p>\n<p><a href=\"https:\/\/yoopies.es\/c\/apoyo-a-domicilio-o-en-casa-de-los-ancianos\">Haz clic aqu&iacute;<\/a> y descubre las ventajas que ofrecen los servicios de atenci&oacute;n domiciliaria para personas mayores en comparaci&oacute;n con las residencias de ancianos.<\/p>\n<\/p>\n<\/p>\n<p><strong>Fuentes:<\/strong><\/p>\n<ul>\n<li>INE (2018). <em>Encuesta Continua de Hogares:<\/em> https:\/\/www.ine.es\/prensa\/ech_2018.pdf<\/li>\n<li>INE (2019). <em>Proporci&oacute;n de personas mayores de cierta edad por provincia: <\/em>https:\/\/www.ine.es\/jaxiT3\/Datos.htm?t=1488<\/li>\n<li>OIT (2018). <em>El trabajo de cuidados y los trabajadores del cuidado para un futuro con trabajo decente<\/em>: https:\/\/www.ilo.org\/wcmsp5\/groups\/public\/&#8212;dgreports\/&#8212;dcomm\/&#8212;publ\/documents\/publication\/wcms_633168.pdf<\/li>\n<li>INE (2018). C<em>ensos de Poblaci&oacute;n y Viviendas 2011<\/em>: https:\/\/www.ine.es\/prensa\/np777.pdf<\/li>\n<\/ul>\n<p><a class=\"button\" href=\"https:\/\/yoopies.es\/ayuda-a-domicilio\">\u00a1Consigue ahora la atenci\u00f3n domiciliaria que buscas!<\/a><\/p>\n","protected":false},"excerpt":{"rendered":"<p>La atenci&oacute;n domiciliaria se convierte en una soluci&oacute;n cada vez m&aacute;s extendida para las personas &hellip; <\/p>\n","protected":false},"author":10,"featured_media":245,"parent":34,"menu_order":0,"comment_status":"closed","ping_status":"closed","template":"","meta":{"_acf_changed":false,"footnotes":""},"class_list":["post-243","page","type-page","status-publish","has-post-thumbnail","hentry"],"acf":[],"yoast_head":"<!-- This site is optimized with the Yoast SEO plugin v26.9 - https:\/\/yoast.com\/product\/yoast-seo-wordpress\/ -->\n<title>La atenci\u00f3n domiciliaria para ancianos crece este fin de a\u00f1o<\/title>\n<meta name=\"description\" content=\"En Yoopies, los cuidadores y acompa\u00f1antes tienen la opci\u00f3n de indicar que est\u00e1n disponibles para trabajar la noche de Fin de A\u00f1o, ayudando a paliar la dif\u00edcil situaci\u00f3n en la que se encuentran m\u00e1s de 2 millones de personas mayores en estas fechas tan se\u00f1aladas.\" \/>\n<meta name=\"robots\" content=\"index, follow, max-snippet:-1, max-image-preview:large, max-video-preview:-1\" \/>\n<link rel=\"canonical\" href=\"https:\/\/yoopies.es\/c\/guia-definitiva-cuidado-mayores-dependientes\/la-atencion-domiciliaria-para-ancianos-crece-este-fin\/\" \/>\n<meta property=\"og:locale\" content=\"es_ES\" \/>\n<meta property=\"og:type\" content=\"article\" \/>\n<meta property=\"og:title\" content=\"La atenci\u00f3n domiciliaria para ancianos crece este fin de a\u00f1o\" \/>\n<meta property=\"og:description\" content=\"En Yoopies, los cuidadores y acompa\u00f1antes tienen la opci\u00f3n de indicar que est\u00e1n disponibles para trabajar la noche de Fin de A\u00f1o, ayudando a paliar la dif\u00edcil situaci\u00f3n en la que se encuentran m\u00e1s de 2 millones de personas mayores en estas fechas tan se\u00f1aladas.\" \/>\n<meta property=\"og:url\" content=\"https:\/\/yoopies.es\/c\/guia-definitiva-cuidado-mayores-dependientes\/la-atencion-domiciliaria-para-ancianos-crece-este-fin\/\" \/>\n<meta property=\"og:site_name\" content=\"Yoopies Espa\u00f1a\" \/>\n<meta property=\"article:modified_time\" content=\"2025-06-12T08:44:07+00:00\" \/>\n<meta property=\"og:image\" content=\"https:\/\/yoopies.es\/c\/wp-content\/uploads\/sites\/7\/2021\/06\/yoopies-cms2f288cbceb-e010-4d42-ae38-f5da1c63c657-shutterstock-135196346.jpg\" \/>\n\t<meta property=\"og:image:width\" content=\"1200\" \/>\n\t<meta property=\"og:image:height\" content=\"1142\" \/>\n\t<meta property=\"og:image:type\" content=\"image\/jpeg\" \/>\n<meta name=\"twitter:card\" content=\"summary_large_image\" \/>\n<meta name=\"twitter:label1\" content=\"Tiempo de lectura\" \/>\n\t<meta name=\"twitter:data1\" content=\"6 minutos\" \/>\n<script type=\"application\/ld+json\" class=\"yoast-schema-graph\">{\"@context\":\"https:\/\/schema.org\",\"@graph\":[{\"@type\":\"WebPage\",\"@id\":\"https:\/\/yoopies.es\/c\/guia-definitiva-cuidado-mayores-dependientes\/la-atencion-domiciliaria-para-ancianos-crece-este-fin\/\",\"url\":\"https:\/\/yoopies.es\/c\/guia-definitiva-cuidado-mayores-dependientes\/la-atencion-domiciliaria-para-ancianos-crece-este-fin\/\",\"name\":\"La atenci\u00f3n domiciliaria para ancianos crece este fin de a\u00f1o\",\"isPartOf\":{\"@id\":\"https:\/\/yoopies.es\/c\/#website\"},\"primaryImageOfPage\":{\"@id\":\"https:\/\/yoopies.es\/c\/guia-definitiva-cuidado-mayores-dependientes\/la-atencion-domiciliaria-para-ancianos-crece-este-fin\/#primaryimage\"},\"image\":{\"@id\":\"https:\/\/yoopies.es\/c\/guia-definitiva-cuidado-mayores-dependientes\/la-atencion-domiciliaria-para-ancianos-crece-este-fin\/#primaryimage\"},\"thumbnailUrl\":\"https:\/\/yoopies.es\/c\/wp-content\/uploads\/sites\/7\/2021\/06\/yoopies-cms2f288cbceb-e010-4d42-ae38-f5da1c63c657-shutterstock-135196346.jpg\",\"datePublished\":\"2021-06-14T12:02:58+00:00\",\"dateModified\":\"2025-06-12T08:44:07+00:00\",\"description\":\"En Yoopies, los cuidadores y acompa\u00f1antes tienen la opci\u00f3n de indicar que est\u00e1n disponibles para trabajar la noche de Fin de A\u00f1o, ayudando a paliar la dif\u00edcil situaci\u00f3n en la que se encuentran m\u00e1s de 2 millones de personas mayores en estas fechas tan se\u00f1aladas.\",\"breadcrumb\":{\"@id\":\"https:\/\/yoopies.es\/c\/guia-definitiva-cuidado-mayores-dependientes\/la-atencion-domiciliaria-para-ancianos-crece-este-fin\/#breadcrumb\"},\"inLanguage\":\"es\",\"potentialAction\":[{\"@type\":\"ReadAction\",\"target\":[\"https:\/\/yoopies.es\/c\/guia-definitiva-cuidado-mayores-dependientes\/la-atencion-domiciliaria-para-ancianos-crece-este-fin\/\"]}]},{\"@type\":\"ImageObject\",\"inLanguage\":\"es\",\"@id\":\"https:\/\/yoopies.es\/c\/guia-definitiva-cuidado-mayores-dependientes\/la-atencion-domiciliaria-para-ancianos-crece-este-fin\/#primaryimage\",\"url\":\"https:\/\/yoopies.es\/c\/wp-content\/uploads\/sites\/7\/2021\/06\/yoopies-cms2f288cbceb-e010-4d42-ae38-f5da1c63c657-shutterstock-135196346.jpg\",\"contentUrl\":\"https:\/\/yoopies.es\/c\/wp-content\/uploads\/sites\/7\/2021\/06\/yoopies-cms2f288cbceb-e010-4d42-ae38-f5da1c63c657-shutterstock-135196346.jpg\",\"width\":1200,\"height\":1142},{\"@type\":\"BreadcrumbList\",\"@id\":\"https:\/\/yoopies.es\/c\/guia-definitiva-cuidado-mayores-dependientes\/la-atencion-domiciliaria-para-ancianos-crece-este-fin\/#breadcrumb\",\"itemListElement\":[{\"@type\":\"ListItem\",\"position\":1,\"name\":\"Home\",\"item\":\"https:\/\/yoopies.es\/c\/\"},{\"@type\":\"ListItem\",\"position\":2,\"name\":\"La gu\u00eda definitiva del cuidado de personas mayores y dependientes\",\"item\":\"https:\/\/yoopies.es\/c\/guia-definitiva-cuidado-mayores-dependientes\/\"},{\"@type\":\"ListItem\",\"position\":3,\"name\":\"La atenci\u00f3n domiciliaria para ancianos crece este fin de a\u00f1o\"}]},{\"@type\":\"WebSite\",\"@id\":\"https:\/\/yoopies.es\/c\/#website\",\"url\":\"https:\/\/yoopies.es\/c\/\",\"name\":\"Yoopies Espa\u00f1a\",\"description\":\"\",\"publisher\":{\"@id\":\"https:\/\/yoopies.es\/c\/#organization\"},\"potentialAction\":[{\"@type\":\"SearchAction\",\"target\":{\"@type\":\"EntryPoint\",\"urlTemplate\":\"https:\/\/yoopies.es\/c\/?s={search_term_string}\"},\"query-input\":{\"@type\":\"PropertyValueSpecification\",\"valueRequired\":true,\"valueName\":\"search_term_string\"}}],\"inLanguage\":\"es\"},{\"@type\":\"Organization\",\"@id\":\"https:\/\/yoopies.es\/c\/#organization\",\"name\":\"Yoopies Espa\u00f1a\",\"url\":\"https:\/\/yoopies.es\/c\/\",\"logo\":{\"@type\":\"ImageObject\",\"inLanguage\":\"es\",\"@id\":\"https:\/\/yoopies.es\/c\/#\/schema\/logo\/image\/\",\"url\":\"https:\/\/yoopies.es\/c\/wp-content\/uploads\/sites\/7\/2025\/05\/cropped-Logo_Yoopies-2.png\",\"contentUrl\":\"https:\/\/yoopies.es\/c\/wp-content\/uploads\/sites\/7\/2025\/05\/cropped-Logo_Yoopies-2.png\",\"width\":512,\"height\":512,\"caption\":\"Yoopies Espa\u00f1a\"},\"image\":{\"@id\":\"https:\/\/yoopies.es\/c\/#\/schema\/logo\/image\/\"}}]}<\/script>\n<!-- \/ Yoast SEO plugin. -->","yoast_head_json":{"title":"La atenci\u00f3n domiciliaria para ancianos crece este fin de a\u00f1o","description":"En Yoopies, los cuidadores y acompa\u00f1antes tienen la opci\u00f3n de indicar que est\u00e1n disponibles para trabajar la noche de Fin de A\u00f1o, ayudando a paliar la dif\u00edcil situaci\u00f3n en la que se encuentran m\u00e1s de 2 millones de personas mayores en estas fechas tan se\u00f1aladas.","robots":{"index":"index","follow":"follow","max-snippet":"max-snippet:-1","max-image-preview":"max-image-preview:large","max-video-preview":"max-video-preview:-1"},"canonical":"https:\/\/yoopies.es\/c\/guia-definitiva-cuidado-mayores-dependientes\/la-atencion-domiciliaria-para-ancianos-crece-este-fin\/","og_locale":"es_ES","og_type":"article","og_title":"La atenci\u00f3n domiciliaria para ancianos crece este fin de a\u00f1o","og_description":"En Yoopies, los cuidadores y acompa\u00f1antes tienen la opci\u00f3n de indicar que est\u00e1n disponibles para trabajar la noche de Fin de A\u00f1o, ayudando a paliar la dif\u00edcil situaci\u00f3n en la que se encuentran m\u00e1s de 2 millones de personas mayores en estas fechas tan se\u00f1aladas.","og_url":"https:\/\/yoopies.es\/c\/guia-definitiva-cuidado-mayores-dependientes\/la-atencion-domiciliaria-para-ancianos-crece-este-fin\/","og_site_name":"Yoopies Espa\u00f1a","article_modified_time":"2025-06-12T08:44:07+00:00","og_image":[{"width":1200,"height":1142,"url":"https:\/\/yoopies.es\/c\/wp-content\/uploads\/sites\/7\/2021\/06\/yoopies-cms2f288cbceb-e010-4d42-ae38-f5da1c63c657-shutterstock-135196346.jpg","type":"image\/jpeg"}],"twitter_card":"summary_large_image","twitter_misc":{"Tiempo de lectura":"6 minutos"},"schema":{"@context":"https:\/\/schema.org","@graph":[{"@type":"WebPage","@id":"https:\/\/yoopies.es\/c\/guia-definitiva-cuidado-mayores-dependientes\/la-atencion-domiciliaria-para-ancianos-crece-este-fin\/","url":"https:\/\/yoopies.es\/c\/guia-definitiva-cuidado-mayores-dependientes\/la-atencion-domiciliaria-para-ancianos-crece-este-fin\/","name":"La atenci\u00f3n domiciliaria para ancianos crece este fin de a\u00f1o","isPartOf":{"@id":"https:\/\/yoopies.es\/c\/#website"},"primaryImageOfPage":{"@id":"https:\/\/yoopies.es\/c\/guia-definitiva-cuidado-mayores-dependientes\/la-atencion-domiciliaria-para-ancianos-crece-este-fin\/#primaryimage"},"image":{"@id":"https:\/\/yoopies.es\/c\/guia-definitiva-cuidado-mayores-dependientes\/la-atencion-domiciliaria-para-ancianos-crece-este-fin\/#primaryimage"},"thumbnailUrl":"https:\/\/yoopies.es\/c\/wp-content\/uploads\/sites\/7\/2021\/06\/yoopies-cms2f288cbceb-e010-4d42-ae38-f5da1c63c657-shutterstock-135196346.jpg","datePublished":"2021-06-14T12:02:58+00:00","dateModified":"2025-06-12T08:44:07+00:00","description":"En Yoopies, los cuidadores y acompa\u00f1antes tienen la opci\u00f3n de indicar que est\u00e1n disponibles para trabajar la noche de Fin de A\u00f1o, ayudando a paliar la dif\u00edcil situaci\u00f3n en la que se encuentran m\u00e1s de 2 millones de personas mayores en estas fechas tan se\u00f1aladas.","breadcrumb":{"@id":"https:\/\/yoopies.es\/c\/guia-definitiva-cuidado-mayores-dependientes\/la-atencion-domiciliaria-para-ancianos-crece-este-fin\/#breadcrumb"},"inLanguage":"es","potentialAction":[{"@type":"ReadAction","target":["https:\/\/yoopies.es\/c\/guia-definitiva-cuidado-mayores-dependientes\/la-atencion-domiciliaria-para-ancianos-crece-este-fin\/"]}]},{"@type":"ImageObject","inLanguage":"es","@id":"https:\/\/yoopies.es\/c\/guia-definitiva-cuidado-mayores-dependientes\/la-atencion-domiciliaria-para-ancianos-crece-este-fin\/#primaryimage","url":"https:\/\/yoopies.es\/c\/wp-content\/uploads\/sites\/7\/2021\/06\/yoopies-cms2f288cbceb-e010-4d42-ae38-f5da1c63c657-shutterstock-135196346.jpg","contentUrl":"https:\/\/yoopies.es\/c\/wp-content\/uploads\/sites\/7\/2021\/06\/yoopies-cms2f288cbceb-e010-4d42-ae38-f5da1c63c657-shutterstock-135196346.jpg","width":1200,"height":1142},{"@type":"BreadcrumbList","@id":"https:\/\/yoopies.es\/c\/guia-definitiva-cuidado-mayores-dependientes\/la-atencion-domiciliaria-para-ancianos-crece-este-fin\/#breadcrumb","itemListElement":[{"@type":"ListItem","position":1,"name":"Home","item":"https:\/\/yoopies.es\/c\/"},{"@type":"ListItem","position":2,"name":"La gu\u00eda definitiva del cuidado de personas mayores y dependientes","item":"https:\/\/yoopies.es\/c\/guia-definitiva-cuidado-mayores-dependientes\/"},{"@type":"ListItem","position":3,"name":"La atenci\u00f3n domiciliaria para ancianos crece este fin de a\u00f1o"}]},{"@type":"WebSite","@id":"https:\/\/yoopies.es\/c\/#website","url":"https:\/\/yoopies.es\/c\/","name":"Yoopies Espa\u00f1a","description":"","publisher":{"@id":"https:\/\/yoopies.es\/c\/#organization"},"potentialAction":[{"@type":"SearchAction","target":{"@type":"EntryPoint","urlTemplate":"https:\/\/yoopies.es\/c\/?s={search_term_string}"},"query-input":{"@type":"PropertyValueSpecification","valueRequired":true,"valueName":"search_term_string"}}],"inLanguage":"es"},{"@type":"Organization","@id":"https:\/\/yoopies.es\/c\/#organization","name":"Yoopies Espa\u00f1a","url":"https:\/\/yoopies.es\/c\/","logo":{"@type":"ImageObject","inLanguage":"es","@id":"https:\/\/yoopies.es\/c\/#\/schema\/logo\/image\/","url":"https:\/\/yoopies.es\/c\/wp-content\/uploads\/sites\/7\/2025\/05\/cropped-Logo_Yoopies-2.png","contentUrl":"https:\/\/yoopies.es\/c\/wp-content\/uploads\/sites\/7\/2025\/05\/cropped-Logo_Yoopies-2.png","width":512,"height":512,"caption":"Yoopies Espa\u00f1a"},"image":{"@id":"https:\/\/yoopies.es\/c\/#\/schema\/logo\/image\/"}}]}},"_links":{"self":[{"href":"https:\/\/yoopies.es\/c\/wp-json\/wp\/v2\/pages\/243","targetHints":{"allow":["GET"]}}],"collection":[{"href":"https:\/\/yoopies.es\/c\/wp-json\/wp\/v2\/pages"}],"about":[{"href":"https:\/\/yoopies.es\/c\/wp-json\/wp\/v2\/types\/page"}],"author":[{"embeddable":true,"href":"https:\/\/yoopies.es\/c\/wp-json\/wp\/v2\/users\/10"}],"replies":[{"embeddable":true,"href":"https:\/\/yoopies.es\/c\/wp-json\/wp\/v2\/comments?post=243"}],"version-history":[{"count":1,"href":"https:\/\/yoopies.es\/c\/wp-json\/wp\/v2\/pages\/243\/revisions"}],"predecessor-version":[{"id":246,"href":"https:\/\/yoopies.es\/c\/wp-json\/wp\/v2\/pages\/243\/revisions\/246"}],"up":[{"embeddable":true,"href":"https:\/\/yoopies.es\/c\/wp-json\/wp\/v2\/pages\/34"}],"wp:featuredmedia":[{"embeddable":true,"href":"https:\/\/yoopies.es\/c\/wp-json\/wp\/v2\/media\/245"}],"wp:attachment":[{"href":"https:\/\/yoopies.es\/c\/wp-json\/wp\/v2\/media?parent=243"}],"curies":[{"name":"wp","href":"https:\/\/api.w.org\/{rel}","templated":true}]}}