{"id":224,"date":"2024-04-02T13:27:45","date_gmt":"2024-04-02T13:27:45","guid":{"rendered":"https:\/\/blog.yoopies.es\/guia-definitiva-cuidado-mayores-dependientes\/contratar-cuidador-personas-mayores-dependientes\/"},"modified":"2025-06-12T08:44:06","modified_gmt":"2025-06-12T08:44:06","slug":"contratar-cuidador-personas-mayores-dependientes","status":"publish","type":"page","link":"https:\/\/yoopies.es\/c\/guia-definitiva-cuidado-mayores-dependientes\/contratar-cuidador-personas-mayores-dependientes\/","title":{"rendered":"Contratar a un cuidador de personas mayores y dependientes"},"content":{"rendered":"<figure><img decoding=\"async\" src=\"https:\/\/static.yoopies.com\/upload\/cms\/image\/62912a1a-480b-41b9-9df4-e5b69b3aeb93-elderlycareandhomecareassistants.jpg\" \/><\/figure>\n<p><p>Un cuidador de personas mayores y dependientes puede ayudar a los m&aacute;s dependientes a cuidarse a s&iacute; mismos. De esta forma, pueden recuperar su independencia y disfrutar de una mejor calidad de vida. Tal vez debido al envejecimiento o a un problema m&eacute;dico, usted (o un ser querido) no puede hacer su vida cotidiana tan f&aacute;cilmente como antes y necesita ayuda. Tanto si se trata de ofrecer ayuda en el hogar, proporcionar cuidados personales o simplemente proporcionar un poco de descanso a un cuidador habitual, nuestros cuidador de personas mayores y dependientes pueden ofrecer una amplia gama de apoyo, adaptado a las necesidades de cada cliente.<\/p>\n<\/p>\n<figure><img decoding=\"async\" src=\"https:\/\/yoopies.es\/c\/wp-content\/uploads\/sites\/7\/2024\/04\/724e4c22-d19d-40ee-8e08-398b6e1c11aa-528129.jpg\" \/><\/figure>\n<p><h2><strong>&iquest;Qu&eacute; hace un cuidador de personas mayores y dependientes?<\/strong><\/h2>\n<\/p>\n<p>Un cuidador de personas mayores y dependientes puede ofrecer una amplia gama de servicios, adaptados a las necesidades y requisitos de su cliente individual. Hay diferentes niveles de atenci&oacute;n disponibles y es importante investigar los tipos de atenci&oacute;n y las funciones de un cuidador para asegurarse de que ofrece el nivel de atenci&oacute;n adecuado para el individuo.<\/p>\n<p>Los diferentes niveles de ayuda pueden ir desde simples tareas dom&eacute;sticas, hasta la atenci&oacute;n a tiempo completo las 24 horas del d&iacute;a. Aseg&uacute;rese de leer acerca de los tipos de cuidador de personas mayores y dependientes a continuaci&oacute;n, para comprender mejor las tareas que realiza cada uno. Tambi&eacute;n es importante recordar que cada persona tendr&aacute; una serie &uacute;nica de requisitos y que muchos cuidadores realizar&aacute;n tareas de las diferentes &aacute;reas de atenci&oacute;n.<\/p>\n<\/p>\n<h2><strong>Tipos de cuidador de personas mayores y dependientes:<\/strong><\/h2>\n<\/p>\n<p>Seg&uacute;n los requisitos y la situaci&oacute;n personal de la persona que necesita atenci&oacute;n, habr&aacute; cierto tipo de cuidador m&aacute;s adecuado que otro. Por supuesto, la mayor&iacute;a de las relaciones laborales pueden adaptarse a las necesidades espec&iacute;ficas del individuo, pero hemos esbozado los tipos comunes de cuidador de personas mayores y dependientes:<\/p>\n<ul>\n<li><strong>Cuidador acompa&ntilde;ante<\/strong> &#8211; Para aquellos que pueden vivir solos, lejos de la familia, han enviudado o se han separado de su pareja o simplemente est&aacute;n m&aacute;s aislados de la sociedad, un cuidador acompa&ntilde;ante puede ser la soluci&oacute;n perfecta para ofrecer compa&ntilde;&iacute;a y controlar al individuo. Podr&iacute;an realizar tareas que el individuo es incapaz de hacer por s&iacute; mismo, o tal vez s&oacute;lo disfrutar de un tiempo de calidad en una actividad. Un cuidador acompa&ntilde;ante puede proporcionar tranquilidad a los miembros de la familia que pueden vivir lejos de sus seres queridos o ser incapaces de controlarlos tan a menudo como les gustar&iacute;a.<\/li>\n<li><strong>Cuidador en casa <\/strong>&#8211; Un cuidador en casa es quiz&aacute;s el nivel m&aacute;s alto de ayuda en la atenci&oacute;n domiciliaria, ya que es capaz de llevar a cabo la m&aacute;s amplia gama de tareas. Por supuesto que requieren tiempo de descanso, e incluso podr&iacute;an trabajar en un sistema de rotaci&oacute;n con otros cuidadores si el individuo requiere cuidados las 24 horas del d&iacute;a. Sin embargo, un cuidador residente puede realizar tanto tareas diurnas como nocturnas, as&iacute; como ayudar con las tareas dom&eacute;sticas y el cuidado personal. Un cuidador residente podr&iacute;a ser la soluci&oacute;n para aquellos que no desean ir a una residencia de jubilados o de ancianos, pero que no pueden vivir solos en su propia casa.<\/li>\n<li><strong>Cuidador paliativo<\/strong> &#8211; Para los enfermos terminales, un cuidador paliativo est&aacute; ah&iacute; para asegurarse de que tengan la mejor calidad de vida posible en sus &uacute;ltimos d&iacute;as. Un cuidador paliativo no s&oacute;lo puede ofrecer apoyo y alivio a la familia del individuo, sino que tambi&eacute;n puede asegurarse de que todo el trabajo duro y las tareas m&eacute;dicas se lleven a cabo, para permitir que la familia pase un tiempo de calidad con su ser querido.<\/li>\n<li><strong>Cuidador de la casa o del hogar<\/strong> &#8211; Si administrar un hogar y vivir solo se est&aacute; convirtiendo en un reto demasiado grande, un cuidador de la casa puede ayudar a mantener un nivel de vida deseable para aquellos que desean permanecer en su propia casa. Desde hacer los recados, como la compra de alimentos y la recogida de recetas, hasta las tareas dom&eacute;sticas ligeras y la lavander&iacute;a, un cuidador de la casa puede permitir que alguien siga viviendo en su propia casa a pesar de ser menos capaz.<\/li>\n<li><strong>Cuidador personal <\/strong>&#8211; Un cuidador personal puede ayudar a un individuo a realizar cualquier tarea necesaria que le pueda resultar dif&iacute;cil debido a una discapacidad, envejecimiento u otra forma de minusval&iacute;a. Desde vestirse y mantener un alto nivel de higiene personal hasta maquillarse, un cuidador personal puede permitir que un individuo se sienta de nuevo como &eacute;l mismo.<\/li>\n<li><strong>Cuidador de enfermedades de larga duraci&oacute;n<\/strong> &#8211; Para quienes sufren demencia u otras enfermedades similares de larga duraci&oacute;n y debilitantes, puede requerirse un cuidador especializado con formaci&oacute;n y experiencia profesional en esta &aacute;rea para ayudar a los familiares que los cuidan, garantizando que se les brinda la atenci&oacute;n correcta. Dependiendo de la persona, pueden tener derecho a recibir ayuda de una organizaci&oacute;n ben&eacute;fica relacionada con su enfermedad, por lo que siempre vale la pena consultar los sitios web de las organizaciones ben&eacute;ficas apropiadas para ver qu&eacute; tipo de apoyo est&aacute; disponible.<\/li>\n<li><strong>Cuidador de relevo<\/strong> &#8211; aunque muchas familias prefieren cuidar ellas mismas a un ser querido que lo necesita, es importante recordar que ser cuidador es una gran responsabilidad y a menudo puede ser agotador o dif&iacute;cil despu&eacute;s de un tiempo para la familia o para quien cuide de la persona dependiente. Un cuidador de relevo puede dar descanso a los cuidadores habituales de manera m&aacute;s regular o con poca frecuencia. De esta forma, usted se asegura de que el rendimiento del cuidador principal siempre es el m&aacute;s &oacute;ptimo, ya que no acabar&aacute; agotado de sus quehaceres.<\/li>\n<\/ul>\n<h2><strong>&iquest;A qui&eacute;n pueden ayudar?<\/strong><\/h2>\n<\/p>\n<p>No es ning&uacute;n secreto que, a medida que envejecemos, nuestros cuerpos tienden a disminuir un poco la velocidad y tal vez no somos capaces de seguir con nuestra vida cotidiana tan f&aacute;cilmente como antes.<\/p>\n<p>Sin embargo, no s&oacute;lo los ancianos pueden contratar a un cuidador, ya que pueden ofrecer los mismos servicios a las personas dependientes que pueden impedirles realizar todas las tareas necesarias de la vida diaria. No importa cu&aacute;n grande o peque&ntilde;a sea la tarea, un cuidador de personas mayores y dependientes puede marcar una verdadera diferencia en la rutina diaria de alguien.<\/p>\n<p>Para quienes sufren una enfermedad debilitante, un cuidador a domicilio podr&iacute;a ser una opci&oacute;n adecuada para trabajar junto con los familiares o los profesionales m&eacute;dicos para brindar atenci&oacute;n y apoyo a la persona. Algunas enfermedades y afecciones, como el Alzheimer o la demencia, pueden requerir un cuidador que haya recibido una formaci&oacute;n especial para poder proporcionar el apoyo adecuado necesario para hacer frente a la afecci&oacute;n.<\/p>\n<\/p>\n<h2><strong>El coste de contratar a un cuidador de personas mayores y dependientes<\/strong><\/h2>\n<\/p>\n<p>El costo de la contrataci&oacute;n de un cuidador de personas mayores y dependientes puede variar seg&uacute;n el nivel de ayuda que se requiera, siendo opciones m&aacute;s costosas los cuidadores residentes y los cuidadores paliativos que deben trabajar m&aacute;s intensamente.<\/p>\n<p>El coste medio de un cuidador de personas mayores y dependientes en Espa&ntilde;a es de alrededor de 12 &euro; por hora, pero por supuesto esto est&aacute; sujeto a cambios dependiendo del tipo de cuidados que se proporcionen. Sin embargo, a menudo es mucho menos costoso contratar cuidadores de personas mayores y dependientes que pagar por vivir a tiempo completo en una residencia de ancianos.<\/p>\n<p>En el caso de algunas personas, puede haber fondos del Gobierno para ayudar a cubrir el coste de los servicios de atenci&oacute;n domiciliaria, ya sea parcial o totalmente. Aquellos que tienen un ingreso menor a la media pueden optar a esta ayuda del gobierno. Del mismo modo, para aquellos con condiciones o enfermedades espec&iacute;ficas hay muchas organizaciones ben&eacute;ficas que apoyar&aacute;n a las personas necesitadas, por lo que vale la pena investigar estas opciones antes de contratar ayuda.<\/p>\n<\/p>\n<h2><strong>&iquest;C&oacute;mo contrato a un cuidador de personas mayores y dependientes?<\/strong><\/h2>\n<\/p>\n<p>La tarea de contratar a un cuidador de personas mayores y dependientes puede parecer desalentadora, ya que es una decisi&oacute;n muy importante y encontrar el candidato adecuado puede parecer abrumador. Sin embargo, al utilizar una plataforma en l&iacute;nea, usted puede filtrar la b&uacute;squeda de candidatos seg&uacute;n sus requisitos exactos y eliminar instant&aacute;neamente a aquellos que no califican para el puesto mediante el uso de filtros de b&uacute;squeda de criterios. Por lo tanto, el proceso se vuelve mucho m&aacute;s eficiente y menos estresante, permiti&eacute;ndole dedicar m&aacute;s tiempo a la investigaci&oacute;n de los candidatos potenciales.<\/p>\n<p>Otra ventaja de hacer un perfil en una plataforma online como <a href=\"https:\/\/yoopies.es\">Yoopies<\/a>, es que permite que los solicitantes se acerquen a usted, pudiendo encontrar a su candidato perfecto sin tener que buscarlos activamente. Mientras que algunos optan por utilizar una agencia para encontrar a su cuidador, esto puede limitar la elecci&oacute;n de los candidatos disponibles para usted y tambi&eacute;n puede incurrir en costosos honorarios de la agencia, adem&aacute;s de que las tarifas del cuidador que ofrecen a veces son demasiado altas. Buscar usted mismo a su cuidador de personas mayores y dependientes no s&oacute;lo puede ahorrarle dinero, sino que permite que la b&uacute;squeda sea mucho m&aacute;s personalizada y conlleva una mayor probabilidad de encontrar al candidato ideal.<\/p>\n<p>Para crear un anuncio con Yoopies, simplemente reg&iacute;strese <a href=\"https:\/\/yoopies.es\/registration\">aqu&iacute;<\/a>, y haga un perfil con un anuncio que detalle sus requisitos. Entonces, estar&aacute; conectado instant&aacute;neamente con miles de solicitantes que buscan puestos de asistente de cuidados en el hogar. Mediante el uso de los filtros de criterios, puede personalizar y restringir su b&uacute;squeda para que el proceso sea eficiente y sencillo.<\/p>\n<\/p>\n<h2><strong>Consejos para contratar a un cuidador de personas mayores y dependientes:<\/strong><\/h2>\n<\/p>\n<ul>\n<li><strong>Explique sus requisitos<\/strong>: Aseg&uacute;rese de que su anuncio sea claro y detallado, con todos los deberes y responsabilidades incluidos. Es importante que el candidato sepa lo que se le exige, para que pueda decidir si es capaz de gestionar el puesto. Cuando se entreviste a un candidato, es una buena idea esbozar sus expectativas para asegurarse de que ha comprendido lo que se espera de &eacute;l en este puesto. Como es probable que cada funci&oacute;n conlleve un conjunto &uacute;nico de circunstancias, sea lo m&aacute;s claro y transparente posible en el proceso de contrataci&oacute;n para evitar ciclos de empleo de corta duraci&oacute;n u otras dificultades m&aacute;s adelante.<\/li>\n<li><strong>Busque coincidencias de personalidad as&iacute; como experiencia<\/strong>: El cuidador de personas mayores y dependientes va a pasar una cantidad considerable de tiempo con el individuo que est&aacute; cuidando y, despu&eacute;s de todo, su &uacute;nico prop&oacute;sito es ayudar y apoyar a este individuo. Por lo tanto, aseg&uacute;rese de que usted, o el individuo que est&aacute; recibiendo el cuidado, se llevan bien con el cuidador. Tal vez se podr&iacute;an organizar algunas sesiones o reuniones de prueba informales para ver c&oacute;mo se llevan los dos antes de seguir adelante con el proceso de contrataci&oacute;n formal. Por supuesto, es importante buscar la experiencia pertinente tambi&eacute;n para asegurar que el solicitante est&eacute; cualificado para el puesto. Sin embargo, es vital que tambi&eacute;n tenga la capacidad de llevarse bien con su empleador a nivel personal.<\/li>\n<li><strong>Pida referencias<\/strong>: Al igual que en cualquier otro puesto, es vital asegurarse de que se est&aacute; contratando a una persona de confianza. Un cuidador se encargar&aacute; de cuidar a algunos de los individuos m&aacute;s vulnerables de la sociedad, por lo que es especialmente importante comprobar sus referencias, para asegurarse de que su trabajo es de la m&aacute;s alta calidad. Es aconsejable pedir m&uacute;ltiples referencias a los empleadores anteriores, tal vez a los miembros de la familia de los empleadores anteriores e incluso referencias de car&aacute;cter de otras personas responsables que hayan trabajado con el solicitante anteriormente.<\/li>\n<\/ul>\n<p><a class=\"button\" href=\"https:\/\/yoopies.co.uk\/homecare\">\u00a1ENCUENTRA AHORA A TU CUIDADOR DE PERSONAS MAYORES Y DEPENDIENTES!<\/a><\/p>\n","protected":false},"excerpt":{"rendered":"<p>Un cuidador de personas mayores y dependientes puede ayudar a los m&aacute;s dependientes a cuidarse &hellip; <\/p>\n","protected":false},"author":10,"featured_media":226,"parent":34,"menu_order":0,"comment_status":"closed","ping_status":"closed","template":"","meta":{"_acf_changed":false,"footnotes":""},"class_list":["post-224","page","type-page","status-publish","has-post-thumbnail","hentry"],"acf":[],"yoast_head":"<!-- This site is optimized with the Yoast SEO plugin v26.9 - https:\/\/yoast.com\/product\/yoast-seo-wordpress\/ -->\n<title>Contratar a un cuidador de personas mayores y dependientes<\/title>\n<meta name=\"description\" content=\"\u00bfUsted o alg\u00fan ser querido necesita algo de ayuda en casa, que est\u00e9 en su vida diaria, cerca de casa o necesita asistencia m\u00e9dica? Contratar un cuidador de personas mayores y dependientes puede mejorar la calidad vida de estas personas.\" \/>\n<meta name=\"robots\" content=\"index, follow, max-snippet:-1, max-image-preview:large, max-video-preview:-1\" \/>\n<link rel=\"canonical\" href=\"https:\/\/yoopies.es\/c\/guia-definitiva-cuidado-mayores-dependientes\/contratar-cuidador-personas-mayores-dependientes\/\" \/>\n<meta property=\"og:locale\" content=\"es_ES\" \/>\n<meta property=\"og:type\" content=\"article\" \/>\n<meta property=\"og:title\" content=\"Contratar a un cuidador de personas mayores y dependientes\" \/>\n<meta property=\"og:description\" content=\"\u00bfUsted o alg\u00fan ser querido necesita algo de ayuda en casa, que est\u00e9 en su vida diaria, cerca de casa o necesita asistencia m\u00e9dica? Contratar un cuidador de personas mayores y dependientes puede mejorar la calidad vida de estas personas.\" \/>\n<meta property=\"og:url\" content=\"https:\/\/yoopies.es\/c\/guia-definitiva-cuidado-mayores-dependientes\/contratar-cuidador-personas-mayores-dependientes\/\" \/>\n<meta property=\"og:site_name\" content=\"Yoopies Espa\u00f1a\" \/>\n<meta property=\"article:modified_time\" content=\"2025-06-12T08:44:06+00:00\" \/>\n<meta property=\"og:image\" content=\"https:\/\/yoopies.es\/c\/wp-content\/uploads\/sites\/7\/2024\/04\/724e4c22-d19d-40ee-8e08-398b6e1c11aa-528129-1.jpg\" \/>\n\t<meta property=\"og:image:width\" content=\"1200\" \/>\n\t<meta property=\"og:image:height\" content=\"675\" \/>\n\t<meta property=\"og:image:type\" content=\"image\/jpeg\" \/>\n<meta name=\"twitter:card\" content=\"summary_large_image\" \/>\n<meta name=\"twitter:label1\" content=\"Tiempo de lectura\" \/>\n\t<meta name=\"twitter:data1\" content=\"11 minutos\" \/>\n<script type=\"application\/ld+json\" class=\"yoast-schema-graph\">{\"@context\":\"https:\/\/schema.org\",\"@graph\":[{\"@type\":\"WebPage\",\"@id\":\"https:\/\/yoopies.es\/c\/guia-definitiva-cuidado-mayores-dependientes\/contratar-cuidador-personas-mayores-dependientes\/\",\"url\":\"https:\/\/yoopies.es\/c\/guia-definitiva-cuidado-mayores-dependientes\/contratar-cuidador-personas-mayores-dependientes\/\",\"name\":\"Contratar a un cuidador de personas mayores y dependientes\",\"isPartOf\":{\"@id\":\"https:\/\/yoopies.es\/c\/#website\"},\"primaryImageOfPage\":{\"@id\":\"https:\/\/yoopies.es\/c\/guia-definitiva-cuidado-mayores-dependientes\/contratar-cuidador-personas-mayores-dependientes\/#primaryimage\"},\"image\":{\"@id\":\"https:\/\/yoopies.es\/c\/guia-definitiva-cuidado-mayores-dependientes\/contratar-cuidador-personas-mayores-dependientes\/#primaryimage\"},\"thumbnailUrl\":\"https:\/\/yoopies.es\/c\/wp-content\/uploads\/sites\/7\/2024\/04\/724e4c22-d19d-40ee-8e08-398b6e1c11aa-528129-1.jpg\",\"datePublished\":\"2024-04-02T13:27:45+00:00\",\"dateModified\":\"2025-06-12T08:44:06+00:00\",\"description\":\"\u00bfUsted o alg\u00fan ser querido necesita algo de ayuda en casa, que est\u00e9 en su vida diaria, cerca de casa o necesita asistencia m\u00e9dica? Contratar un cuidador de personas mayores y dependientes puede mejorar la calidad vida de estas personas.\",\"breadcrumb\":{\"@id\":\"https:\/\/yoopies.es\/c\/guia-definitiva-cuidado-mayores-dependientes\/contratar-cuidador-personas-mayores-dependientes\/#breadcrumb\"},\"inLanguage\":\"es\",\"potentialAction\":[{\"@type\":\"ReadAction\",\"target\":[\"https:\/\/yoopies.es\/c\/guia-definitiva-cuidado-mayores-dependientes\/contratar-cuidador-personas-mayores-dependientes\/\"]}]},{\"@type\":\"ImageObject\",\"inLanguage\":\"es\",\"@id\":\"https:\/\/yoopies.es\/c\/guia-definitiva-cuidado-mayores-dependientes\/contratar-cuidador-personas-mayores-dependientes\/#primaryimage\",\"url\":\"https:\/\/yoopies.es\/c\/wp-content\/uploads\/sites\/7\/2024\/04\/724e4c22-d19d-40ee-8e08-398b6e1c11aa-528129-1.jpg\",\"contentUrl\":\"https:\/\/yoopies.es\/c\/wp-content\/uploads\/sites\/7\/2024\/04\/724e4c22-d19d-40ee-8e08-398b6e1c11aa-528129-1.jpg\",\"width\":1200,\"height\":675},{\"@type\":\"BreadcrumbList\",\"@id\":\"https:\/\/yoopies.es\/c\/guia-definitiva-cuidado-mayores-dependientes\/contratar-cuidador-personas-mayores-dependientes\/#breadcrumb\",\"itemListElement\":[{\"@type\":\"ListItem\",\"position\":1,\"name\":\"Home\",\"item\":\"https:\/\/yoopies.es\/c\/\"},{\"@type\":\"ListItem\",\"position\":2,\"name\":\"La gu\u00eda definitiva del cuidado de personas mayores y dependientes\",\"item\":\"https:\/\/yoopies.es\/c\/guia-definitiva-cuidado-mayores-dependientes\/\"},{\"@type\":\"ListItem\",\"position\":3,\"name\":\"Contratar a un cuidador de personas mayores y dependientes\"}]},{\"@type\":\"WebSite\",\"@id\":\"https:\/\/yoopies.es\/c\/#website\",\"url\":\"https:\/\/yoopies.es\/c\/\",\"name\":\"Yoopies Espa\u00f1a\",\"description\":\"\",\"publisher\":{\"@id\":\"https:\/\/yoopies.es\/c\/#organization\"},\"potentialAction\":[{\"@type\":\"SearchAction\",\"target\":{\"@type\":\"EntryPoint\",\"urlTemplate\":\"https:\/\/yoopies.es\/c\/?s={search_term_string}\"},\"query-input\":{\"@type\":\"PropertyValueSpecification\",\"valueRequired\":true,\"valueName\":\"search_term_string\"}}],\"inLanguage\":\"es\"},{\"@type\":\"Organization\",\"@id\":\"https:\/\/yoopies.es\/c\/#organization\",\"name\":\"Yoopies Espa\u00f1a\",\"url\":\"https:\/\/yoopies.es\/c\/\",\"logo\":{\"@type\":\"ImageObject\",\"inLanguage\":\"es\",\"@id\":\"https:\/\/yoopies.es\/c\/#\/schema\/logo\/image\/\",\"url\":\"https:\/\/yoopies.es\/c\/wp-content\/uploads\/sites\/7\/2025\/05\/cropped-Logo_Yoopies-2.png\",\"contentUrl\":\"https:\/\/yoopies.es\/c\/wp-content\/uploads\/sites\/7\/2025\/05\/cropped-Logo_Yoopies-2.png\",\"width\":512,\"height\":512,\"caption\":\"Yoopies Espa\u00f1a\"},\"image\":{\"@id\":\"https:\/\/yoopies.es\/c\/#\/schema\/logo\/image\/\"}}]}<\/script>\n<!-- \/ Yoast SEO plugin. -->","yoast_head_json":{"title":"Contratar a un cuidador de personas mayores y dependientes","description":"\u00bfUsted o alg\u00fan ser querido necesita algo de ayuda en casa, que est\u00e9 en su vida diaria, cerca de casa o necesita asistencia m\u00e9dica? Contratar un cuidador de personas mayores y dependientes puede mejorar la calidad vida de estas personas.","robots":{"index":"index","follow":"follow","max-snippet":"max-snippet:-1","max-image-preview":"max-image-preview:large","max-video-preview":"max-video-preview:-1"},"canonical":"https:\/\/yoopies.es\/c\/guia-definitiva-cuidado-mayores-dependientes\/contratar-cuidador-personas-mayores-dependientes\/","og_locale":"es_ES","og_type":"article","og_title":"Contratar a un cuidador de personas mayores y dependientes","og_description":"\u00bfUsted o alg\u00fan ser querido necesita algo de ayuda en casa, que est\u00e9 en su vida diaria, cerca de casa o necesita asistencia m\u00e9dica? Contratar un cuidador de personas mayores y dependientes puede mejorar la calidad vida de estas personas.","og_url":"https:\/\/yoopies.es\/c\/guia-definitiva-cuidado-mayores-dependientes\/contratar-cuidador-personas-mayores-dependientes\/","og_site_name":"Yoopies Espa\u00f1a","article_modified_time":"2025-06-12T08:44:06+00:00","og_image":[{"width":1200,"height":675,"url":"https:\/\/yoopies.es\/c\/wp-content\/uploads\/sites\/7\/2024\/04\/724e4c22-d19d-40ee-8e08-398b6e1c11aa-528129-1.jpg","type":"image\/jpeg"}],"twitter_card":"summary_large_image","twitter_misc":{"Tiempo de lectura":"11 minutos"},"schema":{"@context":"https:\/\/schema.org","@graph":[{"@type":"WebPage","@id":"https:\/\/yoopies.es\/c\/guia-definitiva-cuidado-mayores-dependientes\/contratar-cuidador-personas-mayores-dependientes\/","url":"https:\/\/yoopies.es\/c\/guia-definitiva-cuidado-mayores-dependientes\/contratar-cuidador-personas-mayores-dependientes\/","name":"Contratar a un cuidador de personas mayores y dependientes","isPartOf":{"@id":"https:\/\/yoopies.es\/c\/#website"},"primaryImageOfPage":{"@id":"https:\/\/yoopies.es\/c\/guia-definitiva-cuidado-mayores-dependientes\/contratar-cuidador-personas-mayores-dependientes\/#primaryimage"},"image":{"@id":"https:\/\/yoopies.es\/c\/guia-definitiva-cuidado-mayores-dependientes\/contratar-cuidador-personas-mayores-dependientes\/#primaryimage"},"thumbnailUrl":"https:\/\/yoopies.es\/c\/wp-content\/uploads\/sites\/7\/2024\/04\/724e4c22-d19d-40ee-8e08-398b6e1c11aa-528129-1.jpg","datePublished":"2024-04-02T13:27:45+00:00","dateModified":"2025-06-12T08:44:06+00:00","description":"\u00bfUsted o alg\u00fan ser querido necesita algo de ayuda en casa, que est\u00e9 en su vida diaria, cerca de casa o necesita asistencia m\u00e9dica? Contratar un cuidador de personas mayores y dependientes puede mejorar la calidad vida de estas personas.","breadcrumb":{"@id":"https:\/\/yoopies.es\/c\/guia-definitiva-cuidado-mayores-dependientes\/contratar-cuidador-personas-mayores-dependientes\/#breadcrumb"},"inLanguage":"es","potentialAction":[{"@type":"ReadAction","target":["https:\/\/yoopies.es\/c\/guia-definitiva-cuidado-mayores-dependientes\/contratar-cuidador-personas-mayores-dependientes\/"]}]},{"@type":"ImageObject","inLanguage":"es","@id":"https:\/\/yoopies.es\/c\/guia-definitiva-cuidado-mayores-dependientes\/contratar-cuidador-personas-mayores-dependientes\/#primaryimage","url":"https:\/\/yoopies.es\/c\/wp-content\/uploads\/sites\/7\/2024\/04\/724e4c22-d19d-40ee-8e08-398b6e1c11aa-528129-1.jpg","contentUrl":"https:\/\/yoopies.es\/c\/wp-content\/uploads\/sites\/7\/2024\/04\/724e4c22-d19d-40ee-8e08-398b6e1c11aa-528129-1.jpg","width":1200,"height":675},{"@type":"BreadcrumbList","@id":"https:\/\/yoopies.es\/c\/guia-definitiva-cuidado-mayores-dependientes\/contratar-cuidador-personas-mayores-dependientes\/#breadcrumb","itemListElement":[{"@type":"ListItem","position":1,"name":"Home","item":"https:\/\/yoopies.es\/c\/"},{"@type":"ListItem","position":2,"name":"La gu\u00eda definitiva del cuidado de personas mayores y dependientes","item":"https:\/\/yoopies.es\/c\/guia-definitiva-cuidado-mayores-dependientes\/"},{"@type":"ListItem","position":3,"name":"Contratar a un cuidador de personas mayores y dependientes"}]},{"@type":"WebSite","@id":"https:\/\/yoopies.es\/c\/#website","url":"https:\/\/yoopies.es\/c\/","name":"Yoopies Espa\u00f1a","description":"","publisher":{"@id":"https:\/\/yoopies.es\/c\/#organization"},"potentialAction":[{"@type":"SearchAction","target":{"@type":"EntryPoint","urlTemplate":"https:\/\/yoopies.es\/c\/?s={search_term_string}"},"query-input":{"@type":"PropertyValueSpecification","valueRequired":true,"valueName":"search_term_string"}}],"inLanguage":"es"},{"@type":"Organization","@id":"https:\/\/yoopies.es\/c\/#organization","name":"Yoopies Espa\u00f1a","url":"https:\/\/yoopies.es\/c\/","logo":{"@type":"ImageObject","inLanguage":"es","@id":"https:\/\/yoopies.es\/c\/#\/schema\/logo\/image\/","url":"https:\/\/yoopies.es\/c\/wp-content\/uploads\/sites\/7\/2025\/05\/cropped-Logo_Yoopies-2.png","contentUrl":"https:\/\/yoopies.es\/c\/wp-content\/uploads\/sites\/7\/2025\/05\/cropped-Logo_Yoopies-2.png","width":512,"height":512,"caption":"Yoopies Espa\u00f1a"},"image":{"@id":"https:\/\/yoopies.es\/c\/#\/schema\/logo\/image\/"}}]}},"_links":{"self":[{"href":"https:\/\/yoopies.es\/c\/wp-json\/wp\/v2\/pages\/224","targetHints":{"allow":["GET"]}}],"collection":[{"href":"https:\/\/yoopies.es\/c\/wp-json\/wp\/v2\/pages"}],"about":[{"href":"https:\/\/yoopies.es\/c\/wp-json\/wp\/v2\/types\/page"}],"author":[{"embeddable":true,"href":"https:\/\/yoopies.es\/c\/wp-json\/wp\/v2\/users\/10"}],"replies":[{"embeddable":true,"href":"https:\/\/yoopies.es\/c\/wp-json\/wp\/v2\/comments?post=224"}],"version-history":[{"count":1,"href":"https:\/\/yoopies.es\/c\/wp-json\/wp\/v2\/pages\/224\/revisions"}],"predecessor-version":[{"id":227,"href":"https:\/\/yoopies.es\/c\/wp-json\/wp\/v2\/pages\/224\/revisions\/227"}],"up":[{"embeddable":true,"href":"https:\/\/yoopies.es\/c\/wp-json\/wp\/v2\/pages\/34"}],"wp:featuredmedia":[{"embeddable":true,"href":"https:\/\/yoopies.es\/c\/wp-json\/wp\/v2\/media\/226"}],"wp:attachment":[{"href":"https:\/\/yoopies.es\/c\/wp-json\/wp\/v2\/media?parent=224"}],"curies":[{"name":"wp","href":"https:\/\/api.w.org\/{rel}","templated":true}]}}