{"id":214,"date":"2021-06-14T11:00:27","date_gmt":"2021-06-14T11:00:27","guid":{"rendered":"https:\/\/blog.yoopies.es\/guia-definitiva-cuidado-ninos\/ayudas-para-cuidado-de-ninos-en-europa\/"},"modified":"2025-06-12T08:44:06","modified_gmt":"2025-06-12T08:44:06","slug":"ayudas-para-cuidado-de-ninos-en-europa","status":"publish","type":"page","link":"https:\/\/yoopies.es\/c\/guia-definitiva-cuidado-ninos\/ayudas-para-cuidado-de-ninos-en-europa\/","title":{"rendered":"Padres europeos: \u00bfqu\u00e9 pa\u00eds les ayuda m\u00e1s a sufragar los gastos de guarder\u00eda y cuidado de ni\u00f1os?"},"content":{"rendered":"<figure><img decoding=\"async\" src=\"https:\/\/yoopies.es\/c\/wp-content\/uploads\/sites\/7\/2021\/06\/cbc2cda8dba376f081977434c02fc2967e5b12dc-shutterstock-1276062880.jpg\" \/><\/figure>\n<p class=\"highlighted\">\n<p><strong>&nbsp;Con motivo de las elecciones europeas, Yoopies, la plataforma n&uacute;mero uno de cuidado de ni&ntilde;os en Europa, publica su primer estudio comparando las ayudas p&uacute;blicas para cuidado infantil en Dinamarca, Finlandia, Suecia, Francia, Alemania, Italia, Holanda, Espa&ntilde;a y Reino Unido. Los pa&iacute;ses n&oacute;rdicos, en particular Dinamarca, son los campeones europeos en el acceso a subsidios y ayudas para familias con ni&ntilde;os. Francia y los Pa&iacute;ses Bajos tambi&eacute;n son conocidos por sus generosas pol&iacute;ticas. Alemania y Reino Unido, que se quedaron atr&aacute;s durante mucho tiempo, han recuperado terreno en los &uacute;ltimos a&ntilde;os, mientras que Espa&ntilde;a e Italia siguen siendo los pa&iacute;ses que ofrecen menos apoyo en este &aacute;mbito.<\/strong><\/p>\n<\/p>\n<p><p><strong>Las deducciones fiscales se utilizan en todos los pa&iacute;ses<\/strong><\/p>\n<p>Las deducciones fiscales son el tipo de ayuda m&aacute;s com&uacute;n ofrecida por los gobiernos europeos para apoyar a las familias con sus gastos de cuidado infantil. Al final del <strong>a&ntilde;o fiscal, los padres pueden deducir de sus impuestos un cierto porcentaje de lo que han gastado en cuidado de ni&ntilde;os. <\/strong>La cantidad y el l&iacute;mite m&aacute;ximo var&iacute;an mucho entre pa&iacute;ses. As&iacute;, los ciudadanos franceses pueden deducirse hasta 7.500&euro; al a&ntilde;o para el cuidado de ni&ntilde;os en el hogar para ni&ntilde;os menores de 6 a&ntilde;os, mientras que Alemania permite deducirse 2\/3 de los gastos de cuidado infantil hasta 4.000 &euro;\/a&ntilde;o\/ni&ntilde;o independientemente de los ingresos para todos los ni&ntilde;os menores de 14 a&ntilde;os. <strong>En el caso de Espa&ntilde;a, algunas Comunidades Aut&oacute;nomas limitan las ayudas a una deducci&oacute;n del 10% para menores de 3 a&ntilde;os.<\/strong><\/p>\n<\/p>\n<p><p><strong>Una gran variedad de ayudas para cuidado infantil<\/strong><\/p>\n<p>Los gobiernos europeos utilizan muchos otros tipos de subsidios para limitar el peso de los gastos de cuidado infantil en el presupuesto de las familias. Varias regiones alemanas ofrecen <strong>cuidado infantil parcial o totalmente gratuito para ni&ntilde;os menores de 6 a&ntilde;os que asisten a guarder&iacute;as, centros de educaci&oacute;n infantil o son atendidos por madres de d&iacute;a. <\/strong>La cantidad cubierta depende de la regi&oacute;n, los ingresos, la edad del ni&ntilde;o y la cantidad de horas de cuidado: <\/p>\n<p>Reino Unido adopt&oacute; el mismo enfoque con su pol&iacute;tica de 15 a 30 horas de cuidado de ni&ntilde;os gratuito por semana implementada en 2017. <\/p>\n<p>En Dinamarca, las autoridades locales contribuyen con el 70% al 100% del coste de la guarder&iacute;a dependiendo de los ingresos. <\/p>\n<p>Por su parte, Italia emplea el <em>Bono Asilo Nido, <\/em>que se limita a 1.500 &euro; como m&aacute;ximo por a&ntilde;o y ni&ntilde;o, pero est&aacute; disponible para todos los padres independientemente de sus ingresos.<\/p>\n<p> Adem&aacute;s, en Espa&ntilde;a es posible obtener una reducci&oacute;n del <strong>20% en la contribuci&oacute;n del empleador a la Seguridad Social por la contrataci&oacute;n de personas que queden incorporadas en el Sistema Especial para Empleados de Hogar (incluyendo en este caso a las ni&ntilde;eras) y hasta un 45% para familias numerosas.<\/strong><\/p>\n<\/p>\n<p class=\"highlighted\">\n<p>Dinamarca, Finlandia, Suecia y Alemania han adoptado pol&iacute;ticas basadas en los derechos al cuidado infantil para ni&ntilde;os hasta 3 a&ntilde;os. Los ciudadanos pueden demandar a su propio municipio y obtener una compensaci&oacute;n si no les proporciona a sus hijos una plaza en una guarder&iacute;a o centro de educaci&oacute;n infantil.<\/p>\n<\/p>\n<figure><img decoding=\"async\" src=\"https:\/\/yoopies.es\/c\/wp-content\/uploads\/sites\/7\/2021\/06\/10baae8db3d33eb0888084ffd2249b675c820b02-foto-ok.jpg\" \/><\/figure>\n<p><p><strong>&nbsp;&nbsp;Yendo m&aacute;s all&aacute;: otro tipo de ayudas econ&oacute;micas para las familias<\/strong><\/p>\n<p>Adem&aacute;s de las ayudas creadas espec&iacute;ficamente para el cuidado infantil, muchos pa&iacute;ses ofrecen otras m&aacute;s generales para apoyar a las familias con los costes que supone criar a sus hijos. La pol&iacute;tica de Francia se centra principalmente en familias numerosas, ofreciendo hasta 257&euro; al mes a los padres con m&aacute;s de 3 hijos dependiendo de sus ingresos. Las familias francesas de bajos ingresos tambi&eacute;n tienen la oportunidad de recibir un bono por nacimiento de 945 &euro;. <\/p>\n<p>Otros pa&iacute;ses como Alemania, Dinamarca, Finlandia y Suecia ofrecen ayudas disponibles para todos los padres sin limitaci&oacute;n de ingresos. <\/p>\n<p>En Alemania, por ejemplo, la cantidad del llamado <em>Kindergeld <\/em>aumenta hasta 235&euro; por ni&ntilde;o al mes y se proporciona desde el nacimiento hasta los 25 a&ntilde;os m&aacute;ximo. Esto mismo ocurre en Espa&ntilde;a, donde existen diferentes ayudas p&uacute;blicas para familias monoparentales y numerosas (por nacimiento de un hijo, por hijo dependiente o discapacitado&#8230;) que pueden suponer una deducci&oacute;n de hasta 1.200 euros anuales en la declaraci&oacute;n de la renta o incluir un pago &uacute;nico de 1.000 euros de la Seguridad Social, seg&uacute;n el caso. Tambi&eacute;n se han puesto en marcha <strong>nuevas medidas de conciliaci&oacute;n de la vida laboral y familiar <\/strong>gracias al reciente <em>Real Decreto-Ley 6\/2019, de 1 de marzo, de medidas urgentes para garant&iacute;a de la igualdad de trato y de oportunidades entre mujeres y hombres en el empleo y la ocupaci&oacute;n. <\/em>Entre ellas se incorpora una ayuda econ&oacute;mica anual por hijo a cargo menor de 18 a&ntilde;os para familias con bajos ingresos y la equiparaci&oacute;n del tiempo de baja maternal y paternal.<\/p>\n<\/p>\n<p><p><strong>&nbsp;Accesibilidad y asequibilidad del cuidado de ni&ntilde;os: una prioridad en Europa<\/strong><\/p>\n<p>La Uni&oacute;n Europea ha destacado la importancia de apoyar el cuidado infantil desde 2002, cuando el Consejo Europeo de Barcelona estableci&oacute; los siguientes objetivos: el 90% de los ni&ntilde;os desde los 3 a&ntilde;os hasta la escuela obligatoria y el&nbsp;<strong>33% de los ni&ntilde;os menores de 3 a&ntilde;os deben tener acceso a servicios de cuidado<\/strong>&nbsp;<strong>infantil asequibles y de alta calidad en todos los pa&iacute;ses de la UE<\/strong>. Si bien los objetivos de Barcelona se han alcanzado mayoritariamente, todav&iacute;a existen grandes discrepancias entre los diferentes pa&iacute;ses. Como resultado, la Comisi&oacute;n Europea ha reforzado su mensaje en un informe de 2018:&nbsp;<em>\u00abLas responsabilidades<\/em>&nbsp;<em>relativas al cuidado infantil son el motivo principal de la baja participaci&oacute;n femenina en el mercado laboral,<\/em>&nbsp;<em>suponiendo 370 mil millones de euros al a&ntilde;o de p&eacute;rdidas para Europa\u00bb.&nbsp;<\/em>Por lo tanto, proporcionar un cuidado infantil de alta calidad y a un precio asequible sigue siendo de&nbsp;<em>\u00abimportancia crucial\u00bb&nbsp;<\/em>en la actualidad.&nbsp;<\/p>\n<p><em>\u00ab6 de cada 10 padres indican que el coste es el principal obst&aacute;culo para acceder a los servicios de cuidado infantil en Europa3\u00bb, <\/em>explica Elena Tiburcio, Country Manager de <a href=\"https:\/\/yoopies.es\/\">Yoopies <\/a>Espa&ntilde;a. <em>\u00abPara enfrentar estos desaf&iacute;os, esperamos que los pa&iacute;ses de la Uni&oacute;n Europea ofrezcan m&aacute;s ayudas para el cuidado de ni&ntilde;os o extiendan la elegibilidad de las mismas en los pr&oacute;ximos a&ntilde;os\u00bb<\/em>, agrega.<\/p>\n<p>Al ayudar a m&aacute;s de un mill&oacute;n de familias a gestionar los desaf&iacute;os relacionados con la b&uacute;squeda y elecci&oacute;n de soluciones para el cuidado de sus hijos en toda Europa, <strong><a href=\"https:\/\/yoopies.es\">Yoopies<\/a><\/strong> pudo observar, sin embargo, que el coste no es el &uacute;nico obst&aacute;culo para los padres que buscan un servicio de calidad. La complejidad y diversidad de las ayudas &#8211; con toda la burocracia que conllevan &#8211; desalienta a muchas familias, que finalmente no solicitan los subsidios a los que tendr&iacute;an derecho.  Para ayudarte a encontrar a la persona que necesitas, <a href=\"https:\/\/yoopies.es\/c\/guia-definitiva-cuidado-ninos\/encontrar-canguro-perfecto\">&iexcl;lee este art&iacute;culo sobre c&oacute;mo encontrar a la ni&ntilde;era perfecta!<\/a><\/p>\n<p>Y descubre <a target=\"_blank\" rel=\"noopener\" href=\"https:\/\/static.yoopies.com\/upload\/file\/Infografi--a-ES.pdf\">aqu&iacute; <\/a>nuestra infograf&iacute;a comparativa de las distintas ayudas para el cuidado de ni&ntilde;os en Europa.<\/p>\n<\/p>\n<p><a class=\"button\" href=\"https:\/\/yoopies.es\/Babysitter\">\u00a1Encuentra una ni\u00f1era para tus hijos cerca de casa!<\/a><\/p>\n<figure><img decoding=\"async\" src=\"https:\/\/yoopies.es\/c\/wp-content\/uploads\/sites\/7\/2021\/06\/a663ebd1d4289a1bacaa6757a897afa53d378ead-fond-decran-yoopies.jpg\" \/><\/figure>\n","protected":false},"excerpt":{"rendered":"<p>&nbsp;Con motivo de las elecciones europeas, Yoopies, la plataforma n&uacute;mero uno de cuidado de ni&ntilde;os &hellip; <\/p>\n","protected":false},"author":10,"featured_media":218,"parent":28,"menu_order":0,"comment_status":"closed","ping_status":"closed","template":"","meta":{"_acf_changed":false,"footnotes":""},"class_list":["post-214","page","type-page","status-publish","has-post-thumbnail","hentry"],"acf":[],"yoast_head":"<!-- This site is optimized with the Yoast SEO plugin v26.9 - https:\/\/yoast.com\/product\/yoast-seo-wordpress\/ -->\n<title>Padres europeos: \u00bfqu\u00e9 pa\u00eds les ayuda m\u00e1s a sufragar los gastos de guarder\u00eda y cuidado de ni\u00f1os?<\/title>\n<meta name=\"description\" content=\"Este estudio de Yoopies compara las ayudas y subsidios p\u00fablicos para el cuidado infantil en los principales pa\u00edses europeos.\" \/>\n<meta name=\"robots\" content=\"index, follow, max-snippet:-1, max-image-preview:large, max-video-preview:-1\" \/>\n<link rel=\"canonical\" href=\"https:\/\/yoopies.es\/c\/guia-definitiva-cuidado-ninos\/ayudas-para-cuidado-de-ninos-en-europa\/\" \/>\n<meta property=\"og:locale\" content=\"es_ES\" \/>\n<meta property=\"og:type\" content=\"article\" \/>\n<meta property=\"og:title\" content=\"Padres europeos: \u00bfqu\u00e9 pa\u00eds les ayuda m\u00e1s a sufragar los gastos de guarder\u00eda y cuidado de ni\u00f1os?\" \/>\n<meta property=\"og:description\" content=\"Este estudio de Yoopies compara las ayudas y subsidios p\u00fablicos para el cuidado infantil en los principales pa\u00edses europeos.\" \/>\n<meta property=\"og:url\" content=\"https:\/\/yoopies.es\/c\/guia-definitiva-cuidado-ninos\/ayudas-para-cuidado-de-ninos-en-europa\/\" \/>\n<meta property=\"og:site_name\" content=\"Yoopies Espa\u00f1a\" \/>\n<meta property=\"article:modified_time\" content=\"2025-06-12T08:44:06+00:00\" \/>\n<meta property=\"og:image\" content=\"https:\/\/yoopies.es\/c\/wp-content\/uploads\/sites\/7\/2021\/06\/9b605f221856f40aa0e8f611edaaddfe38521214-shutterstock-1276062880.jpg\" \/>\n\t<meta property=\"og:image:width\" content=\"6000\" \/>\n\t<meta property=\"og:image:height\" content=\"4000\" \/>\n\t<meta property=\"og:image:type\" content=\"image\/jpeg\" \/>\n<meta name=\"twitter:card\" content=\"summary_large_image\" \/>\n<meta name=\"twitter:label1\" content=\"Tiempo de lectura\" \/>\n\t<meta name=\"twitter:data1\" content=\"7 minutos\" \/>\n<script type=\"application\/ld+json\" class=\"yoast-schema-graph\">{\"@context\":\"https:\/\/schema.org\",\"@graph\":[{\"@type\":\"WebPage\",\"@id\":\"https:\/\/yoopies.es\/c\/guia-definitiva-cuidado-ninos\/ayudas-para-cuidado-de-ninos-en-europa\/\",\"url\":\"https:\/\/yoopies.es\/c\/guia-definitiva-cuidado-ninos\/ayudas-para-cuidado-de-ninos-en-europa\/\",\"name\":\"Padres europeos: \u00bfqu\u00e9 pa\u00eds les ayuda m\u00e1s a sufragar los gastos de guarder\u00eda y cuidado de ni\u00f1os?\",\"isPartOf\":{\"@id\":\"https:\/\/yoopies.es\/c\/#website\"},\"primaryImageOfPage\":{\"@id\":\"https:\/\/yoopies.es\/c\/guia-definitiva-cuidado-ninos\/ayudas-para-cuidado-de-ninos-en-europa\/#primaryimage\"},\"image\":{\"@id\":\"https:\/\/yoopies.es\/c\/guia-definitiva-cuidado-ninos\/ayudas-para-cuidado-de-ninos-en-europa\/#primaryimage\"},\"thumbnailUrl\":\"https:\/\/yoopies.es\/c\/wp-content\/uploads\/sites\/7\/2021\/06\/9b605f221856f40aa0e8f611edaaddfe38521214-shutterstock-1276062880.jpg\",\"datePublished\":\"2021-06-14T11:00:27+00:00\",\"dateModified\":\"2025-06-12T08:44:06+00:00\",\"description\":\"Este estudio de Yoopies compara las ayudas y subsidios p\u00fablicos para el cuidado infantil en los principales pa\u00edses europeos.\",\"breadcrumb\":{\"@id\":\"https:\/\/yoopies.es\/c\/guia-definitiva-cuidado-ninos\/ayudas-para-cuidado-de-ninos-en-europa\/#breadcrumb\"},\"inLanguage\":\"es\",\"potentialAction\":[{\"@type\":\"ReadAction\",\"target\":[\"https:\/\/yoopies.es\/c\/guia-definitiva-cuidado-ninos\/ayudas-para-cuidado-de-ninos-en-europa\/\"]}]},{\"@type\":\"ImageObject\",\"inLanguage\":\"es\",\"@id\":\"https:\/\/yoopies.es\/c\/guia-definitiva-cuidado-ninos\/ayudas-para-cuidado-de-ninos-en-europa\/#primaryimage\",\"url\":\"https:\/\/yoopies.es\/c\/wp-content\/uploads\/sites\/7\/2021\/06\/9b605f221856f40aa0e8f611edaaddfe38521214-shutterstock-1276062880.jpg\",\"contentUrl\":\"https:\/\/yoopies.es\/c\/wp-content\/uploads\/sites\/7\/2021\/06\/9b605f221856f40aa0e8f611edaaddfe38521214-shutterstock-1276062880.jpg\",\"width\":6000,\"height\":4000},{\"@type\":\"BreadcrumbList\",\"@id\":\"https:\/\/yoopies.es\/c\/guia-definitiva-cuidado-ninos\/ayudas-para-cuidado-de-ninos-en-europa\/#breadcrumb\",\"itemListElement\":[{\"@type\":\"ListItem\",\"position\":1,\"name\":\"Home\",\"item\":\"https:\/\/yoopies.es\/c\/\"},{\"@type\":\"ListItem\",\"position\":2,\"name\":\"La gu\u00eda definitiva del cuidado de ni\u00f1os\",\"item\":\"https:\/\/yoopies.es\/c\/guia-definitiva-cuidado-ninos\/\"},{\"@type\":\"ListItem\",\"position\":3,\"name\":\"Padres europeos: \u00bfqu\u00e9 pa\u00eds les ayuda m\u00e1s a sufragar los gastos de guarder\u00eda y cuidado de ni\u00f1os?\"}]},{\"@type\":\"WebSite\",\"@id\":\"https:\/\/yoopies.es\/c\/#website\",\"url\":\"https:\/\/yoopies.es\/c\/\",\"name\":\"Yoopies Espa\u00f1a\",\"description\":\"\",\"publisher\":{\"@id\":\"https:\/\/yoopies.es\/c\/#organization\"},\"potentialAction\":[{\"@type\":\"SearchAction\",\"target\":{\"@type\":\"EntryPoint\",\"urlTemplate\":\"https:\/\/yoopies.es\/c\/?s={search_term_string}\"},\"query-input\":{\"@type\":\"PropertyValueSpecification\",\"valueRequired\":true,\"valueName\":\"search_term_string\"}}],\"inLanguage\":\"es\"},{\"@type\":\"Organization\",\"@id\":\"https:\/\/yoopies.es\/c\/#organization\",\"name\":\"Yoopies Espa\u00f1a\",\"url\":\"https:\/\/yoopies.es\/c\/\",\"logo\":{\"@type\":\"ImageObject\",\"inLanguage\":\"es\",\"@id\":\"https:\/\/yoopies.es\/c\/#\/schema\/logo\/image\/\",\"url\":\"https:\/\/yoopies.es\/c\/wp-content\/uploads\/sites\/7\/2025\/05\/cropped-Logo_Yoopies-2.png\",\"contentUrl\":\"https:\/\/yoopies.es\/c\/wp-content\/uploads\/sites\/7\/2025\/05\/cropped-Logo_Yoopies-2.png\",\"width\":512,\"height\":512,\"caption\":\"Yoopies Espa\u00f1a\"},\"image\":{\"@id\":\"https:\/\/yoopies.es\/c\/#\/schema\/logo\/image\/\"}}]}<\/script>\n<!-- \/ Yoast SEO plugin. -->","yoast_head_json":{"title":"Padres europeos: \u00bfqu\u00e9 pa\u00eds les ayuda m\u00e1s a sufragar los gastos de guarder\u00eda y cuidado de ni\u00f1os?","description":"Este estudio de Yoopies compara las ayudas y subsidios p\u00fablicos para el cuidado infantil en los principales pa\u00edses europeos.","robots":{"index":"index","follow":"follow","max-snippet":"max-snippet:-1","max-image-preview":"max-image-preview:large","max-video-preview":"max-video-preview:-1"},"canonical":"https:\/\/yoopies.es\/c\/guia-definitiva-cuidado-ninos\/ayudas-para-cuidado-de-ninos-en-europa\/","og_locale":"es_ES","og_type":"article","og_title":"Padres europeos: \u00bfqu\u00e9 pa\u00eds les ayuda m\u00e1s a sufragar los gastos de guarder\u00eda y cuidado de ni\u00f1os?","og_description":"Este estudio de Yoopies compara las ayudas y subsidios p\u00fablicos para el cuidado infantil en los principales pa\u00edses europeos.","og_url":"https:\/\/yoopies.es\/c\/guia-definitiva-cuidado-ninos\/ayudas-para-cuidado-de-ninos-en-europa\/","og_site_name":"Yoopies Espa\u00f1a","article_modified_time":"2025-06-12T08:44:06+00:00","og_image":[{"width":6000,"height":4000,"url":"https:\/\/yoopies.es\/c\/wp-content\/uploads\/sites\/7\/2021\/06\/9b605f221856f40aa0e8f611edaaddfe38521214-shutterstock-1276062880.jpg","type":"image\/jpeg"}],"twitter_card":"summary_large_image","twitter_misc":{"Tiempo de lectura":"7 minutos"},"schema":{"@context":"https:\/\/schema.org","@graph":[{"@type":"WebPage","@id":"https:\/\/yoopies.es\/c\/guia-definitiva-cuidado-ninos\/ayudas-para-cuidado-de-ninos-en-europa\/","url":"https:\/\/yoopies.es\/c\/guia-definitiva-cuidado-ninos\/ayudas-para-cuidado-de-ninos-en-europa\/","name":"Padres europeos: \u00bfqu\u00e9 pa\u00eds les ayuda m\u00e1s a sufragar los gastos de guarder\u00eda y cuidado de ni\u00f1os?","isPartOf":{"@id":"https:\/\/yoopies.es\/c\/#website"},"primaryImageOfPage":{"@id":"https:\/\/yoopies.es\/c\/guia-definitiva-cuidado-ninos\/ayudas-para-cuidado-de-ninos-en-europa\/#primaryimage"},"image":{"@id":"https:\/\/yoopies.es\/c\/guia-definitiva-cuidado-ninos\/ayudas-para-cuidado-de-ninos-en-europa\/#primaryimage"},"thumbnailUrl":"https:\/\/yoopies.es\/c\/wp-content\/uploads\/sites\/7\/2021\/06\/9b605f221856f40aa0e8f611edaaddfe38521214-shutterstock-1276062880.jpg","datePublished":"2021-06-14T11:00:27+00:00","dateModified":"2025-06-12T08:44:06+00:00","description":"Este estudio de Yoopies compara las ayudas y subsidios p\u00fablicos para el cuidado infantil en los principales pa\u00edses europeos.","breadcrumb":{"@id":"https:\/\/yoopies.es\/c\/guia-definitiva-cuidado-ninos\/ayudas-para-cuidado-de-ninos-en-europa\/#breadcrumb"},"inLanguage":"es","potentialAction":[{"@type":"ReadAction","target":["https:\/\/yoopies.es\/c\/guia-definitiva-cuidado-ninos\/ayudas-para-cuidado-de-ninos-en-europa\/"]}]},{"@type":"ImageObject","inLanguage":"es","@id":"https:\/\/yoopies.es\/c\/guia-definitiva-cuidado-ninos\/ayudas-para-cuidado-de-ninos-en-europa\/#primaryimage","url":"https:\/\/yoopies.es\/c\/wp-content\/uploads\/sites\/7\/2021\/06\/9b605f221856f40aa0e8f611edaaddfe38521214-shutterstock-1276062880.jpg","contentUrl":"https:\/\/yoopies.es\/c\/wp-content\/uploads\/sites\/7\/2021\/06\/9b605f221856f40aa0e8f611edaaddfe38521214-shutterstock-1276062880.jpg","width":6000,"height":4000},{"@type":"BreadcrumbList","@id":"https:\/\/yoopies.es\/c\/guia-definitiva-cuidado-ninos\/ayudas-para-cuidado-de-ninos-en-europa\/#breadcrumb","itemListElement":[{"@type":"ListItem","position":1,"name":"Home","item":"https:\/\/yoopies.es\/c\/"},{"@type":"ListItem","position":2,"name":"La gu\u00eda definitiva del cuidado de ni\u00f1os","item":"https:\/\/yoopies.es\/c\/guia-definitiva-cuidado-ninos\/"},{"@type":"ListItem","position":3,"name":"Padres europeos: \u00bfqu\u00e9 pa\u00eds les ayuda m\u00e1s a sufragar los gastos de guarder\u00eda y cuidado de ni\u00f1os?"}]},{"@type":"WebSite","@id":"https:\/\/yoopies.es\/c\/#website","url":"https:\/\/yoopies.es\/c\/","name":"Yoopies Espa\u00f1a","description":"","publisher":{"@id":"https:\/\/yoopies.es\/c\/#organization"},"potentialAction":[{"@type":"SearchAction","target":{"@type":"EntryPoint","urlTemplate":"https:\/\/yoopies.es\/c\/?s={search_term_string}"},"query-input":{"@type":"PropertyValueSpecification","valueRequired":true,"valueName":"search_term_string"}}],"inLanguage":"es"},{"@type":"Organization","@id":"https:\/\/yoopies.es\/c\/#organization","name":"Yoopies Espa\u00f1a","url":"https:\/\/yoopies.es\/c\/","logo":{"@type":"ImageObject","inLanguage":"es","@id":"https:\/\/yoopies.es\/c\/#\/schema\/logo\/image\/","url":"https:\/\/yoopies.es\/c\/wp-content\/uploads\/sites\/7\/2025\/05\/cropped-Logo_Yoopies-2.png","contentUrl":"https:\/\/yoopies.es\/c\/wp-content\/uploads\/sites\/7\/2025\/05\/cropped-Logo_Yoopies-2.png","width":512,"height":512,"caption":"Yoopies Espa\u00f1a"},"image":{"@id":"https:\/\/yoopies.es\/c\/#\/schema\/logo\/image\/"}}]}},"_links":{"self":[{"href":"https:\/\/yoopies.es\/c\/wp-json\/wp\/v2\/pages\/214","targetHints":{"allow":["GET"]}}],"collection":[{"href":"https:\/\/yoopies.es\/c\/wp-json\/wp\/v2\/pages"}],"about":[{"href":"https:\/\/yoopies.es\/c\/wp-json\/wp\/v2\/types\/page"}],"author":[{"embeddable":true,"href":"https:\/\/yoopies.es\/c\/wp-json\/wp\/v2\/users\/10"}],"replies":[{"embeddable":true,"href":"https:\/\/yoopies.es\/c\/wp-json\/wp\/v2\/comments?post=214"}],"version-history":[{"count":1,"href":"https:\/\/yoopies.es\/c\/wp-json\/wp\/v2\/pages\/214\/revisions"}],"predecessor-version":[{"id":219,"href":"https:\/\/yoopies.es\/c\/wp-json\/wp\/v2\/pages\/214\/revisions\/219"}],"up":[{"embeddable":true,"href":"https:\/\/yoopies.es\/c\/wp-json\/wp\/v2\/pages\/28"}],"wp:featuredmedia":[{"embeddable":true,"href":"https:\/\/yoopies.es\/c\/wp-json\/wp\/v2\/media\/218"}],"wp:attachment":[{"href":"https:\/\/yoopies.es\/c\/wp-json\/wp\/v2\/media?parent=214"}],"curies":[{"name":"wp","href":"https:\/\/api.w.org\/{rel}","templated":true}]}}