{"id":210,"date":"2021-06-14T11:10:27","date_gmt":"2021-06-14T11:10:27","guid":{"rendered":"https:\/\/blog.yoopies.es\/guia-definitiva-cuidado-ninos\/covid-19-como-afecta-a-las-familias-con-ninos\/"},"modified":"2025-06-12T08:44:06","modified_gmt":"2025-06-12T08:44:06","slug":"covid-19-como-afecta-a-las-familias-con-ninos","status":"publish","type":"page","link":"https:\/\/yoopies.es\/c\/guia-definitiva-cuidado-ninos\/covid-19-como-afecta-a-las-familias-con-ninos\/","title":{"rendered":"COVID-19: \u00bfC\u00f3mo afecta a las familias con ni\u00f1os?"},"content":{"rendered":"<p class=\"highlighted\">\n<p>La crisis del Coronavirus pone en dificultades a muchas familias con ni&ntilde;os que reanudan su trabajo fuera del hogar, con guarder&iacute;as y colegios cerrados posiblemente hasta septiembre, sin la ayuda de escuelas o campamentos de verano y, sobre todo, sin poder contar con los abuelos. Yoopies, la plataforma internacional creada para satisfacer la oferta y demanda de servicios de cuidado infantil y asistencia a familias, ha preguntado a su comunidad de padres c&oacute;mo afrontan la situaci&oacute;n.<\/p>\n<\/p>\n<p><p><strong>Sin guarder&iacute;as y colegios, familias sin plan B<\/strong><\/p>\n<p>Los datos arrojados por el estudio de Yoopies muestran que, durante lo que llevamos de confinamiento, en el 62% de los hogares analizados al menos uno de los padres ha podido quedarse en casa teletrabajando y as&iacute; cuidar a sus hijos. Asimismo, uno de los padres ha continuado trabajando fuera de casa o uno de ellos no trabaja de manera habitual (con un 17% respectivamente). Solo en el 3% de los casos ninguno trabaja.<\/p>\n<p>Para los padres que ya han vuelto al trabajo tras el permiso retribuido recuperable y aquellos que tendr&aacute;n que volver a trabajar fuera del hogar cuando se indique durante la desescalada, entre las opciones para el cuidado de los ni&ntilde;os, surgen dos escenarios: los que <strong>contratar&aacute;n una ni&ntilde;era (51%)<\/strong> y los que consideran que <strong>pueden organizarse para el cuidado de sus hijos (48%). <\/strong>Sin embargo, las medidas de apoyo y protecci&oacute;n social para cuidado de ni&ntilde;os durante la situaci&oacute;n actual son insuficientes para la contrataci&oacute;n de una ni&ntilde;era seg&uacute;n el 69% de los participantes. Algunos padres se&ntilde;alan necesidades como las siguientes:<\/p>\n<\/p>\n<p><em>&ldquo;Necesitamos una ayuda econ&oacute;mica, ya que seguimos pagando el colegio, pero debemos volver al trabajo y tenemos que contratar&nbsp; a alguien que se ocupe de ellos mientras estamos fuera&rdquo;.<\/em><\/p>\n<\/p>\n<p><strong>La ni&ntilde;era ideal: joven y con idiomas<\/strong><\/p>\n<p>El perfil deseado de canguro es una persona joven, con estudios universitarios, que preferiblemente hable&nbsp; ingl&eacute;s o alguna otra lengua, sea din&aacute;mica y pueda cuidar a los ni&ntilde;os a media jornada.<\/p>\n<\/p>\n<p><em>&ldquo;Persona con estudios que est&eacute; dispuesta a colaborar en casa y que juegue mucho con los ni&ntilde;os&rdquo;.<\/em><\/p>\n<\/p>\n<p><em>&ldquo;Una persona que los entretenga mientras trabajamos, o bien que nos ayude con la casa y as&iacute; podamos nosotros cuidarles&rdquo;.<\/em><\/p>\n<\/p>\n<p><em>&ldquo;Ni&ntilde;era que hable ingl&eacute;s nativo para jugar, hacer manualidades y actividades con los ni&ntilde;os. La docencia ir&iacute;a aparte, o la damos nosotros o con dos horas de profesor particular&rdquo;.<\/em><\/p>\n<\/p>\n<p><strong>Carga mental para los padres que trabajan desde casa<\/strong><\/p>\n<p>Los padres que siguen en casa con sus hijos encuentran <strong>grandes problemas para conciliar la vida profesional con el cuidado de los ni&ntilde;os<\/strong>. De hecho, el 37% de los padres indica que les est&aacute; resultando muy dif&iacute;cil, y para el 44% a veces surgen problemas de conciliaci&oacute;n como los siguientes:<\/p>\n<\/p>\n<p><em>&ldquo;Requieren mucha atenci&oacute;n, preparar comidas, cambiar pa&ntilde;ales, vigilar que no se hagan da&ntilde;o, ayudarlos a entretenerse, pintar&hellip;&rdquo;.<\/em><\/p>\n<\/p>\n<p><em>&ldquo;A veces tenemos reuniones o llamadas a la misma hora, tenemos una ni&ntilde;a de 10 a&ntilde;os y hay que hacer de profes, con el peque&ntilde;o de 2 a&ntilde;os hay que estar pendientes de &eacute;l y trabajar&rdquo;.<\/em><\/p>\n<\/p>\n<p><em>&ldquo;Tenemos 2 ni&ntilde;os peque&ntilde;os que requieren nuestra atenci&oacute;n todo el d&iacute;a. Nos vamos turnando continuamente, pero en los turnos que uno no tiene a los ni&ntilde;os, adem&aacute;s de trabajar hay que atender otras cosas de la casa&ldquo;.<\/em><\/p>\n<\/p>\n<p><em>&ldquo;Trabajamos los dos con la misma intensidad y el mismo horario (8 horas) y adem&aacute;s tenemos que estar con los ni&ntilde;os para hacer clases, deporte con ellos y evitar que caigan en tristeza o monoton&iacute;a&ldquo;.<\/em><\/p>\n<\/p>\n<p>Por ello, de manera mayoritaria, los padres ven conveniente que los ni&ntilde;os puedan salir a la calle de forma limitada desde el 26 de abril para la salud f&iacute;sica y mental de sus hijos (75%).<\/p>\n<p>Igualmente, es necesario prestar atenci&oacute;n a las familias con ni&ntilde;os en edad escolar que necesitan<strong> apoyo tanto con los deberes como en lo relativo al acompa&ntilde;amiento escolar.<\/strong> As&iacute;, al consultarles si creen que sus hijos reciben durante este periodo toda la informaci&oacute;n y clases que necesitan por parte de su centro educativo, el 51% considera que a veces hay ciertas dificultades (descompensaci&oacute;n de contenidos, problemas de conexi&oacute;n&hellip;), si bien el 37% cree que el centro educativo sigue el programa sin dificultades. Solo un 10% piensa que el centro educativo tiene serios problemas organizativos.&nbsp;<\/p>\n<\/p>\n<p><em>&ldquo;Jornadas de m&aacute;s de 8 horas de trabajo son incompatibles con dedicar las horas de formaci&oacute;n que ellos necesitan para acercarse a lo que hac&iacute;an en el cole&ldquo;.<\/em><\/p>\n<\/p>\n<p>Por tanto, el apoyo de un tutor o profesor particular ser&iacute;a una gran ayuda para reforzar contenidos y hacer los deberes para el 48%.<\/p>\n<\/p>\n<p><strong>La infograf&iacute;a con los resultados completos de la encuesta se pueden consultar a continuaci&oacute;n:<\/strong><\/p>\n<\/p>\n<figure><img decoding=\"async\" src=\"https:\/\/yoopies.es\/c\/wp-content\/uploads\/sites\/7\/2021\/06\/29abfd76-6005-4da4-9f30-2696ab8e9d16-essurveyfamilies.jpg\" \/><\/figure>\n<p><a class=\"button\" href=\"https:\/\/yoopies.es\/c\/teletrabajo-con-ninos-guia-para-padres\">Lee tambi\u00e9n: Confinamiento con ni\u00f1os &#8211; Gu\u00eda para padres<\/a><\/p>\n","protected":false},"excerpt":{"rendered":"<p>La crisis del Coronavirus pone en dificultades a muchas familias con ni&ntilde;os que reanudan su &hellip; <\/p>\n","protected":false},"author":10,"featured_media":212,"parent":28,"menu_order":0,"comment_status":"closed","ping_status":"closed","template":"","meta":{"_acf_changed":false,"footnotes":""},"class_list":["post-210","page","type-page","status-publish","has-post-thumbnail","hentry"],"acf":[],"yoast_head":"<!-- This site is optimized with the Yoast SEO plugin v26.9 - https:\/\/yoast.com\/product\/yoast-seo-wordpress\/ -->\n<title>Covid-19. \u00bfC\u00f3mo afecta a las familias con ni\u00f1os?<\/title>\n<meta name=\"description\" content=\"La crisis del Coronavirus pone en dificultades a muchas familias con ni\u00f1os que reanudan su trabajo fuera del hogar, con guarder\u00edas y colegios cerrados posiblemente hasta septiembre, sin la ayuda de las escuelas de verano y, sobre todo, sin poder contar con los abuelos.\" \/>\n<meta name=\"robots\" content=\"index, follow, max-snippet:-1, max-image-preview:large, max-video-preview:-1\" \/>\n<link rel=\"canonical\" href=\"https:\/\/yoopies.es\/c\/guia-definitiva-cuidado-ninos\/covid-19-como-afecta-a-las-familias-con-ninos\/\" \/>\n<meta property=\"og:locale\" content=\"es_ES\" \/>\n<meta property=\"og:type\" content=\"article\" \/>\n<meta property=\"og:title\" content=\"Covid-19. \u00bfC\u00f3mo afecta a las familias con ni\u00f1os?\" \/>\n<meta property=\"og:description\" content=\"La crisis del Coronavirus pone en dificultades a muchas familias con ni\u00f1os que reanudan su trabajo fuera del hogar, con guarder\u00edas y colegios cerrados posiblemente hasta septiembre, sin la ayuda de las escuelas de verano y, sobre todo, sin poder contar con los abuelos.\" \/>\n<meta property=\"og:url\" content=\"https:\/\/yoopies.es\/c\/guia-definitiva-cuidado-ninos\/covid-19-como-afecta-a-las-familias-con-ninos\/\" \/>\n<meta property=\"og:site_name\" content=\"Yoopies Espa\u00f1a\" \/>\n<meta property=\"article:modified_time\" content=\"2025-06-12T08:44:06+00:00\" \/>\n<meta property=\"og:image\" content=\"https:\/\/yoopies.es\/c\/wp-content\/uploads\/sites\/7\/2021\/06\/7d0dcef4-8e83-4e69-94b4-57e963942e5a-essurveyfamilies.jpg\" \/>\n\t<meta property=\"og:image:width\" content=\"1200\" \/>\n\t<meta property=\"og:image:height\" content=\"623\" \/>\n\t<meta property=\"og:image:type\" content=\"image\/jpeg\" \/>\n<meta name=\"twitter:card\" content=\"summary_large_image\" \/>\n<meta name=\"twitter:label1\" content=\"Tiempo de lectura\" \/>\n\t<meta name=\"twitter:data1\" content=\"5 minutos\" \/>\n<script type=\"application\/ld+json\" class=\"yoast-schema-graph\">{\"@context\":\"https:\/\/schema.org\",\"@graph\":[{\"@type\":\"WebPage\",\"@id\":\"https:\/\/yoopies.es\/c\/guia-definitiva-cuidado-ninos\/covid-19-como-afecta-a-las-familias-con-ninos\/\",\"url\":\"https:\/\/yoopies.es\/c\/guia-definitiva-cuidado-ninos\/covid-19-como-afecta-a-las-familias-con-ninos\/\",\"name\":\"Covid-19. \u00bfC\u00f3mo afecta a las familias con ni\u00f1os?\",\"isPartOf\":{\"@id\":\"https:\/\/yoopies.es\/c\/#website\"},\"primaryImageOfPage\":{\"@id\":\"https:\/\/yoopies.es\/c\/guia-definitiva-cuidado-ninos\/covid-19-como-afecta-a-las-familias-con-ninos\/#primaryimage\"},\"image\":{\"@id\":\"https:\/\/yoopies.es\/c\/guia-definitiva-cuidado-ninos\/covid-19-como-afecta-a-las-familias-con-ninos\/#primaryimage\"},\"thumbnailUrl\":\"https:\/\/yoopies.es\/c\/wp-content\/uploads\/sites\/7\/2021\/06\/7d0dcef4-8e83-4e69-94b4-57e963942e5a-essurveyfamilies.jpg\",\"datePublished\":\"2021-06-14T11:10:27+00:00\",\"dateModified\":\"2025-06-12T08:44:06+00:00\",\"description\":\"La crisis del Coronavirus pone en dificultades a muchas familias con ni\u00f1os que reanudan su trabajo fuera del hogar, con guarder\u00edas y colegios cerrados posiblemente hasta septiembre, sin la ayuda de las escuelas de verano y, sobre todo, sin poder contar con los abuelos.\",\"breadcrumb\":{\"@id\":\"https:\/\/yoopies.es\/c\/guia-definitiva-cuidado-ninos\/covid-19-como-afecta-a-las-familias-con-ninos\/#breadcrumb\"},\"inLanguage\":\"es\",\"potentialAction\":[{\"@type\":\"ReadAction\",\"target\":[\"https:\/\/yoopies.es\/c\/guia-definitiva-cuidado-ninos\/covid-19-como-afecta-a-las-familias-con-ninos\/\"]}]},{\"@type\":\"ImageObject\",\"inLanguage\":\"es\",\"@id\":\"https:\/\/yoopies.es\/c\/guia-definitiva-cuidado-ninos\/covid-19-como-afecta-a-las-familias-con-ninos\/#primaryimage\",\"url\":\"https:\/\/yoopies.es\/c\/wp-content\/uploads\/sites\/7\/2021\/06\/7d0dcef4-8e83-4e69-94b4-57e963942e5a-essurveyfamilies.jpg\",\"contentUrl\":\"https:\/\/yoopies.es\/c\/wp-content\/uploads\/sites\/7\/2021\/06\/7d0dcef4-8e83-4e69-94b4-57e963942e5a-essurveyfamilies.jpg\",\"width\":1200,\"height\":623},{\"@type\":\"BreadcrumbList\",\"@id\":\"https:\/\/yoopies.es\/c\/guia-definitiva-cuidado-ninos\/covid-19-como-afecta-a-las-familias-con-ninos\/#breadcrumb\",\"itemListElement\":[{\"@type\":\"ListItem\",\"position\":1,\"name\":\"Home\",\"item\":\"https:\/\/yoopies.es\/c\/\"},{\"@type\":\"ListItem\",\"position\":2,\"name\":\"La gu\u00eda definitiva del cuidado de ni\u00f1os\",\"item\":\"https:\/\/yoopies.es\/c\/guia-definitiva-cuidado-ninos\/\"},{\"@type\":\"ListItem\",\"position\":3,\"name\":\"COVID-19: \u00bfC\u00f3mo afecta a las familias con ni\u00f1os?\"}]},{\"@type\":\"WebSite\",\"@id\":\"https:\/\/yoopies.es\/c\/#website\",\"url\":\"https:\/\/yoopies.es\/c\/\",\"name\":\"Yoopies Espa\u00f1a\",\"description\":\"\",\"publisher\":{\"@id\":\"https:\/\/yoopies.es\/c\/#organization\"},\"potentialAction\":[{\"@type\":\"SearchAction\",\"target\":{\"@type\":\"EntryPoint\",\"urlTemplate\":\"https:\/\/yoopies.es\/c\/?s={search_term_string}\"},\"query-input\":{\"@type\":\"PropertyValueSpecification\",\"valueRequired\":true,\"valueName\":\"search_term_string\"}}],\"inLanguage\":\"es\"},{\"@type\":\"Organization\",\"@id\":\"https:\/\/yoopies.es\/c\/#organization\",\"name\":\"Yoopies Espa\u00f1a\",\"url\":\"https:\/\/yoopies.es\/c\/\",\"logo\":{\"@type\":\"ImageObject\",\"inLanguage\":\"es\",\"@id\":\"https:\/\/yoopies.es\/c\/#\/schema\/logo\/image\/\",\"url\":\"https:\/\/yoopies.es\/c\/wp-content\/uploads\/sites\/7\/2025\/05\/cropped-Logo_Yoopies-2.png\",\"contentUrl\":\"https:\/\/yoopies.es\/c\/wp-content\/uploads\/sites\/7\/2025\/05\/cropped-Logo_Yoopies-2.png\",\"width\":512,\"height\":512,\"caption\":\"Yoopies Espa\u00f1a\"},\"image\":{\"@id\":\"https:\/\/yoopies.es\/c\/#\/schema\/logo\/image\/\"}}]}<\/script>\n<!-- \/ Yoast SEO plugin. -->","yoast_head_json":{"title":"Covid-19. \u00bfC\u00f3mo afecta a las familias con ni\u00f1os?","description":"La crisis del Coronavirus pone en dificultades a muchas familias con ni\u00f1os que reanudan su trabajo fuera del hogar, con guarder\u00edas y colegios cerrados posiblemente hasta septiembre, sin la ayuda de las escuelas de verano y, sobre todo, sin poder contar con los abuelos.","robots":{"index":"index","follow":"follow","max-snippet":"max-snippet:-1","max-image-preview":"max-image-preview:large","max-video-preview":"max-video-preview:-1"},"canonical":"https:\/\/yoopies.es\/c\/guia-definitiva-cuidado-ninos\/covid-19-como-afecta-a-las-familias-con-ninos\/","og_locale":"es_ES","og_type":"article","og_title":"Covid-19. \u00bfC\u00f3mo afecta a las familias con ni\u00f1os?","og_description":"La crisis del Coronavirus pone en dificultades a muchas familias con ni\u00f1os que reanudan su trabajo fuera del hogar, con guarder\u00edas y colegios cerrados posiblemente hasta septiembre, sin la ayuda de las escuelas de verano y, sobre todo, sin poder contar con los abuelos.","og_url":"https:\/\/yoopies.es\/c\/guia-definitiva-cuidado-ninos\/covid-19-como-afecta-a-las-familias-con-ninos\/","og_site_name":"Yoopies Espa\u00f1a","article_modified_time":"2025-06-12T08:44:06+00:00","og_image":[{"width":1200,"height":623,"url":"https:\/\/yoopies.es\/c\/wp-content\/uploads\/sites\/7\/2021\/06\/7d0dcef4-8e83-4e69-94b4-57e963942e5a-essurveyfamilies.jpg","type":"image\/jpeg"}],"twitter_card":"summary_large_image","twitter_misc":{"Tiempo de lectura":"5 minutos"},"schema":{"@context":"https:\/\/schema.org","@graph":[{"@type":"WebPage","@id":"https:\/\/yoopies.es\/c\/guia-definitiva-cuidado-ninos\/covid-19-como-afecta-a-las-familias-con-ninos\/","url":"https:\/\/yoopies.es\/c\/guia-definitiva-cuidado-ninos\/covid-19-como-afecta-a-las-familias-con-ninos\/","name":"Covid-19. \u00bfC\u00f3mo afecta a las familias con ni\u00f1os?","isPartOf":{"@id":"https:\/\/yoopies.es\/c\/#website"},"primaryImageOfPage":{"@id":"https:\/\/yoopies.es\/c\/guia-definitiva-cuidado-ninos\/covid-19-como-afecta-a-las-familias-con-ninos\/#primaryimage"},"image":{"@id":"https:\/\/yoopies.es\/c\/guia-definitiva-cuidado-ninos\/covid-19-como-afecta-a-las-familias-con-ninos\/#primaryimage"},"thumbnailUrl":"https:\/\/yoopies.es\/c\/wp-content\/uploads\/sites\/7\/2021\/06\/7d0dcef4-8e83-4e69-94b4-57e963942e5a-essurveyfamilies.jpg","datePublished":"2021-06-14T11:10:27+00:00","dateModified":"2025-06-12T08:44:06+00:00","description":"La crisis del Coronavirus pone en dificultades a muchas familias con ni\u00f1os que reanudan su trabajo fuera del hogar, con guarder\u00edas y colegios cerrados posiblemente hasta septiembre, sin la ayuda de las escuelas de verano y, sobre todo, sin poder contar con los abuelos.","breadcrumb":{"@id":"https:\/\/yoopies.es\/c\/guia-definitiva-cuidado-ninos\/covid-19-como-afecta-a-las-familias-con-ninos\/#breadcrumb"},"inLanguage":"es","potentialAction":[{"@type":"ReadAction","target":["https:\/\/yoopies.es\/c\/guia-definitiva-cuidado-ninos\/covid-19-como-afecta-a-las-familias-con-ninos\/"]}]},{"@type":"ImageObject","inLanguage":"es","@id":"https:\/\/yoopies.es\/c\/guia-definitiva-cuidado-ninos\/covid-19-como-afecta-a-las-familias-con-ninos\/#primaryimage","url":"https:\/\/yoopies.es\/c\/wp-content\/uploads\/sites\/7\/2021\/06\/7d0dcef4-8e83-4e69-94b4-57e963942e5a-essurveyfamilies.jpg","contentUrl":"https:\/\/yoopies.es\/c\/wp-content\/uploads\/sites\/7\/2021\/06\/7d0dcef4-8e83-4e69-94b4-57e963942e5a-essurveyfamilies.jpg","width":1200,"height":623},{"@type":"BreadcrumbList","@id":"https:\/\/yoopies.es\/c\/guia-definitiva-cuidado-ninos\/covid-19-como-afecta-a-las-familias-con-ninos\/#breadcrumb","itemListElement":[{"@type":"ListItem","position":1,"name":"Home","item":"https:\/\/yoopies.es\/c\/"},{"@type":"ListItem","position":2,"name":"La gu\u00eda definitiva del cuidado de ni\u00f1os","item":"https:\/\/yoopies.es\/c\/guia-definitiva-cuidado-ninos\/"},{"@type":"ListItem","position":3,"name":"COVID-19: \u00bfC\u00f3mo afecta a las familias con ni\u00f1os?"}]},{"@type":"WebSite","@id":"https:\/\/yoopies.es\/c\/#website","url":"https:\/\/yoopies.es\/c\/","name":"Yoopies Espa\u00f1a","description":"","publisher":{"@id":"https:\/\/yoopies.es\/c\/#organization"},"potentialAction":[{"@type":"SearchAction","target":{"@type":"EntryPoint","urlTemplate":"https:\/\/yoopies.es\/c\/?s={search_term_string}"},"query-input":{"@type":"PropertyValueSpecification","valueRequired":true,"valueName":"search_term_string"}}],"inLanguage":"es"},{"@type":"Organization","@id":"https:\/\/yoopies.es\/c\/#organization","name":"Yoopies Espa\u00f1a","url":"https:\/\/yoopies.es\/c\/","logo":{"@type":"ImageObject","inLanguage":"es","@id":"https:\/\/yoopies.es\/c\/#\/schema\/logo\/image\/","url":"https:\/\/yoopies.es\/c\/wp-content\/uploads\/sites\/7\/2025\/05\/cropped-Logo_Yoopies-2.png","contentUrl":"https:\/\/yoopies.es\/c\/wp-content\/uploads\/sites\/7\/2025\/05\/cropped-Logo_Yoopies-2.png","width":512,"height":512,"caption":"Yoopies Espa\u00f1a"},"image":{"@id":"https:\/\/yoopies.es\/c\/#\/schema\/logo\/image\/"}}]}},"_links":{"self":[{"href":"https:\/\/yoopies.es\/c\/wp-json\/wp\/v2\/pages\/210","targetHints":{"allow":["GET"]}}],"collection":[{"href":"https:\/\/yoopies.es\/c\/wp-json\/wp\/v2\/pages"}],"about":[{"href":"https:\/\/yoopies.es\/c\/wp-json\/wp\/v2\/types\/page"}],"author":[{"embeddable":true,"href":"https:\/\/yoopies.es\/c\/wp-json\/wp\/v2\/users\/10"}],"replies":[{"embeddable":true,"href":"https:\/\/yoopies.es\/c\/wp-json\/wp\/v2\/comments?post=210"}],"version-history":[{"count":1,"href":"https:\/\/yoopies.es\/c\/wp-json\/wp\/v2\/pages\/210\/revisions"}],"predecessor-version":[{"id":213,"href":"https:\/\/yoopies.es\/c\/wp-json\/wp\/v2\/pages\/210\/revisions\/213"}],"up":[{"embeddable":true,"href":"https:\/\/yoopies.es\/c\/wp-json\/wp\/v2\/pages\/28"}],"wp:featuredmedia":[{"embeddable":true,"href":"https:\/\/yoopies.es\/c\/wp-json\/wp\/v2\/media\/212"}],"wp:attachment":[{"href":"https:\/\/yoopies.es\/c\/wp-json\/wp\/v2\/media?parent=210"}],"curies":[{"name":"wp","href":"https:\/\/api.w.org\/{rel}","templated":true}]}}