{"id":196,"date":"2024-04-02T13:11:50","date_gmt":"2024-04-02T13:11:50","guid":{"rendered":"https:\/\/blog.yoopies.es\/guia-definitiva-cuidado-ninos\/verano-2020-30-consejos-sobre-cosas-que-hacer-con-los-ninos\/"},"modified":"2025-06-12T08:44:06","modified_gmt":"2025-06-12T08:44:06","slug":"verano-2020-30-consejos-sobre-cosas-que-hacer-con-los-ninos","status":"publish","type":"page","link":"https:\/\/yoopies.es\/c\/guia-definitiva-cuidado-ninos\/verano-2020-30-consejos-sobre-cosas-que-hacer-con-los-ninos\/","title":{"rendered":"Verano 2020: 30 consejos sobre cosas que hacer con los ni\u00f1os"},"content":{"rendered":"<p><p>Cuando se trata de la lista definitiva de qu&eacute; hacer con los ni&ntilde;os en los meses de verano, estamos bastante seguros de que todav&iacute;a necesitas elegir algunas nuevas actividades&#8230;Despu&eacute;s de todo, quiz&aacute; consideras que has agotado todas las ideas posibles tras largas horas en casa o las semanas de confinamiento pasadas. Para ayudarte, hemos seleccionado 30 ideas que se ajustan a la situaci&oacute;n de este verano 2020. &iexcl;Insp&iacute;rate con las ideas de Yoopies y comienza a hacer tu propia lista!<\/p>\n<\/p>\n<figure><img decoding=\"async\" src=\"https:\/\/yoopies.es\/c\/wp-content\/uploads\/sites\/7\/2024\/04\/cb87e098-1ee6-4ed2-8177-fb2c508b8b83-shutterstock-450844792-ld.jpg\" \/><\/figure>\n<p><p>1. Dar un paseo familiar en bicicleta.<\/p>\n<p>2. Aprender un nuevo truco de magia.<\/p>\n<p>3. Leer un cap&iacute;tulo de un libro en familiar<\/p>\n<p>4. Encontrar un gran campamento virtual de vacaciones que todos disfruten.<\/p>\n<p>5. Jugar con una cometa.<\/p>\n<p>6. Pintar piedras y esconderlas para que otros las encuentren.<\/p>\n<p>7. Observar los aviones en tu aeropuerto local.<\/p>\n<p>8. Organizar una b&uacute;squeda del tesoro.<\/p>\n<p>9. Mirar las estrellas.<\/p>\n<\/p>\n<figure><img decoding=\"async\" src=\"https:\/\/yoopies.es\/c\/wp-content\/uploads\/sites\/7\/2024\/04\/45b3ce19-9759-4882-adea-9b1277985de2-shutterstock-286469927-ld.jpg\" \/><\/figure>\n<p><p>10. Explorar un nuevo parque (respetando las reglas de distanciamiento social).<\/p>\n<p>11. Aprender a hacer pulseras de la amistad.<\/p>\n<p>12. Aprender sobre una nueva cultura y comer una comida t&iacute;pica.<\/p>\n<p>13. &iexcl;Ir a pescar!<\/p>\n<p>14. Hacer helados caseros.<\/p>\n<p>15. Disfrutar de un festival de m&uacute;sica virtual.<\/p>\n<p>16. Pasar una tarde escribiendo una historia con tus hijos.<\/p>\n<p>17. Crear una carrera de obst&aacute;culos para ni&ntilde;os.<\/p>\n<p>18. Jugar al escondite.<\/p>\n<p>19. Jugar a juegos de mesa durante toda una tarde.<\/p>\n<p>20. Probar a acampar en el patio.<\/p>\n<\/p>\n<figure><img decoding=\"async\" src=\"https:\/\/yoopies.es\/c\/wp-content\/uploads\/sites\/7\/2024\/04\/cc67a8ad-e2d2-47e8-8f0f-3a5259c7510f-shutterstock-393893716-ld.jpg\" \/><\/figure>\n<p><p>21. Hacer una foto al d&iacute;a e imprimir un &aacute;lbum de fotos de fin de verano.<\/p>\n<p>22. Ser cient&iacute;fico por un d&iacute;a para probar experimentos geniales (&iexcl;y seguros, por supuesto!)<\/p>\n<p>23. Plantar flores.<\/p>\n<p>24. Eligir una canci&oacute;n del \u00abVerano 2020\u00bb y cantarla hasta que todos memoricen la letra.<\/p>\n<p>25. Hacer videollamadas con familias que est&aacute;n lejos.<\/p>\n<p>26. Disfrutar de los fant&aacute;sticos recursos de manualidades y artesan&iacute;a online disponibles en este momento.<\/p>\n<p>27. Ir a un autocine.<\/p>\n<p>28. Hacer un picnic de verano.<\/p>\n<p>29. Acostarse en la hierba y buscar figuras en las nubes.<\/p>\n<p>30. Aprender sobre algunos ni&ntilde;os incre&iacute;bles y hablar sobre c&oacute;mo tus propios hijos pueden cambiar el mundo.<\/p>\n<\/p>\n<p><a class=\"button\" href=\"https:\/\/yoopies.es\/\">Si necesitas una ni\u00f1era o ayuda dom\u00e9stica, \u00a1haz clic aqu\u00ed!<\/a><\/p>\n","protected":false},"excerpt":{"rendered":"<p>Cuando se trata de la lista definitiva de qu&eacute; hacer con los ni&ntilde;os en los &hellip; <\/p>\n","protected":false},"author":10,"featured_media":200,"parent":28,"menu_order":0,"comment_status":"closed","ping_status":"closed","template":"","meta":{"_acf_changed":false,"footnotes":""},"class_list":["post-196","page","type-page","status-publish","has-post-thumbnail","hentry"],"acf":[],"yoast_head":"<!-- This site is optimized with the Yoast SEO plugin v26.9 - https:\/\/yoast.com\/product\/yoast-seo-wordpress\/ -->\n<title>Verano 2020: 30 consejos sobre cosas que hacer con los ni\u00f1os<\/title>\n<meta name=\"description\" content=\"Despu\u00e9s de semanas de encierro con los ni\u00f1os en casa, Yoopies ha seleccionado 30 ideas creativas para el verano de 2020. \u00a1Insp\u00edrate!\" \/>\n<meta name=\"robots\" content=\"index, follow, max-snippet:-1, max-image-preview:large, max-video-preview:-1\" \/>\n<link rel=\"canonical\" href=\"https:\/\/yoopies.es\/c\/guia-definitiva-cuidado-ninos\/verano-2020-30-consejos-sobre-cosas-que-hacer-con-los-ninos\/\" \/>\n<meta property=\"og:locale\" content=\"es_ES\" \/>\n<meta property=\"og:type\" content=\"article\" \/>\n<meta property=\"og:title\" content=\"Verano 2020: 30 consejos sobre cosas que hacer con los ni\u00f1os\" \/>\n<meta property=\"og:description\" content=\"Despu\u00e9s de semanas de encierro con los ni\u00f1os en casa, Yoopies ha seleccionado 30 ideas creativas para el verano de 2020. \u00a1Insp\u00edrate!\" \/>\n<meta property=\"og:url\" content=\"https:\/\/yoopies.es\/c\/guia-definitiva-cuidado-ninos\/verano-2020-30-consejos-sobre-cosas-que-hacer-con-los-ninos\/\" \/>\n<meta property=\"og:site_name\" content=\"Yoopies Espa\u00f1a\" \/>\n<meta property=\"article:modified_time\" content=\"2025-06-12T08:44:06+00:00\" \/>\n<meta property=\"og:image\" content=\"https:\/\/yoopies.es\/c\/wp-content\/uploads\/sites\/7\/2024\/04\/45b3ce19-9759-4882-adea-9b1277985de2-shutterstock-286469927-ld-1.jpg\" \/>\n\t<meta property=\"og:image:width\" content=\"1200\" \/>\n\t<meta property=\"og:image:height\" content=\"800\" \/>\n\t<meta property=\"og:image:type\" content=\"image\/jpeg\" \/>\n<meta name=\"twitter:card\" content=\"summary_large_image\" \/>\n<meta name=\"twitter:label1\" content=\"Tiempo de lectura\" \/>\n\t<meta name=\"twitter:data1\" content=\"2 minutos\" \/>\n<script type=\"application\/ld+json\" class=\"yoast-schema-graph\">{\"@context\":\"https:\/\/schema.org\",\"@graph\":[{\"@type\":\"WebPage\",\"@id\":\"https:\/\/yoopies.es\/c\/guia-definitiva-cuidado-ninos\/verano-2020-30-consejos-sobre-cosas-que-hacer-con-los-ninos\/\",\"url\":\"https:\/\/yoopies.es\/c\/guia-definitiva-cuidado-ninos\/verano-2020-30-consejos-sobre-cosas-que-hacer-con-los-ninos\/\",\"name\":\"Verano 2020: 30 consejos sobre cosas que hacer con los ni\u00f1os\",\"isPartOf\":{\"@id\":\"https:\/\/yoopies.es\/c\/#website\"},\"primaryImageOfPage\":{\"@id\":\"https:\/\/yoopies.es\/c\/guia-definitiva-cuidado-ninos\/verano-2020-30-consejos-sobre-cosas-que-hacer-con-los-ninos\/#primaryimage\"},\"image\":{\"@id\":\"https:\/\/yoopies.es\/c\/guia-definitiva-cuidado-ninos\/verano-2020-30-consejos-sobre-cosas-que-hacer-con-los-ninos\/#primaryimage\"},\"thumbnailUrl\":\"https:\/\/yoopies.es\/c\/wp-content\/uploads\/sites\/7\/2024\/04\/45b3ce19-9759-4882-adea-9b1277985de2-shutterstock-286469927-ld-1.jpg\",\"datePublished\":\"2024-04-02T13:11:50+00:00\",\"dateModified\":\"2025-06-12T08:44:06+00:00\",\"description\":\"Despu\u00e9s de semanas de encierro con los ni\u00f1os en casa, Yoopies ha seleccionado 30 ideas creativas para el verano de 2020. \u00a1Insp\u00edrate!\",\"breadcrumb\":{\"@id\":\"https:\/\/yoopies.es\/c\/guia-definitiva-cuidado-ninos\/verano-2020-30-consejos-sobre-cosas-que-hacer-con-los-ninos\/#breadcrumb\"},\"inLanguage\":\"es\",\"potentialAction\":[{\"@type\":\"ReadAction\",\"target\":[\"https:\/\/yoopies.es\/c\/guia-definitiva-cuidado-ninos\/verano-2020-30-consejos-sobre-cosas-que-hacer-con-los-ninos\/\"]}]},{\"@type\":\"ImageObject\",\"inLanguage\":\"es\",\"@id\":\"https:\/\/yoopies.es\/c\/guia-definitiva-cuidado-ninos\/verano-2020-30-consejos-sobre-cosas-que-hacer-con-los-ninos\/#primaryimage\",\"url\":\"https:\/\/yoopies.es\/c\/wp-content\/uploads\/sites\/7\/2024\/04\/45b3ce19-9759-4882-adea-9b1277985de2-shutterstock-286469927-ld-1.jpg\",\"contentUrl\":\"https:\/\/yoopies.es\/c\/wp-content\/uploads\/sites\/7\/2024\/04\/45b3ce19-9759-4882-adea-9b1277985de2-shutterstock-286469927-ld-1.jpg\",\"width\":1200,\"height\":800},{\"@type\":\"BreadcrumbList\",\"@id\":\"https:\/\/yoopies.es\/c\/guia-definitiva-cuidado-ninos\/verano-2020-30-consejos-sobre-cosas-que-hacer-con-los-ninos\/#breadcrumb\",\"itemListElement\":[{\"@type\":\"ListItem\",\"position\":1,\"name\":\"Home\",\"item\":\"https:\/\/yoopies.es\/c\/\"},{\"@type\":\"ListItem\",\"position\":2,\"name\":\"La gu\u00eda definitiva del cuidado de ni\u00f1os\",\"item\":\"https:\/\/yoopies.es\/c\/guia-definitiva-cuidado-ninos\/\"},{\"@type\":\"ListItem\",\"position\":3,\"name\":\"Verano 2020: 30 consejos sobre cosas que hacer con los ni\u00f1os\"}]},{\"@type\":\"WebSite\",\"@id\":\"https:\/\/yoopies.es\/c\/#website\",\"url\":\"https:\/\/yoopies.es\/c\/\",\"name\":\"Yoopies Espa\u00f1a\",\"description\":\"\",\"publisher\":{\"@id\":\"https:\/\/yoopies.es\/c\/#organization\"},\"potentialAction\":[{\"@type\":\"SearchAction\",\"target\":{\"@type\":\"EntryPoint\",\"urlTemplate\":\"https:\/\/yoopies.es\/c\/?s={search_term_string}\"},\"query-input\":{\"@type\":\"PropertyValueSpecification\",\"valueRequired\":true,\"valueName\":\"search_term_string\"}}],\"inLanguage\":\"es\"},{\"@type\":\"Organization\",\"@id\":\"https:\/\/yoopies.es\/c\/#organization\",\"name\":\"Yoopies Espa\u00f1a\",\"url\":\"https:\/\/yoopies.es\/c\/\",\"logo\":{\"@type\":\"ImageObject\",\"inLanguage\":\"es\",\"@id\":\"https:\/\/yoopies.es\/c\/#\/schema\/logo\/image\/\",\"url\":\"https:\/\/yoopies.es\/c\/wp-content\/uploads\/sites\/7\/2025\/05\/cropped-Logo_Yoopies-2.png\",\"contentUrl\":\"https:\/\/yoopies.es\/c\/wp-content\/uploads\/sites\/7\/2025\/05\/cropped-Logo_Yoopies-2.png\",\"width\":512,\"height\":512,\"caption\":\"Yoopies Espa\u00f1a\"},\"image\":{\"@id\":\"https:\/\/yoopies.es\/c\/#\/schema\/logo\/image\/\"}}]}<\/script>\n<!-- \/ Yoast SEO plugin. -->","yoast_head_json":{"title":"Verano 2020: 30 consejos sobre cosas que hacer con los ni\u00f1os","description":"Despu\u00e9s de semanas de encierro con los ni\u00f1os en casa, Yoopies ha seleccionado 30 ideas creativas para el verano de 2020. \u00a1Insp\u00edrate!","robots":{"index":"index","follow":"follow","max-snippet":"max-snippet:-1","max-image-preview":"max-image-preview:large","max-video-preview":"max-video-preview:-1"},"canonical":"https:\/\/yoopies.es\/c\/guia-definitiva-cuidado-ninos\/verano-2020-30-consejos-sobre-cosas-que-hacer-con-los-ninos\/","og_locale":"es_ES","og_type":"article","og_title":"Verano 2020: 30 consejos sobre cosas que hacer con los ni\u00f1os","og_description":"Despu\u00e9s de semanas de encierro con los ni\u00f1os en casa, Yoopies ha seleccionado 30 ideas creativas para el verano de 2020. \u00a1Insp\u00edrate!","og_url":"https:\/\/yoopies.es\/c\/guia-definitiva-cuidado-ninos\/verano-2020-30-consejos-sobre-cosas-que-hacer-con-los-ninos\/","og_site_name":"Yoopies Espa\u00f1a","article_modified_time":"2025-06-12T08:44:06+00:00","og_image":[{"width":1200,"height":800,"url":"https:\/\/yoopies.es\/c\/wp-content\/uploads\/sites\/7\/2024\/04\/45b3ce19-9759-4882-adea-9b1277985de2-shutterstock-286469927-ld-1.jpg","type":"image\/jpeg"}],"twitter_card":"summary_large_image","twitter_misc":{"Tiempo de lectura":"2 minutos"},"schema":{"@context":"https:\/\/schema.org","@graph":[{"@type":"WebPage","@id":"https:\/\/yoopies.es\/c\/guia-definitiva-cuidado-ninos\/verano-2020-30-consejos-sobre-cosas-que-hacer-con-los-ninos\/","url":"https:\/\/yoopies.es\/c\/guia-definitiva-cuidado-ninos\/verano-2020-30-consejos-sobre-cosas-que-hacer-con-los-ninos\/","name":"Verano 2020: 30 consejos sobre cosas que hacer con los ni\u00f1os","isPartOf":{"@id":"https:\/\/yoopies.es\/c\/#website"},"primaryImageOfPage":{"@id":"https:\/\/yoopies.es\/c\/guia-definitiva-cuidado-ninos\/verano-2020-30-consejos-sobre-cosas-que-hacer-con-los-ninos\/#primaryimage"},"image":{"@id":"https:\/\/yoopies.es\/c\/guia-definitiva-cuidado-ninos\/verano-2020-30-consejos-sobre-cosas-que-hacer-con-los-ninos\/#primaryimage"},"thumbnailUrl":"https:\/\/yoopies.es\/c\/wp-content\/uploads\/sites\/7\/2024\/04\/45b3ce19-9759-4882-adea-9b1277985de2-shutterstock-286469927-ld-1.jpg","datePublished":"2024-04-02T13:11:50+00:00","dateModified":"2025-06-12T08:44:06+00:00","description":"Despu\u00e9s de semanas de encierro con los ni\u00f1os en casa, Yoopies ha seleccionado 30 ideas creativas para el verano de 2020. \u00a1Insp\u00edrate!","breadcrumb":{"@id":"https:\/\/yoopies.es\/c\/guia-definitiva-cuidado-ninos\/verano-2020-30-consejos-sobre-cosas-que-hacer-con-los-ninos\/#breadcrumb"},"inLanguage":"es","potentialAction":[{"@type":"ReadAction","target":["https:\/\/yoopies.es\/c\/guia-definitiva-cuidado-ninos\/verano-2020-30-consejos-sobre-cosas-que-hacer-con-los-ninos\/"]}]},{"@type":"ImageObject","inLanguage":"es","@id":"https:\/\/yoopies.es\/c\/guia-definitiva-cuidado-ninos\/verano-2020-30-consejos-sobre-cosas-que-hacer-con-los-ninos\/#primaryimage","url":"https:\/\/yoopies.es\/c\/wp-content\/uploads\/sites\/7\/2024\/04\/45b3ce19-9759-4882-adea-9b1277985de2-shutterstock-286469927-ld-1.jpg","contentUrl":"https:\/\/yoopies.es\/c\/wp-content\/uploads\/sites\/7\/2024\/04\/45b3ce19-9759-4882-adea-9b1277985de2-shutterstock-286469927-ld-1.jpg","width":1200,"height":800},{"@type":"BreadcrumbList","@id":"https:\/\/yoopies.es\/c\/guia-definitiva-cuidado-ninos\/verano-2020-30-consejos-sobre-cosas-que-hacer-con-los-ninos\/#breadcrumb","itemListElement":[{"@type":"ListItem","position":1,"name":"Home","item":"https:\/\/yoopies.es\/c\/"},{"@type":"ListItem","position":2,"name":"La gu\u00eda definitiva del cuidado de ni\u00f1os","item":"https:\/\/yoopies.es\/c\/guia-definitiva-cuidado-ninos\/"},{"@type":"ListItem","position":3,"name":"Verano 2020: 30 consejos sobre cosas que hacer con los ni\u00f1os"}]},{"@type":"WebSite","@id":"https:\/\/yoopies.es\/c\/#website","url":"https:\/\/yoopies.es\/c\/","name":"Yoopies Espa\u00f1a","description":"","publisher":{"@id":"https:\/\/yoopies.es\/c\/#organization"},"potentialAction":[{"@type":"SearchAction","target":{"@type":"EntryPoint","urlTemplate":"https:\/\/yoopies.es\/c\/?s={search_term_string}"},"query-input":{"@type":"PropertyValueSpecification","valueRequired":true,"valueName":"search_term_string"}}],"inLanguage":"es"},{"@type":"Organization","@id":"https:\/\/yoopies.es\/c\/#organization","name":"Yoopies Espa\u00f1a","url":"https:\/\/yoopies.es\/c\/","logo":{"@type":"ImageObject","inLanguage":"es","@id":"https:\/\/yoopies.es\/c\/#\/schema\/logo\/image\/","url":"https:\/\/yoopies.es\/c\/wp-content\/uploads\/sites\/7\/2025\/05\/cropped-Logo_Yoopies-2.png","contentUrl":"https:\/\/yoopies.es\/c\/wp-content\/uploads\/sites\/7\/2025\/05\/cropped-Logo_Yoopies-2.png","width":512,"height":512,"caption":"Yoopies Espa\u00f1a"},"image":{"@id":"https:\/\/yoopies.es\/c\/#\/schema\/logo\/image\/"}}]}},"_links":{"self":[{"href":"https:\/\/yoopies.es\/c\/wp-json\/wp\/v2\/pages\/196","targetHints":{"allow":["GET"]}}],"collection":[{"href":"https:\/\/yoopies.es\/c\/wp-json\/wp\/v2\/pages"}],"about":[{"href":"https:\/\/yoopies.es\/c\/wp-json\/wp\/v2\/types\/page"}],"author":[{"embeddable":true,"href":"https:\/\/yoopies.es\/c\/wp-json\/wp\/v2\/users\/10"}],"replies":[{"embeddable":true,"href":"https:\/\/yoopies.es\/c\/wp-json\/wp\/v2\/comments?post=196"}],"version-history":[{"count":1,"href":"https:\/\/yoopies.es\/c\/wp-json\/wp\/v2\/pages\/196\/revisions"}],"predecessor-version":[{"id":201,"href":"https:\/\/yoopies.es\/c\/wp-json\/wp\/v2\/pages\/196\/revisions\/201"}],"up":[{"embeddable":true,"href":"https:\/\/yoopies.es\/c\/wp-json\/wp\/v2\/pages\/28"}],"wp:featuredmedia":[{"embeddable":true,"href":"https:\/\/yoopies.es\/c\/wp-json\/wp\/v2\/media\/200"}],"wp:attachment":[{"href":"https:\/\/yoopies.es\/c\/wp-json\/wp\/v2\/media?parent=196"}],"curies":[{"name":"wp","href":"https:\/\/api.w.org\/{rel}","templated":true}]}}