{"id":192,"date":"2024-04-02T12:50:55","date_gmt":"2024-04-02T12:50:55","guid":{"rendered":"https:\/\/blog.yoopies.es\/guia-definitiva-cuidado-ninos\/encontrar-canguro-perfecto\/"},"modified":"2025-06-12T08:44:06","modified_gmt":"2025-06-12T08:44:06","slug":"encontrar-canguro-perfecto","status":"publish","type":"page","link":"https:\/\/yoopies.es\/c\/guia-definitiva-cuidado-ninos\/encontrar-canguro-perfecto\/","title":{"rendered":"Encontrar al\/la canguro perfecto\/a"},"content":{"rendered":"<p><p>En Yoopies, sabemos que los padres tambi&eacute;n tienen derecho a relajarse lejos de sus hijos, de vez en cuando. As&iacute; que, ya sea por quedar con tus amigos, ir de cena rom&aacute;ntica o, simplemente, disfrutar de un tiempo libre, necesitar&aacute;s encontrar la ni&ntilde;era adecuada, alguien en quien puedas confiar completamente. Una vez que est&eacute;s seguro de que sus hijos est&aacute;n en excelentes manos, lo m&aacute;s probable es que disfrutes a&uacute;n m&aacute;s de su tiempo lejos de ellos.<\/p>\n<p>Como padre, quiz&aacute; est&eacute;s un poco preocupado por elegir al\/la canguro perfecto\/a, y con raz&oacute;n, ya que es una tarea de enorme importancia. Pero debes recordar que, al contratarle, no est&aacute;s contratando a otro padre. Es poco probable que la persona que elijas tenga exactamente el mismo enfoque que el tuyo para el cuidado de los ni&ntilde;os. Por lo tanto, cuando busques a tu canguro, no busques a una r&eacute;plica de ti mismo\/a. En vez de eso, centra tu energ&iacute;a en elegir un\/a canguro con cualidades profesionales, como ser responsable, amable y cuidadoso\/a.<\/p>\n<p>Sin m&aacute;s que a&ntilde;adir, queremos ayudarte en el proceso de elegir al mejor candidato, y por eso hemos elaborado una lista con nuestros mejores consejos:<\/p>\n<p>1) &iquest;Qu&eacute; cualidades tiene el\/la canguro perfecto\/a?<\/p>\n<p>2)&iquest;C&oacute;mo entrevisto al\/la canguro?<\/p>\n<p>3) Poner a prueba al\/la canguro<\/p>\n<p>4) Contratar al\/la canguro<\/p>\n<p>5) Dejar a tus hijos con un\/a canguro<\/p>\n<\/p>\n<figure><img decoding=\"async\" src=\"https:\/\/yoopies.es\/c\/wp-content\/uploads\/sites\/7\/2024\/04\/b082f6eac7f3ce8d486ef09dd792125b00580efa-shutterstock-1074808340.jpg\" \/><\/figure>\n<p><h2><strong>1. &iquest;Qu&eacute; cualidades tiene el\/la canguro perfecto\/a?<\/strong><\/h2>\n<p>Cualquier madre o padre que se preste tarde o temprano entrar&aacute; en la fase de b&uacute;squeda desesperada de una ni&ntilde;era que pueda cuidar de sus hijos. Si soy un padre con experiencia o no en el campo de las ni&ntilde;eras, au pairs y canguros de todo tipo, la forma en la que busco siempre puede mejorarse para tratar de reconocer las caracter&iacute;sticas fundamentales que debe tener esa persona.<\/p>\n<p>La ni&ntilde;era es la persona que cuida de los ni&ntilde;os de otras personas por trabajo, por lo que debemos tener mucho cuidado al elegir a qui&eacute;n queremos que entre en nuestra intimidad y confiarle lo m&aacute;s importante: nuestros hijos.<\/p>\n<p>Pero no nos perdamos en peque&ntilde;as conversaciones&hellip;Aqu&iacute; est&aacute;n las 5 cualidades que todo buen\/a canguro deber&iacute;a tener:<\/p>\n<p><strong>1. Organizada<\/strong><\/p>\n<p>Las ni&ntilde;eras saben c&oacute;mo coordinar la diversi&oacute;n y los deberes de nuestros hijos, entendiendo claramente los h&aacute;bitos familiares. Por lo tanto, es importante que sepa c&oacute;mo lidiar con todo tipo de circunstancias e imprevistos de la manera m&aacute;s r&aacute;pida y preparada posible.<\/p>\n<p><strong>2. Divertida y desafiante<\/strong><\/p>\n<p>Capturar la atenci&oacute;n de los ni&ntilde;os puede ser complicado para la mayor&iacute;a. Esta es la raz&oacute;n por la cual una ni&ntilde;era que sabe c&oacute;mo entretener e involucrar a nuestros hijos facilita la creaci&oacute;n de una buena relaci&oacute;n con ellos y (algo que se debe tener en cuenta) el tratar con una persona alegre brinda paz y positividad a toda la familia.<\/p>\n<p><strong>3. Ordenada<\/strong><\/p>\n<p>La perfecta Mary Poppins es la que, a pesar del desorden creado por los ni&ntilde;os, logra darles un buen ejemplo al poner los juegos en su sitio una vez utilizados sin dejar todo el caos y el bullicio que de otra manera prevalecer&iacute;an en el dormitorio de nuestros peque&ntilde;os.<\/p>\n<p><strong>4. Motivadora<\/strong><\/p>\n<p>Tener el pulso de la situaci&oacute;n y una gran iniciativa son dos elementos clave para mostrarse seguro ante los ojos de los ni&ntilde;os. Al hacerlo ser&aacute; m&aacute;s f&aacute;cil que la ni&ntilde;era sea respetada y, al mismo tiempo, no se la considere solo como una autoridad fr&iacute;a y distante. Con esta forma de hacer, en el momento en el que tomar&aacute; decisiones que no son agradables para los ni&ntilde;os (por ejemplo, a nadie le gusta que le digan que el tiempo para jugar ha terminado). Esto se seguir&aacute; cumpliendo.<\/p>\n<p><strong>5. Atenta<\/strong><\/p>\n<p>A los padres les gusta estar al tanto de cualquier emergencia, y esto lo saben las mejores ni&ntilde;eras. En consecuencia, estar atento a todas las situaciones e informar de los hechos que sucedieron de manera meticulosa ayuda a los padres a corregir ciertos comportamientos desagradables de sus hijos.<\/p>\n<\/p>\n<h2><strong>2. &iquest;C&oacute;mo entrevisto al\/la canguro?<\/strong><\/h2>\n<p>Para asegurarte de que eliges un\/a canguro en quien puedes confiar, siempre debes realizar entrevistas y revisar a fondo las referencias que tenga. Esta es la oportunidad perfecta para hacer cualquier pregunta importante y aprender un poco m&aacute;s sobre tu potencial canguro.<\/p>\n<p>Tus instintos paternales van a activarse y debes ser capaz de evaluar si el candidato parece amigable, cari&ntilde;oso y flexible. &iquest;Te sientes c&oacute;modo con ellos? Deber&iacute;as considerar preguntarle al\/la canguro sobre su forma de organizarse y averiguar c&oacute;mo manejar&iacute;a ciertas situaciones. Esto te dar&aacute; la oportunidad de evaluar si su enfoque se ajusta a lo que est&aacute;s buscando.<\/p>\n<p>Durante la entrevista, es importante hablar sobre la tarifa. &iquest;Se pagar&aacute; m&aacute;s si el horario se extiende hasta despu&eacute;s de medianoche? Tambi&eacute;n se recomienda averiguar si el\/la candidato\/a tiene su propio medio de transporte para ir y volver de su casa. Normalmente se espera que el padre o la madre cubra los gastos de viaje del\/la canguro.<\/p>\n<p>No olvides que cada casa y cada familia es completamente diferente. As&iacute; que, incluso si contratas a un\/a canguro experimentado\/a, tendr&aacute;s que contarle todos los requisitos e instrucciones espec&iacute;ficas sobre tu casa y tu hijo. Para evitar cualquier confusi&oacute;n, es importante que tengas muy claro qu&eacute; es lo que quieres que haga el\/la canguro mientras est&aacute;s fuera. Por ejemplo, &iquest;le lees un cuento a tu hijo antes de irse a dormir? &iquest;Hay alg&uacute;n juego al que no deba jugar? &iquest;Alg&uacute;n programa de televisi&oacute;n que est&aacute; prohibido? Tambi&eacute;n debe abordar cualquier enfoque vital de la disciplina que le gustar&iacute;a que se mantuviera.<\/p>\n<p>Dicho esto, a pesar de las l&oacute;gicas directrices que des, siempre es aconsejable dejar un poco de espacio para la iniciativa y creatividad.<\/p>\n<h4><\/h4>\n<h2><strong>3. Pon a prueba al\/la canguro<\/strong><\/h2>\n<p>Una vez que creas que has elegido al\/la canguro perfecto\/a, te sugerimos que tambi&eacute;n veas c&oacute;mo interact&uacute;a con tus hijos. No dudes en organizar una sesi&oacute;n de prueba antes de contratarle, o p&iacute;dele que conozca a los ni&ntilde;os durante la entrevista. &iquest;Te gusta su estilo? &iquest;Est&aacute;n siendo juguetones? &iquest;C&oacute;mo reaccionan sus hijos cuando est&aacute;n con &eacute;l\/ella? Ver por ti mismo c&oacute;mo interact&uacute;a con tus hijos te ayudar&aacute; a estar seguro de que has tomado la decisi&oacute;n correcta al elegir al\/la canguro adecuado\/a.<\/p>\n<h4><\/h4>\n<h2><strong>4. Contratar al\/la canguro<\/strong><\/h2>\n<p>Una vez que hayas entrevistado, comprobado las referencias relevantes, visto en acci&oacute;n, y establecido expectativas claras, &iexcl;estar&aacute;s listo para contratar a su canguro!&nbsp;<\/p>\n<p>Sin embargo, antes de dejar al\/la canguro a solas con tus hijos, es vital que prepares un documento que contenga una lista de la informaci&oacute;n que pueda necesitar y que lo dejes en un lugar conveniente, por ejemplo, junto al tel&eacute;fono.&nbsp;<\/p>\n<p>El contenido deber&iacute;a ser el siguiente:<\/p>\n<ul>\n<li>Tu nombre, direcci&oacute;n y tel&eacute;fono donde te podr&aacute;n contactar mientras est&eacute;s fuera.<\/li>\n<li>N&uacute;mero de tel&eacute;fono de tu m&eacute;dico de referencia, de la polic&iacute;a y de los bomberos.<\/li>\n<li>La hora a la que esperas volver. Por supuesto, si hay un cambio de planes y vas a llegar m&aacute;s tarde de lo planeado, es importante que se lo digas a tu canguro. <\/li>\n<\/ul>\n<h2><strong>5. Dejar a tus hijos con un\/a canguro<\/strong><\/h2>\n<p>En Yoopies, recomendamos que, una vez que llegue tu canguro, te quedes en casa durante unos 15 minutos para permitir que tus hijos se adapten a la presencia de su canguro. No te sorprendas si cuando intentas dejar a tu hijo se molesta; esto es normal, pero las l&aacute;grimas acabar&aacute;n pronto. El\/la canguro estar&aacute; acostumbrado\/a a esta situaci&oacute;n y tendr&aacute; las habilidades necesarias para poder distraer y consolar a tu hijo. Sin embargo, si est&aacute;s preocupado, no dudes en llamar al\/la canguro en una hora para comprobar que todo est&aacute; bien.<\/p>\n<p>Antes de irte, es una buena idea hablar con tu canguro sobre tu casa. &iquest;D&oacute;nde est&aacute; el botiqu&iacute;n de primeros auxilios? &iquest;C&oacute;mo funciona la tecnolog&iacute;a en la casa? Tambi&eacute;n debes informarle de los aperitivos y\/o comidas que permites a tus hijos y de si has dejado algo de comida para &eacute;l\/ella. No hace falta decir que puede ser dif&iacute;cil manejarse en una nueva cocina, por lo que lo&nbsp; necesario debe dejarse a la vista.<\/p>\n<p>Finalmente, entonces, estar&aacute;s listo para disfrutar de tu tiempo lejos de los ni&ntilde;os. &iquest;Est&aacute;s preparado para tener algunas conversaciones de adultos? &iexcl;S&iacute;! Bueno, lo m&aacute;s probable es que te encuentres hablando, por supuesto, de los ni&ntilde;os.<\/p>\n<h4><\/h4>\n<p><em>Cuando est&eacute;s buscando un\/a canguro de confianza en tu zona, puedes usar nuestro servicio online en <a href=\"https:\/\/yoopies.es\">Yoopies.es<\/a>. Tan solo introduce tu c&oacute;digo postal y navega por cientos de opciones cualificadas. Tambi&eacute;n puedes ajustar la b&uacute;squeda para que se adapte a tus necesidades usando los filtros que ponemos a tu disposici&oacute;n.<\/em><\/p>\n<\/p>\n<p><a class=\"button\" href=\"https:\/\/yoopies.es\">Encuentra a tu canguro perfecto<\/a><\/p>\n","protected":false},"excerpt":{"rendered":"<p>En Yoopies, sabemos que los padres tambi&eacute;n tienen derecho a relajarse lejos de sus hijos, &hellip; <\/p>\n","protected":false},"author":10,"featured_media":194,"parent":28,"menu_order":0,"comment_status":"closed","ping_status":"closed","template":"","meta":{"_acf_changed":false,"footnotes":""},"class_list":["post-192","page","type-page","status-publish","has-post-thumbnail","hentry"],"acf":[],"yoast_head":"<!-- This site is optimized with the Yoast SEO plugin v26.9 - https:\/\/yoast.com\/product\/yoast-seo-wordpress\/ -->\n<title>Encontrar al\/la canguro perfecto\/a<\/title>\n<meta name=\"description\" content=\"Encuentra a un canguro en quien confiar: los mejores consejos y trucos que tener en cuenta cuando est\u00e1s buscando a un canguro; as\u00ed como las 5 cualidades en las que tienes que fijarte S\u00cd o S\u00cd.\" \/>\n<meta name=\"robots\" content=\"index, follow, max-snippet:-1, max-image-preview:large, max-video-preview:-1\" \/>\n<link rel=\"canonical\" href=\"https:\/\/yoopies.es\/c\/guia-definitiva-cuidado-ninos\/encontrar-canguro-perfecto\/\" \/>\n<meta property=\"og:locale\" content=\"es_ES\" \/>\n<meta property=\"og:type\" content=\"article\" \/>\n<meta property=\"og:title\" content=\"Encontrar al\/la canguro perfecto\/a\" \/>\n<meta property=\"og:description\" content=\"Encuentra a un canguro en quien confiar: los mejores consejos y trucos que tener en cuenta cuando est\u00e1s buscando a un canguro; as\u00ed como las 5 cualidades en las que tienes que fijarte S\u00cd o S\u00cd.\" \/>\n<meta property=\"og:url\" content=\"https:\/\/yoopies.es\/c\/guia-definitiva-cuidado-ninos\/encontrar-canguro-perfecto\/\" \/>\n<meta property=\"og:site_name\" content=\"Yoopies Espa\u00f1a\" \/>\n<meta property=\"article:modified_time\" content=\"2025-06-12T08:44:06+00:00\" \/>\n<meta property=\"og:image\" content=\"https:\/\/yoopies.es\/c\/wp-content\/uploads\/sites\/7\/2024\/04\/c8d788b1-2405-4865-ae10-b3b7d7e64846-bigstock-mother-116637209.jpg\" \/>\n\t<meta property=\"og:image:width\" content=\"1200\" \/>\n\t<meta property=\"og:image:height\" content=\"789\" \/>\n\t<meta property=\"og:image:type\" content=\"image\/jpeg\" \/>\n<meta name=\"twitter:card\" content=\"summary_large_image\" \/>\n<meta name=\"twitter:label1\" content=\"Tiempo de lectura\" \/>\n\t<meta name=\"twitter:data1\" content=\"9 minutos\" \/>\n<script type=\"application\/ld+json\" class=\"yoast-schema-graph\">{\"@context\":\"https:\/\/schema.org\",\"@graph\":[{\"@type\":\"WebPage\",\"@id\":\"https:\/\/yoopies.es\/c\/guia-definitiva-cuidado-ninos\/encontrar-canguro-perfecto\/\",\"url\":\"https:\/\/yoopies.es\/c\/guia-definitiva-cuidado-ninos\/encontrar-canguro-perfecto\/\",\"name\":\"Encontrar al\/la canguro perfecto\/a\",\"isPartOf\":{\"@id\":\"https:\/\/yoopies.es\/c\/#website\"},\"primaryImageOfPage\":{\"@id\":\"https:\/\/yoopies.es\/c\/guia-definitiva-cuidado-ninos\/encontrar-canguro-perfecto\/#primaryimage\"},\"image\":{\"@id\":\"https:\/\/yoopies.es\/c\/guia-definitiva-cuidado-ninos\/encontrar-canguro-perfecto\/#primaryimage\"},\"thumbnailUrl\":\"https:\/\/yoopies.es\/c\/wp-content\/uploads\/sites\/7\/2024\/04\/c8d788b1-2405-4865-ae10-b3b7d7e64846-bigstock-mother-116637209.jpg\",\"datePublished\":\"2024-04-02T12:50:55+00:00\",\"dateModified\":\"2025-06-12T08:44:06+00:00\",\"description\":\"Encuentra a un canguro en quien confiar: los mejores consejos y trucos que tener en cuenta cuando est\u00e1s buscando a un canguro; as\u00ed como las 5 cualidades en las que tienes que fijarte S\u00cd o S\u00cd.\",\"breadcrumb\":{\"@id\":\"https:\/\/yoopies.es\/c\/guia-definitiva-cuidado-ninos\/encontrar-canguro-perfecto\/#breadcrumb\"},\"inLanguage\":\"es\",\"potentialAction\":[{\"@type\":\"ReadAction\",\"target\":[\"https:\/\/yoopies.es\/c\/guia-definitiva-cuidado-ninos\/encontrar-canguro-perfecto\/\"]}]},{\"@type\":\"ImageObject\",\"inLanguage\":\"es\",\"@id\":\"https:\/\/yoopies.es\/c\/guia-definitiva-cuidado-ninos\/encontrar-canguro-perfecto\/#primaryimage\",\"url\":\"https:\/\/yoopies.es\/c\/wp-content\/uploads\/sites\/7\/2024\/04\/c8d788b1-2405-4865-ae10-b3b7d7e64846-bigstock-mother-116637209.jpg\",\"contentUrl\":\"https:\/\/yoopies.es\/c\/wp-content\/uploads\/sites\/7\/2024\/04\/c8d788b1-2405-4865-ae10-b3b7d7e64846-bigstock-mother-116637209.jpg\",\"width\":1200,\"height\":789},{\"@type\":\"BreadcrumbList\",\"@id\":\"https:\/\/yoopies.es\/c\/guia-definitiva-cuidado-ninos\/encontrar-canguro-perfecto\/#breadcrumb\",\"itemListElement\":[{\"@type\":\"ListItem\",\"position\":1,\"name\":\"Home\",\"item\":\"https:\/\/yoopies.es\/c\/\"},{\"@type\":\"ListItem\",\"position\":2,\"name\":\"La gu\u00eda definitiva del cuidado de ni\u00f1os\",\"item\":\"https:\/\/yoopies.es\/c\/guia-definitiva-cuidado-ninos\/\"},{\"@type\":\"ListItem\",\"position\":3,\"name\":\"Encontrar al\/la canguro perfecto\/a\"}]},{\"@type\":\"WebSite\",\"@id\":\"https:\/\/yoopies.es\/c\/#website\",\"url\":\"https:\/\/yoopies.es\/c\/\",\"name\":\"Yoopies Espa\u00f1a\",\"description\":\"\",\"publisher\":{\"@id\":\"https:\/\/yoopies.es\/c\/#organization\"},\"potentialAction\":[{\"@type\":\"SearchAction\",\"target\":{\"@type\":\"EntryPoint\",\"urlTemplate\":\"https:\/\/yoopies.es\/c\/?s={search_term_string}\"},\"query-input\":{\"@type\":\"PropertyValueSpecification\",\"valueRequired\":true,\"valueName\":\"search_term_string\"}}],\"inLanguage\":\"es\"},{\"@type\":\"Organization\",\"@id\":\"https:\/\/yoopies.es\/c\/#organization\",\"name\":\"Yoopies Espa\u00f1a\",\"url\":\"https:\/\/yoopies.es\/c\/\",\"logo\":{\"@type\":\"ImageObject\",\"inLanguage\":\"es\",\"@id\":\"https:\/\/yoopies.es\/c\/#\/schema\/logo\/image\/\",\"url\":\"https:\/\/yoopies.es\/c\/wp-content\/uploads\/sites\/7\/2025\/05\/cropped-Logo_Yoopies-2.png\",\"contentUrl\":\"https:\/\/yoopies.es\/c\/wp-content\/uploads\/sites\/7\/2025\/05\/cropped-Logo_Yoopies-2.png\",\"width\":512,\"height\":512,\"caption\":\"Yoopies Espa\u00f1a\"},\"image\":{\"@id\":\"https:\/\/yoopies.es\/c\/#\/schema\/logo\/image\/\"}}]}<\/script>\n<!-- \/ Yoast SEO plugin. -->","yoast_head_json":{"title":"Encontrar al\/la canguro perfecto\/a","description":"Encuentra a un canguro en quien confiar: los mejores consejos y trucos que tener en cuenta cuando est\u00e1s buscando a un canguro; as\u00ed como las 5 cualidades en las que tienes que fijarte S\u00cd o S\u00cd.","robots":{"index":"index","follow":"follow","max-snippet":"max-snippet:-1","max-image-preview":"max-image-preview:large","max-video-preview":"max-video-preview:-1"},"canonical":"https:\/\/yoopies.es\/c\/guia-definitiva-cuidado-ninos\/encontrar-canguro-perfecto\/","og_locale":"es_ES","og_type":"article","og_title":"Encontrar al\/la canguro perfecto\/a","og_description":"Encuentra a un canguro en quien confiar: los mejores consejos y trucos que tener en cuenta cuando est\u00e1s buscando a un canguro; as\u00ed como las 5 cualidades en las que tienes que fijarte S\u00cd o S\u00cd.","og_url":"https:\/\/yoopies.es\/c\/guia-definitiva-cuidado-ninos\/encontrar-canguro-perfecto\/","og_site_name":"Yoopies Espa\u00f1a","article_modified_time":"2025-06-12T08:44:06+00:00","og_image":[{"width":1200,"height":789,"url":"https:\/\/yoopies.es\/c\/wp-content\/uploads\/sites\/7\/2024\/04\/c8d788b1-2405-4865-ae10-b3b7d7e64846-bigstock-mother-116637209.jpg","type":"image\/jpeg"}],"twitter_card":"summary_large_image","twitter_misc":{"Tiempo de lectura":"9 minutos"},"schema":{"@context":"https:\/\/schema.org","@graph":[{"@type":"WebPage","@id":"https:\/\/yoopies.es\/c\/guia-definitiva-cuidado-ninos\/encontrar-canguro-perfecto\/","url":"https:\/\/yoopies.es\/c\/guia-definitiva-cuidado-ninos\/encontrar-canguro-perfecto\/","name":"Encontrar al\/la canguro perfecto\/a","isPartOf":{"@id":"https:\/\/yoopies.es\/c\/#website"},"primaryImageOfPage":{"@id":"https:\/\/yoopies.es\/c\/guia-definitiva-cuidado-ninos\/encontrar-canguro-perfecto\/#primaryimage"},"image":{"@id":"https:\/\/yoopies.es\/c\/guia-definitiva-cuidado-ninos\/encontrar-canguro-perfecto\/#primaryimage"},"thumbnailUrl":"https:\/\/yoopies.es\/c\/wp-content\/uploads\/sites\/7\/2024\/04\/c8d788b1-2405-4865-ae10-b3b7d7e64846-bigstock-mother-116637209.jpg","datePublished":"2024-04-02T12:50:55+00:00","dateModified":"2025-06-12T08:44:06+00:00","description":"Encuentra a un canguro en quien confiar: los mejores consejos y trucos que tener en cuenta cuando est\u00e1s buscando a un canguro; as\u00ed como las 5 cualidades en las que tienes que fijarte S\u00cd o S\u00cd.","breadcrumb":{"@id":"https:\/\/yoopies.es\/c\/guia-definitiva-cuidado-ninos\/encontrar-canguro-perfecto\/#breadcrumb"},"inLanguage":"es","potentialAction":[{"@type":"ReadAction","target":["https:\/\/yoopies.es\/c\/guia-definitiva-cuidado-ninos\/encontrar-canguro-perfecto\/"]}]},{"@type":"ImageObject","inLanguage":"es","@id":"https:\/\/yoopies.es\/c\/guia-definitiva-cuidado-ninos\/encontrar-canguro-perfecto\/#primaryimage","url":"https:\/\/yoopies.es\/c\/wp-content\/uploads\/sites\/7\/2024\/04\/c8d788b1-2405-4865-ae10-b3b7d7e64846-bigstock-mother-116637209.jpg","contentUrl":"https:\/\/yoopies.es\/c\/wp-content\/uploads\/sites\/7\/2024\/04\/c8d788b1-2405-4865-ae10-b3b7d7e64846-bigstock-mother-116637209.jpg","width":1200,"height":789},{"@type":"BreadcrumbList","@id":"https:\/\/yoopies.es\/c\/guia-definitiva-cuidado-ninos\/encontrar-canguro-perfecto\/#breadcrumb","itemListElement":[{"@type":"ListItem","position":1,"name":"Home","item":"https:\/\/yoopies.es\/c\/"},{"@type":"ListItem","position":2,"name":"La gu\u00eda definitiva del cuidado de ni\u00f1os","item":"https:\/\/yoopies.es\/c\/guia-definitiva-cuidado-ninos\/"},{"@type":"ListItem","position":3,"name":"Encontrar al\/la canguro perfecto\/a"}]},{"@type":"WebSite","@id":"https:\/\/yoopies.es\/c\/#website","url":"https:\/\/yoopies.es\/c\/","name":"Yoopies Espa\u00f1a","description":"","publisher":{"@id":"https:\/\/yoopies.es\/c\/#organization"},"potentialAction":[{"@type":"SearchAction","target":{"@type":"EntryPoint","urlTemplate":"https:\/\/yoopies.es\/c\/?s={search_term_string}"},"query-input":{"@type":"PropertyValueSpecification","valueRequired":true,"valueName":"search_term_string"}}],"inLanguage":"es"},{"@type":"Organization","@id":"https:\/\/yoopies.es\/c\/#organization","name":"Yoopies Espa\u00f1a","url":"https:\/\/yoopies.es\/c\/","logo":{"@type":"ImageObject","inLanguage":"es","@id":"https:\/\/yoopies.es\/c\/#\/schema\/logo\/image\/","url":"https:\/\/yoopies.es\/c\/wp-content\/uploads\/sites\/7\/2025\/05\/cropped-Logo_Yoopies-2.png","contentUrl":"https:\/\/yoopies.es\/c\/wp-content\/uploads\/sites\/7\/2025\/05\/cropped-Logo_Yoopies-2.png","width":512,"height":512,"caption":"Yoopies Espa\u00f1a"},"image":{"@id":"https:\/\/yoopies.es\/c\/#\/schema\/logo\/image\/"}}]}},"_links":{"self":[{"href":"https:\/\/yoopies.es\/c\/wp-json\/wp\/v2\/pages\/192","targetHints":{"allow":["GET"]}}],"collection":[{"href":"https:\/\/yoopies.es\/c\/wp-json\/wp\/v2\/pages"}],"about":[{"href":"https:\/\/yoopies.es\/c\/wp-json\/wp\/v2\/types\/page"}],"author":[{"embeddable":true,"href":"https:\/\/yoopies.es\/c\/wp-json\/wp\/v2\/users\/10"}],"replies":[{"embeddable":true,"href":"https:\/\/yoopies.es\/c\/wp-json\/wp\/v2\/comments?post=192"}],"version-history":[{"count":1,"href":"https:\/\/yoopies.es\/c\/wp-json\/wp\/v2\/pages\/192\/revisions"}],"predecessor-version":[{"id":195,"href":"https:\/\/yoopies.es\/c\/wp-json\/wp\/v2\/pages\/192\/revisions\/195"}],"up":[{"embeddable":true,"href":"https:\/\/yoopies.es\/c\/wp-json\/wp\/v2\/pages\/28"}],"wp:featuredmedia":[{"embeddable":true,"href":"https:\/\/yoopies.es\/c\/wp-json\/wp\/v2\/media\/194"}],"wp:attachment":[{"href":"https:\/\/yoopies.es\/c\/wp-json\/wp\/v2\/media?parent=192"}],"curies":[{"name":"wp","href":"https:\/\/api.w.org\/{rel}","templated":true}]}}