{"id":19,"date":"2024-04-02T13:23:22","date_gmt":"2024-04-02T13:23:22","guid":{"rendered":"https:\/\/blog.yoopies.es\/como-convertirse-en-un-profesor-particular-de-exito\/"},"modified":"2025-06-12T08:44:05","modified_gmt":"2025-06-12T08:44:05","slug":"como-convertirse-en-un-profesor-particular-de-exito","status":"publish","type":"page","link":"https:\/\/yoopies.es\/c\/como-convertirse-en-un-profesor-particular-de-exito\/","title":{"rendered":"C\u00f3mo convertirse en un profesor particular de \u00e9xito"},"content":{"rendered":"<p><p>Contar con el apoyo de un profesor particular es una de las mejores maneras para que los estudiantes de secundaria, bachillerato o universidad puedan mejorar: siempre ha habido y habr&aacute; estudiantes que luchan por comprender y aprobar en asignaturas que otros encuentran m&aacute;s f&aacute;ciles: matem&aacute;ticas, qu&iacute;mica o ingl&eacute;s son ejemplos evidentes.<\/p>\n<p>La actividad del profesor o tutor no se limita solo a las asignaturas escolares. Muestra de ello son los profesores de m&uacute;sica o idiomas que ayudan a aquellos estudiantes curiosos y dispuestos a profundizar en estos temas durante la tarde o la noche despu&eacute;s de las clases.<\/p>\n<\/p>\n<figure><img decoding=\"async\" src=\"https:\/\/static.yoopies.com\/upload\/cms\/image\/a8e4db13bbc1322f6f940a410d601c005a11ee14-prismic-article-1.jpg\" \/><\/figure>\n<p><h2><strong>Convi&eacute;rtete en un profesor de &eacute;xito<\/strong><\/h2>\n<p>Para convertirte en un profesor particular de &eacute;xito, primero debes decidir qu&eacute; asignaturas quieres ense&ntilde;ar. &iquest;Quieres ser profesor de matem&aacute;ticas?, &iquest;profesor de m&uacute;sica?, &iquest;profesor de ingl&eacute;s? Si tienes dificultades para decidir, puedes ense&ntilde;ar m&aacute;s de una materia, pero aseg&uacute;rate de que sean temas en los que realmente sobresales y dominas. Tambi&eacute;n es importante saber a qu&eacute; nivel o niveles de alumnos quieres ense&ntilde;ar para que puedas estar seguro de que tus conocimientos son suficientes. &iexcl;No querr&aacute;s ser conocido como el profesor inexperto que no puede responder a una simple pregunta!<\/p>\n<p>A continuaci&oacute;n tienes que elegir tu tarifa. &iquest;Cu&aacute;nto quieres que te paguen por hora por tu trabajo como docente? Si no est&aacute;s seguro de cu&aacute;nto cobrar, busca el precio por hora de otros maestros de tu zona y elige de acuerdo con los resultados que encuentres. &iexcl;Te recomendamos que no subestimes tu trabajo!<\/p>\n<p>Una vez que hayas elegido el tema para ense&ntilde;ar y cu&aacute;nto cobrar&aacute;s, solo te queda la mitad del camino.<\/p>\n<h2><strong>Crea un perfil de profesor<\/strong><\/h2>\n<p>Una de las mejores maneras de convertirte en profesor particular es crear un perfil en una p&aacute;gina web de clases particulares que te conecte con los padres que necesitan contratar a profesores, maestros y tutores de apoyo, como <strong><a href=\"https:\/\/yoopies.es\">Yoopies<\/a><\/strong>.<\/p>\n<p>Una vez que hayas decidido qu&eacute; ense&ntilde;ar, deber&aacute;s comenzar a publicitar tu trabajo. Es posible promocionarte de muchas maneras diferentes seg&uacute;n los medios con los cuales te sientas m&aacute;s c&oacute;modo. Puedes dec&iacute;rselo a tus amigos y familiares, publicitarte en persona o en redes sociales. Incluso puedes crear carteles y colocarlos en los tableros de anuncios locales con tus tarifas. Otra forma es publicarlo en Facebook en grupos especializados en la b&uacute;squeda de profesores para clases particulares.<\/p>\n<p>Sin embargo, la mejor manera de conseguir tus primeros alumnos es a trav&eacute;s de una web: un meg&aacute;fono real para encontrar trabajo.<\/p>\n<\/p>\n<figure><img decoding=\"async\" src=\"https:\/\/static.yoopies.com\/upload\/cms\/image\/09a63e273e5c386da5351020e6bf18e49bfeb0c7-prismic-article-4.jpg\" \/><\/figure>\n<p><h2><strong>Prep&aacute;rate de manera adecuada<\/strong><\/h2>\n<p>Antes de comenzar a ense&ntilde;ar al alumno y conocer a sus padres tendr&aacute;s algo de tiempo para comprender d&oacute;nde puede tener el alumno la mayor dificultad y cu&aacute;les son los temas que le resultan m&aacute;s complicados. A partir de este razonamiento, es necesario crear un plan destinado a ayudar al estudiante a comprender mejor el tema y obtener las calificaciones m&aacute;s altas posibles. &iquest;Para qu&eacute; te necesitan?, &iquest;en qu&eacute; partes falla m&aacute;s? Necesitar&aacute;s analizar cuidadosamente esta informaci&oacute;n para saber por d&oacute;nde empezar.<\/p>\n<p>Si es posible, ser&iacute;a &uacute;til organizar un programa regular con el estudiante (una o dos veces por semana) para que puedas contar con &eacute;l como un alumno habitual y seguro.<\/p>\n<p>Tambi&eacute;n es una buena idea estar disponible para tus estudiantes fuera del horario de las clases para que puedan hacerte preguntas durante las horas no laborables. Dales tu direcci&oacute;n de correo electr&oacute;nico o n&uacute;mero de tel&eacute;fono: esto ayudar&aacute; a crear una buena relaci&oacute;n estudiante-profesor.<\/p>\n<h2><strong>Aseg&uacute;rate de que tu perfil de profesor destaque<\/strong><\/h2>\n<p>Si eliges crear un perfil online como profesor particular o tutor de apoyo para encontrar padres que tambi&eacute;n est&eacute;n buscando un maestro, &iexcl;has tomado la decisi&oacute;n correcta! Pero te preguntar&aacute;s c&oacute;mo hacer que tu perfil destaque entre muchos otros&#8230;&iexcl;Es simple!<\/p>\n<p>Para que tu perfil sobresalga, hazlo lo m&aacute;s completo posible. Adem&aacute;s de incluir las tarifas, las horas y los temas o asignaturas que impartes, hazle saber a los padres c&oacute;mo eres. Diles qu&eacute; haces en tu tiempo libre, si tienes mascotas o si participas en actividades de voluntariado o de caridad. Quieren saber con qui&eacute;n est&aacute;n tratando m&aacute;s all&aacute; de sus habilidades como profesor. Es importante establecer una conexi&oacute;n personal fuerte. Si no est&aacute;s seguro de qu&eacute; incluir, p&iacute;dele a tus amigos o familiares que enumeren algunos datos interesantes sobre ti.<\/p>\n<p>En resumen, la ense&ntilde;anza es una manera fant&aacute;stica de ganar un dinero extra regularmente mientras ayudas a un estudiante con un tema en el que no sobresale. Es como hacer tu tarea, &iexcl;pero que te paguen por ella! Un buen compromiso, &iquest;no?<\/p>\n<p>Y si quieres otras ideas de empleo, <a href=\"https:\/\/yoopies.es\/c\/para-candidatos\/busca-trabajo-temporal\/los-mejores-trabajos-a-tiempo-parcial\">&iexcl;descubre los mejores trabajos a tiempo parcial en este art&iacute;culo!<\/a><\/p>\n<\/p>\n<p><a class=\"button\" href=\"https:\/\/yoopies.es\/clases-particulares\">\u00a1Encuentra ya estudiantes que necesiten tu ayuda!<\/a><\/p>\n","protected":false},"excerpt":{"rendered":"<p>Contar con el apoyo de un profesor particular es una de las mejores maneras para &hellip; <\/p>\n","protected":false},"author":10,"featured_media":20,"parent":0,"menu_order":0,"comment_status":"closed","ping_status":"closed","template":"","meta":{"_acf_changed":false,"footnotes":""},"class_list":["post-19","page","type-page","status-publish","has-post-thumbnail","hentry"],"acf":[],"yoast_head":"<!-- This site is optimized with the Yoast SEO plugin v26.9 - https:\/\/yoast.com\/product\/yoast-seo-wordpress\/ -->\n<title>C\u00f3mo convertirse en un profesor particular de \u00e9xito<\/title>\n<meta name=\"description\" content=\"\u00bfC\u00f3mo puedes ser el mejor profesor particular o de apoyo y as\u00ed poder aprovechar al m\u00e1ximo tus posibilidades? \u00a1Descubre c\u00f3mo hacerlo aqu\u00ed!\" \/>\n<meta name=\"robots\" content=\"index, follow, max-snippet:-1, max-image-preview:large, max-video-preview:-1\" \/>\n<link rel=\"canonical\" href=\"https:\/\/yoopies.es\/c\/como-convertirse-en-un-profesor-particular-de-exito\/\" \/>\n<meta property=\"og:locale\" content=\"es_ES\" \/>\n<meta property=\"og:type\" content=\"article\" \/>\n<meta property=\"og:title\" content=\"C\u00f3mo convertirse en un profesor particular de \u00e9xito\" \/>\n<meta property=\"og:description\" content=\"\u00bfC\u00f3mo puedes ser el mejor profesor particular o de apoyo y as\u00ed poder aprovechar al m\u00e1ximo tus posibilidades? \u00a1Descubre c\u00f3mo hacerlo aqu\u00ed!\" \/>\n<meta property=\"og:url\" content=\"https:\/\/yoopies.es\/c\/como-convertirse-en-un-profesor-particular-de-exito\/\" \/>\n<meta property=\"og:site_name\" content=\"Yoopies Espa\u00f1a\" \/>\n<meta property=\"article:modified_time\" content=\"2025-06-12T08:44:05+00:00\" \/>\n<meta property=\"og:image\" content=\"https:\/\/yoopies.es\/c\/wp-content\/uploads\/sites\/7\/2024\/04\/294b3974453d7d6cb0346f26332ab6020104d35c-insegnante-blog.jpg\" \/>\n\t<meta property=\"og:image:width\" content=\"4527\" \/>\n\t<meta property=\"og:image:height\" content=\"3350\" \/>\n\t<meta property=\"og:image:type\" content=\"image\/jpeg\" \/>\n<meta name=\"twitter:card\" content=\"summary_large_image\" \/>\n<meta name=\"twitter:label1\" content=\"Tiempo de lectura\" \/>\n\t<meta name=\"twitter:data1\" content=\"5 minutos\" \/>\n<script type=\"application\/ld+json\" class=\"yoast-schema-graph\">{\"@context\":\"https:\/\/schema.org\",\"@graph\":[{\"@type\":\"WebPage\",\"@id\":\"https:\/\/yoopies.es\/c\/como-convertirse-en-un-profesor-particular-de-exito\/\",\"url\":\"https:\/\/yoopies.es\/c\/como-convertirse-en-un-profesor-particular-de-exito\/\",\"name\":\"C\u00f3mo convertirse en un profesor particular de \u00e9xito\",\"isPartOf\":{\"@id\":\"https:\/\/yoopies.es\/c\/#website\"},\"primaryImageOfPage\":{\"@id\":\"https:\/\/yoopies.es\/c\/como-convertirse-en-un-profesor-particular-de-exito\/#primaryimage\"},\"image\":{\"@id\":\"https:\/\/yoopies.es\/c\/como-convertirse-en-un-profesor-particular-de-exito\/#primaryimage\"},\"thumbnailUrl\":\"https:\/\/yoopies.es\/c\/wp-content\/uploads\/sites\/7\/2024\/04\/294b3974453d7d6cb0346f26332ab6020104d35c-insegnante-blog.jpg\",\"datePublished\":\"2024-04-02T13:23:22+00:00\",\"dateModified\":\"2025-06-12T08:44:05+00:00\",\"description\":\"\u00bfC\u00f3mo puedes ser el mejor profesor particular o de apoyo y as\u00ed poder aprovechar al m\u00e1ximo tus posibilidades? \u00a1Descubre c\u00f3mo hacerlo aqu\u00ed!\",\"breadcrumb\":{\"@id\":\"https:\/\/yoopies.es\/c\/como-convertirse-en-un-profesor-particular-de-exito\/#breadcrumb\"},\"inLanguage\":\"es\",\"potentialAction\":[{\"@type\":\"ReadAction\",\"target\":[\"https:\/\/yoopies.es\/c\/como-convertirse-en-un-profesor-particular-de-exito\/\"]}]},{\"@type\":\"ImageObject\",\"inLanguage\":\"es\",\"@id\":\"https:\/\/yoopies.es\/c\/como-convertirse-en-un-profesor-particular-de-exito\/#primaryimage\",\"url\":\"https:\/\/yoopies.es\/c\/wp-content\/uploads\/sites\/7\/2024\/04\/294b3974453d7d6cb0346f26332ab6020104d35c-insegnante-blog.jpg\",\"contentUrl\":\"https:\/\/yoopies.es\/c\/wp-content\/uploads\/sites\/7\/2024\/04\/294b3974453d7d6cb0346f26332ab6020104d35c-insegnante-blog.jpg\",\"width\":4527,\"height\":3350},{\"@type\":\"BreadcrumbList\",\"@id\":\"https:\/\/yoopies.es\/c\/como-convertirse-en-un-profesor-particular-de-exito\/#breadcrumb\",\"itemListElement\":[{\"@type\":\"ListItem\",\"position\":1,\"name\":\"Home\",\"item\":\"https:\/\/yoopies.es\/c\/\"},{\"@type\":\"ListItem\",\"position\":2,\"name\":\"C\u00f3mo convertirse en un profesor particular de \u00e9xito\"}]},{\"@type\":\"WebSite\",\"@id\":\"https:\/\/yoopies.es\/c\/#website\",\"url\":\"https:\/\/yoopies.es\/c\/\",\"name\":\"Yoopies Espa\u00f1a\",\"description\":\"\",\"publisher\":{\"@id\":\"https:\/\/yoopies.es\/c\/#organization\"},\"potentialAction\":[{\"@type\":\"SearchAction\",\"target\":{\"@type\":\"EntryPoint\",\"urlTemplate\":\"https:\/\/yoopies.es\/c\/?s={search_term_string}\"},\"query-input\":{\"@type\":\"PropertyValueSpecification\",\"valueRequired\":true,\"valueName\":\"search_term_string\"}}],\"inLanguage\":\"es\"},{\"@type\":\"Organization\",\"@id\":\"https:\/\/yoopies.es\/c\/#organization\",\"name\":\"Yoopies Espa\u00f1a\",\"url\":\"https:\/\/yoopies.es\/c\/\",\"logo\":{\"@type\":\"ImageObject\",\"inLanguage\":\"es\",\"@id\":\"https:\/\/yoopies.es\/c\/#\/schema\/logo\/image\/\",\"url\":\"https:\/\/yoopies.es\/c\/wp-content\/uploads\/sites\/7\/2025\/05\/cropped-Logo_Yoopies-2.png\",\"contentUrl\":\"https:\/\/yoopies.es\/c\/wp-content\/uploads\/sites\/7\/2025\/05\/cropped-Logo_Yoopies-2.png\",\"width\":512,\"height\":512,\"caption\":\"Yoopies Espa\u00f1a\"},\"image\":{\"@id\":\"https:\/\/yoopies.es\/c\/#\/schema\/logo\/image\/\"}}]}<\/script>\n<!-- \/ Yoast SEO plugin. -->","yoast_head_json":{"title":"C\u00f3mo convertirse en un profesor particular de \u00e9xito","description":"\u00bfC\u00f3mo puedes ser el mejor profesor particular o de apoyo y as\u00ed poder aprovechar al m\u00e1ximo tus posibilidades? \u00a1Descubre c\u00f3mo hacerlo aqu\u00ed!","robots":{"index":"index","follow":"follow","max-snippet":"max-snippet:-1","max-image-preview":"max-image-preview:large","max-video-preview":"max-video-preview:-1"},"canonical":"https:\/\/yoopies.es\/c\/como-convertirse-en-un-profesor-particular-de-exito\/","og_locale":"es_ES","og_type":"article","og_title":"C\u00f3mo convertirse en un profesor particular de \u00e9xito","og_description":"\u00bfC\u00f3mo puedes ser el mejor profesor particular o de apoyo y as\u00ed poder aprovechar al m\u00e1ximo tus posibilidades? \u00a1Descubre c\u00f3mo hacerlo aqu\u00ed!","og_url":"https:\/\/yoopies.es\/c\/como-convertirse-en-un-profesor-particular-de-exito\/","og_site_name":"Yoopies Espa\u00f1a","article_modified_time":"2025-06-12T08:44:05+00:00","og_image":[{"width":4527,"height":3350,"url":"https:\/\/yoopies.es\/c\/wp-content\/uploads\/sites\/7\/2024\/04\/294b3974453d7d6cb0346f26332ab6020104d35c-insegnante-blog.jpg","type":"image\/jpeg"}],"twitter_card":"summary_large_image","twitter_misc":{"Tiempo de lectura":"5 minutos"},"schema":{"@context":"https:\/\/schema.org","@graph":[{"@type":"WebPage","@id":"https:\/\/yoopies.es\/c\/como-convertirse-en-un-profesor-particular-de-exito\/","url":"https:\/\/yoopies.es\/c\/como-convertirse-en-un-profesor-particular-de-exito\/","name":"C\u00f3mo convertirse en un profesor particular de \u00e9xito","isPartOf":{"@id":"https:\/\/yoopies.es\/c\/#website"},"primaryImageOfPage":{"@id":"https:\/\/yoopies.es\/c\/como-convertirse-en-un-profesor-particular-de-exito\/#primaryimage"},"image":{"@id":"https:\/\/yoopies.es\/c\/como-convertirse-en-un-profesor-particular-de-exito\/#primaryimage"},"thumbnailUrl":"https:\/\/yoopies.es\/c\/wp-content\/uploads\/sites\/7\/2024\/04\/294b3974453d7d6cb0346f26332ab6020104d35c-insegnante-blog.jpg","datePublished":"2024-04-02T13:23:22+00:00","dateModified":"2025-06-12T08:44:05+00:00","description":"\u00bfC\u00f3mo puedes ser el mejor profesor particular o de apoyo y as\u00ed poder aprovechar al m\u00e1ximo tus posibilidades? \u00a1Descubre c\u00f3mo hacerlo aqu\u00ed!","breadcrumb":{"@id":"https:\/\/yoopies.es\/c\/como-convertirse-en-un-profesor-particular-de-exito\/#breadcrumb"},"inLanguage":"es","potentialAction":[{"@type":"ReadAction","target":["https:\/\/yoopies.es\/c\/como-convertirse-en-un-profesor-particular-de-exito\/"]}]},{"@type":"ImageObject","inLanguage":"es","@id":"https:\/\/yoopies.es\/c\/como-convertirse-en-un-profesor-particular-de-exito\/#primaryimage","url":"https:\/\/yoopies.es\/c\/wp-content\/uploads\/sites\/7\/2024\/04\/294b3974453d7d6cb0346f26332ab6020104d35c-insegnante-blog.jpg","contentUrl":"https:\/\/yoopies.es\/c\/wp-content\/uploads\/sites\/7\/2024\/04\/294b3974453d7d6cb0346f26332ab6020104d35c-insegnante-blog.jpg","width":4527,"height":3350},{"@type":"BreadcrumbList","@id":"https:\/\/yoopies.es\/c\/como-convertirse-en-un-profesor-particular-de-exito\/#breadcrumb","itemListElement":[{"@type":"ListItem","position":1,"name":"Home","item":"https:\/\/yoopies.es\/c\/"},{"@type":"ListItem","position":2,"name":"C\u00f3mo convertirse en un profesor particular de \u00e9xito"}]},{"@type":"WebSite","@id":"https:\/\/yoopies.es\/c\/#website","url":"https:\/\/yoopies.es\/c\/","name":"Yoopies Espa\u00f1a","description":"","publisher":{"@id":"https:\/\/yoopies.es\/c\/#organization"},"potentialAction":[{"@type":"SearchAction","target":{"@type":"EntryPoint","urlTemplate":"https:\/\/yoopies.es\/c\/?s={search_term_string}"},"query-input":{"@type":"PropertyValueSpecification","valueRequired":true,"valueName":"search_term_string"}}],"inLanguage":"es"},{"@type":"Organization","@id":"https:\/\/yoopies.es\/c\/#organization","name":"Yoopies Espa\u00f1a","url":"https:\/\/yoopies.es\/c\/","logo":{"@type":"ImageObject","inLanguage":"es","@id":"https:\/\/yoopies.es\/c\/#\/schema\/logo\/image\/","url":"https:\/\/yoopies.es\/c\/wp-content\/uploads\/sites\/7\/2025\/05\/cropped-Logo_Yoopies-2.png","contentUrl":"https:\/\/yoopies.es\/c\/wp-content\/uploads\/sites\/7\/2025\/05\/cropped-Logo_Yoopies-2.png","width":512,"height":512,"caption":"Yoopies Espa\u00f1a"},"image":{"@id":"https:\/\/yoopies.es\/c\/#\/schema\/logo\/image\/"}}]}},"_links":{"self":[{"href":"https:\/\/yoopies.es\/c\/wp-json\/wp\/v2\/pages\/19","targetHints":{"allow":["GET"]}}],"collection":[{"href":"https:\/\/yoopies.es\/c\/wp-json\/wp\/v2\/pages"}],"about":[{"href":"https:\/\/yoopies.es\/c\/wp-json\/wp\/v2\/types\/page"}],"author":[{"embeddable":true,"href":"https:\/\/yoopies.es\/c\/wp-json\/wp\/v2\/users\/10"}],"replies":[{"embeddable":true,"href":"https:\/\/yoopies.es\/c\/wp-json\/wp\/v2\/comments?post=19"}],"version-history":[{"count":1,"href":"https:\/\/yoopies.es\/c\/wp-json\/wp\/v2\/pages\/19\/revisions"}],"predecessor-version":[{"id":21,"href":"https:\/\/yoopies.es\/c\/wp-json\/wp\/v2\/pages\/19\/revisions\/21"}],"wp:featuredmedia":[{"embeddable":true,"href":"https:\/\/yoopies.es\/c\/wp-json\/wp\/v2\/media\/20"}],"wp:attachment":[{"href":"https:\/\/yoopies.es\/c\/wp-json\/wp\/v2\/media?parent=19"}],"curies":[{"name":"wp","href":"https:\/\/api.w.org\/{rel}","templated":true}]}}