{"id":185,"date":"2024-04-02T12:50:26","date_gmt":"2024-04-02T12:50:26","guid":{"rendered":"https:\/\/blog.yoopies.es\/guia-definitiva-cuidado-ninos\/tarifas-de-cuidado-de-ninos-2019\/"},"modified":"2025-06-12T08:44:06","modified_gmt":"2025-06-12T08:44:06","slug":"tarifas-de-cuidado-de-ninos-2019","status":"publish","type":"page","link":"https:\/\/yoopies.es\/c\/guia-definitiva-cuidado-ninos\/tarifas-de-cuidado-de-ninos-2019\/","title":{"rendered":"Tarifas de cuidado de ni\u00f1os 2019"},"content":{"rendered":"<p><h2>Informe anual de Yoopies<\/h2>\n<\/p>\n<p>Para proporcionar una visi&oacute;n general concreta, Yoopies, la plataforma de referencia para el acceso a servicios de cuidado infantil, publica su informe anual sobre las tasas promedio en cada regi&oacute;n espa&ntilde;ola, basado en alrededor de 200,000 ni&ntilde;eras registradas. En el a&ntilde;o en curso, <strong>la tarifa por hora de una ni&ntilde;era es de 7,70 &euro;\/hora,<\/strong> un precio medio que se mantiene respecto al a&ntilde;o anterior, mientras contin&uacute;a existiendo una <strong>carencia de ayudas estatales y auton&oacute;micas para contratar ni&ntilde;eras.<\/strong><\/p>\n<\/p>\n<figure><img decoding=\"async\" src=\"https:\/\/static.yoopies.com\/upload\/cms\/image\/929bb34d1b3fe54ba83cc186886c39c5a3104b5b-hhhhhhhh.jpg\" \/><figcaption>Tarifas de cuidado de ni\u00f1os 2019 <\/figcaption><\/figure>\n<p><a class=\"button\" href=\"https:\/\/yoopies.es\/Babysitter\">\u00a1Busca una ni\u00f1era cerca de casa ahora!<\/a><\/p>\n","protected":false},"excerpt":{"rendered":"<p>Informe anual de Yoopies Para proporcionar una visi&oacute;n general concreta, Yoopies, la plataforma de referencia &hellip; <\/p>\n","protected":false},"author":10,"featured_media":186,"parent":28,"menu_order":0,"comment_status":"closed","ping_status":"closed","template":"","meta":{"_acf_changed":false,"footnotes":""},"class_list":["post-185","page","type-page","status-publish","has-post-thumbnail","hentry"],"acf":[],"yoast_head":"<!-- This site is optimized with the Yoast SEO plugin v26.9 - https:\/\/yoast.com\/product\/yoast-seo-wordpress\/ -->\n<title>Tarifas de cuidado de ni\u00f1os 2019<\/title>\n<meta name=\"description\" content=\"En el a\u00f1o en curso, la tarifa por hora de una ni\u00f1era es de 7,70 \u20ac\/hora, un precio medio que se mantiene respecto al a\u00f1o anterior.\" \/>\n<meta name=\"robots\" content=\"index, follow, max-snippet:-1, max-image-preview:large, max-video-preview:-1\" \/>\n<link rel=\"canonical\" href=\"https:\/\/yoopies.es\/c\/guia-definitiva-cuidado-ninos\/tarifas-de-cuidado-de-ninos-2019\/\" \/>\n<meta property=\"og:locale\" content=\"es_ES\" \/>\n<meta property=\"og:type\" content=\"article\" \/>\n<meta property=\"og:title\" content=\"Tarifas de cuidado de ni\u00f1os 2019\" \/>\n<meta property=\"og:description\" content=\"En el a\u00f1o en curso, la tarifa por hora de una ni\u00f1era es de 7,70 \u20ac\/hora, un precio medio que se mantiene respecto al a\u00f1o anterior.\" \/>\n<meta property=\"og:url\" content=\"https:\/\/yoopies.es\/c\/guia-definitiva-cuidado-ninos\/tarifas-de-cuidado-de-ninos-2019\/\" \/>\n<meta property=\"og:site_name\" content=\"Yoopies Espa\u00f1a\" \/>\n<meta property=\"article:modified_time\" content=\"2025-06-12T08:44:06+00:00\" \/>\n<meta property=\"og:image\" content=\"https:\/\/yoopies.es\/c\/wp-content\/uploads\/sites\/7\/2024\/04\/59bd16b14d484004469b6615969249b48555f55b-hhhhhhhh.jpg\" \/>\n\t<meta property=\"og:image:width\" content=\"1200\" \/>\n\t<meta property=\"og:image:height\" content=\"2070\" \/>\n\t<meta property=\"og:image:type\" content=\"image\/jpeg\" \/>\n<meta name=\"twitter:card\" content=\"summary_large_image\" \/>\n<meta name=\"twitter:label1\" content=\"Tiempo de lectura\" \/>\n\t<meta name=\"twitter:data1\" content=\"1 minuto\" \/>\n<script type=\"application\/ld+json\" class=\"yoast-schema-graph\">{\"@context\":\"https:\/\/schema.org\",\"@graph\":[{\"@type\":\"WebPage\",\"@id\":\"https:\/\/yoopies.es\/c\/guia-definitiva-cuidado-ninos\/tarifas-de-cuidado-de-ninos-2019\/\",\"url\":\"https:\/\/yoopies.es\/c\/guia-definitiva-cuidado-ninos\/tarifas-de-cuidado-de-ninos-2019\/\",\"name\":\"Tarifas de cuidado de ni\u00f1os 2019\",\"isPartOf\":{\"@id\":\"https:\/\/yoopies.es\/c\/#website\"},\"primaryImageOfPage\":{\"@id\":\"https:\/\/yoopies.es\/c\/guia-definitiva-cuidado-ninos\/tarifas-de-cuidado-de-ninos-2019\/#primaryimage\"},\"image\":{\"@id\":\"https:\/\/yoopies.es\/c\/guia-definitiva-cuidado-ninos\/tarifas-de-cuidado-de-ninos-2019\/#primaryimage\"},\"thumbnailUrl\":\"https:\/\/yoopies.es\/c\/wp-content\/uploads\/sites\/7\/2024\/04\/59bd16b14d484004469b6615969249b48555f55b-hhhhhhhh.jpg\",\"datePublished\":\"2024-04-02T12:50:26+00:00\",\"dateModified\":\"2025-06-12T08:44:06+00:00\",\"description\":\"En el a\u00f1o en curso, la tarifa por hora de una ni\u00f1era es de 7,70 \u20ac\/hora, un precio medio que se mantiene respecto al a\u00f1o anterior.\",\"breadcrumb\":{\"@id\":\"https:\/\/yoopies.es\/c\/guia-definitiva-cuidado-ninos\/tarifas-de-cuidado-de-ninos-2019\/#breadcrumb\"},\"inLanguage\":\"es\",\"potentialAction\":[{\"@type\":\"ReadAction\",\"target\":[\"https:\/\/yoopies.es\/c\/guia-definitiva-cuidado-ninos\/tarifas-de-cuidado-de-ninos-2019\/\"]}]},{\"@type\":\"ImageObject\",\"inLanguage\":\"es\",\"@id\":\"https:\/\/yoopies.es\/c\/guia-definitiva-cuidado-ninos\/tarifas-de-cuidado-de-ninos-2019\/#primaryimage\",\"url\":\"https:\/\/yoopies.es\/c\/wp-content\/uploads\/sites\/7\/2024\/04\/59bd16b14d484004469b6615969249b48555f55b-hhhhhhhh.jpg\",\"contentUrl\":\"https:\/\/yoopies.es\/c\/wp-content\/uploads\/sites\/7\/2024\/04\/59bd16b14d484004469b6615969249b48555f55b-hhhhhhhh.jpg\",\"width\":1200,\"height\":2070},{\"@type\":\"BreadcrumbList\",\"@id\":\"https:\/\/yoopies.es\/c\/guia-definitiva-cuidado-ninos\/tarifas-de-cuidado-de-ninos-2019\/#breadcrumb\",\"itemListElement\":[{\"@type\":\"ListItem\",\"position\":1,\"name\":\"Home\",\"item\":\"https:\/\/yoopies.es\/c\/\"},{\"@type\":\"ListItem\",\"position\":2,\"name\":\"La gu\u00eda definitiva del cuidado de ni\u00f1os\",\"item\":\"https:\/\/yoopies.es\/c\/guia-definitiva-cuidado-ninos\/\"},{\"@type\":\"ListItem\",\"position\":3,\"name\":\"Tarifas de cuidado de ni\u00f1os 2019\"}]},{\"@type\":\"WebSite\",\"@id\":\"https:\/\/yoopies.es\/c\/#website\",\"url\":\"https:\/\/yoopies.es\/c\/\",\"name\":\"Yoopies Espa\u00f1a\",\"description\":\"\",\"publisher\":{\"@id\":\"https:\/\/yoopies.es\/c\/#organization\"},\"potentialAction\":[{\"@type\":\"SearchAction\",\"target\":{\"@type\":\"EntryPoint\",\"urlTemplate\":\"https:\/\/yoopies.es\/c\/?s={search_term_string}\"},\"query-input\":{\"@type\":\"PropertyValueSpecification\",\"valueRequired\":true,\"valueName\":\"search_term_string\"}}],\"inLanguage\":\"es\"},{\"@type\":\"Organization\",\"@id\":\"https:\/\/yoopies.es\/c\/#organization\",\"name\":\"Yoopies Espa\u00f1a\",\"url\":\"https:\/\/yoopies.es\/c\/\",\"logo\":{\"@type\":\"ImageObject\",\"inLanguage\":\"es\",\"@id\":\"https:\/\/yoopies.es\/c\/#\/schema\/logo\/image\/\",\"url\":\"https:\/\/yoopies.es\/c\/wp-content\/uploads\/sites\/7\/2025\/05\/cropped-Logo_Yoopies-2.png\",\"contentUrl\":\"https:\/\/yoopies.es\/c\/wp-content\/uploads\/sites\/7\/2025\/05\/cropped-Logo_Yoopies-2.png\",\"width\":512,\"height\":512,\"caption\":\"Yoopies Espa\u00f1a\"},\"image\":{\"@id\":\"https:\/\/yoopies.es\/c\/#\/schema\/logo\/image\/\"}}]}<\/script>\n<!-- \/ Yoast SEO plugin. -->","yoast_head_json":{"title":"Tarifas de cuidado de ni\u00f1os 2019","description":"En el a\u00f1o en curso, la tarifa por hora de una ni\u00f1era es de 7,70 \u20ac\/hora, un precio medio que se mantiene respecto al a\u00f1o anterior.","robots":{"index":"index","follow":"follow","max-snippet":"max-snippet:-1","max-image-preview":"max-image-preview:large","max-video-preview":"max-video-preview:-1"},"canonical":"https:\/\/yoopies.es\/c\/guia-definitiva-cuidado-ninos\/tarifas-de-cuidado-de-ninos-2019\/","og_locale":"es_ES","og_type":"article","og_title":"Tarifas de cuidado de ni\u00f1os 2019","og_description":"En el a\u00f1o en curso, la tarifa por hora de una ni\u00f1era es de 7,70 \u20ac\/hora, un precio medio que se mantiene respecto al a\u00f1o anterior.","og_url":"https:\/\/yoopies.es\/c\/guia-definitiva-cuidado-ninos\/tarifas-de-cuidado-de-ninos-2019\/","og_site_name":"Yoopies Espa\u00f1a","article_modified_time":"2025-06-12T08:44:06+00:00","og_image":[{"width":1200,"height":2070,"url":"https:\/\/yoopies.es\/c\/wp-content\/uploads\/sites\/7\/2024\/04\/59bd16b14d484004469b6615969249b48555f55b-hhhhhhhh.jpg","type":"image\/jpeg"}],"twitter_card":"summary_large_image","twitter_misc":{"Tiempo de lectura":"1 minuto"},"schema":{"@context":"https:\/\/schema.org","@graph":[{"@type":"WebPage","@id":"https:\/\/yoopies.es\/c\/guia-definitiva-cuidado-ninos\/tarifas-de-cuidado-de-ninos-2019\/","url":"https:\/\/yoopies.es\/c\/guia-definitiva-cuidado-ninos\/tarifas-de-cuidado-de-ninos-2019\/","name":"Tarifas de cuidado de ni\u00f1os 2019","isPartOf":{"@id":"https:\/\/yoopies.es\/c\/#website"},"primaryImageOfPage":{"@id":"https:\/\/yoopies.es\/c\/guia-definitiva-cuidado-ninos\/tarifas-de-cuidado-de-ninos-2019\/#primaryimage"},"image":{"@id":"https:\/\/yoopies.es\/c\/guia-definitiva-cuidado-ninos\/tarifas-de-cuidado-de-ninos-2019\/#primaryimage"},"thumbnailUrl":"https:\/\/yoopies.es\/c\/wp-content\/uploads\/sites\/7\/2024\/04\/59bd16b14d484004469b6615969249b48555f55b-hhhhhhhh.jpg","datePublished":"2024-04-02T12:50:26+00:00","dateModified":"2025-06-12T08:44:06+00:00","description":"En el a\u00f1o en curso, la tarifa por hora de una ni\u00f1era es de 7,70 \u20ac\/hora, un precio medio que se mantiene respecto al a\u00f1o anterior.","breadcrumb":{"@id":"https:\/\/yoopies.es\/c\/guia-definitiva-cuidado-ninos\/tarifas-de-cuidado-de-ninos-2019\/#breadcrumb"},"inLanguage":"es","potentialAction":[{"@type":"ReadAction","target":["https:\/\/yoopies.es\/c\/guia-definitiva-cuidado-ninos\/tarifas-de-cuidado-de-ninos-2019\/"]}]},{"@type":"ImageObject","inLanguage":"es","@id":"https:\/\/yoopies.es\/c\/guia-definitiva-cuidado-ninos\/tarifas-de-cuidado-de-ninos-2019\/#primaryimage","url":"https:\/\/yoopies.es\/c\/wp-content\/uploads\/sites\/7\/2024\/04\/59bd16b14d484004469b6615969249b48555f55b-hhhhhhhh.jpg","contentUrl":"https:\/\/yoopies.es\/c\/wp-content\/uploads\/sites\/7\/2024\/04\/59bd16b14d484004469b6615969249b48555f55b-hhhhhhhh.jpg","width":1200,"height":2070},{"@type":"BreadcrumbList","@id":"https:\/\/yoopies.es\/c\/guia-definitiva-cuidado-ninos\/tarifas-de-cuidado-de-ninos-2019\/#breadcrumb","itemListElement":[{"@type":"ListItem","position":1,"name":"Home","item":"https:\/\/yoopies.es\/c\/"},{"@type":"ListItem","position":2,"name":"La gu\u00eda definitiva del cuidado de ni\u00f1os","item":"https:\/\/yoopies.es\/c\/guia-definitiva-cuidado-ninos\/"},{"@type":"ListItem","position":3,"name":"Tarifas de cuidado de ni\u00f1os 2019"}]},{"@type":"WebSite","@id":"https:\/\/yoopies.es\/c\/#website","url":"https:\/\/yoopies.es\/c\/","name":"Yoopies Espa\u00f1a","description":"","publisher":{"@id":"https:\/\/yoopies.es\/c\/#organization"},"potentialAction":[{"@type":"SearchAction","target":{"@type":"EntryPoint","urlTemplate":"https:\/\/yoopies.es\/c\/?s={search_term_string}"},"query-input":{"@type":"PropertyValueSpecification","valueRequired":true,"valueName":"search_term_string"}}],"inLanguage":"es"},{"@type":"Organization","@id":"https:\/\/yoopies.es\/c\/#organization","name":"Yoopies Espa\u00f1a","url":"https:\/\/yoopies.es\/c\/","logo":{"@type":"ImageObject","inLanguage":"es","@id":"https:\/\/yoopies.es\/c\/#\/schema\/logo\/image\/","url":"https:\/\/yoopies.es\/c\/wp-content\/uploads\/sites\/7\/2025\/05\/cropped-Logo_Yoopies-2.png","contentUrl":"https:\/\/yoopies.es\/c\/wp-content\/uploads\/sites\/7\/2025\/05\/cropped-Logo_Yoopies-2.png","width":512,"height":512,"caption":"Yoopies Espa\u00f1a"},"image":{"@id":"https:\/\/yoopies.es\/c\/#\/schema\/logo\/image\/"}}]}},"_links":{"self":[{"href":"https:\/\/yoopies.es\/c\/wp-json\/wp\/v2\/pages\/185","targetHints":{"allow":["GET"]}}],"collection":[{"href":"https:\/\/yoopies.es\/c\/wp-json\/wp\/v2\/pages"}],"about":[{"href":"https:\/\/yoopies.es\/c\/wp-json\/wp\/v2\/types\/page"}],"author":[{"embeddable":true,"href":"https:\/\/yoopies.es\/c\/wp-json\/wp\/v2\/users\/10"}],"replies":[{"embeddable":true,"href":"https:\/\/yoopies.es\/c\/wp-json\/wp\/v2\/comments?post=185"}],"version-history":[{"count":1,"href":"https:\/\/yoopies.es\/c\/wp-json\/wp\/v2\/pages\/185\/revisions"}],"predecessor-version":[{"id":187,"href":"https:\/\/yoopies.es\/c\/wp-json\/wp\/v2\/pages\/185\/revisions\/187"}],"up":[{"embeddable":true,"href":"https:\/\/yoopies.es\/c\/wp-json\/wp\/v2\/pages\/28"}],"wp:featuredmedia":[{"embeddable":true,"href":"https:\/\/yoopies.es\/c\/wp-json\/wp\/v2\/media\/186"}],"wp:attachment":[{"href":"https:\/\/yoopies.es\/c\/wp-json\/wp\/v2\/media?parent=185"}],"curies":[{"name":"wp","href":"https:\/\/api.w.org\/{rel}","templated":true}]}}