{"id":181,"date":"2024-04-02T12:52:06","date_gmt":"2024-04-02T12:52:06","guid":{"rendered":"https:\/\/blog.yoopies.es\/guia-definitiva-cuidado-ninos\/consejos-preguntas-entrevista-canguro\/"},"modified":"2025-06-12T08:44:06","modified_gmt":"2025-06-12T08:44:06","slug":"consejos-preguntas-entrevista-canguro","status":"publish","type":"page","link":"https:\/\/yoopies.es\/c\/guia-definitiva-cuidado-ninos\/consejos-preguntas-entrevista-canguro\/","title":{"rendered":"Consejos y preguntas para la entrevista al\/la canguro"},"content":{"rendered":"<p><p>En <a href=\"https:\/\/yoopies.es\">Yoopies<\/a> entendemos que puede ser dif&iacute;cil elegir entre una amplia gama de profesionales de cuidado infantil. Encontrar una ni&ntilde;era, canguro o au pair que se adapte a tu familia es una decisi&oacute;n personal y delicada. Dada la gran cantidad de perfiles a revisar puede ser dif&iacute;cil encontrar una ni&ntilde;era adecuada para ti mirando simplemente en una p&aacute;gina de internet.<\/p>\n<p>Por este motivo, te invitamos a conocer a aquella persona que llama tu atenci&oacute;n para saber m&aacute;s sobre ella y hacerle algunas preguntas.<\/p>\n<p>A continuaci&oacute;n te proponemos algunas <strong>preguntas b&aacute;sicas que debes hacerle a la ni&ntilde;era durante la entrevista<\/strong> para saber si se trata de la persona adecuada para tu familia y tu hijo.<\/p>\n<\/p>\n<figure><img decoding=\"async\" src=\"https:\/\/static.yoopies.com\/upload\/cms\/image\/d28e72c76c0057fe8efd3de3e3434e0363b64fc6-11.jpg\" \/><\/figure>\n<p><h2><strong>Preguntas para la entrevista con la ni&ntilde;era<\/strong><\/h2>\n<\/p>\n<h3><strong>1. &iquest;Qu&eacute; experiencia tienes?<\/strong><\/h3>\n<p>En primer lugar, querr&aacute;s saber si la entrevistada tiene alguna experiencia previa en el cuidado de ni&ntilde;os, ya sea como ni&ntilde;era, canguro o au pair. Esta es una oportunidad para obtener m&aacute;s informaci&oacute;n sobre sus experiencias anteriores, por ejemplo, qu&eacute; tipo de tareas sol&iacute;a hacer o qu&eacute; aprendi&oacute; a hacer cuando realizaba estos trabajos.<\/p>\n<p>Esto tambi&eacute;n te permite evaluar si tiene la experiencia que necesitas. Si quieres que tu ni&ntilde;era realice tareas dom&eacute;sticas livianas cuando tu beb&eacute; duerme, ser&iacute;a una buena idea ver si ha hecho estas labores en su trabajo anterior.<\/p>\n<p>Tambi&eacute;n puedes averiguar si la persona entrevistada ha tenido ya experiencias pasadas con uno o m&aacute;s ni&ntilde;os de la misma edad que tu hijo.<\/p>\n<\/p>\n<h3><strong>2. &iquest;Por qu&eacute; decidiste ser ni&ntilde;era o au pair?<\/strong><\/h3>\n<p>Tu hijo es el centro de tu mundo y cuando una ni&ntilde;era est&aacute; con &eacute;l, querr&aacute;s asegurarte de que siempre sea su prioridad n&uacute;mero uno en todo momento. Cuando hables con una posible ni&ntilde;era, es recomendable preguntarle por qu&eacute; quiere el trabajo y cu&aacute;les son sus preferencias al respecto. Al preguntarle por qu&eacute; realiza este tipo de trabajo, tendr&aacute;s un buen punto de partida para <strong>entender a qui&eacute;n te enfrentas y cu&aacute;l es su historia.<\/strong><\/p>\n<\/p>\n<h3><strong>3. &iquest;Qu&eacute; es lo m&aacute;s importante cuando cuidas a un ni&ntilde;o?<\/strong><\/h3>\n<p>Todas las familias son diferentes. Sin embargo, hay algunos <strong>factores fundamentales a tener en cuenta para cuidar y tratar a un ni&ntilde;o. <\/strong>La elecci&oacute;n de la ni&ntilde;era supondr&aacute; que se trate de alguien que comprenda que la seguridad de tu hijo es lo primero. Preg&uacute;ntale a tu ni&ntilde;era potencial qu&eacute; es lo que considera m&aacute;s importante cuando cuida de un ni&ntilde;o.<\/p>\n<p>&iquest;Quieres a alguien con quien tu hijo se relacione y en quien pueda confiar?, &iquest;quieres a alguien con quien tus hijos puedan jugar?, &iquest;quieres a alguien que organice las tareas, las comidas y la hora de acostarse de tus peque&ntilde;os?<\/p>\n<p>Al descubrir cu&aacute;les son las prioridades en el cuidado del ni&ntilde;o para la ni&ntilde;era, t&uacute; tambi&eacute;n podr&aacute;s comprender si sus principios y prioridades son los mismos que los tuyos.<\/p>\n<\/p>\n<h3><strong>4. Cu&eacute;ntanos m&aacute;s sobre ti&#8230;<\/strong><\/h3>\n<p>Por &uacute;ltimo, pero no menos importante, querr&aacute;s saber <strong>a qui&eacute;n est&aacute;s dando la bienvenida a tu hogar.<\/strong> Trata de preguntar sobre su futuro a tu posible ni&ntilde;era o au pair.<\/p>\n<p>&iquest;Cu&aacute;les son tus hobbies e intereses?, &iquest;qu&eacute; otros trabajos has tenido?, &iquest;tienes hijos? Al conocer a tu ni&ntilde;era a nivel personal, se sentir&aacute;s m&aacute;s c&oacute;modo al tenerla en casa. Tambi&eacute;n te permitir&aacute; tener m&aacute;s confianza en ella, as&iacute; como a la ni&ntilde;era confiar en s&iacute; misma para poder comenzar la relaci&oacute;n con el ni&ntilde;o con el pie derecho.<\/p>\n<\/p>\n<figure><img decoding=\"async\" src=\"https:\/\/yoopies.es\/c\/wp-content\/uploads\/sites\/7\/2024\/04\/d6a189846ffead75886b76d5858f3a6e2d968dc1-blog-colloquio-baby-sitter-2.jpg\" \/><\/figure>\n<p><h2><strong>Sugerencias para la entrevista con la ni&ntilde;era<\/strong><\/h2>\n<p><strong>Aqu&iacute; te presentamos algunas sugerencias de <a href=\"http:\/\/yoopies\">Yoopies<\/a> con respecto a preguntas o solicitudes especiales para la entrevista con la ni&ntilde;era:<\/strong><\/p>\n<p>Un consejo muy importante para la entrevista con la ni&ntilde;era es pedirle referencias. Tu ni&ntilde;era siempre debe indicarte alguna familia con la que haya trabajado y con la que puedas comunicarte por tel&eacute;fono o correo electr&oacute;nico, as&iacute; que aseg&uacute;rate de que la ni&ntilde;era que est&aacute;s seleccionando es recomendada por otros padres.<\/p>\n<p>Esperamos que esta gu&iacute;a de preguntas y sugerencias para entrevistas con ni&ntilde;eras te haya resultado &uacute;til y te deseamos mucha suerte en tu b&uacute;squeda. Para encontrar profesionales en tu zona, &iexcl;accede a <a href=\"https:\/\/yoopies.es\">Yoopies<\/a>!<\/p>\n<p>Cada familia tiene en mente cualidades que su ni&ntilde;era debe poseer claramente. En Yoopies hemos intentado crear una lista basada en las sugerencias de muchos padres digitales que nos han ayudado en esta investigaci&oacute;n. <a href=\"https:\/\/yoopies.es\/c\/juegos-para-hacer-en-el-coche-de-viaje\"> &iexcl;Seguro que este art&iacute;culo tambi&eacute;n puede ayudarte! <\/a><\/p>\n<\/p>\n<p><a class=\"button\" href=\"https:\/\/yoopies.es\/\">\u00a1Busca ya la mejor ni\u00f1era en tu zona!<\/a><\/p>\n","protected":false},"excerpt":{"rendered":"<p>En Yoopies entendemos que puede ser dif&iacute;cil elegir entre una amplia gama de profesionales de &hellip; <\/p>\n","protected":false},"author":10,"featured_media":183,"parent":28,"menu_order":0,"comment_status":"closed","ping_status":"closed","template":"","meta":{"_acf_changed":false,"footnotes":""},"class_list":["post-181","page","type-page","status-publish","has-post-thumbnail","hentry"],"acf":[],"yoast_head":"<!-- This site is optimized with the Yoast SEO plugin v26.9 - https:\/\/yoast.com\/product\/yoast-seo-wordpress\/ -->\n<title>Consejos y preguntas para la entrevista al\/la canguro<\/title>\n<meta name=\"description\" content=\"En este art\u00edculo hemos recopilado las mejores preguntas que puedes hacer en una entrevista con la ni\u00f1era. Descubra tambi\u00e9n nuestros consejos sobre en qu\u00e9 concentrarse m\u00e1s durante la entrevista!\" \/>\n<meta name=\"robots\" content=\"index, follow, max-snippet:-1, max-image-preview:large, max-video-preview:-1\" \/>\n<link rel=\"canonical\" href=\"https:\/\/yoopies.es\/c\/guia-definitiva-cuidado-ninos\/consejos-preguntas-entrevista-canguro\/\" \/>\n<meta property=\"og:locale\" content=\"es_ES\" \/>\n<meta property=\"og:type\" content=\"article\" \/>\n<meta property=\"og:title\" content=\"Consejos y preguntas para la entrevista al\/la canguro\" \/>\n<meta property=\"og:description\" content=\"En este art\u00edculo hemos recopilado las mejores preguntas que puedes hacer en una entrevista con la ni\u00f1era. Descubra tambi\u00e9n nuestros consejos sobre en qu\u00e9 concentrarse m\u00e1s durante la entrevista!\" \/>\n<meta property=\"og:url\" content=\"https:\/\/yoopies.es\/c\/guia-definitiva-cuidado-ninos\/consejos-preguntas-entrevista-canguro\/\" \/>\n<meta property=\"og:site_name\" content=\"Yoopies Espa\u00f1a\" \/>\n<meta property=\"article:modified_time\" content=\"2025-06-12T08:44:06+00:00\" \/>\n<meta property=\"og:image\" content=\"https:\/\/yoopies.es\/c\/wp-content\/uploads\/sites\/7\/2024\/04\/080ec2a8458a4a0c095909ea9f95a6acced15393-shutterstock-584381407.jpg\" \/>\n\t<meta property=\"og:image:width\" content=\"4368\" \/>\n\t<meta property=\"og:image:height\" content=\"2912\" \/>\n\t<meta property=\"og:image:type\" content=\"image\/jpeg\" \/>\n<meta name=\"twitter:card\" content=\"summary_large_image\" \/>\n<meta name=\"twitter:label1\" content=\"Tiempo de lectura\" \/>\n\t<meta name=\"twitter:data1\" content=\"5 minutos\" \/>\n<script type=\"application\/ld+json\" class=\"yoast-schema-graph\">{\"@context\":\"https:\/\/schema.org\",\"@graph\":[{\"@type\":\"WebPage\",\"@id\":\"https:\/\/yoopies.es\/c\/guia-definitiva-cuidado-ninos\/consejos-preguntas-entrevista-canguro\/\",\"url\":\"https:\/\/yoopies.es\/c\/guia-definitiva-cuidado-ninos\/consejos-preguntas-entrevista-canguro\/\",\"name\":\"Consejos y preguntas para la entrevista al\/la canguro\",\"isPartOf\":{\"@id\":\"https:\/\/yoopies.es\/c\/#website\"},\"primaryImageOfPage\":{\"@id\":\"https:\/\/yoopies.es\/c\/guia-definitiva-cuidado-ninos\/consejos-preguntas-entrevista-canguro\/#primaryimage\"},\"image\":{\"@id\":\"https:\/\/yoopies.es\/c\/guia-definitiva-cuidado-ninos\/consejos-preguntas-entrevista-canguro\/#primaryimage\"},\"thumbnailUrl\":\"https:\/\/yoopies.es\/c\/wp-content\/uploads\/sites\/7\/2024\/04\/080ec2a8458a4a0c095909ea9f95a6acced15393-shutterstock-584381407.jpg\",\"datePublished\":\"2024-04-02T12:52:06+00:00\",\"dateModified\":\"2025-06-12T08:44:06+00:00\",\"description\":\"En este art\u00edculo hemos recopilado las mejores preguntas que puedes hacer en una entrevista con la ni\u00f1era. Descubra tambi\u00e9n nuestros consejos sobre en qu\u00e9 concentrarse m\u00e1s durante la entrevista!\",\"breadcrumb\":{\"@id\":\"https:\/\/yoopies.es\/c\/guia-definitiva-cuidado-ninos\/consejos-preguntas-entrevista-canguro\/#breadcrumb\"},\"inLanguage\":\"es\",\"potentialAction\":[{\"@type\":\"ReadAction\",\"target\":[\"https:\/\/yoopies.es\/c\/guia-definitiva-cuidado-ninos\/consejos-preguntas-entrevista-canguro\/\"]}]},{\"@type\":\"ImageObject\",\"inLanguage\":\"es\",\"@id\":\"https:\/\/yoopies.es\/c\/guia-definitiva-cuidado-ninos\/consejos-preguntas-entrevista-canguro\/#primaryimage\",\"url\":\"https:\/\/yoopies.es\/c\/wp-content\/uploads\/sites\/7\/2024\/04\/080ec2a8458a4a0c095909ea9f95a6acced15393-shutterstock-584381407.jpg\",\"contentUrl\":\"https:\/\/yoopies.es\/c\/wp-content\/uploads\/sites\/7\/2024\/04\/080ec2a8458a4a0c095909ea9f95a6acced15393-shutterstock-584381407.jpg\",\"width\":4368,\"height\":2912},{\"@type\":\"BreadcrumbList\",\"@id\":\"https:\/\/yoopies.es\/c\/guia-definitiva-cuidado-ninos\/consejos-preguntas-entrevista-canguro\/#breadcrumb\",\"itemListElement\":[{\"@type\":\"ListItem\",\"position\":1,\"name\":\"Home\",\"item\":\"https:\/\/yoopies.es\/c\/\"},{\"@type\":\"ListItem\",\"position\":2,\"name\":\"La gu\u00eda definitiva del cuidado de ni\u00f1os\",\"item\":\"https:\/\/yoopies.es\/c\/guia-definitiva-cuidado-ninos\/\"},{\"@type\":\"ListItem\",\"position\":3,\"name\":\"Consejos y preguntas para la entrevista al\/la canguro\"}]},{\"@type\":\"WebSite\",\"@id\":\"https:\/\/yoopies.es\/c\/#website\",\"url\":\"https:\/\/yoopies.es\/c\/\",\"name\":\"Yoopies Espa\u00f1a\",\"description\":\"\",\"publisher\":{\"@id\":\"https:\/\/yoopies.es\/c\/#organization\"},\"potentialAction\":[{\"@type\":\"SearchAction\",\"target\":{\"@type\":\"EntryPoint\",\"urlTemplate\":\"https:\/\/yoopies.es\/c\/?s={search_term_string}\"},\"query-input\":{\"@type\":\"PropertyValueSpecification\",\"valueRequired\":true,\"valueName\":\"search_term_string\"}}],\"inLanguage\":\"es\"},{\"@type\":\"Organization\",\"@id\":\"https:\/\/yoopies.es\/c\/#organization\",\"name\":\"Yoopies Espa\u00f1a\",\"url\":\"https:\/\/yoopies.es\/c\/\",\"logo\":{\"@type\":\"ImageObject\",\"inLanguage\":\"es\",\"@id\":\"https:\/\/yoopies.es\/c\/#\/schema\/logo\/image\/\",\"url\":\"https:\/\/yoopies.es\/c\/wp-content\/uploads\/sites\/7\/2025\/05\/cropped-Logo_Yoopies-2.png\",\"contentUrl\":\"https:\/\/yoopies.es\/c\/wp-content\/uploads\/sites\/7\/2025\/05\/cropped-Logo_Yoopies-2.png\",\"width\":512,\"height\":512,\"caption\":\"Yoopies Espa\u00f1a\"},\"image\":{\"@id\":\"https:\/\/yoopies.es\/c\/#\/schema\/logo\/image\/\"}}]}<\/script>\n<!-- \/ Yoast SEO plugin. -->","yoast_head_json":{"title":"Consejos y preguntas para la entrevista al\/la canguro","description":"En este art\u00edculo hemos recopilado las mejores preguntas que puedes hacer en una entrevista con la ni\u00f1era. Descubra tambi\u00e9n nuestros consejos sobre en qu\u00e9 concentrarse m\u00e1s durante la entrevista!","robots":{"index":"index","follow":"follow","max-snippet":"max-snippet:-1","max-image-preview":"max-image-preview:large","max-video-preview":"max-video-preview:-1"},"canonical":"https:\/\/yoopies.es\/c\/guia-definitiva-cuidado-ninos\/consejos-preguntas-entrevista-canguro\/","og_locale":"es_ES","og_type":"article","og_title":"Consejos y preguntas para la entrevista al\/la canguro","og_description":"En este art\u00edculo hemos recopilado las mejores preguntas que puedes hacer en una entrevista con la ni\u00f1era. Descubra tambi\u00e9n nuestros consejos sobre en qu\u00e9 concentrarse m\u00e1s durante la entrevista!","og_url":"https:\/\/yoopies.es\/c\/guia-definitiva-cuidado-ninos\/consejos-preguntas-entrevista-canguro\/","og_site_name":"Yoopies Espa\u00f1a","article_modified_time":"2025-06-12T08:44:06+00:00","og_image":[{"width":4368,"height":2912,"url":"https:\/\/yoopies.es\/c\/wp-content\/uploads\/sites\/7\/2024\/04\/080ec2a8458a4a0c095909ea9f95a6acced15393-shutterstock-584381407.jpg","type":"image\/jpeg"}],"twitter_card":"summary_large_image","twitter_misc":{"Tiempo de lectura":"5 minutos"},"schema":{"@context":"https:\/\/schema.org","@graph":[{"@type":"WebPage","@id":"https:\/\/yoopies.es\/c\/guia-definitiva-cuidado-ninos\/consejos-preguntas-entrevista-canguro\/","url":"https:\/\/yoopies.es\/c\/guia-definitiva-cuidado-ninos\/consejos-preguntas-entrevista-canguro\/","name":"Consejos y preguntas para la entrevista al\/la canguro","isPartOf":{"@id":"https:\/\/yoopies.es\/c\/#website"},"primaryImageOfPage":{"@id":"https:\/\/yoopies.es\/c\/guia-definitiva-cuidado-ninos\/consejos-preguntas-entrevista-canguro\/#primaryimage"},"image":{"@id":"https:\/\/yoopies.es\/c\/guia-definitiva-cuidado-ninos\/consejos-preguntas-entrevista-canguro\/#primaryimage"},"thumbnailUrl":"https:\/\/yoopies.es\/c\/wp-content\/uploads\/sites\/7\/2024\/04\/080ec2a8458a4a0c095909ea9f95a6acced15393-shutterstock-584381407.jpg","datePublished":"2024-04-02T12:52:06+00:00","dateModified":"2025-06-12T08:44:06+00:00","description":"En este art\u00edculo hemos recopilado las mejores preguntas que puedes hacer en una entrevista con la ni\u00f1era. Descubra tambi\u00e9n nuestros consejos sobre en qu\u00e9 concentrarse m\u00e1s durante la entrevista!","breadcrumb":{"@id":"https:\/\/yoopies.es\/c\/guia-definitiva-cuidado-ninos\/consejos-preguntas-entrevista-canguro\/#breadcrumb"},"inLanguage":"es","potentialAction":[{"@type":"ReadAction","target":["https:\/\/yoopies.es\/c\/guia-definitiva-cuidado-ninos\/consejos-preguntas-entrevista-canguro\/"]}]},{"@type":"ImageObject","inLanguage":"es","@id":"https:\/\/yoopies.es\/c\/guia-definitiva-cuidado-ninos\/consejos-preguntas-entrevista-canguro\/#primaryimage","url":"https:\/\/yoopies.es\/c\/wp-content\/uploads\/sites\/7\/2024\/04\/080ec2a8458a4a0c095909ea9f95a6acced15393-shutterstock-584381407.jpg","contentUrl":"https:\/\/yoopies.es\/c\/wp-content\/uploads\/sites\/7\/2024\/04\/080ec2a8458a4a0c095909ea9f95a6acced15393-shutterstock-584381407.jpg","width":4368,"height":2912},{"@type":"BreadcrumbList","@id":"https:\/\/yoopies.es\/c\/guia-definitiva-cuidado-ninos\/consejos-preguntas-entrevista-canguro\/#breadcrumb","itemListElement":[{"@type":"ListItem","position":1,"name":"Home","item":"https:\/\/yoopies.es\/c\/"},{"@type":"ListItem","position":2,"name":"La gu\u00eda definitiva del cuidado de ni\u00f1os","item":"https:\/\/yoopies.es\/c\/guia-definitiva-cuidado-ninos\/"},{"@type":"ListItem","position":3,"name":"Consejos y preguntas para la entrevista al\/la canguro"}]},{"@type":"WebSite","@id":"https:\/\/yoopies.es\/c\/#website","url":"https:\/\/yoopies.es\/c\/","name":"Yoopies Espa\u00f1a","description":"","publisher":{"@id":"https:\/\/yoopies.es\/c\/#organization"},"potentialAction":[{"@type":"SearchAction","target":{"@type":"EntryPoint","urlTemplate":"https:\/\/yoopies.es\/c\/?s={search_term_string}"},"query-input":{"@type":"PropertyValueSpecification","valueRequired":true,"valueName":"search_term_string"}}],"inLanguage":"es"},{"@type":"Organization","@id":"https:\/\/yoopies.es\/c\/#organization","name":"Yoopies Espa\u00f1a","url":"https:\/\/yoopies.es\/c\/","logo":{"@type":"ImageObject","inLanguage":"es","@id":"https:\/\/yoopies.es\/c\/#\/schema\/logo\/image\/","url":"https:\/\/yoopies.es\/c\/wp-content\/uploads\/sites\/7\/2025\/05\/cropped-Logo_Yoopies-2.png","contentUrl":"https:\/\/yoopies.es\/c\/wp-content\/uploads\/sites\/7\/2025\/05\/cropped-Logo_Yoopies-2.png","width":512,"height":512,"caption":"Yoopies Espa\u00f1a"},"image":{"@id":"https:\/\/yoopies.es\/c\/#\/schema\/logo\/image\/"}}]}},"_links":{"self":[{"href":"https:\/\/yoopies.es\/c\/wp-json\/wp\/v2\/pages\/181","targetHints":{"allow":["GET"]}}],"collection":[{"href":"https:\/\/yoopies.es\/c\/wp-json\/wp\/v2\/pages"}],"about":[{"href":"https:\/\/yoopies.es\/c\/wp-json\/wp\/v2\/types\/page"}],"author":[{"embeddable":true,"href":"https:\/\/yoopies.es\/c\/wp-json\/wp\/v2\/users\/10"}],"replies":[{"embeddable":true,"href":"https:\/\/yoopies.es\/c\/wp-json\/wp\/v2\/comments?post=181"}],"version-history":[{"count":1,"href":"https:\/\/yoopies.es\/c\/wp-json\/wp\/v2\/pages\/181\/revisions"}],"predecessor-version":[{"id":184,"href":"https:\/\/yoopies.es\/c\/wp-json\/wp\/v2\/pages\/181\/revisions\/184"}],"up":[{"embeddable":true,"href":"https:\/\/yoopies.es\/c\/wp-json\/wp\/v2\/pages\/28"}],"wp:featuredmedia":[{"embeddable":true,"href":"https:\/\/yoopies.es\/c\/wp-json\/wp\/v2\/media\/183"}],"wp:attachment":[{"href":"https:\/\/yoopies.es\/c\/wp-json\/wp\/v2\/media?parent=181"}],"curies":[{"name":"wp","href":"https:\/\/api.w.org\/{rel}","templated":true}]}}