{"id":163,"date":"2024-04-02T13:25:20","date_gmt":"2024-04-02T13:25:20","guid":{"rendered":"https:\/\/blog.yoopies.es\/guia-definitiva-cuidado-ninos\/confinamiento-ninos-guia-para-padres\/"},"modified":"2025-06-12T08:44:06","modified_gmt":"2025-06-12T08:44:06","slug":"confinamiento-ninos-guia-para-padres","status":"publish","type":"page","link":"https:\/\/yoopies.es\/c\/guia-definitiva-cuidado-ninos\/confinamiento-ninos-guia-para-padres\/","title":{"rendered":"Confinamiento con ni\u00f1os: gu\u00eda para padres"},"content":{"rendered":"<figure><img decoding=\"async\" src=\"https:\/\/static.yoopies.com\/upload\/cms\/image\/776946b1-5293-498e-9b10-5ea62d9811fc-guiapadres.jpg\" \/><\/figure>\n<p class=\"highlighted\">\n<p>Los padres trabajando desde casa, los profesores explicando la lecci&oacute;n a trav&eacute;s de una pantalla, horas de gimnasia para hacer en el sal&oacute;n y, sobre todo, sin quedar con amigos. &iquest;Cu&aacute;nto tiempo durar&aacute;?<\/p>\n<\/p>\n<p><p>Ante la posibilidad de que las guarder&iacute;as y colegios no vuelvan a abrir hasta septiembre, los padres necesariamente tendr&aacute;n que lidiar con otros meses de vida diaria con sus hijos. Incluso si las medidas de aislamiento m&aacute;s extremas se relajan, durante mucho m&aacute;s tiempo tendremos que evitar reuniones, viajes, viajes, eventos, fiestas, etc. <strong>Moraleja:<\/strong> tenemos que acostumbrarnos a un estilo de vida diferente, a esa \u00abnormalidad\u00bb diaria que nos hace pasar la mayor parte del tiempo en casa.<\/p>\n<p>Puede parecer confuso e incluso frustrante para los ni&ntilde;os que su realidad personal haya sido pausada indefinidamente. Para los padres, sin embargo, puede parecer casi imposible continuar el aislamiento al no encontrar tiempo para prestar atenci&oacute;n a los ni&ntilde;os, cocinar, acostumbrarse al teletrabajo, ir a comprar, llamar a los abuelos para asegurarse de que est&eacute;n bien, mantenerse en contacto con amigos, leer las &uacute;ltimas noticias &#8230; &iexcl;la lista podr&iacute;a seguir y seguir!<\/p>\n<p><strong>\u00ab&iquest;C&oacute;mo me mantengo en esta nueva rutina?, &iquest;mis hijos perder&aacute;n inevitablemente parte del plan de estudios de su centro educativo?, &iquest;c&oacute;mo puedo continuar entreteni&eacute;ndoles?\u00bb. <\/strong>Estas son solo algunas de las preguntas que llegan a la mente de muchos padres. &iexcl;En este per&iacute;odo extra&ntilde;o e incierto, debemos mantener la estabilidad de la familia, protegiendo nuestra salud f&iacute;sica y mental!<\/p>\n<\/p>\n<figure><img decoding=\"async\" src=\"https:\/\/yoopies.es\/c\/wp-content\/uploads\/sites\/7\/2024\/04\/710b02aa-27b2-4bef-9549-ada039453613-untitleddesign28129.jpg\" \/><\/figure>\n<p><h3><strong>#1 Misi&oacute;n Teletrabajo <\/strong><\/h3>\n<\/p>\n<p><p>Si ya normalmente parece dif&iacute;cil encontrar un equilibrio entre la vida familiar y laboral, cuando estas dos realidades se fusionan y se materializan en un solo lugar, la misi&oacute;n puede parecer imposible. Es f&aacute;cil sentirse distra&iacute;do, desmotivado o incapaz de prestar la atenci&oacute;n adecuada a todo y a todos, dejando espacio para sentimientos como la insuficiencia, el estr&eacute;s y la preocupaci&oacute;n. Entonces, &iquest;c&oacute;mo manejas el trabajo desde casa a largo plazo?<\/p>\n<\/p>\n<p class=\"highlighted\">\n<p>1) Honestidad con el jefe y los compa&ntilde;eros<\/p>\n<\/p>\n<p><p>Con los ni&ntilde;os en casa, tratar de mantenerse 100% enfocado en proyectos de trabajo realizando las tareas sin problemas resulta ser una expectativa poco realista, lo que lleva a sentimientos de fracaso e insuficiencia despu&eacute;s de unos d&iacute;as.<\/p>\n<p>Por lo tanto, es esencial <strong>evaluar claramente su situaci&oacute;n y el tiempo disponible<\/strong>, para que tu bienestar y el de tu familia no se dejen de lado. La honestidad y el di&aacute;logo abierto con tu jefe y equipo, la definici&oacute;n clara de los momentos en los que puedes dedicarte al trabajo y aquellos en los que necesariamente te ocupar&aacute;s de los ni&ntilde;os, la capacidad de priorizar proyectos esenciales, podr&iacute;a ser buena puntos de partida. Si vives con una pareja, comparte el d&iacute;a de vigilancia y cuidado de los ni&ntilde;os. Ante padres solteros, s&eacute; abierto y honesto con tus colegas sobre el cuidado de tus (y sus hijos) en solitario.<\/p>\n<\/p>\n<p class=\"highlighted\">\n<p>2) Negocios y familia<\/p>\n<\/p>\n<p><p>Escribe una tarea pendiente que sea realista e incluya cosas que hacer para el trabajo y para el hogar\/la familia a fin de tener una visi&oacute;n global de todas las actividades que se completar&aacute;n. Por ejemplo: 1) Revise tus correos electr&oacute;nicos, 2) Ordenar tus compras online. 3) Preparar un almuerzo para los ni&ntilde;os. Durante el d&iacute;a, marca las cosas que has logrado. Esto fortalecer&aacute; tanto la satisfacci&oacute;n por haber completado las actividades programadas del d&iacute;a como la sensaci&oacute;n de haber ganado tu desaf&iacute;o personal contra el Covid: &iexcl;mant&eacute;nte centrado, equilibrado y con objetivos para lograr! Antes de irte a dormir, cuando pase el d&iacute;a, podr&aacute;s ver todas las cosas, grandes o peque&ntilde;as, que has logrado completar.<\/p>\n<p>Respeta tus horas de trabajo, sin exagerar. A veces puedes sentirte tentado a trabajar m&aacute;s de lo que deber&iacute;as, despu&eacute;s de todo, no tienes que viajar de tu casa a la oficina, entonces, &iquest;por qu&eacute; no \u00abterminar un correo electr&oacute;nico u organizar una presentaci&oacute;n sobre la marcha?\u00bb. &iexcl;No lo hagas! Debes darte tiempo para desconectar y recargar pilas para el d&iacute;a siguiente.<\/p>\n<\/p>\n<p class=\"highlighted\">\n<p>3) Espacio de trabajo separado<\/p>\n<\/p>\n<p><p>Si vives en un piso bastante grande con varias habitaciones, trata de separar claramente el espacio en el que trabajas de aquel en el que tienen lugar las actividades familiares. Para casas m&aacute;s peque&ntilde;as con solo una habitaci&oacute;n principal, &iexcl;mant&eacute;n la zona de teletrabajo a un lado y juega con los ni&ntilde;os en otra!<\/p>\n<p>Si tus hijos son lo suficientemente mayores y contin&uacute;an de manera independiente con sus clases y tareas, crea un \u00abespacio de trabajo\u00bb compartido. Adem&aacute;s de dejar que los ni&ntilde;os comprendan que necesitan un espacio concreto para encontrar la atenci&oacute;n adecuada, tambi&eacute;n les ayudar&aacute; a concentrarse creando una atm&oacute;sfera de tranquilidad y silencio en la que todos puedan llevar a cabo sus tareas con serenidad.<\/p>\n<\/p>\n<p><h3><strong>#2 Reglas de confinamiento<\/strong><\/h3>\n<\/p>\n<p><p>1) Horario para toda la familia<\/p>\n<\/p>\n<p><p>Los ni&ntilde;os se sienten seguros por los h&aacute;bitos, por la familiaridad de los gestos y acciones diarias que se repiten constantemente. Por lo tanto, incluso en estos meses dif&iacute;ciles sin guarder&iacute;as y colegios, establece reglas b&aacute;sicas y una rutina con horarios y actividades establecidos que se repitan regularmente. Distingue los d&iacute;as de la semana de los del fin de semana: durante la semana, levanta siempre a los ni&ntilde;os antes de las 9 a.m., mant&eacute;n el horario de la comida, la cena y la hora de acostarse a la misma hora y v&iacute;stelos como si fueran a salir. Sin embargo, durante el fin de semana, contin&uacute;a por las ma&ntilde;anas en la cama, en pijama y, para celebrar un poco con la familia y distraerse, organizad actividades o eventos especiales como \u00abla noche de pizza y cine\u00bb los s&aacute;bados.<\/p>\n<p>Adem&aacute;s, en este per&iacute;odo de confinamiento en el que toda la familia pasa tiempo en casa, tambi&eacute;n es necesario ordenar y limpiar un poco al final de cada d&iacute;a, por lo tanto, vale la pena involucrar a tus hijos en este deber diario y hacer que todo sea m&aacute;s divertido (y educativo) &iexcl;Aqu&iacute; tienes algunos consejos para que los ni&ntilde;os se impliquen en las tareas dom&eacute;sticas!<\/p>\n<\/p>\n<p><p>2) Clases y deberes en casa<\/p>\n<\/p>\n<p><p>Quiz&aacute;s este sea realmente <strong>EL <\/strong>desaf&iacute;o m&aacute;s dif&iacute;cil: ayudar a los ni&ntilde;os a continuar sus estudios siguiendo el curr&iacute;culo escolar. De hecho, no hemos estado lidiando con fracciones o el &aacute;rbol geneal&oacute;gico durante unos a&ntilde;os. &iexcl;No puedes reemplazar a los profesores de repente! <strong>Y NO<\/strong>, durante la noche no tienes tiempo para revisar la programaci&oacute;n de tercero de la ESO en Internet. Lo que se puede hacer es tratar de recrear un r&eacute;gimen escolar en el hogar con horarios bien definidos (descansos regulares con momentos de juego libre), mantener un contacto regular con los maestros, usar los muchos recursos online para el aprendizaje y tambi&eacute;n daros la oportunidad de explorar temas y temas de forma relajada, gracias a una buena pel&iacute;cula, por ejemplo. &iexcl;Adem&aacute;s, puedes pensar en recurrir a profesores particulares que ofrecen ayuda durante este per&iacute;odo!<\/p>\n<\/p>\n<p><p>3) Contrase&ntilde;a: &iexcl;movimiento!<\/p>\n<\/p>\n<p><p>La forma m&aacute;s efectiva de mantener a los ni&ntilde;os en movimiento lo suficiente es limitar el tiempo que usan las pantallas: evita que pasen el d&iacute;a en el sof&aacute; o la cama, viendo la televisi&oacute;n o jugando a videojuegos. Los peque&ntilde;os necesitan moverse para liberar su energ&iacute;a y dormir bien por la noche. Por lo tanto, debemos dedicar varios momentos del d&iacute;a al movimiento, pensando en actividades f&iacute;sicas y recreativas: baile, competiciones de hula hoop o salto a a comba, carreras de obst&aacute;culos con cinta adhesiva, mantas y almohadas, juegos de voleibol con globos (&iexcl;para evitar destrozar la casa!) y, por qu&eacute; no, algunos ejercicios de yoga. En YouTube hay muchos v&iacute;deos dedicados al yoga para ni&ntilde;os.<\/p>\n<\/p>\n<p><h2><strong>#3 Creatividad casera<\/strong><\/h2>\n<\/p>\n<p><p>1) Fantas&iacute;a y autonom&iacute;a contra el aburrimiento<\/p>\n<\/p>\n<p><p>A menudo nos cuesta ofrecer juegos divertidos y originales a nuestros hijos durante las vacaciones de verano, &iexcl;mucho m&aacute;s en un aislamiento tan prolongado! No te juzgues a ti mismo, despu&eacute;s de todo, eres mam&aacute; (&iexcl;o pap&aacute;!) No eres un animador-monitor profesional. Si bien las actividades estructuradas y organizadas son indudablemente importantes, por otro lado tambi&eacute;n est&aacute;n las ventajas de permitir que tus hijos creen su propia diversi&oacute;n de manera independiente. Por lo tanto, puedes proponer a tus hijos que inventen juegos para desarrollar por s&iacute; mismos y cuyo resultado final tendr&aacute;n que mostrarles, como una construcci&oacute;n de Lego o un programa para mam&aacute; y pap&aacute; (o para abuelos en videollamada).<\/p>\n<p><strong>#Consejo<\/strong>: Crea un frasco con las palabras \u00abEstoy aburrido\u00bb. Al comienzo de la semana, escribe todas las actividades divertidas que se te ocurran en pedazos de papel y ponlas en el frasco. Cuando tus hijos digan: &#8216;Estoy aburrido&#8217;, pueden recoger una actividad del frasco \ud83d\ude42<\/p>\n<p>Si buscas sugerencias e ideas originales, puedes encontrar inspiraci&oacute;n leyendo la lista de 20 juegos para que los ni&ntilde;os hagan en casa.<\/p>\n<\/p>\n<p><p>2) Saludos virtuales a familiares y amigos<\/p>\n<\/p>\n<p><p>Muchos ni&ntilde;os echar&aacute;n de menos a sus abuelos, primos o amigos. Es posible mantener abiertos los canales de comunicaci&oacute;n.Somos incre&iacute;blemente afortunados de vivir en un mundo donde la tecnolog&iacute;a nos une y donde herramientas como Facebook, Whatsapp, Hangouts, Skype, Facetime y muchas otras pueden ayudarnos a mantener lazos familiares y amistades. P&iacute;deles a los abuelos que les lean las historias a los ni&ntilde;os por tel&eacute;fono o incluso mejor en una videollamada, &iexcl;para los abuelos que usan inteligentemente el smart phone! Organiza reuniones de juegos virtuales con amigos o tal vez programa meriendas en v&iacute;deo \ud83d\ude42<\/p>\n<p>Estos fueron nuestros consejos de Yoopies para enfrentar mejor este per&iacute;odo de aislamiento que a&uacute;n no sabemos cu&aacute;nto durar&aacute;. Sin embargo, cada padre encuentra diferentes m&eacute;todos y estrategias adecuados para su familia. Lo importante es no dejar de lado los sentimientos de ansiedad y preocupaci&oacute;n (no es f&aacute;cil, &iexcl;pero intent&eacute;moslo!) Y, sobre todo, trata de centrarte en las cosas positivas, &iexcl;en primer lugar, la oportunidad de pasar m&aacute;s tiempo con tus peque&ntilde;os!<\/p><\/p>\n","protected":false},"excerpt":{"rendered":"<p>Los padres trabajando desde casa, los profesores explicando la lecci&oacute;n a trav&eacute;s de una pantalla, &hellip; <\/p>\n","protected":false},"author":10,"featured_media":165,"parent":28,"menu_order":0,"comment_status":"closed","ping_status":"closed","template":"","meta":{"_acf_changed":false,"footnotes":""},"class_list":["post-163","page","type-page","status-publish","has-post-thumbnail","hentry"],"acf":[],"yoast_head":"<!-- This site is optimized with the Yoast SEO plugin v26.9 - https:\/\/yoast.com\/product\/yoast-seo-wordpress\/ -->\n<title>Confinamiento con ni\u00f1os: gu\u00eda para padres<\/title>\n<meta name=\"description\" content=\"En Yoopies, queremos que sobrevivas a esta situaci\u00f3n tan especial. Por eso, te damos consejos para adaptarte al teletrabajo; c\u00f3mo poner reglas para prevenir el covid; y varios juegos para que los ni\u00f1os se diviertan en casa ante las restricciones por culpa de la pandemia.\" \/>\n<meta name=\"robots\" content=\"index, follow, max-snippet:-1, max-image-preview:large, max-video-preview:-1\" \/>\n<link rel=\"canonical\" href=\"https:\/\/yoopies.es\/c\/guia-definitiva-cuidado-ninos\/confinamiento-ninos-guia-para-padres\/\" \/>\n<meta property=\"og:locale\" content=\"es_ES\" \/>\n<meta property=\"og:type\" content=\"article\" \/>\n<meta property=\"og:title\" content=\"Confinamiento con ni\u00f1os: gu\u00eda para padres\" \/>\n<meta property=\"og:description\" content=\"En Yoopies, queremos que sobrevivas a esta situaci\u00f3n tan especial. Por eso, te damos consejos para adaptarte al teletrabajo; c\u00f3mo poner reglas para prevenir el covid; y varios juegos para que los ni\u00f1os se diviertan en casa ante las restricciones por culpa de la pandemia.\" \/>\n<meta property=\"og:url\" content=\"https:\/\/yoopies.es\/c\/guia-definitiva-cuidado-ninos\/confinamiento-ninos-guia-para-padres\/\" \/>\n<meta property=\"og:site_name\" content=\"Yoopies Espa\u00f1a\" \/>\n<meta property=\"article:modified_time\" content=\"2025-06-12T08:44:06+00:00\" \/>\n<meta property=\"og:image\" content=\"https:\/\/yoopies.es\/c\/wp-content\/uploads\/sites\/7\/2024\/04\/776946b1-5293-498e-9b10-5ea62d9811fc-guiapadres.jpg\" \/>\n\t<meta property=\"og:image:width\" content=\"1200\" \/>\n\t<meta property=\"og:image:height\" content=\"420\" \/>\n\t<meta property=\"og:image:type\" content=\"image\/jpeg\" \/>\n<meta name=\"twitter:card\" content=\"summary_large_image\" \/>\n<meta name=\"twitter:label1\" content=\"Tiempo de lectura\" \/>\n\t<meta name=\"twitter:data1\" content=\"10 minutos\" \/>\n<script type=\"application\/ld+json\" class=\"yoast-schema-graph\">{\"@context\":\"https:\/\/schema.org\",\"@graph\":[{\"@type\":\"WebPage\",\"@id\":\"https:\/\/yoopies.es\/c\/guia-definitiva-cuidado-ninos\/confinamiento-ninos-guia-para-padres\/\",\"url\":\"https:\/\/yoopies.es\/c\/guia-definitiva-cuidado-ninos\/confinamiento-ninos-guia-para-padres\/\",\"name\":\"Confinamiento con ni\u00f1os: gu\u00eda para padres\",\"isPartOf\":{\"@id\":\"https:\/\/yoopies.es\/c\/#website\"},\"primaryImageOfPage\":{\"@id\":\"https:\/\/yoopies.es\/c\/guia-definitiva-cuidado-ninos\/confinamiento-ninos-guia-para-padres\/#primaryimage\"},\"image\":{\"@id\":\"https:\/\/yoopies.es\/c\/guia-definitiva-cuidado-ninos\/confinamiento-ninos-guia-para-padres\/#primaryimage\"},\"thumbnailUrl\":\"https:\/\/yoopies.es\/c\/wp-content\/uploads\/sites\/7\/2024\/04\/776946b1-5293-498e-9b10-5ea62d9811fc-guiapadres.jpg\",\"datePublished\":\"2024-04-02T13:25:20+00:00\",\"dateModified\":\"2025-06-12T08:44:06+00:00\",\"description\":\"En Yoopies, queremos que sobrevivas a esta situaci\u00f3n tan especial. Por eso, te damos consejos para adaptarte al teletrabajo; c\u00f3mo poner reglas para prevenir el covid; y varios juegos para que los ni\u00f1os se diviertan en casa ante las restricciones por culpa de la pandemia.\",\"breadcrumb\":{\"@id\":\"https:\/\/yoopies.es\/c\/guia-definitiva-cuidado-ninos\/confinamiento-ninos-guia-para-padres\/#breadcrumb\"},\"inLanguage\":\"es\",\"potentialAction\":[{\"@type\":\"ReadAction\",\"target\":[\"https:\/\/yoopies.es\/c\/guia-definitiva-cuidado-ninos\/confinamiento-ninos-guia-para-padres\/\"]}]},{\"@type\":\"ImageObject\",\"inLanguage\":\"es\",\"@id\":\"https:\/\/yoopies.es\/c\/guia-definitiva-cuidado-ninos\/confinamiento-ninos-guia-para-padres\/#primaryimage\",\"url\":\"https:\/\/yoopies.es\/c\/wp-content\/uploads\/sites\/7\/2024\/04\/776946b1-5293-498e-9b10-5ea62d9811fc-guiapadres.jpg\",\"contentUrl\":\"https:\/\/yoopies.es\/c\/wp-content\/uploads\/sites\/7\/2024\/04\/776946b1-5293-498e-9b10-5ea62d9811fc-guiapadres.jpg\",\"width\":1200,\"height\":420},{\"@type\":\"BreadcrumbList\",\"@id\":\"https:\/\/yoopies.es\/c\/guia-definitiva-cuidado-ninos\/confinamiento-ninos-guia-para-padres\/#breadcrumb\",\"itemListElement\":[{\"@type\":\"ListItem\",\"position\":1,\"name\":\"Home\",\"item\":\"https:\/\/yoopies.es\/c\/\"},{\"@type\":\"ListItem\",\"position\":2,\"name\":\"La gu\u00eda definitiva del cuidado de ni\u00f1os\",\"item\":\"https:\/\/yoopies.es\/c\/guia-definitiva-cuidado-ninos\/\"},{\"@type\":\"ListItem\",\"position\":3,\"name\":\"Confinamiento con ni\u00f1os: gu\u00eda para padres\"}]},{\"@type\":\"WebSite\",\"@id\":\"https:\/\/yoopies.es\/c\/#website\",\"url\":\"https:\/\/yoopies.es\/c\/\",\"name\":\"Yoopies Espa\u00f1a\",\"description\":\"\",\"publisher\":{\"@id\":\"https:\/\/yoopies.es\/c\/#organization\"},\"potentialAction\":[{\"@type\":\"SearchAction\",\"target\":{\"@type\":\"EntryPoint\",\"urlTemplate\":\"https:\/\/yoopies.es\/c\/?s={search_term_string}\"},\"query-input\":{\"@type\":\"PropertyValueSpecification\",\"valueRequired\":true,\"valueName\":\"search_term_string\"}}],\"inLanguage\":\"es\"},{\"@type\":\"Organization\",\"@id\":\"https:\/\/yoopies.es\/c\/#organization\",\"name\":\"Yoopies Espa\u00f1a\",\"url\":\"https:\/\/yoopies.es\/c\/\",\"logo\":{\"@type\":\"ImageObject\",\"inLanguage\":\"es\",\"@id\":\"https:\/\/yoopies.es\/c\/#\/schema\/logo\/image\/\",\"url\":\"https:\/\/yoopies.es\/c\/wp-content\/uploads\/sites\/7\/2025\/05\/cropped-Logo_Yoopies-2.png\",\"contentUrl\":\"https:\/\/yoopies.es\/c\/wp-content\/uploads\/sites\/7\/2025\/05\/cropped-Logo_Yoopies-2.png\",\"width\":512,\"height\":512,\"caption\":\"Yoopies Espa\u00f1a\"},\"image\":{\"@id\":\"https:\/\/yoopies.es\/c\/#\/schema\/logo\/image\/\"}}]}<\/script>\n<!-- \/ Yoast SEO plugin. -->","yoast_head_json":{"title":"Confinamiento con ni\u00f1os: gu\u00eda para padres","description":"En Yoopies, queremos que sobrevivas a esta situaci\u00f3n tan especial. Por eso, te damos consejos para adaptarte al teletrabajo; c\u00f3mo poner reglas para prevenir el covid; y varios juegos para que los ni\u00f1os se diviertan en casa ante las restricciones por culpa de la pandemia.","robots":{"index":"index","follow":"follow","max-snippet":"max-snippet:-1","max-image-preview":"max-image-preview:large","max-video-preview":"max-video-preview:-1"},"canonical":"https:\/\/yoopies.es\/c\/guia-definitiva-cuidado-ninos\/confinamiento-ninos-guia-para-padres\/","og_locale":"es_ES","og_type":"article","og_title":"Confinamiento con ni\u00f1os: gu\u00eda para padres","og_description":"En Yoopies, queremos que sobrevivas a esta situaci\u00f3n tan especial. Por eso, te damos consejos para adaptarte al teletrabajo; c\u00f3mo poner reglas para prevenir el covid; y varios juegos para que los ni\u00f1os se diviertan en casa ante las restricciones por culpa de la pandemia.","og_url":"https:\/\/yoopies.es\/c\/guia-definitiva-cuidado-ninos\/confinamiento-ninos-guia-para-padres\/","og_site_name":"Yoopies Espa\u00f1a","article_modified_time":"2025-06-12T08:44:06+00:00","og_image":[{"width":1200,"height":420,"url":"https:\/\/yoopies.es\/c\/wp-content\/uploads\/sites\/7\/2024\/04\/776946b1-5293-498e-9b10-5ea62d9811fc-guiapadres.jpg","type":"image\/jpeg"}],"twitter_card":"summary_large_image","twitter_misc":{"Tiempo de lectura":"10 minutos"},"schema":{"@context":"https:\/\/schema.org","@graph":[{"@type":"WebPage","@id":"https:\/\/yoopies.es\/c\/guia-definitiva-cuidado-ninos\/confinamiento-ninos-guia-para-padres\/","url":"https:\/\/yoopies.es\/c\/guia-definitiva-cuidado-ninos\/confinamiento-ninos-guia-para-padres\/","name":"Confinamiento con ni\u00f1os: gu\u00eda para padres","isPartOf":{"@id":"https:\/\/yoopies.es\/c\/#website"},"primaryImageOfPage":{"@id":"https:\/\/yoopies.es\/c\/guia-definitiva-cuidado-ninos\/confinamiento-ninos-guia-para-padres\/#primaryimage"},"image":{"@id":"https:\/\/yoopies.es\/c\/guia-definitiva-cuidado-ninos\/confinamiento-ninos-guia-para-padres\/#primaryimage"},"thumbnailUrl":"https:\/\/yoopies.es\/c\/wp-content\/uploads\/sites\/7\/2024\/04\/776946b1-5293-498e-9b10-5ea62d9811fc-guiapadres.jpg","datePublished":"2024-04-02T13:25:20+00:00","dateModified":"2025-06-12T08:44:06+00:00","description":"En Yoopies, queremos que sobrevivas a esta situaci\u00f3n tan especial. Por eso, te damos consejos para adaptarte al teletrabajo; c\u00f3mo poner reglas para prevenir el covid; y varios juegos para que los ni\u00f1os se diviertan en casa ante las restricciones por culpa de la pandemia.","breadcrumb":{"@id":"https:\/\/yoopies.es\/c\/guia-definitiva-cuidado-ninos\/confinamiento-ninos-guia-para-padres\/#breadcrumb"},"inLanguage":"es","potentialAction":[{"@type":"ReadAction","target":["https:\/\/yoopies.es\/c\/guia-definitiva-cuidado-ninos\/confinamiento-ninos-guia-para-padres\/"]}]},{"@type":"ImageObject","inLanguage":"es","@id":"https:\/\/yoopies.es\/c\/guia-definitiva-cuidado-ninos\/confinamiento-ninos-guia-para-padres\/#primaryimage","url":"https:\/\/yoopies.es\/c\/wp-content\/uploads\/sites\/7\/2024\/04\/776946b1-5293-498e-9b10-5ea62d9811fc-guiapadres.jpg","contentUrl":"https:\/\/yoopies.es\/c\/wp-content\/uploads\/sites\/7\/2024\/04\/776946b1-5293-498e-9b10-5ea62d9811fc-guiapadres.jpg","width":1200,"height":420},{"@type":"BreadcrumbList","@id":"https:\/\/yoopies.es\/c\/guia-definitiva-cuidado-ninos\/confinamiento-ninos-guia-para-padres\/#breadcrumb","itemListElement":[{"@type":"ListItem","position":1,"name":"Home","item":"https:\/\/yoopies.es\/c\/"},{"@type":"ListItem","position":2,"name":"La gu\u00eda definitiva del cuidado de ni\u00f1os","item":"https:\/\/yoopies.es\/c\/guia-definitiva-cuidado-ninos\/"},{"@type":"ListItem","position":3,"name":"Confinamiento con ni\u00f1os: gu\u00eda para padres"}]},{"@type":"WebSite","@id":"https:\/\/yoopies.es\/c\/#website","url":"https:\/\/yoopies.es\/c\/","name":"Yoopies Espa\u00f1a","description":"","publisher":{"@id":"https:\/\/yoopies.es\/c\/#organization"},"potentialAction":[{"@type":"SearchAction","target":{"@type":"EntryPoint","urlTemplate":"https:\/\/yoopies.es\/c\/?s={search_term_string}"},"query-input":{"@type":"PropertyValueSpecification","valueRequired":true,"valueName":"search_term_string"}}],"inLanguage":"es"},{"@type":"Organization","@id":"https:\/\/yoopies.es\/c\/#organization","name":"Yoopies Espa\u00f1a","url":"https:\/\/yoopies.es\/c\/","logo":{"@type":"ImageObject","inLanguage":"es","@id":"https:\/\/yoopies.es\/c\/#\/schema\/logo\/image\/","url":"https:\/\/yoopies.es\/c\/wp-content\/uploads\/sites\/7\/2025\/05\/cropped-Logo_Yoopies-2.png","contentUrl":"https:\/\/yoopies.es\/c\/wp-content\/uploads\/sites\/7\/2025\/05\/cropped-Logo_Yoopies-2.png","width":512,"height":512,"caption":"Yoopies Espa\u00f1a"},"image":{"@id":"https:\/\/yoopies.es\/c\/#\/schema\/logo\/image\/"}}]}},"_links":{"self":[{"href":"https:\/\/yoopies.es\/c\/wp-json\/wp\/v2\/pages\/163","targetHints":{"allow":["GET"]}}],"collection":[{"href":"https:\/\/yoopies.es\/c\/wp-json\/wp\/v2\/pages"}],"about":[{"href":"https:\/\/yoopies.es\/c\/wp-json\/wp\/v2\/types\/page"}],"author":[{"embeddable":true,"href":"https:\/\/yoopies.es\/c\/wp-json\/wp\/v2\/users\/10"}],"replies":[{"embeddable":true,"href":"https:\/\/yoopies.es\/c\/wp-json\/wp\/v2\/comments?post=163"}],"version-history":[{"count":1,"href":"https:\/\/yoopies.es\/c\/wp-json\/wp\/v2\/pages\/163\/revisions"}],"predecessor-version":[{"id":166,"href":"https:\/\/yoopies.es\/c\/wp-json\/wp\/v2\/pages\/163\/revisions\/166"}],"up":[{"embeddable":true,"href":"https:\/\/yoopies.es\/c\/wp-json\/wp\/v2\/pages\/28"}],"wp:featuredmedia":[{"embeddable":true,"href":"https:\/\/yoopies.es\/c\/wp-json\/wp\/v2\/media\/165"}],"wp:attachment":[{"href":"https:\/\/yoopies.es\/c\/wp-json\/wp\/v2\/media?parent=163"}],"curies":[{"name":"wp","href":"https:\/\/api.w.org\/{rel}","templated":true}]}}