{"id":159,"date":"2021-06-14T11:01:35","date_gmt":"2021-06-14T11:01:35","guid":{"rendered":"https:\/\/blog.yoopies.es\/guia-definitiva-cuidado-mascotas\/cuidado-de-mascotas-el-boom-continua\/"},"modified":"2025-06-12T08:44:06","modified_gmt":"2025-06-12T08:44:06","slug":"cuidado-de-mascotas-el-boom-continua","status":"publish","type":"page","link":"https:\/\/yoopies.es\/c\/guia-definitiva-cuidado-mascotas\/cuidado-de-mascotas-el-boom-continua\/","title":{"rendered":"Cuidado de mascotas: el boom contin\u00faa gracias a los millennials"},"content":{"rendered":"<p class=\"highlighted\">\n<p><strong>Este a&ntilde;o, los servicios de cuidado de mascotas a domicilio est&aacute;n m&aacute;s en auge que nunca y se convierten en la soluci&oacute;n perfecta para sus due&ntilde;os. En un momento en el que cada vez hay m&aacute;s animales de compa&ntilde;&iacute;a en las ciudades espa&ntilde;olas, la plataforma&nbsp;Yoopies Espa&ntilde;a&nbsp;ofrece una gran variedad de cuidadores de mascotas a precios econ&oacute;micos: las tarifas se sit&uacute;an en una media de 11,99 &euro;\/d&iacute;a. No obstante, este &uacute;ltimo a&ntilde;o el coste ha aumentado en la mayor&iacute;a de Comunidades Aut&oacute;nomas espa&ntilde;olas, situando a Espa&ntilde;a por encima de otros pa&iacute;ses europeos como Francia (11,70 &euro;\/d&iacute;a) e Italia (10,89&euro;\/d&iacute;a) y siendo solo superada por Portugal, con una media de 12,87 &euro;\/d&iacute;a.<\/strong><\/p>\n<\/p>\n<p><p><strong>Cuidado de mascotas: un fen&oacute;meno europeo<\/strong><\/p>\n<p>Desde su lanzamiento en 2014, Yoopies, plataforma de servicios a la persona presente en toda Europa, ha experimentado un crecimiento espectacular en la demanda y oferta de servicios de cuidado de mascotas en la mayor&iacute;a de los pa&iacute;ses de la UE. \u00abEstamos viendo un fuerte aumento del cuidado de mascotas en todos los pa&iacute;ses europeos: +33.5 de media. En los pa&iacute;ses del sur podemos hablar de una explosi&oacute;n real del fen&oacute;meno\u00bb, indica Elena Tiburcio, Country Manager de Yoopies Espa&ntilde;a. Portugal, Italia y Espa&ntilde;a tuvieron un incremento del 65,6%, 27,1% y 38,1% respectivamente en el n&uacute;mero de cuidadores de mascotas registrados en el portal desde el a&ntilde;o pasado. Tambi&eacute;n en Francia contin&uacute;a el aumento: un 28,5% en comparaci&oacute;n con 2018.<\/p>\n<p><strong>Un aumento extraordinario del n&uacute;mero de mascotas en Espa&ntilde;a<\/strong><\/p>\n<p>Mientras que los millennials, especialmente en los pa&iacute;ses mediterr&aacute;neos, est&aacute;n retrasando constantemente la edad para casarse y tener el primer hijo, los perros y gatos llenan este vac&iacute;o y se convierten en miembros de la familia. En el caso de Espa&ntilde;a, en los &uacute;ltimos 5 a&ntilde;os se ha producido un aumento del 40% en el&nbsp;n&uacute;mero de animales de compa&ntilde;&iacute;a, siendo otra una de sus causas principales la soledad en distintos tipos de hogares unipersonales en las grandes ciudades. Asimismo, el descenso de la natalidad y la menor (aparentemente) responsabilidad y coste que acarrean las mascotas han contribuido enormemente a esta situaci&oacute;n.&nbsp;<\/p>\n<p>Hasta el pasado a&ntilde;o se registraron 13 millones de mascotas, de las cuales un 93% son perros y un 6% gatos. Como se&ntilde;ala Armando Sol&iacute;s, presidente de la&nbsp;Red Espa&ntilde;ola de Identificaci&oacute;n de Animales de Compa&ntilde;&iacute;a, en Espa&ntilde;a hay m&aacute;s animales de compa&ntilde;&iacute;a que ni&ntilde;os menores de 15 a&ntilde;os. La poblaci&oacute;n vive cada vez m&aacute;s y m&aacute;s sola. Por ello, las ciudades aumentan la creaci&oacute;n de parques y espacios destinados a mascotas, pues adem&aacute;s el n&uacute;mero no dejar&aacute; de crecer.&nbsp;<\/p>\n<p>Ante esta situaci&oacute;n, tal y como muestra el informe anual de Yoopies 2019, el cuidado de mascotas es una soluci&oacute;n que se est&aacute; consolidando en Espa&ntilde;a. \u00abEn 2017 tuvimos un total de 3334 cuidadores de mascotas y actualmente nos situamos en los 30101\u00bb se&ntilde;ala Elena Tiburcio, country manager de Yoopies Espa&ntilde;a. Igualmente, con respecto a 2018 se ha producido un aumento del 18%.<\/p>\n<p>Adem&aacute;s, los animales se consideran un miembro m&aacute;s de la familia, lo que requiere un mayor n&uacute;mero de cuidados. &ldquo;Por ello, est&aacute;n surgiendo servicios cada vez m&aacute;s personalizados: no solo se trata de contar con la ayuda de un cuidador en el hogar o en el domicilio del cuidador, sino que se demandan a su vez otra serie de servicios espec&iacute;ficos (paseos o ratos de juego, ba&ntilde;o, peluquer&iacute;a, visitas al veterinario&hellip;)&rdquo;, a&ntilde;ade Tiburcio. Todo para que estos peludos cuenten con las atenciones que precisan.<\/p>\n<p><strong>Un incremento general del coste del cuidado de mascotas por Comunidad Aut&oacute;noma<\/strong><\/p>\n<p>No obstante, la cuesti&oacute;n econ&oacute;mica en el cuidado de mascotas es fundamental y en este &uacute;ltimo estudio de Yoopies se aprecia un aumento general del coste por Comunidad Aut&oacute;noma ante la demanda existente. As&iacute;, observamos que las Islas Canarias y Navarra presentan las tarifas m&aacute;s altas (14,04 &euro;\/d&iacute;a y 13,07 &euro;\/d&iacute;a respectivamente), mientras que Murcia (10,87 &euro;\/d&iacute;a) y Arag&oacute;n (11 &euro;\/d&iacute;a) poseen las cantidades m&aacute;s bajas.&nbsp;<\/p>\n<p>Entre aquellas comunidades con precios m&aacute;s cercanos a la media indicada anteriormente estar&iacute;an Madrid y Castilla-La Mancha, con 11,93 &euro;\/d&iacute;a y 11,89 &euro;\/d&iacute;a respectivamente. En cuanto a los datos por ciudad, Ja&eacute;n es la poblaci&oacute;n m&aacute;s cara (15 &euro;), siendo Le&oacute;n la m&aacute;s econ&oacute;mica, con un precio de 8,86 &euro; al d&iacute;a.&nbsp;<\/p>\n<p>En definitiva, los cuidadores&nbsp;<a href=\"https:\/\/yoopies.es\/\">Yoopies.es<\/a>, grandes amantes de los animales, proporcionan un servicio totalmente adaptado a la situaci&oacute;n del due&ntilde;o y su mascota para hacer su vida mucho m&aacute;s sencilla y agradable.<\/p>\n<p>Si realiza una publicaci&oacute;n de nuestro estudio, incluya un enlace a esta p&aacute;gina del sitio: https:\/\/yoopies.es\/c\/cuidado-de-mascotas-el-boom-continua<\/p>\n<\/p>\n<p>Fuentes:<\/p>\n<p>1&nbsp;Antena 3 Noticias, 18 de mayo 2019: https:\/\/www.antena3.com\/noticias\/sociedad\/espana-mas-perros-que-ninos-menores-adolescentes-video_201905185ce0262d0cf26b338c2a9cfa.html<\/p>\n<p>&nbsp;2 El Pa&iacute;s, 17 mayo 2019:&nbsp;<a href=\"https:\/\/elpais.com\/politica\/2019\/05\/16\/actualidad\/1558033959_289970.html\">https:\/\/elpais.com\/politica\/2019\/05\/16\/actualidad\/1558033959_289970.html<\/a><\/p>\n<\/p>\n<figure><img decoding=\"async\" src=\"https:\/\/yoopies.es\/c\/wp-content\/uploads\/sites\/7\/2021\/06\/4889b81d-8bdf-4d17-a66c-f5469b7fa504-infographie-petsitting-2019-es.jpg\" \/><\/figure>\n","protected":false},"excerpt":{"rendered":"<p>Este a&ntilde;o, los servicios de cuidado de mascotas a domicilio est&aacute;n m&aacute;s en auge que &hellip; <\/p>\n","protected":false},"author":10,"featured_media":161,"parent":22,"menu_order":0,"comment_status":"closed","ping_status":"closed","template":"","meta":{"_acf_changed":false,"footnotes":""},"class_list":["post-159","page","type-page","status-publish","has-post-thumbnail","hentry"],"acf":[],"yoast_head":"<!-- This site is optimized with the Yoast SEO plugin v26.9 - https:\/\/yoast.com\/product\/yoast-seo-wordpress\/ -->\n<title>Cuidado de mascotas: el boom contin\u00faa gracias a los millennials<\/title>\n<meta name=\"description\" content=\"En un momento en el que cada vez hay m\u00e1s mascotas en las ciudades espa\u00f1olas, la plataforma\u00a0Yoopies Espa\u00f1a\u00a0ofrece una gran variedad de cuidadores a precios econ\u00f3micos, con tarifas se sit\u00faan en una media de 11,99 \u20ac\/d\u00eda.\" \/>\n<meta name=\"robots\" content=\"index, follow, max-snippet:-1, max-image-preview:large, max-video-preview:-1\" \/>\n<link rel=\"canonical\" href=\"https:\/\/yoopies.es\/c\/guia-definitiva-cuidado-mascotas\/cuidado-de-mascotas-el-boom-continua\/\" \/>\n<meta property=\"og:locale\" content=\"es_ES\" \/>\n<meta property=\"og:type\" content=\"article\" \/>\n<meta property=\"og:title\" content=\"Cuidado de mascotas: el boom contin\u00faa gracias a los millennials\" \/>\n<meta property=\"og:description\" content=\"En un momento en el que cada vez hay m\u00e1s mascotas en las ciudades espa\u00f1olas, la plataforma\u00a0Yoopies Espa\u00f1a\u00a0ofrece una gran variedad de cuidadores a precios econ\u00f3micos, con tarifas se sit\u00faan en una media de 11,99 \u20ac\/d\u00eda.\" \/>\n<meta property=\"og:url\" content=\"https:\/\/yoopies.es\/c\/guia-definitiva-cuidado-mascotas\/cuidado-de-mascotas-el-boom-continua\/\" \/>\n<meta property=\"og:site_name\" content=\"Yoopies Espa\u00f1a\" \/>\n<meta property=\"article:modified_time\" content=\"2025-06-12T08:44:06+00:00\" \/>\n<meta property=\"og:image\" content=\"https:\/\/yoopies.es\/c\/wp-content\/uploads\/sites\/7\/2021\/06\/4889b81d-8bdf-4d17-a66c-f5469b7fa504-infographie-petsitting-2019-es-1.jpg\" \/>\n\t<meta property=\"og:image:width\" content=\"1200\" \/>\n\t<meta property=\"og:image:height\" content=\"2773\" \/>\n\t<meta property=\"og:image:type\" content=\"image\/jpeg\" \/>\n<meta name=\"twitter:card\" content=\"summary_large_image\" \/>\n<meta name=\"twitter:label1\" content=\"Tiempo de lectura\" \/>\n\t<meta name=\"twitter:data1\" content=\"5 minutos\" \/>\n<script type=\"application\/ld+json\" class=\"yoast-schema-graph\">{\"@context\":\"https:\/\/schema.org\",\"@graph\":[{\"@type\":\"WebPage\",\"@id\":\"https:\/\/yoopies.es\/c\/guia-definitiva-cuidado-mascotas\/cuidado-de-mascotas-el-boom-continua\/\",\"url\":\"https:\/\/yoopies.es\/c\/guia-definitiva-cuidado-mascotas\/cuidado-de-mascotas-el-boom-continua\/\",\"name\":\"Cuidado de mascotas: el boom contin\u00faa gracias a los millennials\",\"isPartOf\":{\"@id\":\"https:\/\/yoopies.es\/c\/#website\"},\"primaryImageOfPage\":{\"@id\":\"https:\/\/yoopies.es\/c\/guia-definitiva-cuidado-mascotas\/cuidado-de-mascotas-el-boom-continua\/#primaryimage\"},\"image\":{\"@id\":\"https:\/\/yoopies.es\/c\/guia-definitiva-cuidado-mascotas\/cuidado-de-mascotas-el-boom-continua\/#primaryimage\"},\"thumbnailUrl\":\"https:\/\/yoopies.es\/c\/wp-content\/uploads\/sites\/7\/2021\/06\/4889b81d-8bdf-4d17-a66c-f5469b7fa504-infographie-petsitting-2019-es-1.jpg\",\"datePublished\":\"2021-06-14T11:01:35+00:00\",\"dateModified\":\"2025-06-12T08:44:06+00:00\",\"description\":\"En un momento en el que cada vez hay m\u00e1s mascotas en las ciudades espa\u00f1olas, la plataforma\u00a0Yoopies Espa\u00f1a\u00a0ofrece una gran variedad de cuidadores a precios econ\u00f3micos, con tarifas se sit\u00faan en una media de 11,99 \u20ac\/d\u00eda.\",\"breadcrumb\":{\"@id\":\"https:\/\/yoopies.es\/c\/guia-definitiva-cuidado-mascotas\/cuidado-de-mascotas-el-boom-continua\/#breadcrumb\"},\"inLanguage\":\"es\",\"potentialAction\":[{\"@type\":\"ReadAction\",\"target\":[\"https:\/\/yoopies.es\/c\/guia-definitiva-cuidado-mascotas\/cuidado-de-mascotas-el-boom-continua\/\"]}]},{\"@type\":\"ImageObject\",\"inLanguage\":\"es\",\"@id\":\"https:\/\/yoopies.es\/c\/guia-definitiva-cuidado-mascotas\/cuidado-de-mascotas-el-boom-continua\/#primaryimage\",\"url\":\"https:\/\/yoopies.es\/c\/wp-content\/uploads\/sites\/7\/2021\/06\/4889b81d-8bdf-4d17-a66c-f5469b7fa504-infographie-petsitting-2019-es-1.jpg\",\"contentUrl\":\"https:\/\/yoopies.es\/c\/wp-content\/uploads\/sites\/7\/2021\/06\/4889b81d-8bdf-4d17-a66c-f5469b7fa504-infographie-petsitting-2019-es-1.jpg\",\"width\":1200,\"height\":2773},{\"@type\":\"BreadcrumbList\",\"@id\":\"https:\/\/yoopies.es\/c\/guia-definitiva-cuidado-mascotas\/cuidado-de-mascotas-el-boom-continua\/#breadcrumb\",\"itemListElement\":[{\"@type\":\"ListItem\",\"position\":1,\"name\":\"Home\",\"item\":\"https:\/\/yoopies.es\/c\/\"},{\"@type\":\"ListItem\",\"position\":2,\"name\":\"La gu\u00eda definitiva del cuidado de mascotas\",\"item\":\"https:\/\/yoopies.es\/c\/guia-definitiva-cuidado-mascotas\/\"},{\"@type\":\"ListItem\",\"position\":3,\"name\":\"Cuidado de mascotas: el boom contin\u00faa gracias a los millennials\"}]},{\"@type\":\"WebSite\",\"@id\":\"https:\/\/yoopies.es\/c\/#website\",\"url\":\"https:\/\/yoopies.es\/c\/\",\"name\":\"Yoopies Espa\u00f1a\",\"description\":\"\",\"publisher\":{\"@id\":\"https:\/\/yoopies.es\/c\/#organization\"},\"potentialAction\":[{\"@type\":\"SearchAction\",\"target\":{\"@type\":\"EntryPoint\",\"urlTemplate\":\"https:\/\/yoopies.es\/c\/?s={search_term_string}\"},\"query-input\":{\"@type\":\"PropertyValueSpecification\",\"valueRequired\":true,\"valueName\":\"search_term_string\"}}],\"inLanguage\":\"es\"},{\"@type\":\"Organization\",\"@id\":\"https:\/\/yoopies.es\/c\/#organization\",\"name\":\"Yoopies Espa\u00f1a\",\"url\":\"https:\/\/yoopies.es\/c\/\",\"logo\":{\"@type\":\"ImageObject\",\"inLanguage\":\"es\",\"@id\":\"https:\/\/yoopies.es\/c\/#\/schema\/logo\/image\/\",\"url\":\"https:\/\/yoopies.es\/c\/wp-content\/uploads\/sites\/7\/2025\/05\/cropped-Logo_Yoopies-2.png\",\"contentUrl\":\"https:\/\/yoopies.es\/c\/wp-content\/uploads\/sites\/7\/2025\/05\/cropped-Logo_Yoopies-2.png\",\"width\":512,\"height\":512,\"caption\":\"Yoopies Espa\u00f1a\"},\"image\":{\"@id\":\"https:\/\/yoopies.es\/c\/#\/schema\/logo\/image\/\"}}]}<\/script>\n<!-- \/ Yoast SEO plugin. -->","yoast_head_json":{"title":"Cuidado de mascotas: el boom contin\u00faa gracias a los millennials","description":"En un momento en el que cada vez hay m\u00e1s mascotas en las ciudades espa\u00f1olas, la plataforma\u00a0Yoopies Espa\u00f1a\u00a0ofrece una gran variedad de cuidadores a precios econ\u00f3micos, con tarifas se sit\u00faan en una media de 11,99 \u20ac\/d\u00eda.","robots":{"index":"index","follow":"follow","max-snippet":"max-snippet:-1","max-image-preview":"max-image-preview:large","max-video-preview":"max-video-preview:-1"},"canonical":"https:\/\/yoopies.es\/c\/guia-definitiva-cuidado-mascotas\/cuidado-de-mascotas-el-boom-continua\/","og_locale":"es_ES","og_type":"article","og_title":"Cuidado de mascotas: el boom contin\u00faa gracias a los millennials","og_description":"En un momento en el que cada vez hay m\u00e1s mascotas en las ciudades espa\u00f1olas, la plataforma\u00a0Yoopies Espa\u00f1a\u00a0ofrece una gran variedad de cuidadores a precios econ\u00f3micos, con tarifas se sit\u00faan en una media de 11,99 \u20ac\/d\u00eda.","og_url":"https:\/\/yoopies.es\/c\/guia-definitiva-cuidado-mascotas\/cuidado-de-mascotas-el-boom-continua\/","og_site_name":"Yoopies Espa\u00f1a","article_modified_time":"2025-06-12T08:44:06+00:00","og_image":[{"width":1200,"height":2773,"url":"https:\/\/yoopies.es\/c\/wp-content\/uploads\/sites\/7\/2021\/06\/4889b81d-8bdf-4d17-a66c-f5469b7fa504-infographie-petsitting-2019-es-1.jpg","type":"image\/jpeg"}],"twitter_card":"summary_large_image","twitter_misc":{"Tiempo de lectura":"5 minutos"},"schema":{"@context":"https:\/\/schema.org","@graph":[{"@type":"WebPage","@id":"https:\/\/yoopies.es\/c\/guia-definitiva-cuidado-mascotas\/cuidado-de-mascotas-el-boom-continua\/","url":"https:\/\/yoopies.es\/c\/guia-definitiva-cuidado-mascotas\/cuidado-de-mascotas-el-boom-continua\/","name":"Cuidado de mascotas: el boom contin\u00faa gracias a los millennials","isPartOf":{"@id":"https:\/\/yoopies.es\/c\/#website"},"primaryImageOfPage":{"@id":"https:\/\/yoopies.es\/c\/guia-definitiva-cuidado-mascotas\/cuidado-de-mascotas-el-boom-continua\/#primaryimage"},"image":{"@id":"https:\/\/yoopies.es\/c\/guia-definitiva-cuidado-mascotas\/cuidado-de-mascotas-el-boom-continua\/#primaryimage"},"thumbnailUrl":"https:\/\/yoopies.es\/c\/wp-content\/uploads\/sites\/7\/2021\/06\/4889b81d-8bdf-4d17-a66c-f5469b7fa504-infographie-petsitting-2019-es-1.jpg","datePublished":"2021-06-14T11:01:35+00:00","dateModified":"2025-06-12T08:44:06+00:00","description":"En un momento en el que cada vez hay m\u00e1s mascotas en las ciudades espa\u00f1olas, la plataforma\u00a0Yoopies Espa\u00f1a\u00a0ofrece una gran variedad de cuidadores a precios econ\u00f3micos, con tarifas se sit\u00faan en una media de 11,99 \u20ac\/d\u00eda.","breadcrumb":{"@id":"https:\/\/yoopies.es\/c\/guia-definitiva-cuidado-mascotas\/cuidado-de-mascotas-el-boom-continua\/#breadcrumb"},"inLanguage":"es","potentialAction":[{"@type":"ReadAction","target":["https:\/\/yoopies.es\/c\/guia-definitiva-cuidado-mascotas\/cuidado-de-mascotas-el-boom-continua\/"]}]},{"@type":"ImageObject","inLanguage":"es","@id":"https:\/\/yoopies.es\/c\/guia-definitiva-cuidado-mascotas\/cuidado-de-mascotas-el-boom-continua\/#primaryimage","url":"https:\/\/yoopies.es\/c\/wp-content\/uploads\/sites\/7\/2021\/06\/4889b81d-8bdf-4d17-a66c-f5469b7fa504-infographie-petsitting-2019-es-1.jpg","contentUrl":"https:\/\/yoopies.es\/c\/wp-content\/uploads\/sites\/7\/2021\/06\/4889b81d-8bdf-4d17-a66c-f5469b7fa504-infographie-petsitting-2019-es-1.jpg","width":1200,"height":2773},{"@type":"BreadcrumbList","@id":"https:\/\/yoopies.es\/c\/guia-definitiva-cuidado-mascotas\/cuidado-de-mascotas-el-boom-continua\/#breadcrumb","itemListElement":[{"@type":"ListItem","position":1,"name":"Home","item":"https:\/\/yoopies.es\/c\/"},{"@type":"ListItem","position":2,"name":"La gu\u00eda definitiva del cuidado de mascotas","item":"https:\/\/yoopies.es\/c\/guia-definitiva-cuidado-mascotas\/"},{"@type":"ListItem","position":3,"name":"Cuidado de mascotas: el boom contin\u00faa gracias a los millennials"}]},{"@type":"WebSite","@id":"https:\/\/yoopies.es\/c\/#website","url":"https:\/\/yoopies.es\/c\/","name":"Yoopies Espa\u00f1a","description":"","publisher":{"@id":"https:\/\/yoopies.es\/c\/#organization"},"potentialAction":[{"@type":"SearchAction","target":{"@type":"EntryPoint","urlTemplate":"https:\/\/yoopies.es\/c\/?s={search_term_string}"},"query-input":{"@type":"PropertyValueSpecification","valueRequired":true,"valueName":"search_term_string"}}],"inLanguage":"es"},{"@type":"Organization","@id":"https:\/\/yoopies.es\/c\/#organization","name":"Yoopies Espa\u00f1a","url":"https:\/\/yoopies.es\/c\/","logo":{"@type":"ImageObject","inLanguage":"es","@id":"https:\/\/yoopies.es\/c\/#\/schema\/logo\/image\/","url":"https:\/\/yoopies.es\/c\/wp-content\/uploads\/sites\/7\/2025\/05\/cropped-Logo_Yoopies-2.png","contentUrl":"https:\/\/yoopies.es\/c\/wp-content\/uploads\/sites\/7\/2025\/05\/cropped-Logo_Yoopies-2.png","width":512,"height":512,"caption":"Yoopies Espa\u00f1a"},"image":{"@id":"https:\/\/yoopies.es\/c\/#\/schema\/logo\/image\/"}}]}},"_links":{"self":[{"href":"https:\/\/yoopies.es\/c\/wp-json\/wp\/v2\/pages\/159","targetHints":{"allow":["GET"]}}],"collection":[{"href":"https:\/\/yoopies.es\/c\/wp-json\/wp\/v2\/pages"}],"about":[{"href":"https:\/\/yoopies.es\/c\/wp-json\/wp\/v2\/types\/page"}],"author":[{"embeddable":true,"href":"https:\/\/yoopies.es\/c\/wp-json\/wp\/v2\/users\/10"}],"replies":[{"embeddable":true,"href":"https:\/\/yoopies.es\/c\/wp-json\/wp\/v2\/comments?post=159"}],"version-history":[{"count":1,"href":"https:\/\/yoopies.es\/c\/wp-json\/wp\/v2\/pages\/159\/revisions"}],"predecessor-version":[{"id":162,"href":"https:\/\/yoopies.es\/c\/wp-json\/wp\/v2\/pages\/159\/revisions\/162"}],"up":[{"embeddable":true,"href":"https:\/\/yoopies.es\/c\/wp-json\/wp\/v2\/pages\/22"}],"wp:featuredmedia":[{"embeddable":true,"href":"https:\/\/yoopies.es\/c\/wp-json\/wp\/v2\/media\/161"}],"wp:attachment":[{"href":"https:\/\/yoopies.es\/c\/wp-json\/wp\/v2\/media?parent=159"}],"curies":[{"name":"wp","href":"https:\/\/api.w.org\/{rel}","templated":true}]}}