{"id":150,"date":"2024-04-02T13:26:29","date_gmt":"2024-04-02T13:26:29","guid":{"rendered":"https:\/\/blog.yoopies.es\/guia-definitiva-cuidado-mascotas\/que-es-cuidador-mascotas\/"},"modified":"2025-06-12T08:44:06","modified_gmt":"2025-06-12T08:44:06","slug":"que-es-cuidador-mascotas","status":"publish","type":"page","link":"https:\/\/yoopies.es\/c\/guia-definitiva-cuidado-mascotas\/que-es-cuidador-mascotas\/","title":{"rendered":"Qu\u00e9 es un cuidador de mascotas"},"content":{"rendered":"<figure><img decoding=\"async\" src=\"https:\/\/static.yoopies.com\/upload\/cms\/image\/46860ea9-df23-4dc5-8f3c-4c42fa78b90d-aguideforpetsitter.jpg\" \/><\/figure>\n<p><p>La idea tradicional de un cuidador de mascotas puede ser s&oacute;lo un paseador de perros, &iexcl;pero de hecho ofrecen mucho m&aacute;s! Contratar a un cuidador de mascotas no s&oacute;lo podr&iacute;a hacer tu vida m&aacute;s f&aacute;cil, sino que ayudar&iacute;a a mejorar la calidad de vida de tu mascota, mejorar su seguridad en el hogar y eliminar cierto estr&eacute;s por no poder dedicar todo el tiempo que te gustar&iacute;a con ella. Entendemos que es un gran compromiso dejar a tu maravillosa mascota al cuidado de otra persona, as&iacute; que hemos hecho una gu&iacute;a detallada e informativa con toda la informaci&oacute;n que necesitas saber a la hora de contratar a un cuidador de mascotas.&nbsp;<\/p>\n<p>Nuestra informaci&oacute;n cubre todas las &aacute;reas de cuidado de mascotas, desde las numerosas tareas de un cuidador de mascotas, hasta c&oacute;mo elegir al candidato perfecto.<\/p>\n<\/p>\n<figure><img decoding=\"async\" src=\"https:\/\/yoopies.es\/c\/wp-content\/uploads\/sites\/7\/2024\/04\/e461e7ee-3b54-46e4-aff2-5e29466e1495-matt-nelson-ai3eblvcyu4-unsplash.jpg\" \/><\/figure>\n<p><h2><strong>&iquest;Qu&eacute; hace un cuidador de mascotas?<\/strong><\/h2>\n<\/p>\n<p>La vida diaria de un cuidador de mascotas es variada y a menudo cambiante y, por supuesto, depende del tipo y el n&uacute;mero de mascotas que tiene a su cargo. Un cuidador de mascotas puede llevar a cabo sus tareas desde su propia casa, tu casa u otro lugar dependiendo de tu situaci&oacute;n y circunstancias preferidas. Aunque esta no es una lista exhaustiva, aqu&iacute; hay algunas tareas t&iacute;picas que puedes pedirle a tu cuidador de mascotas:<\/p>\n<ul>\n<li>Pasear al perro.<\/li>\n<li>Ejercitar a la mascota.<\/li>\n<li>Estimular a la mascota jugando con ellos o pasando tiempo con ellos.<\/li>\n<li>Alimentar o dar de beber agua a la mascota.<\/li>\n<li>Limpiar la mascota o su jaula, perrera, cama, etc.<\/li>\n<li>Cuidar de la mascota durante la noche en su casa o en la tuya.<\/li>\n<li>Llevar a la mascota a las citas m&eacute;dicas o a las citas de aseo<\/li>\n<li>Socializar la mascota con otros animales.<\/li>\n<\/ul>\n<p>Mientras que algunas de estas tareas pueden realizarse fuera de la casa, otras pueden requerir que el cuidador de mascotas vaya a la tuya. Si este es el caso, el cuidador tambi&eacute;n puede realizar otras tareas para aumentar la seguridad y el mantenimiento de tu casa mientras est&aacute;s fuera. Si est&aacute;s fuera durante un largo per&iacute;odo de tiempo y tienes un cuidador que va a ver a los animales, tambi&eacute;n puede realizar tareas como:<\/p>\n<ul>\n<li>Comprobar si hay correo.<\/li>\n<li>Hacer que la casa parezca habitada; por ejemplo, abrir y cerrar las cortinas.<\/li>\n<li>Regar las plantas.<\/li>\n<\/ul>\n<p>Por lo tanto, un cuidador de mascotas no s&oacute;lo puede proporcionar rutina y seguridad a tu mascota, sino que tambi&eacute;n puede ofrecer ayuda cuando est&eacute;s de vacaciones o fuera por motivos de trabajo.<\/p>\n<\/p>\n<h2><strong>&iquest;Por qu&eacute; deber&iacute;as contratar a un cuidador de mascotas?<\/strong><\/h2>\n<\/p>\n<p>No es ning&uacute;n secreto que tener una mascota puede ser un trabajo duro, y a menudo no es posible darle a una mascota toda la atenci&oacute;n y el manejo que necesita mientras vives una vida muy ocupada al mismo tiempo. Un cuidador de mascotas puede simplemente actuar como un par de manos extra para asegurar el bienestar y la felicidad de tu mascota, lo que significa que cuando no tengas la oportunidad de pasar tiempo de calidad con tu amigo peludo, puedas estar seguro de que est&aacute; bien atendido.<\/p>\n<p>A menudo hay responsabilidades imprevistas que vienen con la posesi&oacute;n de una mascota. Por ejemplo, si enferman pueden requerir tratamientos peri&oacute;dicos; ciertas mascotas necesitan m&aacute;s ejercicio que otros animales de su raza; y mucho m&aacute;s. Un cuidador de mascotas puede ayudar a proporcionar el cuidado completo que tu mascota necesita, incluso cuando no puedas quitarte el estr&eacute;s de tener una mascota y darte la tranquilidad de saber que tu mascota est&aacute; bien cuidada en todo momento.<\/p>\n<\/p>\n<h2><strong>Tipos comunes de cuidadores de mascotas<\/strong><\/h2>\n<\/p>\n<p>Los tipos m&aacute;s populares de cuidadores de mascotas incluyen:<\/p>\n<p><strong>Paseadores de perros<\/strong>: Cualquier due&ntilde;o de perro puede contratar a un paseador de perros, &iexcl;no tienes que estar fuera de casa todo el d&iacute;a para hacerlo! Se ha demostrado que es muy importante que los perros tengan una rutina, as&iacute; que incluso si usted est&aacute; en casa la mayor parte del tiempo, un paseador de perros a diario podr&iacute;a ayudar a proporcionar una estructura a la vida de tu perro y mejorar su estado de &aacute;nimo, bienestar y comportamiento.<\/p>\n<p><strong>Cuidadores de mascotas para vacaciones<\/strong>: Si te vas de vacaciones o tal vez en un viaje de trabajo, puede ser muy caro mandar a tu perro en una perrera o puede resultar inc&oacute;modo pedirle a tus amigos que cuiden de tu mascota una y otra vez. Al tener un cuidador de mascotas que puede pasar ese tiempo con tu perro\/gato en su casa, o que pase por tu casa a menudo para alimentar y cuidar a tu mascota, puede evitar esta dif&iacute;cil situaci&oacute;n. Adem&aacute;s, las personas que cuidan a los animales tambi&eacute;n pueden encargarse de hacer algunas tareas para asegurar que tu casa est&aacute; segura mientras est&aacute;s fuera.<\/p>\n<\/p>\n<h2><strong>Cu&aacute;nto cuesta un cuidador de mascotas<\/strong><\/h2>\n<\/p>\n<p>El precio medio de un cuidador de mascotas depende de las tareas que le asignes, el tipo de animal que vayan a cuidar y cu&aacute;ntos sean. Por lo general, en Espa&ntilde;a el precio est&aacute; entre 7&rsquo;5 y 20 &euro; a la hora.<\/p>\n<p>Las tarifas m&aacute;s bajas ser&aacute;n para tareas como simplemente dar de comer a la mascota en cuesti&oacute;n; las m&aacute;s altas son para cuidados en casa ajena.<\/p>\n<p>Si te vas durantE un per&iacute;odo de tiempo prolongado, puede ser m&aacute;s barato acordar una tarifa fija con un cuidador de animales para que cuide de tu animal en su casa en lugar de pagar para que el animal vaya a una perrera o criadero profesional, por ejemplo. La mayor&iacute;a de los cuidadores de animales son aut&oacute;nomos y pueden estar abiertos a la negociaci&oacute;n para estancias m&aacute;s largas.<\/p>\n<\/p>\n<h2><strong>&iquest;C&oacute;mo contrato a un cuidador de mascotas?<\/strong><\/h2>\n<\/p>\n<p>Puede ser dif&iacute;cil saber por d&oacute;nde empezar, ya que confiar a otra persona la responsabilidad de cuidar de tu mascota puede ser una decisi&oacute;n dif&iacute;cil para algunas personas. No temas, al utilizar una plataforma de cuidado en l&iacute;nea como Yoopies, puedes estar seguro de contratar a un candidato de confianza.<\/p>\n<p>La gran ventaja de hacer un perfil en l&iacute;nea es que, en primer lugar, puedes acceder a miles de candidatos disponibles de forma instant&aacute;nea. Simplemente, reg&iacute;strate en Yoopies y crea un anuncio que indique los requisitos de tu mascota y podr&aacute;s enviar un mensaje a los solicitantes que consideres adecuados pregunt&aacute;ndoles si est&aacute;n disponibles para hablar m&aacute;s sobre el papel. Es m&aacute;s, los usuarios registrados como cuidadores de mascotas podr&aacute;n encontrar tu anuncio y solicitar el trabajo de cuidador de mascotas que has publicado, lo que significa que el candidato ideal podr&iacute;a incluso acudir a ti sin necesidad de ser t&uacute; quien busques.<\/p>\n<\/p>\n<h2><strong>Consejos para contratar a un cuidador de mascotas:<\/strong><\/h2>\n<\/p>\n<p><strong>Explica tus requisitos<\/strong>: Aseg&uacute;rate de que tu anuncio sea claro y detallado, con todas las tareas y responsabilidades incluidas. Es importante que el candidato sepa lo que se le exige, para que pueda decidir si es capaz de gestionar el puesto. Cuando se entrevista a un candidato, es una buena idea mostrar las expectativas para asegurarse de que ha comprendido lo que se espera de &eacute;l en este puesto.<\/p>\n<p><strong>Busca su experiencia y ahonda sobre su personalidad<\/strong>: Todos sabemos que las mascotas pueden ser impredecibles a veces, y que por una raz&oacute;n u otra, tu mascota puede tener un gusto particular (&iexcl;o un disgusto!) con otra persona. Siempre es mejor hacer una prueba con un posible cuidador mientras est&aacute;s disponible para ver al candidato interactuar con tu mascota y comprobar que tanto el cuidador como la mascota se sienten c&oacute;modos y seguros el uno con el otro.<\/p>\n<p><strong>Pide referencias<\/strong>: Al igual que en cualquier otro puesto, si la persona que cuida a la mascota afirma tener experiencia en el puesto antes, pide los datos de contacto de su antiguo empleador para comprobar que su trabajo anterior ha sido satisfactorio. Si no puede dar referencias porque no tiene experiencia formal, pide referencias de car&aacute;cter a otra persona responsable, como un tutor de escuela o universidad o un antiguo empleador de un puesto de canguro sin mascotas.<\/p>\n<\/p>\n<p><a class=\"button\" href=\"https:\/\/yoopies.es\/cuidado-de-animales\">ENCUENTRA UN CUIDADOR DE MASCOTAS<\/a><\/p>\n","protected":false},"excerpt":{"rendered":"<p>La idea tradicional de un cuidador de mascotas puede ser s&oacute;lo un paseador de perros, &hellip; <\/p>\n","protected":false},"author":10,"featured_media":152,"parent":22,"menu_order":0,"comment_status":"closed","ping_status":"closed","template":"","meta":{"_acf_changed":false,"footnotes":""},"class_list":["post-150","page","type-page","status-publish","has-post-thumbnail","hentry"],"acf":[],"yoast_head":"<!-- This site is optimized with the Yoast SEO plugin v26.9 - https:\/\/yoast.com\/product\/yoast-seo-wordpress\/ -->\n<title>Qu\u00e9 es un cuidador de mascotas<\/title>\n<meta name=\"description\" content=\"\u00bfQu\u00e9 es un cuidador de mascotas? \u00bfPor qu\u00e9 necesitas uno? \u00bfQu\u00e9 puede ofrecerme un cuidador de mascotas? \u00bfY a mi perro o gato? Hemos hecho esta completa gu\u00eda para responder a todas tus preguntas sobre el rol y la posici\u00f3n de un cuidador de mascotas y c\u00f3mo puede convertirse en un elemento ideal para tu rutina y la de tu mascota.\" \/>\n<meta name=\"robots\" content=\"index, follow, max-snippet:-1, max-image-preview:large, max-video-preview:-1\" \/>\n<link rel=\"canonical\" href=\"https:\/\/yoopies.es\/c\/guia-definitiva-cuidado-mascotas\/que-es-cuidador-mascotas\/\" \/>\n<meta property=\"og:locale\" content=\"es_ES\" \/>\n<meta property=\"og:type\" content=\"article\" \/>\n<meta property=\"og:title\" content=\"Qu\u00e9 es un cuidador de mascotas\" \/>\n<meta property=\"og:description\" content=\"\u00bfQu\u00e9 es un cuidador de mascotas? \u00bfPor qu\u00e9 necesitas uno? \u00bfQu\u00e9 puede ofrecerme un cuidador de mascotas? \u00bfY a mi perro o gato? Hemos hecho esta completa gu\u00eda para responder a todas tus preguntas sobre el rol y la posici\u00f3n de un cuidador de mascotas y c\u00f3mo puede convertirse en un elemento ideal para tu rutina y la de tu mascota.\" \/>\n<meta property=\"og:url\" content=\"https:\/\/yoopies.es\/c\/guia-definitiva-cuidado-mascotas\/que-es-cuidador-mascotas\/\" \/>\n<meta property=\"og:site_name\" content=\"Yoopies Espa\u00f1a\" \/>\n<meta property=\"article:modified_time\" content=\"2025-06-12T08:44:06+00:00\" \/>\n<meta property=\"og:image\" content=\"https:\/\/yoopies.es\/c\/wp-content\/uploads\/sites\/7\/2024\/04\/e461e7ee-3b54-46e4-aff2-5e29466e1495-matt-nelson-ai3eblvcyu4-unsplash-1.jpg\" \/>\n\t<meta property=\"og:image:width\" content=\"1200\" \/>\n\t<meta property=\"og:image:height\" content=\"800\" \/>\n\t<meta property=\"og:image:type\" content=\"image\/jpeg\" \/>\n<meta name=\"twitter:card\" content=\"summary_large_image\" \/>\n<meta name=\"twitter:label1\" content=\"Tiempo de lectura\" \/>\n\t<meta name=\"twitter:data1\" content=\"8 minutos\" \/>\n<script type=\"application\/ld+json\" class=\"yoast-schema-graph\">{\"@context\":\"https:\/\/schema.org\",\"@graph\":[{\"@type\":\"WebPage\",\"@id\":\"https:\/\/yoopies.es\/c\/guia-definitiva-cuidado-mascotas\/que-es-cuidador-mascotas\/\",\"url\":\"https:\/\/yoopies.es\/c\/guia-definitiva-cuidado-mascotas\/que-es-cuidador-mascotas\/\",\"name\":\"Qu\u00e9 es un cuidador de mascotas\",\"isPartOf\":{\"@id\":\"https:\/\/yoopies.es\/c\/#website\"},\"primaryImageOfPage\":{\"@id\":\"https:\/\/yoopies.es\/c\/guia-definitiva-cuidado-mascotas\/que-es-cuidador-mascotas\/#primaryimage\"},\"image\":{\"@id\":\"https:\/\/yoopies.es\/c\/guia-definitiva-cuidado-mascotas\/que-es-cuidador-mascotas\/#primaryimage\"},\"thumbnailUrl\":\"https:\/\/yoopies.es\/c\/wp-content\/uploads\/sites\/7\/2024\/04\/e461e7ee-3b54-46e4-aff2-5e29466e1495-matt-nelson-ai3eblvcyu4-unsplash-1.jpg\",\"datePublished\":\"2024-04-02T13:26:29+00:00\",\"dateModified\":\"2025-06-12T08:44:06+00:00\",\"description\":\"\u00bfQu\u00e9 es un cuidador de mascotas? \u00bfPor qu\u00e9 necesitas uno? \u00bfQu\u00e9 puede ofrecerme un cuidador de mascotas? \u00bfY a mi perro o gato? Hemos hecho esta completa gu\u00eda para responder a todas tus preguntas sobre el rol y la posici\u00f3n de un cuidador de mascotas y c\u00f3mo puede convertirse en un elemento ideal para tu rutina y la de tu mascota.\",\"breadcrumb\":{\"@id\":\"https:\/\/yoopies.es\/c\/guia-definitiva-cuidado-mascotas\/que-es-cuidador-mascotas\/#breadcrumb\"},\"inLanguage\":\"es\",\"potentialAction\":[{\"@type\":\"ReadAction\",\"target\":[\"https:\/\/yoopies.es\/c\/guia-definitiva-cuidado-mascotas\/que-es-cuidador-mascotas\/\"]}]},{\"@type\":\"ImageObject\",\"inLanguage\":\"es\",\"@id\":\"https:\/\/yoopies.es\/c\/guia-definitiva-cuidado-mascotas\/que-es-cuidador-mascotas\/#primaryimage\",\"url\":\"https:\/\/yoopies.es\/c\/wp-content\/uploads\/sites\/7\/2024\/04\/e461e7ee-3b54-46e4-aff2-5e29466e1495-matt-nelson-ai3eblvcyu4-unsplash-1.jpg\",\"contentUrl\":\"https:\/\/yoopies.es\/c\/wp-content\/uploads\/sites\/7\/2024\/04\/e461e7ee-3b54-46e4-aff2-5e29466e1495-matt-nelson-ai3eblvcyu4-unsplash-1.jpg\",\"width\":1200,\"height\":800},{\"@type\":\"BreadcrumbList\",\"@id\":\"https:\/\/yoopies.es\/c\/guia-definitiva-cuidado-mascotas\/que-es-cuidador-mascotas\/#breadcrumb\",\"itemListElement\":[{\"@type\":\"ListItem\",\"position\":1,\"name\":\"Home\",\"item\":\"https:\/\/yoopies.es\/c\/\"},{\"@type\":\"ListItem\",\"position\":2,\"name\":\"La gu\u00eda definitiva del cuidado de mascotas\",\"item\":\"https:\/\/yoopies.es\/c\/guia-definitiva-cuidado-mascotas\/\"},{\"@type\":\"ListItem\",\"position\":3,\"name\":\"Qu\u00e9 es un cuidador de mascotas\"}]},{\"@type\":\"WebSite\",\"@id\":\"https:\/\/yoopies.es\/c\/#website\",\"url\":\"https:\/\/yoopies.es\/c\/\",\"name\":\"Yoopies Espa\u00f1a\",\"description\":\"\",\"publisher\":{\"@id\":\"https:\/\/yoopies.es\/c\/#organization\"},\"potentialAction\":[{\"@type\":\"SearchAction\",\"target\":{\"@type\":\"EntryPoint\",\"urlTemplate\":\"https:\/\/yoopies.es\/c\/?s={search_term_string}\"},\"query-input\":{\"@type\":\"PropertyValueSpecification\",\"valueRequired\":true,\"valueName\":\"search_term_string\"}}],\"inLanguage\":\"es\"},{\"@type\":\"Organization\",\"@id\":\"https:\/\/yoopies.es\/c\/#organization\",\"name\":\"Yoopies Espa\u00f1a\",\"url\":\"https:\/\/yoopies.es\/c\/\",\"logo\":{\"@type\":\"ImageObject\",\"inLanguage\":\"es\",\"@id\":\"https:\/\/yoopies.es\/c\/#\/schema\/logo\/image\/\",\"url\":\"https:\/\/yoopies.es\/c\/wp-content\/uploads\/sites\/7\/2025\/05\/cropped-Logo_Yoopies-2.png\",\"contentUrl\":\"https:\/\/yoopies.es\/c\/wp-content\/uploads\/sites\/7\/2025\/05\/cropped-Logo_Yoopies-2.png\",\"width\":512,\"height\":512,\"caption\":\"Yoopies Espa\u00f1a\"},\"image\":{\"@id\":\"https:\/\/yoopies.es\/c\/#\/schema\/logo\/image\/\"}}]}<\/script>\n<!-- \/ Yoast SEO plugin. -->","yoast_head_json":{"title":"Qu\u00e9 es un cuidador de mascotas","description":"\u00bfQu\u00e9 es un cuidador de mascotas? \u00bfPor qu\u00e9 necesitas uno? \u00bfQu\u00e9 puede ofrecerme un cuidador de mascotas? \u00bfY a mi perro o gato? Hemos hecho esta completa gu\u00eda para responder a todas tus preguntas sobre el rol y la posici\u00f3n de un cuidador de mascotas y c\u00f3mo puede convertirse en un elemento ideal para tu rutina y la de tu mascota.","robots":{"index":"index","follow":"follow","max-snippet":"max-snippet:-1","max-image-preview":"max-image-preview:large","max-video-preview":"max-video-preview:-1"},"canonical":"https:\/\/yoopies.es\/c\/guia-definitiva-cuidado-mascotas\/que-es-cuidador-mascotas\/","og_locale":"es_ES","og_type":"article","og_title":"Qu\u00e9 es un cuidador de mascotas","og_description":"\u00bfQu\u00e9 es un cuidador de mascotas? \u00bfPor qu\u00e9 necesitas uno? \u00bfQu\u00e9 puede ofrecerme un cuidador de mascotas? \u00bfY a mi perro o gato? Hemos hecho esta completa gu\u00eda para responder a todas tus preguntas sobre el rol y la posici\u00f3n de un cuidador de mascotas y c\u00f3mo puede convertirse en un elemento ideal para tu rutina y la de tu mascota.","og_url":"https:\/\/yoopies.es\/c\/guia-definitiva-cuidado-mascotas\/que-es-cuidador-mascotas\/","og_site_name":"Yoopies Espa\u00f1a","article_modified_time":"2025-06-12T08:44:06+00:00","og_image":[{"width":1200,"height":800,"url":"https:\/\/yoopies.es\/c\/wp-content\/uploads\/sites\/7\/2024\/04\/e461e7ee-3b54-46e4-aff2-5e29466e1495-matt-nelson-ai3eblvcyu4-unsplash-1.jpg","type":"image\/jpeg"}],"twitter_card":"summary_large_image","twitter_misc":{"Tiempo de lectura":"8 minutos"},"schema":{"@context":"https:\/\/schema.org","@graph":[{"@type":"WebPage","@id":"https:\/\/yoopies.es\/c\/guia-definitiva-cuidado-mascotas\/que-es-cuidador-mascotas\/","url":"https:\/\/yoopies.es\/c\/guia-definitiva-cuidado-mascotas\/que-es-cuidador-mascotas\/","name":"Qu\u00e9 es un cuidador de mascotas","isPartOf":{"@id":"https:\/\/yoopies.es\/c\/#website"},"primaryImageOfPage":{"@id":"https:\/\/yoopies.es\/c\/guia-definitiva-cuidado-mascotas\/que-es-cuidador-mascotas\/#primaryimage"},"image":{"@id":"https:\/\/yoopies.es\/c\/guia-definitiva-cuidado-mascotas\/que-es-cuidador-mascotas\/#primaryimage"},"thumbnailUrl":"https:\/\/yoopies.es\/c\/wp-content\/uploads\/sites\/7\/2024\/04\/e461e7ee-3b54-46e4-aff2-5e29466e1495-matt-nelson-ai3eblvcyu4-unsplash-1.jpg","datePublished":"2024-04-02T13:26:29+00:00","dateModified":"2025-06-12T08:44:06+00:00","description":"\u00bfQu\u00e9 es un cuidador de mascotas? \u00bfPor qu\u00e9 necesitas uno? \u00bfQu\u00e9 puede ofrecerme un cuidador de mascotas? \u00bfY a mi perro o gato? Hemos hecho esta completa gu\u00eda para responder a todas tus preguntas sobre el rol y la posici\u00f3n de un cuidador de mascotas y c\u00f3mo puede convertirse en un elemento ideal para tu rutina y la de tu mascota.","breadcrumb":{"@id":"https:\/\/yoopies.es\/c\/guia-definitiva-cuidado-mascotas\/que-es-cuidador-mascotas\/#breadcrumb"},"inLanguage":"es","potentialAction":[{"@type":"ReadAction","target":["https:\/\/yoopies.es\/c\/guia-definitiva-cuidado-mascotas\/que-es-cuidador-mascotas\/"]}]},{"@type":"ImageObject","inLanguage":"es","@id":"https:\/\/yoopies.es\/c\/guia-definitiva-cuidado-mascotas\/que-es-cuidador-mascotas\/#primaryimage","url":"https:\/\/yoopies.es\/c\/wp-content\/uploads\/sites\/7\/2024\/04\/e461e7ee-3b54-46e4-aff2-5e29466e1495-matt-nelson-ai3eblvcyu4-unsplash-1.jpg","contentUrl":"https:\/\/yoopies.es\/c\/wp-content\/uploads\/sites\/7\/2024\/04\/e461e7ee-3b54-46e4-aff2-5e29466e1495-matt-nelson-ai3eblvcyu4-unsplash-1.jpg","width":1200,"height":800},{"@type":"BreadcrumbList","@id":"https:\/\/yoopies.es\/c\/guia-definitiva-cuidado-mascotas\/que-es-cuidador-mascotas\/#breadcrumb","itemListElement":[{"@type":"ListItem","position":1,"name":"Home","item":"https:\/\/yoopies.es\/c\/"},{"@type":"ListItem","position":2,"name":"La gu\u00eda definitiva del cuidado de mascotas","item":"https:\/\/yoopies.es\/c\/guia-definitiva-cuidado-mascotas\/"},{"@type":"ListItem","position":3,"name":"Qu\u00e9 es un cuidador de mascotas"}]},{"@type":"WebSite","@id":"https:\/\/yoopies.es\/c\/#website","url":"https:\/\/yoopies.es\/c\/","name":"Yoopies Espa\u00f1a","description":"","publisher":{"@id":"https:\/\/yoopies.es\/c\/#organization"},"potentialAction":[{"@type":"SearchAction","target":{"@type":"EntryPoint","urlTemplate":"https:\/\/yoopies.es\/c\/?s={search_term_string}"},"query-input":{"@type":"PropertyValueSpecification","valueRequired":true,"valueName":"search_term_string"}}],"inLanguage":"es"},{"@type":"Organization","@id":"https:\/\/yoopies.es\/c\/#organization","name":"Yoopies Espa\u00f1a","url":"https:\/\/yoopies.es\/c\/","logo":{"@type":"ImageObject","inLanguage":"es","@id":"https:\/\/yoopies.es\/c\/#\/schema\/logo\/image\/","url":"https:\/\/yoopies.es\/c\/wp-content\/uploads\/sites\/7\/2025\/05\/cropped-Logo_Yoopies-2.png","contentUrl":"https:\/\/yoopies.es\/c\/wp-content\/uploads\/sites\/7\/2025\/05\/cropped-Logo_Yoopies-2.png","width":512,"height":512,"caption":"Yoopies Espa\u00f1a"},"image":{"@id":"https:\/\/yoopies.es\/c\/#\/schema\/logo\/image\/"}}]}},"_links":{"self":[{"href":"https:\/\/yoopies.es\/c\/wp-json\/wp\/v2\/pages\/150","targetHints":{"allow":["GET"]}}],"collection":[{"href":"https:\/\/yoopies.es\/c\/wp-json\/wp\/v2\/pages"}],"about":[{"href":"https:\/\/yoopies.es\/c\/wp-json\/wp\/v2\/types\/page"}],"author":[{"embeddable":true,"href":"https:\/\/yoopies.es\/c\/wp-json\/wp\/v2\/users\/10"}],"replies":[{"embeddable":true,"href":"https:\/\/yoopies.es\/c\/wp-json\/wp\/v2\/comments?post=150"}],"version-history":[{"count":1,"href":"https:\/\/yoopies.es\/c\/wp-json\/wp\/v2\/pages\/150\/revisions"}],"predecessor-version":[{"id":153,"href":"https:\/\/yoopies.es\/c\/wp-json\/wp\/v2\/pages\/150\/revisions\/153"}],"up":[{"embeddable":true,"href":"https:\/\/yoopies.es\/c\/wp-json\/wp\/v2\/pages\/22"}],"wp:featuredmedia":[{"embeddable":true,"href":"https:\/\/yoopies.es\/c\/wp-json\/wp\/v2\/media\/152"}],"wp:attachment":[{"href":"https:\/\/yoopies.es\/c\/wp-json\/wp\/v2\/media?parent=150"}],"curies":[{"name":"wp","href":"https:\/\/api.w.org\/{rel}","templated":true}]}}