{"id":13,"date":"2024-04-02T13:33:09","date_gmt":"2024-04-02T13:33:09","guid":{"rendered":"https:\/\/blog.yoopies.es\/informe-anual-precios-de-nineras-en-2020\/"},"modified":"2025-06-12T08:44:05","modified_gmt":"2025-06-12T08:44:05","slug":"informe-anual-precios-de-nineras-en-2020","status":"publish","type":"page","link":"https:\/\/yoopies.es\/c\/informe-anual-precios-de-nineras-en-2020\/","title":{"rendered":"Informe anual &#8211; Precios de ni\u00f1eras en 2020"},"content":{"rendered":"<figure><img decoding=\"async\" src=\"https:\/\/static.yoopies.com\/upload\/cms\/image\/da1200d2-6f6a-4cf2-979a-d7213c8d8fde-precio-cuidado-de-nic3b1os-2020.jpg\" \/><\/figure>\n<p><p>Si realiza una publicaci&oacute;n de nuestro estudio, incluya un enlace a esta p&aacute;gina del sitio: https:\/\/yoopies.es\/c\/informe-anual-precios-de-nineras-en-2020<\/p><\/p>\n","protected":false},"excerpt":{"rendered":"<p>Si realiza una publicaci&oacute;n de nuestro estudio, incluya un enlace a esta p&aacute;gina del sitio: &hellip; <\/p>\n","protected":false},"author":10,"featured_media":14,"parent":0,"menu_order":0,"comment_status":"closed","ping_status":"closed","template":"","meta":{"_acf_changed":false,"footnotes":""},"class_list":["post-13","page","type-page","status-publish","has-post-thumbnail","hentry"],"acf":[],"yoast_head":"<!-- This site is optimized with the Yoast SEO plugin v26.9 - https:\/\/yoast.com\/product\/yoast-seo-wordpress\/ -->\n<title>Informe anual - Precios de ni\u00f1eras en 2020<\/title>\n<meta name=\"description\" content=\"Informe anual de Yoopies sobre el coste de las ni\u00f1eras en nuestro pa\u00eds durante el a\u00f1o 2020\" \/>\n<meta name=\"robots\" content=\"index, follow, max-snippet:-1, max-image-preview:large, max-video-preview:-1\" \/>\n<link rel=\"canonical\" href=\"https:\/\/yoopies.es\/c\/informe-anual-precios-de-nineras-en-2020\/\" \/>\n<meta property=\"og:locale\" content=\"es_ES\" \/>\n<meta property=\"og:type\" content=\"article\" \/>\n<meta property=\"og:title\" content=\"Informe anual - Precios de ni\u00f1eras en 2020\" \/>\n<meta property=\"og:description\" content=\"Informe anual de Yoopies sobre el coste de las ni\u00f1eras en nuestro pa\u00eds durante el a\u00f1o 2020\" \/>\n<meta property=\"og:url\" content=\"https:\/\/yoopies.es\/c\/informe-anual-precios-de-nineras-en-2020\/\" \/>\n<meta property=\"og:site_name\" content=\"Yoopies Espa\u00f1a\" \/>\n<meta property=\"article:modified_time\" content=\"2025-06-12T08:44:05+00:00\" \/>\n<meta property=\"og:image\" content=\"https:\/\/yoopies.es\/c\/wp-content\/uploads\/sites\/7\/2024\/04\/da1200d2-6f6a-4cf2-979a-d7213c8d8fde-precio-cuidado-de-nic3b1os-2020.jpg\" \/>\n\t<meta property=\"og:image:width\" content=\"1200\" \/>\n\t<meta property=\"og:image:height\" content=\"2070\" \/>\n\t<meta property=\"og:image:type\" content=\"image\/jpeg\" \/>\n<meta name=\"twitter:card\" content=\"summary_large_image\" \/>\n<script type=\"application\/ld+json\" class=\"yoast-schema-graph\">{\"@context\":\"https:\/\/schema.org\",\"@graph\":[{\"@type\":\"WebPage\",\"@id\":\"https:\/\/yoopies.es\/c\/informe-anual-precios-de-nineras-en-2020\/\",\"url\":\"https:\/\/yoopies.es\/c\/informe-anual-precios-de-nineras-en-2020\/\",\"name\":\"Informe anual - Precios de ni\u00f1eras en 2020\",\"isPartOf\":{\"@id\":\"https:\/\/yoopies.es\/c\/#website\"},\"primaryImageOfPage\":{\"@id\":\"https:\/\/yoopies.es\/c\/informe-anual-precios-de-nineras-en-2020\/#primaryimage\"},\"image\":{\"@id\":\"https:\/\/yoopies.es\/c\/informe-anual-precios-de-nineras-en-2020\/#primaryimage\"},\"thumbnailUrl\":\"https:\/\/yoopies.es\/c\/wp-content\/uploads\/sites\/7\/2024\/04\/da1200d2-6f6a-4cf2-979a-d7213c8d8fde-precio-cuidado-de-nic3b1os-2020.jpg\",\"datePublished\":\"2024-04-02T13:33:09+00:00\",\"dateModified\":\"2025-06-12T08:44:05+00:00\",\"description\":\"Informe anual de Yoopies sobre el coste de las ni\u00f1eras en nuestro pa\u00eds durante el a\u00f1o 2020\",\"breadcrumb\":{\"@id\":\"https:\/\/yoopies.es\/c\/informe-anual-precios-de-nineras-en-2020\/#breadcrumb\"},\"inLanguage\":\"es\",\"potentialAction\":[{\"@type\":\"ReadAction\",\"target\":[\"https:\/\/yoopies.es\/c\/informe-anual-precios-de-nineras-en-2020\/\"]}]},{\"@type\":\"ImageObject\",\"inLanguage\":\"es\",\"@id\":\"https:\/\/yoopies.es\/c\/informe-anual-precios-de-nineras-en-2020\/#primaryimage\",\"url\":\"https:\/\/yoopies.es\/c\/wp-content\/uploads\/sites\/7\/2024\/04\/da1200d2-6f6a-4cf2-979a-d7213c8d8fde-precio-cuidado-de-nic3b1os-2020.jpg\",\"contentUrl\":\"https:\/\/yoopies.es\/c\/wp-content\/uploads\/sites\/7\/2024\/04\/da1200d2-6f6a-4cf2-979a-d7213c8d8fde-precio-cuidado-de-nic3b1os-2020.jpg\",\"width\":1200,\"height\":2070},{\"@type\":\"BreadcrumbList\",\"@id\":\"https:\/\/yoopies.es\/c\/informe-anual-precios-de-nineras-en-2020\/#breadcrumb\",\"itemListElement\":[{\"@type\":\"ListItem\",\"position\":1,\"name\":\"Home\",\"item\":\"https:\/\/yoopies.es\/c\/\"},{\"@type\":\"ListItem\",\"position\":2,\"name\":\"Informe anual &#8211; Precios de ni\u00f1eras en 2020\"}]},{\"@type\":\"WebSite\",\"@id\":\"https:\/\/yoopies.es\/c\/#website\",\"url\":\"https:\/\/yoopies.es\/c\/\",\"name\":\"Yoopies Espa\u00f1a\",\"description\":\"\",\"publisher\":{\"@id\":\"https:\/\/yoopies.es\/c\/#organization\"},\"potentialAction\":[{\"@type\":\"SearchAction\",\"target\":{\"@type\":\"EntryPoint\",\"urlTemplate\":\"https:\/\/yoopies.es\/c\/?s={search_term_string}\"},\"query-input\":{\"@type\":\"PropertyValueSpecification\",\"valueRequired\":true,\"valueName\":\"search_term_string\"}}],\"inLanguage\":\"es\"},{\"@type\":\"Organization\",\"@id\":\"https:\/\/yoopies.es\/c\/#organization\",\"name\":\"Yoopies Espa\u00f1a\",\"url\":\"https:\/\/yoopies.es\/c\/\",\"logo\":{\"@type\":\"ImageObject\",\"inLanguage\":\"es\",\"@id\":\"https:\/\/yoopies.es\/c\/#\/schema\/logo\/image\/\",\"url\":\"https:\/\/yoopies.es\/c\/wp-content\/uploads\/sites\/7\/2025\/05\/cropped-Logo_Yoopies-2.png\",\"contentUrl\":\"https:\/\/yoopies.es\/c\/wp-content\/uploads\/sites\/7\/2025\/05\/cropped-Logo_Yoopies-2.png\",\"width\":512,\"height\":512,\"caption\":\"Yoopies Espa\u00f1a\"},\"image\":{\"@id\":\"https:\/\/yoopies.es\/c\/#\/schema\/logo\/image\/\"}}]}<\/script>\n<!-- \/ Yoast SEO plugin. -->","yoast_head_json":{"title":"Informe anual - Precios de ni\u00f1eras en 2020","description":"Informe anual de Yoopies sobre el coste de las ni\u00f1eras en nuestro pa\u00eds durante el a\u00f1o 2020","robots":{"index":"index","follow":"follow","max-snippet":"max-snippet:-1","max-image-preview":"max-image-preview:large","max-video-preview":"max-video-preview:-1"},"canonical":"https:\/\/yoopies.es\/c\/informe-anual-precios-de-nineras-en-2020\/","og_locale":"es_ES","og_type":"article","og_title":"Informe anual - Precios de ni\u00f1eras en 2020","og_description":"Informe anual de Yoopies sobre el coste de las ni\u00f1eras en nuestro pa\u00eds durante el a\u00f1o 2020","og_url":"https:\/\/yoopies.es\/c\/informe-anual-precios-de-nineras-en-2020\/","og_site_name":"Yoopies Espa\u00f1a","article_modified_time":"2025-06-12T08:44:05+00:00","og_image":[{"width":1200,"height":2070,"url":"https:\/\/yoopies.es\/c\/wp-content\/uploads\/sites\/7\/2024\/04\/da1200d2-6f6a-4cf2-979a-d7213c8d8fde-precio-cuidado-de-nic3b1os-2020.jpg","type":"image\/jpeg"}],"twitter_card":"summary_large_image","schema":{"@context":"https:\/\/schema.org","@graph":[{"@type":"WebPage","@id":"https:\/\/yoopies.es\/c\/informe-anual-precios-de-nineras-en-2020\/","url":"https:\/\/yoopies.es\/c\/informe-anual-precios-de-nineras-en-2020\/","name":"Informe anual - Precios de ni\u00f1eras en 2020","isPartOf":{"@id":"https:\/\/yoopies.es\/c\/#website"},"primaryImageOfPage":{"@id":"https:\/\/yoopies.es\/c\/informe-anual-precios-de-nineras-en-2020\/#primaryimage"},"image":{"@id":"https:\/\/yoopies.es\/c\/informe-anual-precios-de-nineras-en-2020\/#primaryimage"},"thumbnailUrl":"https:\/\/yoopies.es\/c\/wp-content\/uploads\/sites\/7\/2024\/04\/da1200d2-6f6a-4cf2-979a-d7213c8d8fde-precio-cuidado-de-nic3b1os-2020.jpg","datePublished":"2024-04-02T13:33:09+00:00","dateModified":"2025-06-12T08:44:05+00:00","description":"Informe anual de Yoopies sobre el coste de las ni\u00f1eras en nuestro pa\u00eds durante el a\u00f1o 2020","breadcrumb":{"@id":"https:\/\/yoopies.es\/c\/informe-anual-precios-de-nineras-en-2020\/#breadcrumb"},"inLanguage":"es","potentialAction":[{"@type":"ReadAction","target":["https:\/\/yoopies.es\/c\/informe-anual-precios-de-nineras-en-2020\/"]}]},{"@type":"ImageObject","inLanguage":"es","@id":"https:\/\/yoopies.es\/c\/informe-anual-precios-de-nineras-en-2020\/#primaryimage","url":"https:\/\/yoopies.es\/c\/wp-content\/uploads\/sites\/7\/2024\/04\/da1200d2-6f6a-4cf2-979a-d7213c8d8fde-precio-cuidado-de-nic3b1os-2020.jpg","contentUrl":"https:\/\/yoopies.es\/c\/wp-content\/uploads\/sites\/7\/2024\/04\/da1200d2-6f6a-4cf2-979a-d7213c8d8fde-precio-cuidado-de-nic3b1os-2020.jpg","width":1200,"height":2070},{"@type":"BreadcrumbList","@id":"https:\/\/yoopies.es\/c\/informe-anual-precios-de-nineras-en-2020\/#breadcrumb","itemListElement":[{"@type":"ListItem","position":1,"name":"Home","item":"https:\/\/yoopies.es\/c\/"},{"@type":"ListItem","position":2,"name":"Informe anual &#8211; Precios de ni\u00f1eras en 2020"}]},{"@type":"WebSite","@id":"https:\/\/yoopies.es\/c\/#website","url":"https:\/\/yoopies.es\/c\/","name":"Yoopies Espa\u00f1a","description":"","publisher":{"@id":"https:\/\/yoopies.es\/c\/#organization"},"potentialAction":[{"@type":"SearchAction","target":{"@type":"EntryPoint","urlTemplate":"https:\/\/yoopies.es\/c\/?s={search_term_string}"},"query-input":{"@type":"PropertyValueSpecification","valueRequired":true,"valueName":"search_term_string"}}],"inLanguage":"es"},{"@type":"Organization","@id":"https:\/\/yoopies.es\/c\/#organization","name":"Yoopies Espa\u00f1a","url":"https:\/\/yoopies.es\/c\/","logo":{"@type":"ImageObject","inLanguage":"es","@id":"https:\/\/yoopies.es\/c\/#\/schema\/logo\/image\/","url":"https:\/\/yoopies.es\/c\/wp-content\/uploads\/sites\/7\/2025\/05\/cropped-Logo_Yoopies-2.png","contentUrl":"https:\/\/yoopies.es\/c\/wp-content\/uploads\/sites\/7\/2025\/05\/cropped-Logo_Yoopies-2.png","width":512,"height":512,"caption":"Yoopies Espa\u00f1a"},"image":{"@id":"https:\/\/yoopies.es\/c\/#\/schema\/logo\/image\/"}}]}},"_links":{"self":[{"href":"https:\/\/yoopies.es\/c\/wp-json\/wp\/v2\/pages\/13","targetHints":{"allow":["GET"]}}],"collection":[{"href":"https:\/\/yoopies.es\/c\/wp-json\/wp\/v2\/pages"}],"about":[{"href":"https:\/\/yoopies.es\/c\/wp-json\/wp\/v2\/types\/page"}],"author":[{"embeddable":true,"href":"https:\/\/yoopies.es\/c\/wp-json\/wp\/v2\/users\/10"}],"replies":[{"embeddable":true,"href":"https:\/\/yoopies.es\/c\/wp-json\/wp\/v2\/comments?post=13"}],"version-history":[{"count":1,"href":"https:\/\/yoopies.es\/c\/wp-json\/wp\/v2\/pages\/13\/revisions"}],"predecessor-version":[{"id":15,"href":"https:\/\/yoopies.es\/c\/wp-json\/wp\/v2\/pages\/13\/revisions\/15"}],"wp:featuredmedia":[{"embeddable":true,"href":"https:\/\/yoopies.es\/c\/wp-json\/wp\/v2\/media\/14"}],"wp:attachment":[{"href":"https:\/\/yoopies.es\/c\/wp-json\/wp\/v2\/media?parent=13"}],"curies":[{"name":"wp","href":"https:\/\/api.w.org\/{rel}","templated":true}]}}