{"id":111,"date":"2021-01-12T10:53:42","date_gmt":"2021-01-12T10:53:42","guid":{"rendered":"https:\/\/blog.yoopies.es\/actualidad-de-yoopies\/"},"modified":"2025-06-12T08:44:05","modified_gmt":"2025-06-12T08:44:05","slug":"actualidad-de-yoopies","status":"publish","type":"page","link":"https:\/\/yoopies.es\/c\/actualidad-de-yoopies\/","title":{"rendered":"Actualidad de Yoopies"},"content":{"rendered":"<figure><img decoding=\"async\" src=\"https:\/\/yoopies.es\/c\/wp-content\/uploads\/sites\/7\/2021\/01\/a5613213-569d-4a6f-bd23-9dcdff84ef28-austin-kehmeier-lyikexa4zqa-unsplash28129.jpg\" \/><\/figure>\n<ul>\n<li><strong><a href=\"https:\/\/yoopies.es\/c\/actualidad-de-yoopies\/treatwell-es-la-aplicacion-para-reservar-tus-tratamientos-de-belleza-con-solo-unos-clics\">Treatwell, la plataforma para reservar tus tratamientos de belleza con solo unos clics<\/a><\/strong><br \/>\nDescubre Treatwell, la plataforma m&aacute;s grande de Europa para reservar tratamientos de belleza, con un descuento especial para ti.<\/li>\n<\/ul>\n<ul>\n<li><strong><a href=\"https:\/\/yoopies.es\/c\/actualidad-de-yoopies\/playa-y-covid-19-que-se-recomienda-este-verano-en-espana\">Playa y Covid-19: &iquest;qu&eacute; se recomienda este verano en Espa&ntilde;a?<\/a><\/strong><br \/>\nOs presentamos algunas preguntas y respuestas para disfrutar de la temporada de ba&ntilde;o de la manera m&aacute;s segura, de acuerdo con las recomendaciones del Ministerio de Sanidad.<\/li>\n<\/ul>\n<ul>\n<li><strong><a href=\"https:\/\/yoopies.es\/c\/guia-definitiva-cuidado-ninos\/que-haran-los-ninos-este-verano\">&iquest;Qu&eacute; har&aacute;n los ni&ntilde;os este verano?<\/a><\/strong><br \/>\nCon motivo de la progresiva vuelta a la normalidad en nuestras vidas tras la pandemia global del Covid-19, numerosas familias se encuentran con grandes problemas de conciliaci&oacute;n laboral y familiar, unido a la cercan&iacute;a de las vacaciones de verano para los ni&ntilde;os. En este estudio de Yoopies los padres de nuestra comunidad nos explican c&oacute;mo lo afrontan.<\/li>\n<\/ul>\n<ul>\n<li><strong><a href=\"https:\/\/yoopies.es\/c\/guia-definitiva-cuidado-ninos\/covid-19-como-afecta-a-las-familias-con-ninos\">COVID-19: &iquest;C&Oacute;MO AFECTA A LAS FAMILIAS CON NI&Ntilde;OS?<\/a><\/strong><br \/>\nCoronavirus y conciliaci&oacute;n laboral y familiar no se llevan demasiado bien. En &eacute;pocas de vacaciones escolares&#8230; &iquest;qu&eacute; van a hacer las familias? Yoopies ha preguntado a sus usuarios para conocer c&oacute;mo afrontan la situaci&oacute;n.<\/li>\n<\/ul>\n<ul>\n<li><strong><a href=\"https:\/\/en.yoopies.es\/app.php\/presse\/startups-movilizan-miles-de-voluntarios-para%20ayudar-colectivos-vulnerables\">Las startups espa&ntilde;olas movilizan miles de voluntarios para ayudar a los colectivos m&aacute;s vulnerables<\/a><\/strong><br \/>\nAnte la situaci&oacute;n de crisis actual por el Covid-19, las startups del mundo digital est&aacute;n mostrando su solidaridad como nunca antes, ofreciendo sus servicios de forma gratuita y movilizando a sus comunidades para ayudar a las familias. Entre ella Yoopies, la plataforma online de servicios a la persona m&aacute;s grande de Europa, tras recibir miles de solicitudes de sus usuarios, ha lanzado una nueva funci&oacute;n \u00abCovid-19 Candidatos-Voluntarios\u00bb. &iexcl;Descubre c&oacute;mo podemos ayudarte!<\/li>\n<\/ul>\n<ul>\n<li><strong><a href=\"https:\/\/yoopies.es\/c\/actualidad-de-yoopies\/voluntarios-frente-a-la-crisis-del-covid-19\">Voluntarios frente a la crisis del Covid-19<\/a><\/strong><br \/>\nEn Yoopies no somos ajenos a la situaci&oacute;n actual, as&iacute; que hemos puesto en marcha una iniciativa para ayudar al personal sanitario que combate en primera l&iacute;nea al virus que ha cambiado el mundo.<\/li>\n<\/ul>\n<ul>\n<li><strong><a href=\"https:\/\/yoopies.es\/c\/como-afecta-la-carga-mental-a-nuestra-vida-profesional1\">&iquest;C&oacute;mo afecta la \u00abcarga mental\u00bb a nuestra vida profesional? Un estudio conducido por Yoopies<\/a><\/strong><br \/>\nEl Eurobar&oacute;metro de la Uni&oacute;n Europea pon&iacute;a en relieve en 2018 que el 32% de la poblaci&oacute;n espa&ntilde;ola se mostraba insatisfecha con las medidas y sistemas de conciliaci&oacute;n, poni&eacute;ndose en marcha medidas por parte del Gobierno a lo largo de este a&ntilde;o que buscan equiparar la baja por paternidad a la de las madres y estableciendo medidas para una mayor igualdad en las empresas. Para profundizar en esta situaci&oacute;n,&nbsp;Yoopies&nbsp;ha realizado un estudio de investigaci&oacute;n con m&aacute;s de 1.000 trabajadores a tiempo completo, ofreciendo una nueva visi&oacute;n y explicaci&oacute;n sobre por qu&eacute; la conciliaci&oacute;n sigue siendo dif&iacute;cil en 2019.<\/li>\n<\/ul>\n<ul>\n<li><strong><a href=\"https:\/\/yoopies.es\/c\/covid-19-empleadas-de-hogar\">Covid-19: Millones de empleadas del hogar sin empleo. &iquest;C&oacute;mo responden los pa&iacute;ses europeos?<\/a><\/strong><br \/>\nAyudas econ&oacute;micas, derecho a paro, llamamientos a la solidaridad de las familias&#8230;Los distintos pa&iacute;ses europeos deben enfrentar la situaci&oacute;n de emergencia de millones de trabajadoras dom&eacute;sticas que se encuentran sin trabajo debido a la crisis sanitaria. Yoopies, plataforma internacional de oferta\/demanda en el sector de los servicios a la persona, ofrece una visi&oacute;n general de las medidas adoptadas en varios pa&iacute;ses.<\/li>\n<\/ul>\n<ul>\n<li><strong><a href=\"https:\/\/yoopies.es\/c\/actualidad-de-yoopies\/covid-19-medidas-a-adoptar-como-barrera\">Covid-19: medidas a adoptar como barrera<\/a><\/strong><br \/>\nLas personas que atienden a mayores, menores o discapacitados podr&aacute;n continuar con su actividad al ser reconocidas como parte de los trabajadores de servicios esenciales en el contexto del Covid-19. Por ello, es necesario que sigan una serie de pautas para desarrollar su labor con todas las garant&iacute;as.<\/li>\n<\/ul>\n<ul>\n<li><strong><a href=\"https:\/\/yoopies.es\/c\/guia-definitiva-cuidado-ninos\/que-haran-los-ninos-este-verano\">&iquest;Qu&eacute; har&aacute;n los ni&ntilde;os este verano?<\/a><\/strong><br \/>\nCon motivo de la progresiva vuelta a la normalidad en nuestras vidas tras la pandemia global del Covid-19, numerosas familias se encuentran con grandes problemas de conciliaci&oacute;n laboral y familiar, tanto aquellas en las que los padres teletrabajan como en las que deben volver a sus puestos de trabajo fuera de casa. A ello se une la cercan&iacute;a de las vacaciones de verano para los ni&ntilde;os, lo que genera numerosas dudas sobre las posibilidades que tendr&aacute;n las familias para que sus hijos puedan pasar un tiempo de ocio y aprendizaje a trav&eacute;s de opciones como los campamentos de verano.<\/li>\n<\/ul>\n","protected":false},"excerpt":{"rendered":"<p>Treatwell, la plataforma para reservar tus tratamientos de belleza con solo unos clics Descubre Treatwell, &hellip; <\/p>\n","protected":false},"author":10,"featured_media":113,"parent":0,"menu_order":0,"comment_status":"closed","ping_status":"closed","template":"","meta":{"_acf_changed":false,"footnotes":""},"class_list":["post-111","page","type-page","status-publish","has-post-thumbnail","hentry"],"acf":[],"yoast_head":"<!-- This site is optimized with the Yoast SEO plugin v26.9 - https:\/\/yoast.com\/product\/yoast-seo-wordpress\/ -->\n<title>Actualidad de Yoopies: nuestros art\u00edculos y nuestras encuestas<\/title>\n<meta name=\"description\" content=\"Esta secci\u00f3n contiene art\u00edculos e investigaciones realizadas por Yoopies sobre temas de actualidad relacionados con las familias, los trabajadores dom\u00e9sticos y el bienestar de los trabajadores.\" \/>\n<meta name=\"robots\" content=\"index, follow, max-snippet:-1, max-image-preview:large, max-video-preview:-1\" \/>\n<link rel=\"canonical\" href=\"https:\/\/yoopies.es\/c\/actualidad-de-yoopies\/\" \/>\n<meta property=\"og:locale\" content=\"es_ES\" \/>\n<meta property=\"og:type\" content=\"article\" \/>\n<meta property=\"og:title\" content=\"Actualidad de Yoopies: nuestros art\u00edculos y nuestras encuestas\" \/>\n<meta property=\"og:description\" content=\"Esta secci\u00f3n contiene art\u00edculos e investigaciones realizadas por Yoopies sobre temas de actualidad relacionados con las familias, los trabajadores dom\u00e9sticos y el bienestar de los trabajadores.\" \/>\n<meta property=\"og:url\" content=\"https:\/\/yoopies.es\/c\/actualidad-de-yoopies\/\" \/>\n<meta property=\"og:site_name\" content=\"Yoopies Espa\u00f1a\" \/>\n<meta property=\"article:modified_time\" content=\"2025-06-12T08:44:05+00:00\" \/>\n<meta property=\"og:image\" content=\"https:\/\/yoopies.es\/c\/wp-content\/uploads\/sites\/7\/2021\/01\/a5613213-569d-4a6f-bd23-9dcdff84ef28-austin-kehmeier-lyikexa4zqa-unsplash28129-1.jpg\" \/>\n\t<meta property=\"og:image:width\" content=\"1200\" \/>\n\t<meta property=\"og:image:height\" content=\"1500\" \/>\n\t<meta property=\"og:image:type\" content=\"image\/jpeg\" \/>\n<meta name=\"twitter:card\" content=\"summary_large_image\" \/>\n<meta name=\"twitter:label1\" content=\"Tiempo de lectura\" \/>\n\t<meta name=\"twitter:data1\" content=\"4 minutos\" \/>\n<script type=\"application\/ld+json\" class=\"yoast-schema-graph\">{\"@context\":\"https:\/\/schema.org\",\"@graph\":[{\"@type\":\"WebPage\",\"@id\":\"https:\/\/yoopies.es\/c\/actualidad-de-yoopies\/\",\"url\":\"https:\/\/yoopies.es\/c\/actualidad-de-yoopies\/\",\"name\":\"Actualidad de Yoopies: nuestros art\u00edculos y nuestras encuestas\",\"isPartOf\":{\"@id\":\"https:\/\/yoopies.es\/c\/#website\"},\"primaryImageOfPage\":{\"@id\":\"https:\/\/yoopies.es\/c\/actualidad-de-yoopies\/#primaryimage\"},\"image\":{\"@id\":\"https:\/\/yoopies.es\/c\/actualidad-de-yoopies\/#primaryimage\"},\"thumbnailUrl\":\"https:\/\/yoopies.es\/c\/wp-content\/uploads\/sites\/7\/2021\/01\/a5613213-569d-4a6f-bd23-9dcdff84ef28-austin-kehmeier-lyikexa4zqa-unsplash28129-1.jpg\",\"datePublished\":\"2021-01-12T10:53:42+00:00\",\"dateModified\":\"2025-06-12T08:44:05+00:00\",\"description\":\"Esta secci\u00f3n contiene art\u00edculos e investigaciones realizadas por Yoopies sobre temas de actualidad relacionados con las familias, los trabajadores dom\u00e9sticos y el bienestar de los trabajadores.\",\"breadcrumb\":{\"@id\":\"https:\/\/yoopies.es\/c\/actualidad-de-yoopies\/#breadcrumb\"},\"inLanguage\":\"es\",\"potentialAction\":[{\"@type\":\"ReadAction\",\"target\":[\"https:\/\/yoopies.es\/c\/actualidad-de-yoopies\/\"]}]},{\"@type\":\"ImageObject\",\"inLanguage\":\"es\",\"@id\":\"https:\/\/yoopies.es\/c\/actualidad-de-yoopies\/#primaryimage\",\"url\":\"https:\/\/yoopies.es\/c\/wp-content\/uploads\/sites\/7\/2021\/01\/a5613213-569d-4a6f-bd23-9dcdff84ef28-austin-kehmeier-lyikexa4zqa-unsplash28129-1.jpg\",\"contentUrl\":\"https:\/\/yoopies.es\/c\/wp-content\/uploads\/sites\/7\/2021\/01\/a5613213-569d-4a6f-bd23-9dcdff84ef28-austin-kehmeier-lyikexa4zqa-unsplash28129-1.jpg\",\"width\":1200,\"height\":1500},{\"@type\":\"BreadcrumbList\",\"@id\":\"https:\/\/yoopies.es\/c\/actualidad-de-yoopies\/#breadcrumb\",\"itemListElement\":[{\"@type\":\"ListItem\",\"position\":1,\"name\":\"Home\",\"item\":\"https:\/\/yoopies.es\/c\/\"},{\"@type\":\"ListItem\",\"position\":2,\"name\":\"Actualidad de Yoopies\"}]},{\"@type\":\"WebSite\",\"@id\":\"https:\/\/yoopies.es\/c\/#website\",\"url\":\"https:\/\/yoopies.es\/c\/\",\"name\":\"Yoopies Espa\u00f1a\",\"description\":\"\",\"publisher\":{\"@id\":\"https:\/\/yoopies.es\/c\/#organization\"},\"potentialAction\":[{\"@type\":\"SearchAction\",\"target\":{\"@type\":\"EntryPoint\",\"urlTemplate\":\"https:\/\/yoopies.es\/c\/?s={search_term_string}\"},\"query-input\":{\"@type\":\"PropertyValueSpecification\",\"valueRequired\":true,\"valueName\":\"search_term_string\"}}],\"inLanguage\":\"es\"},{\"@type\":\"Organization\",\"@id\":\"https:\/\/yoopies.es\/c\/#organization\",\"name\":\"Yoopies Espa\u00f1a\",\"url\":\"https:\/\/yoopies.es\/c\/\",\"logo\":{\"@type\":\"ImageObject\",\"inLanguage\":\"es\",\"@id\":\"https:\/\/yoopies.es\/c\/#\/schema\/logo\/image\/\",\"url\":\"https:\/\/yoopies.es\/c\/wp-content\/uploads\/sites\/7\/2025\/05\/cropped-Logo_Yoopies-2.png\",\"contentUrl\":\"https:\/\/yoopies.es\/c\/wp-content\/uploads\/sites\/7\/2025\/05\/cropped-Logo_Yoopies-2.png\",\"width\":512,\"height\":512,\"caption\":\"Yoopies Espa\u00f1a\"},\"image\":{\"@id\":\"https:\/\/yoopies.es\/c\/#\/schema\/logo\/image\/\"}}]}<\/script>\n<!-- \/ Yoast SEO plugin. -->","yoast_head_json":{"title":"Actualidad de Yoopies: nuestros art\u00edculos y nuestras encuestas","description":"Esta secci\u00f3n contiene art\u00edculos e investigaciones realizadas por Yoopies sobre temas de actualidad relacionados con las familias, los trabajadores dom\u00e9sticos y el bienestar de los trabajadores.","robots":{"index":"index","follow":"follow","max-snippet":"max-snippet:-1","max-image-preview":"max-image-preview:large","max-video-preview":"max-video-preview:-1"},"canonical":"https:\/\/yoopies.es\/c\/actualidad-de-yoopies\/","og_locale":"es_ES","og_type":"article","og_title":"Actualidad de Yoopies: nuestros art\u00edculos y nuestras encuestas","og_description":"Esta secci\u00f3n contiene art\u00edculos e investigaciones realizadas por Yoopies sobre temas de actualidad relacionados con las familias, los trabajadores dom\u00e9sticos y el bienestar de los trabajadores.","og_url":"https:\/\/yoopies.es\/c\/actualidad-de-yoopies\/","og_site_name":"Yoopies Espa\u00f1a","article_modified_time":"2025-06-12T08:44:05+00:00","og_image":[{"width":1200,"height":1500,"url":"https:\/\/yoopies.es\/c\/wp-content\/uploads\/sites\/7\/2021\/01\/a5613213-569d-4a6f-bd23-9dcdff84ef28-austin-kehmeier-lyikexa4zqa-unsplash28129-1.jpg","type":"image\/jpeg"}],"twitter_card":"summary_large_image","twitter_misc":{"Tiempo de lectura":"4 minutos"},"schema":{"@context":"https:\/\/schema.org","@graph":[{"@type":"WebPage","@id":"https:\/\/yoopies.es\/c\/actualidad-de-yoopies\/","url":"https:\/\/yoopies.es\/c\/actualidad-de-yoopies\/","name":"Actualidad de Yoopies: nuestros art\u00edculos y nuestras encuestas","isPartOf":{"@id":"https:\/\/yoopies.es\/c\/#website"},"primaryImageOfPage":{"@id":"https:\/\/yoopies.es\/c\/actualidad-de-yoopies\/#primaryimage"},"image":{"@id":"https:\/\/yoopies.es\/c\/actualidad-de-yoopies\/#primaryimage"},"thumbnailUrl":"https:\/\/yoopies.es\/c\/wp-content\/uploads\/sites\/7\/2021\/01\/a5613213-569d-4a6f-bd23-9dcdff84ef28-austin-kehmeier-lyikexa4zqa-unsplash28129-1.jpg","datePublished":"2021-01-12T10:53:42+00:00","dateModified":"2025-06-12T08:44:05+00:00","description":"Esta secci\u00f3n contiene art\u00edculos e investigaciones realizadas por Yoopies sobre temas de actualidad relacionados con las familias, los trabajadores dom\u00e9sticos y el bienestar de los trabajadores.","breadcrumb":{"@id":"https:\/\/yoopies.es\/c\/actualidad-de-yoopies\/#breadcrumb"},"inLanguage":"es","potentialAction":[{"@type":"ReadAction","target":["https:\/\/yoopies.es\/c\/actualidad-de-yoopies\/"]}]},{"@type":"ImageObject","inLanguage":"es","@id":"https:\/\/yoopies.es\/c\/actualidad-de-yoopies\/#primaryimage","url":"https:\/\/yoopies.es\/c\/wp-content\/uploads\/sites\/7\/2021\/01\/a5613213-569d-4a6f-bd23-9dcdff84ef28-austin-kehmeier-lyikexa4zqa-unsplash28129-1.jpg","contentUrl":"https:\/\/yoopies.es\/c\/wp-content\/uploads\/sites\/7\/2021\/01\/a5613213-569d-4a6f-bd23-9dcdff84ef28-austin-kehmeier-lyikexa4zqa-unsplash28129-1.jpg","width":1200,"height":1500},{"@type":"BreadcrumbList","@id":"https:\/\/yoopies.es\/c\/actualidad-de-yoopies\/#breadcrumb","itemListElement":[{"@type":"ListItem","position":1,"name":"Home","item":"https:\/\/yoopies.es\/c\/"},{"@type":"ListItem","position":2,"name":"Actualidad de Yoopies"}]},{"@type":"WebSite","@id":"https:\/\/yoopies.es\/c\/#website","url":"https:\/\/yoopies.es\/c\/","name":"Yoopies Espa\u00f1a","description":"","publisher":{"@id":"https:\/\/yoopies.es\/c\/#organization"},"potentialAction":[{"@type":"SearchAction","target":{"@type":"EntryPoint","urlTemplate":"https:\/\/yoopies.es\/c\/?s={search_term_string}"},"query-input":{"@type":"PropertyValueSpecification","valueRequired":true,"valueName":"search_term_string"}}],"inLanguage":"es"},{"@type":"Organization","@id":"https:\/\/yoopies.es\/c\/#organization","name":"Yoopies Espa\u00f1a","url":"https:\/\/yoopies.es\/c\/","logo":{"@type":"ImageObject","inLanguage":"es","@id":"https:\/\/yoopies.es\/c\/#\/schema\/logo\/image\/","url":"https:\/\/yoopies.es\/c\/wp-content\/uploads\/sites\/7\/2025\/05\/cropped-Logo_Yoopies-2.png","contentUrl":"https:\/\/yoopies.es\/c\/wp-content\/uploads\/sites\/7\/2025\/05\/cropped-Logo_Yoopies-2.png","width":512,"height":512,"caption":"Yoopies Espa\u00f1a"},"image":{"@id":"https:\/\/yoopies.es\/c\/#\/schema\/logo\/image\/"}}]}},"_links":{"self":[{"href":"https:\/\/yoopies.es\/c\/wp-json\/wp\/v2\/pages\/111","targetHints":{"allow":["GET"]}}],"collection":[{"href":"https:\/\/yoopies.es\/c\/wp-json\/wp\/v2\/pages"}],"about":[{"href":"https:\/\/yoopies.es\/c\/wp-json\/wp\/v2\/types\/page"}],"author":[{"embeddable":true,"href":"https:\/\/yoopies.es\/c\/wp-json\/wp\/v2\/users\/10"}],"replies":[{"embeddable":true,"href":"https:\/\/yoopies.es\/c\/wp-json\/wp\/v2\/comments?post=111"}],"version-history":[{"count":1,"href":"https:\/\/yoopies.es\/c\/wp-json\/wp\/v2\/pages\/111\/revisions"}],"predecessor-version":[{"id":114,"href":"https:\/\/yoopies.es\/c\/wp-json\/wp\/v2\/pages\/111\/revisions\/114"}],"wp:featuredmedia":[{"embeddable":true,"href":"https:\/\/yoopies.es\/c\/wp-json\/wp\/v2\/media\/113"}],"wp:attachment":[{"href":"https:\/\/yoopies.es\/c\/wp-json\/wp\/v2\/media?parent=111"}],"curies":[{"name":"wp","href":"https:\/\/api.w.org\/{rel}","templated":true}]}}